{"id":43587,"date":"2023-01-23T14:19:31","date_gmt":"2023-01-23T13:19:31","guid":{"rendered":"https:\/\/www.italyfamilyhotels.it\/destinations\/lac-de-garde"},"modified":"2023-01-24T16:46:12","modified_gmt":"2023-01-24T15:46:12","slug":"lac-de-garde","status":"publish","type":"page","link":"https:\/\/www.italyfamilyhotels.it\/fr\/destinations\/lac-de-garde","title":{"rendered":"Lac de Garde"},"content":{"rendered":"\n<p>Parmi les rares destinations capables de convaincre les touristes que les vacances ne se partagent pas forc\u00e9ment entre mer et montagne, nous trouvons le <b>Lac de Garde<\/b>. Dans une zone qui unit le Trentin Haut-Adige, la V\u00e9n\u00e9tie et la Lombardie, vous trouverez un plan d&#8217;eau sur lequel les <b>Dolomites<\/b>, de splendides <b>villas<\/b> et de luxuriants <b>jardins<\/b>, ainsi que d\u2019autres joyaux architecturaux et <b>villages<\/b>, valent \u00e0 eux seuls un s\u00e9jour dans un lieu, \u00e0 certains \u00e9gards, exclusif. Dans un pass\u00e9 pas trop lointain, des nobles et m\u00eame des empereurs se promenaient le long de ses rives, appr\u00e9ciant la tranquillit\u00e9 et l&#8217;atmosph\u00e8re des plages qui sont aujourd&#8217;hui un point de r\u00e9f\u00e9rence pour les familles, les sportifs et pour qui est \u00e0 la recherche de d\u00e9tente et de bien-\u00eatre.<\/p>\n","protected":false},"excerpt":{"rendered":"<p>Parmi les rares destinations capables de convaincre les touristes que les vacances ne se partagent pas forc\u00e9ment entre mer et montagne, nous trouvons le Lac de Garde. Dans une zone qui unit le Trentin Haut-Adige, la V\u00e9n\u00e9tie et la Lombardie, vous trouverez un plan d&#8217;eau sur lequel les Dolomites, de splendides villas et de luxuriants &hellip;<\/p>\n","protected":false},"author":2,"featured_media":0,"parent":43316,"menu_order":0,"comment_status":"closed","ping_status":"closed","template":"page-templates\/scheda_destinazione.php","meta":{"_acf_changed":false,"inline_featured_image":false,"footnotes":""},"class_list":["post-43587","page","type-page","status-publish","hentry"],"acf":[],"yoast_head":"<!-- This site is optimized with the Yoast SEO plugin v27.1 - https:\/\/yoast.com\/product\/yoast-seo-wordpress\/ -->\n<title>Les meilleurs H\u00f4tels pour familles sur le lac de Garde<\/title>\n<meta name=\"description\" content=\"Envie de vacances en famille ? Nous avons s\u00e9lectionn\u00e9 les meilleurs Family Hotel en Italie sur le lac de Garde\" \/>\n<meta name=\"robots\" content=\"index, follow, max-snippet:-1, max-image-preview:large, max-video-preview:-1\" \/>\n<link rel=\"canonical\" href=\"https:\/\/www.italyfamilyhotels.it\/fr\/destinations\/lac-de-garde\" \/>\n<meta property=\"og:locale\" content=\"fr_FR\" \/>\n<meta property=\"og:type\" content=\"article\" \/>\n<meta property=\"og:title\" content=\"Les meilleurs H\u00f4tels pour familles sur le lac de Garde\" \/>\n<meta property=\"og:description\" content=\"Envie de vacances en famille ? Nous avons s\u00e9lectionn\u00e9 les meilleurs Family Hotel en Italie sur le lac de Garde\" \/>\n<meta property=\"og:url\" content=\"https:\/\/www.italyfamilyhotels.it\/fr\/destinations\/lac-de-garde\" \/>\n<meta property=\"og:site_name\" content=\"Italy Family Hotels\" \/>\n<meta property=\"article:publisher\" content=\"https:\/\/www.facebook.com\/ItalyFamilyHotels\/\" \/>\n<meta property=\"article:modified_time\" content=\"2023-01-24T15:46:12+00:00\" \/>\n<meta name=\"twitter:card\" content=\"summary_large_image\" \/>\n<meta name=\"twitter:label1\" content=\"Dur\u00e9e de lecture estim\u00e9e\" \/>\n\t<meta name=\"twitter:data1\" content=\"1 minute\" \/>\n<script type=\"application\/ld+json\" class=\"yoast-schema-graph\">{\"@context\":\"https:\/\/schema.org\",\"@graph\":[{\"@type\":\"WebPage\",\"@id\":\"https:\/\/www.italyfamilyhotels.it\/fr\/destinations\/lac-de-garde\",\"url\":\"https:\/\/www.italyfamilyhotels.it\/fr\/destinations\/lac-de-garde\",\"name\":\"Les meilleurs H\u00f4tels pour familles sur le lac de Garde\",\"isPartOf\":{\"@id\":\"https:\/\/www.italyfamilyhotels.it\/#website\"},\"datePublished\":\"2023-01-23T13:19:31+00:00\",\"dateModified\":\"2023-01-24T15:46:12+00:00\",\"description\":\"Envie de vacances en famille ? Nous avons s\u00e9lectionn\u00e9 les meilleurs Family Hotel en Italie sur le lac de Garde\",\"breadcrumb\":{\"@id\":\"https:\/\/www.italyfamilyhotels.it\/fr\/destinations\/lac-de-garde#breadcrumb\"},\"inLanguage\":\"fr-FR\",\"potentialAction\":[{\"@type\":\"ReadAction\",\"target\":[\"https:\/\/www.italyfamilyhotels.it\/fr\/destinations\/lac-de-garde\"]}]},{\"@type\":\"BreadcrumbList\",\"@id\":\"https:\/\/www.italyfamilyhotels.it\/fr\/destinations\/lac-de-garde#breadcrumb\",\"itemListElement\":[{\"@type\":\"ListItem\",\"position\":1,\"name\":\"Home\",\"item\":\"https:\/\/www.italyfamilyhotels.it\/fr\"},{\"@type\":\"ListItem\",\"position\":2,\"name\":\"Destinations\",\"item\":\"https:\/\/www.italyfamilyhotels.it\/fr\/destinations\"},{\"@type\":\"ListItem\",\"position\":3,\"name\":\"Lac de Garde\"}]},{\"@type\":\"WebSite\",\"@id\":\"https:\/\/www.italyfamilyhotels.it\/#website\",\"url\":\"https:\/\/www.italyfamilyhotels.it\/\",\"name\":\"Italy Family Hotels\",\"description\":\"\",\"potentialAction\":[{\"@type\":\"SearchAction\",\"target\":{\"@type\":\"EntryPoint\",\"urlTemplate\":\"https:\/\/www.italyfamilyhotels.it\/?s={search_term_string}\"},\"query-input\":{\"@type\":\"PropertyValueSpecification\",\"valueRequired\":true,\"valueName\":\"search_term_string\"}}],\"inLanguage\":\"fr-FR\"}]}<\/script>\n<!-- \/ Yoast SEO plugin. -->","yoast_head_json":{"title":"Les meilleurs H\u00f4tels pour familles sur le lac de Garde","description":"Envie de vacances en famille ? Nous avons s\u00e9lectionn\u00e9 les meilleurs Family Hotel en Italie sur le lac de Garde","robots":{"index":"index","follow":"follow","max-snippet":"max-snippet:-1","max-image-preview":"max-image-preview:large","max-video-preview":"max-video-preview:-1"},"canonical":"https:\/\/www.italyfamilyhotels.it\/fr\/destinations\/lac-de-garde","og_locale":"fr_FR","og_type":"article","og_title":"Les meilleurs H\u00f4tels pour familles sur le lac de Garde","og_description":"Envie de vacances en famille ? Nous avons s\u00e9lectionn\u00e9 les meilleurs Family Hotel en Italie sur le lac de Garde","og_url":"https:\/\/www.italyfamilyhotels.it\/fr\/destinations\/lac-de-garde","og_site_name":"Italy Family Hotels","article_publisher":"https:\/\/www.facebook.com\/ItalyFamilyHotels\/","article_modified_time":"2023-01-24T15:46:12+00:00","twitter_card":"summary_large_image","twitter_misc":{"Dur\u00e9e de lecture estim\u00e9e":"1 minute"},"schema":{"@context":"https:\/\/schema.org","@graph":[{"@type":"WebPage","@id":"https:\/\/www.italyfamilyhotels.it\/fr\/destinations\/lac-de-garde","url":"https:\/\/www.italyfamilyhotels.it\/fr\/destinations\/lac-de-garde","name":"Les meilleurs H\u00f4tels pour familles sur le lac de Garde","isPartOf":{"@id":"https:\/\/www.italyfamilyhotels.it\/#website"},"datePublished":"2023-01-23T13:19:31+00:00","dateModified":"2023-01-24T15:46:12+00:00","description":"Envie de vacances en famille ? Nous avons s\u00e9lectionn\u00e9 les meilleurs Family Hotel en Italie sur le lac de Garde","breadcrumb":{"@id":"https:\/\/www.italyfamilyhotels.it\/fr\/destinations\/lac-de-garde#breadcrumb"},"inLanguage":"fr-FR","potentialAction":[{"@type":"ReadAction","target":["https:\/\/www.italyfamilyhotels.it\/fr\/destinations\/lac-de-garde"]}]},{"@type":"BreadcrumbList","@id":"https:\/\/www.italyfamilyhotels.it\/fr\/destinations\/lac-de-garde#breadcrumb","itemListElement":[{"@type":"ListItem","position":1,"name":"Home","item":"https:\/\/www.italyfamilyhotels.it\/fr"},{"@type":"ListItem","position":2,"name":"Destinations","item":"https:\/\/www.italyfamilyhotels.it\/fr\/destinations"},{"@type":"ListItem","position":3,"name":"Lac de Garde"}]},{"@type":"WebSite","@id":"https:\/\/www.italyfamilyhotels.it\/#website","url":"https:\/\/www.italyfamilyhotels.it\/","name":"Italy Family Hotels","description":"","potentialAction":[{"@type":"SearchAction","target":{"@type":"EntryPoint","urlTemplate":"https:\/\/www.italyfamilyhotels.it\/?s={search_term_string}"},"query-input":{"@type":"PropertyValueSpecification","valueRequired":true,"valueName":"search_term_string"}}],"inLanguage":"fr-FR"}]}},"_links":{"self":[{"href":"https:\/\/www.italyfamilyhotels.it\/fr\/wp-json\/wp\/v2\/pages\/43587","targetHints":{"allow":["GET"]}}],"collection":[{"href":"https:\/\/www.italyfamilyhotels.it\/fr\/wp-json\/wp\/v2\/pages"}],"about":[{"href":"https:\/\/www.italyfamilyhotels.it\/fr\/wp-json\/wp\/v2\/types\/page"}],"author":[{"embeddable":true,"href":"https:\/\/www.italyfamilyhotels.it\/fr\/wp-json\/wp\/v2\/users\/2"}],"replies":[{"embeddable":true,"href":"https:\/\/www.italyfamilyhotels.it\/fr\/wp-json\/wp\/v2\/comments?post=43587"}],"version-history":[{"count":1,"href":"https:\/\/www.italyfamilyhotels.it\/fr\/wp-json\/wp\/v2\/pages\/43587\/revisions"}],"predecessor-version":[{"id":43588,"href":"https:\/\/www.italyfamilyhotels.it\/fr\/wp-json\/wp\/v2\/pages\/43587\/revisions\/43588"}],"up":[{"embeddable":true,"href":"https:\/\/www.italyfamilyhotels.it\/fr\/wp-json\/wp\/v2\/pages\/43316"}],"wp:attachment":[{"href":"https:\/\/www.italyfamilyhotels.it\/fr\/wp-json\/wp\/v2\/media?parent=43587"}],"curies":[{"name":"wp","href":"https:\/\/api.w.org\/{rel}","templated":true}]}}