{"id":43583,"date":"2023-01-23T14:19:24","date_gmt":"2023-01-23T13:19:24","guid":{"rendered":"https:\/\/www.italyfamilyhotels.it\/destinations\/trentin-haut-adige"},"modified":"2023-01-25T10:28:07","modified_gmt":"2023-01-25T09:28:07","slug":"trentin-haut-adige","status":"publish","type":"page","link":"https:\/\/www.italyfamilyhotels.it\/fr\/destinations\/trentin-haut-adige","title":{"rendered":"Trentin Haut-Adige"},"content":{"rendered":"\n<p>Pensez au <b>Trentin Haut-Adige<\/b> et la premi\u00e8re chose qui vous vient \u00e0 l&#8217;esprit sont les <b>Dolomites<\/b>, un site du patrimoine mondial de l&#8217;UNESCO, capable d&#8217;offrir des panoramas uniques en \u00e9t\u00e9 et en hiver, avec les sommets blancs de <b>Latemar<\/b>, <b>Schlern<\/b>, <b>Rosengarten<\/b>, le <b>Groupe Adamello-Brenta<\/b> et des domaines comme le <b>Val de Fassa<\/b>, le <b>Val Gardena<\/b> et le <b>Val de Fiemme<\/b>. Les skieurs savent combien des vacances sur les pistes des domaines skiables de la r\u00e9gion sont une exp\u00e9rience unique, mais m\u00eame les randonneurs et les cyclistes n&#8217;\u00e9changeraient pour rien au monde les itin\u00e9raires \u00e0 parcourir dans les parcs naturels. Et pourtant, il y a encore beaucoup \u00e0 dire : le <b>Lac de Garde<\/b>, les <b>mus\u00e9es<\/b> de <b>Trente<\/b> et de <b>Rovereto<\/b>, les <b>ch\u00e2teaux<\/b>, les <b>vins<\/b> et bien plus encore.<\/p>\n","protected":false},"excerpt":{"rendered":"<p>Pensez au Trentin Haut-Adige et la premi\u00e8re chose qui vous vient \u00e0 l&#8217;esprit sont les Dolomites, un site du patrimoine mondial de l&#8217;UNESCO, capable d&#8217;offrir des panoramas uniques en \u00e9t\u00e9 et en hiver, avec les sommets blancs de Latemar, Schlern, Rosengarten, le Groupe Adamello-Brenta et des domaines comme le Val de Fassa, le Val Gardena &hellip;<\/p>\n","protected":false},"author":2,"featured_media":0,"parent":43316,"menu_order":0,"comment_status":"closed","ping_status":"closed","template":"page-templates\/scheda_destinazione.php","meta":{"_acf_changed":false,"inline_featured_image":false,"footnotes":""},"class_list":["post-43583","page","type-page","status-publish","hentry"],"acf":[],"yoast_head":"<!-- This site is optimized with the Yoast SEO plugin v27.1 - https:\/\/yoast.com\/product\/yoast-seo-wordpress\/ -->\n<title>Les meilleurs Family Hotels dans le Trentin-Haut-Adige<\/title>\n<meta name=\"description\" content=\"D\u00e9couvrez les meilleurs Family Hotel en Italie dans le Trentin-Haut-Adige. Offres vacances toujours disponibles avec devis rapide par e-mail\" \/>\n<meta name=\"robots\" content=\"index, follow, max-snippet:-1, max-image-preview:large, max-video-preview:-1\" \/>\n<link rel=\"canonical\" href=\"https:\/\/www.italyfamilyhotels.it\/fr\/destinations\/trentin-haut-adige\" \/>\n<meta property=\"og:locale\" content=\"fr_FR\" \/>\n<meta property=\"og:type\" content=\"article\" \/>\n<meta property=\"og:title\" content=\"Les meilleurs Family Hotels dans le Trentin-Haut-Adige\" \/>\n<meta property=\"og:description\" content=\"D\u00e9couvrez les meilleurs Family Hotel en Italie dans le Trentin-Haut-Adige. Offres vacances toujours disponibles avec devis rapide par e-mail\" \/>\n<meta property=\"og:url\" content=\"https:\/\/www.italyfamilyhotels.it\/fr\/destinations\/trentin-haut-adige\" \/>\n<meta property=\"og:site_name\" content=\"Italy Family Hotels\" \/>\n<meta property=\"article:publisher\" content=\"https:\/\/www.facebook.com\/ItalyFamilyHotels\/\" \/>\n<meta property=\"article:modified_time\" content=\"2023-01-25T09:28:07+00:00\" \/>\n<meta name=\"twitter:card\" content=\"summary_large_image\" \/>\n<meta name=\"twitter:label1\" content=\"Dur\u00e9e de lecture estim\u00e9e\" \/>\n\t<meta name=\"twitter:data1\" content=\"1 minute\" \/>\n<script type=\"application\/ld+json\" class=\"yoast-schema-graph\">{\"@context\":\"https:\/\/schema.org\",\"@graph\":[{\"@type\":\"WebPage\",\"@id\":\"https:\/\/www.italyfamilyhotels.it\/fr\/destinations\/trentin-haut-adige\",\"url\":\"https:\/\/www.italyfamilyhotels.it\/fr\/destinations\/trentin-haut-adige\",\"name\":\"Les meilleurs Family Hotels dans le Trentin-Haut-Adige\",\"isPartOf\":{\"@id\":\"https:\/\/www.italyfamilyhotels.it\/#website\"},\"datePublished\":\"2023-01-23T13:19:24+00:00\",\"dateModified\":\"2023-01-25T09:28:07+00:00\",\"description\":\"D\u00e9couvrez les meilleurs Family Hotel en Italie dans le Trentin-Haut-Adige. Offres vacances toujours disponibles avec devis rapide par e-mail\",\"breadcrumb\":{\"@id\":\"https:\/\/www.italyfamilyhotels.it\/fr\/destinations\/trentin-haut-adige#breadcrumb\"},\"inLanguage\":\"fr-FR\",\"potentialAction\":[{\"@type\":\"ReadAction\",\"target\":[\"https:\/\/www.italyfamilyhotels.it\/fr\/destinations\/trentin-haut-adige\"]}]},{\"@type\":\"BreadcrumbList\",\"@id\":\"https:\/\/www.italyfamilyhotels.it\/fr\/destinations\/trentin-haut-adige#breadcrumb\",\"itemListElement\":[{\"@type\":\"ListItem\",\"position\":1,\"name\":\"Home\",\"item\":\"https:\/\/www.italyfamilyhotels.it\/fr\"},{\"@type\":\"ListItem\",\"position\":2,\"name\":\"Destinations\",\"item\":\"https:\/\/www.italyfamilyhotels.it\/fr\/destinations\"},{\"@type\":\"ListItem\",\"position\":3,\"name\":\"Trentin Haut-Adige\"}]},{\"@type\":\"WebSite\",\"@id\":\"https:\/\/www.italyfamilyhotels.it\/#website\",\"url\":\"https:\/\/www.italyfamilyhotels.it\/\",\"name\":\"Italy Family Hotels\",\"description\":\"\",\"potentialAction\":[{\"@type\":\"SearchAction\",\"target\":{\"@type\":\"EntryPoint\",\"urlTemplate\":\"https:\/\/www.italyfamilyhotels.it\/?s={search_term_string}\"},\"query-input\":{\"@type\":\"PropertyValueSpecification\",\"valueRequired\":true,\"valueName\":\"search_term_string\"}}],\"inLanguage\":\"fr-FR\"}]}<\/script>\n<!-- \/ Yoast SEO plugin. -->","yoast_head_json":{"title":"Les meilleurs Family Hotels dans le Trentin-Haut-Adige","description":"D\u00e9couvrez les meilleurs Family Hotel en Italie dans le Trentin-Haut-Adige. Offres vacances toujours disponibles avec devis rapide par e-mail","robots":{"index":"index","follow":"follow","max-snippet":"max-snippet:-1","max-image-preview":"max-image-preview:large","max-video-preview":"max-video-preview:-1"},"canonical":"https:\/\/www.italyfamilyhotels.it\/fr\/destinations\/trentin-haut-adige","og_locale":"fr_FR","og_type":"article","og_title":"Les meilleurs Family Hotels dans le Trentin-Haut-Adige","og_description":"D\u00e9couvrez les meilleurs Family Hotel en Italie dans le Trentin-Haut-Adige. Offres vacances toujours disponibles avec devis rapide par e-mail","og_url":"https:\/\/www.italyfamilyhotels.it\/fr\/destinations\/trentin-haut-adige","og_site_name":"Italy Family Hotels","article_publisher":"https:\/\/www.facebook.com\/ItalyFamilyHotels\/","article_modified_time":"2023-01-25T09:28:07+00:00","twitter_card":"summary_large_image","twitter_misc":{"Dur\u00e9e de lecture estim\u00e9e":"1 minute"},"schema":{"@context":"https:\/\/schema.org","@graph":[{"@type":"WebPage","@id":"https:\/\/www.italyfamilyhotels.it\/fr\/destinations\/trentin-haut-adige","url":"https:\/\/www.italyfamilyhotels.it\/fr\/destinations\/trentin-haut-adige","name":"Les meilleurs Family Hotels dans le Trentin-Haut-Adige","isPartOf":{"@id":"https:\/\/www.italyfamilyhotels.it\/#website"},"datePublished":"2023-01-23T13:19:24+00:00","dateModified":"2023-01-25T09:28:07+00:00","description":"D\u00e9couvrez les meilleurs Family Hotel en Italie dans le Trentin-Haut-Adige. Offres vacances toujours disponibles avec devis rapide par e-mail","breadcrumb":{"@id":"https:\/\/www.italyfamilyhotels.it\/fr\/destinations\/trentin-haut-adige#breadcrumb"},"inLanguage":"fr-FR","potentialAction":[{"@type":"ReadAction","target":["https:\/\/www.italyfamilyhotels.it\/fr\/destinations\/trentin-haut-adige"]}]},{"@type":"BreadcrumbList","@id":"https:\/\/www.italyfamilyhotels.it\/fr\/destinations\/trentin-haut-adige#breadcrumb","itemListElement":[{"@type":"ListItem","position":1,"name":"Home","item":"https:\/\/www.italyfamilyhotels.it\/fr"},{"@type":"ListItem","position":2,"name":"Destinations","item":"https:\/\/www.italyfamilyhotels.it\/fr\/destinations"},{"@type":"ListItem","position":3,"name":"Trentin Haut-Adige"}]},{"@type":"WebSite","@id":"https:\/\/www.italyfamilyhotels.it\/#website","url":"https:\/\/www.italyfamilyhotels.it\/","name":"Italy Family Hotels","description":"","potentialAction":[{"@type":"SearchAction","target":{"@type":"EntryPoint","urlTemplate":"https:\/\/www.italyfamilyhotels.it\/?s={search_term_string}"},"query-input":{"@type":"PropertyValueSpecification","valueRequired":true,"valueName":"search_term_string"}}],"inLanguage":"fr-FR"}]}},"_links":{"self":[{"href":"https:\/\/www.italyfamilyhotels.it\/fr\/wp-json\/wp\/v2\/pages\/43583","targetHints":{"allow":["GET"]}}],"collection":[{"href":"https:\/\/www.italyfamilyhotels.it\/fr\/wp-json\/wp\/v2\/pages"}],"about":[{"href":"https:\/\/www.italyfamilyhotels.it\/fr\/wp-json\/wp\/v2\/types\/page"}],"author":[{"embeddable":true,"href":"https:\/\/www.italyfamilyhotels.it\/fr\/wp-json\/wp\/v2\/users\/2"}],"replies":[{"embeddable":true,"href":"https:\/\/www.italyfamilyhotels.it\/fr\/wp-json\/wp\/v2\/comments?post=43583"}],"version-history":[{"count":1,"href":"https:\/\/www.italyfamilyhotels.it\/fr\/wp-json\/wp\/v2\/pages\/43583\/revisions"}],"predecessor-version":[{"id":43584,"href":"https:\/\/www.italyfamilyhotels.it\/fr\/wp-json\/wp\/v2\/pages\/43583\/revisions\/43584"}],"up":[{"embeddable":true,"href":"https:\/\/www.italyfamilyhotels.it\/fr\/wp-json\/wp\/v2\/pages\/43316"}],"wp:attachment":[{"href":"https:\/\/www.italyfamilyhotels.it\/fr\/wp-json\/wp\/v2\/media?parent=43583"}],"curies":[{"name":"wp","href":"https:\/\/api.w.org\/{rel}","templated":true}]}}