{"id":43581,"date":"2023-01-23T14:19:21","date_gmt":"2023-01-23T13:19:21","guid":{"rendered":"https:\/\/www.italyfamilyhotels.it\/destinations\/toscane"},"modified":"2023-01-25T10:25:21","modified_gmt":"2023-01-25T09:25:21","slug":"toscane","status":"publish","type":"page","link":"https:\/\/www.italyfamilyhotels.it\/fr\/destinations\/toscane","title":{"rendered":"Toscane"},"content":{"rendered":"\n<p>Les collines, qui semblent avoir \u00e9t\u00e9 dessin\u00e9es de la main d&#8217;un artiste, s&#8217;estompent dans une vari\u00e9t\u00e9 de couleurs d\u00e9sarmantes vers la mer, laquelle est le th\u00e9\u00e2tre d&#8217;un des plus beaux couchers de soleil de la plan\u00e8te : les paysages de la <b>Toscane<\/b> r\u00e9sument le charme irr\u00e9sistible que l&#8217;Italie exerce sur le monde entier. Les c\u00f4tes, sablonneuses ou d\u00e9chiquet\u00e9es, d&#8217;o\u00f9 l&#8217;on aper\u00e7oit les \u00eeles de l&#8217;archipel toscan, contrastent avec les <b>Alpes Apuanes<\/b> et les <b>Vall\u00e9es du Chianti<\/b>, de la <b>Maremma<\/b>, du <b>Val d&#8217;Orcia<\/b> et de la <b>Garfagnana<\/b>, dans un \u00e9lectrocardiogramme naturaliste jamais plat. <b>Florence<\/b>, <b>Sienne<\/b> et <b>Pise<\/b> ne sont que quelques-unes des villes embl\u00e9matiques d&#8217;une r\u00e9gion qui sait aussi cultiver le culte du bien-\u00eatre et de la bonne ch\u00e8re.<\/p>\n","protected":false},"excerpt":{"rendered":"<p>Les collines, qui semblent avoir \u00e9t\u00e9 dessin\u00e9es de la main d&#8217;un artiste, s&#8217;estompent dans une vari\u00e9t\u00e9 de couleurs d\u00e9sarmantes vers la mer, laquelle est le th\u00e9\u00e2tre d&#8217;un des plus beaux couchers de soleil de la plan\u00e8te : les paysages de la Toscane r\u00e9sument le charme irr\u00e9sistible que l&#8217;Italie exerce sur le monde entier. Les c\u00f4tes, &hellip;<\/p>\n","protected":false},"author":2,"featured_media":0,"parent":43316,"menu_order":0,"comment_status":"closed","ping_status":"closed","template":"page-templates\/scheda_destinazione.php","meta":{"_acf_changed":false,"inline_featured_image":false,"footnotes":""},"class_list":["post-43581","page","type-page","status-publish","hentry"],"acf":[],"yoast_head":"<!-- This site is optimized with the Yoast SEO plugin v27.1 - https:\/\/yoast.com\/product\/yoast-seo-wordpress\/ -->\n<title>Les meilleurs H\u00f4tels pour familles en Toscane<\/title>\n<meta name=\"description\" content=\"Envie de vacances en famille \u00e0 la mer en Italie ? Nous avons s\u00e9lectionn\u00e9 les meilleurs Family Hotels en Toscane\" \/>\n<meta name=\"robots\" content=\"index, follow, max-snippet:-1, max-image-preview:large, max-video-preview:-1\" \/>\n<link rel=\"canonical\" href=\"https:\/\/www.italyfamilyhotels.it\/fr\/destinations\/toscane\" \/>\n<meta property=\"og:locale\" content=\"fr_FR\" \/>\n<meta property=\"og:type\" content=\"article\" \/>\n<meta property=\"og:title\" content=\"Les meilleurs H\u00f4tels pour familles en Toscane\" \/>\n<meta property=\"og:description\" content=\"Envie de vacances en famille \u00e0 la mer en Italie ? Nous avons s\u00e9lectionn\u00e9 les meilleurs Family Hotels en Toscane\" \/>\n<meta property=\"og:url\" content=\"https:\/\/www.italyfamilyhotels.it\/fr\/destinations\/toscane\" \/>\n<meta property=\"og:site_name\" content=\"Italy Family Hotels\" \/>\n<meta property=\"article:publisher\" content=\"https:\/\/www.facebook.com\/ItalyFamilyHotels\/\" \/>\n<meta property=\"article:modified_time\" content=\"2023-01-25T09:25:21+00:00\" \/>\n<meta name=\"twitter:card\" content=\"summary_large_image\" \/>\n<meta name=\"twitter:label1\" content=\"Dur\u00e9e de lecture estim\u00e9e\" \/>\n\t<meta name=\"twitter:data1\" content=\"1 minute\" \/>\n<script type=\"application\/ld+json\" class=\"yoast-schema-graph\">{\"@context\":\"https:\/\/schema.org\",\"@graph\":[{\"@type\":\"WebPage\",\"@id\":\"https:\/\/www.italyfamilyhotels.it\/fr\/destinations\/toscane\",\"url\":\"https:\/\/www.italyfamilyhotels.it\/fr\/destinations\/toscane\",\"name\":\"Les meilleurs H\u00f4tels pour familles en Toscane\",\"isPartOf\":{\"@id\":\"https:\/\/www.italyfamilyhotels.it\/#website\"},\"datePublished\":\"2023-01-23T13:19:21+00:00\",\"dateModified\":\"2023-01-25T09:25:21+00:00\",\"description\":\"Envie de vacances en famille \u00e0 la mer en Italie ? Nous avons s\u00e9lectionn\u00e9 les meilleurs Family Hotels en Toscane\",\"breadcrumb\":{\"@id\":\"https:\/\/www.italyfamilyhotels.it\/fr\/destinations\/toscane#breadcrumb\"},\"inLanguage\":\"fr-FR\",\"potentialAction\":[{\"@type\":\"ReadAction\",\"target\":[\"https:\/\/www.italyfamilyhotels.it\/fr\/destinations\/toscane\"]}]},{\"@type\":\"BreadcrumbList\",\"@id\":\"https:\/\/www.italyfamilyhotels.it\/fr\/destinations\/toscane#breadcrumb\",\"itemListElement\":[{\"@type\":\"ListItem\",\"position\":1,\"name\":\"Home\",\"item\":\"https:\/\/www.italyfamilyhotels.it\/fr\"},{\"@type\":\"ListItem\",\"position\":2,\"name\":\"Destinations\",\"item\":\"https:\/\/www.italyfamilyhotels.it\/fr\/destinations\"},{\"@type\":\"ListItem\",\"position\":3,\"name\":\"Toscane\"}]},{\"@type\":\"WebSite\",\"@id\":\"https:\/\/www.italyfamilyhotels.it\/#website\",\"url\":\"https:\/\/www.italyfamilyhotels.it\/\",\"name\":\"Italy Family Hotels\",\"description\":\"\",\"potentialAction\":[{\"@type\":\"SearchAction\",\"target\":{\"@type\":\"EntryPoint\",\"urlTemplate\":\"https:\/\/www.italyfamilyhotels.it\/?s={search_term_string}\"},\"query-input\":{\"@type\":\"PropertyValueSpecification\",\"valueRequired\":true,\"valueName\":\"search_term_string\"}}],\"inLanguage\":\"fr-FR\"}]}<\/script>\n<!-- \/ Yoast SEO plugin. -->","yoast_head_json":{"title":"Les meilleurs H\u00f4tels pour familles en Toscane","description":"Envie de vacances en famille \u00e0 la mer en Italie ? Nous avons s\u00e9lectionn\u00e9 les meilleurs Family Hotels en Toscane","robots":{"index":"index","follow":"follow","max-snippet":"max-snippet:-1","max-image-preview":"max-image-preview:large","max-video-preview":"max-video-preview:-1"},"canonical":"https:\/\/www.italyfamilyhotels.it\/fr\/destinations\/toscane","og_locale":"fr_FR","og_type":"article","og_title":"Les meilleurs H\u00f4tels pour familles en Toscane","og_description":"Envie de vacances en famille \u00e0 la mer en Italie ? Nous avons s\u00e9lectionn\u00e9 les meilleurs Family Hotels en Toscane","og_url":"https:\/\/www.italyfamilyhotels.it\/fr\/destinations\/toscane","og_site_name":"Italy Family Hotels","article_publisher":"https:\/\/www.facebook.com\/ItalyFamilyHotels\/","article_modified_time":"2023-01-25T09:25:21+00:00","twitter_card":"summary_large_image","twitter_misc":{"Dur\u00e9e de lecture estim\u00e9e":"1 minute"},"schema":{"@context":"https:\/\/schema.org","@graph":[{"@type":"WebPage","@id":"https:\/\/www.italyfamilyhotels.it\/fr\/destinations\/toscane","url":"https:\/\/www.italyfamilyhotels.it\/fr\/destinations\/toscane","name":"Les meilleurs H\u00f4tels pour familles en Toscane","isPartOf":{"@id":"https:\/\/www.italyfamilyhotels.it\/#website"},"datePublished":"2023-01-23T13:19:21+00:00","dateModified":"2023-01-25T09:25:21+00:00","description":"Envie de vacances en famille \u00e0 la mer en Italie ? Nous avons s\u00e9lectionn\u00e9 les meilleurs Family Hotels en Toscane","breadcrumb":{"@id":"https:\/\/www.italyfamilyhotels.it\/fr\/destinations\/toscane#breadcrumb"},"inLanguage":"fr-FR","potentialAction":[{"@type":"ReadAction","target":["https:\/\/www.italyfamilyhotels.it\/fr\/destinations\/toscane"]}]},{"@type":"BreadcrumbList","@id":"https:\/\/www.italyfamilyhotels.it\/fr\/destinations\/toscane#breadcrumb","itemListElement":[{"@type":"ListItem","position":1,"name":"Home","item":"https:\/\/www.italyfamilyhotels.it\/fr"},{"@type":"ListItem","position":2,"name":"Destinations","item":"https:\/\/www.italyfamilyhotels.it\/fr\/destinations"},{"@type":"ListItem","position":3,"name":"Toscane"}]},{"@type":"WebSite","@id":"https:\/\/www.italyfamilyhotels.it\/#website","url":"https:\/\/www.italyfamilyhotels.it\/","name":"Italy Family Hotels","description":"","potentialAction":[{"@type":"SearchAction","target":{"@type":"EntryPoint","urlTemplate":"https:\/\/www.italyfamilyhotels.it\/?s={search_term_string}"},"query-input":{"@type":"PropertyValueSpecification","valueRequired":true,"valueName":"search_term_string"}}],"inLanguage":"fr-FR"}]}},"_links":{"self":[{"href":"https:\/\/www.italyfamilyhotels.it\/fr\/wp-json\/wp\/v2\/pages\/43581","targetHints":{"allow":["GET"]}}],"collection":[{"href":"https:\/\/www.italyfamilyhotels.it\/fr\/wp-json\/wp\/v2\/pages"}],"about":[{"href":"https:\/\/www.italyfamilyhotels.it\/fr\/wp-json\/wp\/v2\/types\/page"}],"author":[{"embeddable":true,"href":"https:\/\/www.italyfamilyhotels.it\/fr\/wp-json\/wp\/v2\/users\/2"}],"replies":[{"embeddable":true,"href":"https:\/\/www.italyfamilyhotels.it\/fr\/wp-json\/wp\/v2\/comments?post=43581"}],"version-history":[{"count":1,"href":"https:\/\/www.italyfamilyhotels.it\/fr\/wp-json\/wp\/v2\/pages\/43581\/revisions"}],"predecessor-version":[{"id":43582,"href":"https:\/\/www.italyfamilyhotels.it\/fr\/wp-json\/wp\/v2\/pages\/43581\/revisions\/43582"}],"up":[{"embeddable":true,"href":"https:\/\/www.italyfamilyhotels.it\/fr\/wp-json\/wp\/v2\/pages\/43316"}],"wp:attachment":[{"href":"https:\/\/www.italyfamilyhotels.it\/fr\/wp-json\/wp\/v2\/media?parent=43581"}],"curies":[{"name":"wp","href":"https:\/\/api.w.org\/{rel}","templated":true}]}}