{"id":43573,"date":"2023-01-23T14:19:09","date_gmt":"2023-01-23T13:19:09","guid":{"rendered":"https:\/\/www.italyfamilyhotels.it\/destinations\/lombardie"},"modified":"2023-01-25T09:22:22","modified_gmt":"2023-01-25T08:22:22","slug":"lombardie","status":"publish","type":"page","link":"https:\/\/www.italyfamilyhotels.it\/fr\/destinations\/lombardie","title":{"rendered":"Lombardie"},"content":{"rendered":"\n<p>Si la <b>Lombardie<\/b> avait la mer, ce ne serait pas la Lombardie. Heureusement, pour les amateurs de sports nautiques et de d\u00e9tente sur la plage, entre les Alpes et la vall\u00e9e du P\u00f4, il y a \u00e9galement de la place pour des <b>lacs<\/b>, lesquels deviennent une alternative, plus paisible et \u00e0 l&#8217;abri du bruit, aux stations baln\u00e9aires italiennes surpeupl\u00e9es. Le lac de Garde, le lac de C\u00f4me et le lac Majeur, avec leurs <b>villas<\/b> et leurs panoramas se refl\u00e9tant sur l&#8217;eau, ne sont cependant qu&#8217;une facette d&#8217;une r\u00e9gion capable de satisfaire les d\u00e9sirs de tous les types de touristes. La <b>Valtellina<\/b>, la <b>Valchiavenna<\/b> et la <b>Valcamonica<\/b> sont parsem\u00e9es de stations de ski r\u00e9put\u00e9es dans le monde entier, tandis que mus\u00e9es et villes d&#8217;art offrent d&#8217;excellentes pistes de r\u00e9flexion durant toute l&#8217;ann\u00e9e.<\/p>\n","protected":false},"excerpt":{"rendered":"<p>Si la Lombardie avait la mer, ce ne serait pas la Lombardie. Heureusement, pour les amateurs de sports nautiques et de d\u00e9tente sur la plage, entre les Alpes et la vall\u00e9e du P\u00f4, il y a \u00e9galement de la place pour des lacs, lesquels deviennent une alternative, plus paisible et \u00e0 l&#8217;abri du bruit, aux &hellip;<\/p>\n","protected":false},"author":2,"featured_media":0,"parent":43316,"menu_order":0,"comment_status":"closed","ping_status":"closed","template":"page-templates\/scheda_destinazione_new.php","meta":{"_acf_changed":false,"inline_featured_image":false,"footnotes":""},"class_list":["post-43573","page","type-page","status-publish","hentry"],"acf":[],"yoast_head":"<!-- This site is optimized with the Yoast SEO plugin v27.1 - https:\/\/yoast.com\/product\/yoast-seo-wordpress\/ -->\n<title>Les meilleurs H\u00f4tels pour familles en Lombardie<\/title>\n<meta name=\"description\" content=\"Envie de vacances en famille ? Nous avons s\u00e9lectionn\u00e9 les meilleurs Family Hotels de montaign en Lombardie au lac et en montaigne\" \/>\n<meta name=\"robots\" content=\"index, follow, max-snippet:-1, max-image-preview:large, max-video-preview:-1\" \/>\n<link rel=\"canonical\" href=\"https:\/\/www.italyfamilyhotels.it\/fr\/destinations\/lombardie\" \/>\n<meta property=\"og:locale\" content=\"fr_FR\" \/>\n<meta property=\"og:type\" content=\"article\" \/>\n<meta property=\"og:title\" content=\"Les meilleurs H\u00f4tels pour familles en Lombardie\" \/>\n<meta property=\"og:description\" content=\"Envie de vacances en famille ? Nous avons s\u00e9lectionn\u00e9 les meilleurs Family Hotels de montaign en Lombardie au lac et en montaigne\" \/>\n<meta property=\"og:url\" content=\"https:\/\/www.italyfamilyhotels.it\/fr\/destinations\/lombardie\" \/>\n<meta property=\"og:site_name\" content=\"Italy Family Hotels\" \/>\n<meta property=\"article:publisher\" content=\"https:\/\/www.facebook.com\/ItalyFamilyHotels\/\" \/>\n<meta property=\"article:modified_time\" content=\"2023-01-25T08:22:22+00:00\" \/>\n<meta name=\"twitter:card\" content=\"summary_large_image\" \/>\n<meta name=\"twitter:label1\" content=\"Dur\u00e9e de lecture estim\u00e9e\" \/>\n\t<meta name=\"twitter:data1\" content=\"1 minute\" \/>\n<script type=\"application\/ld+json\" class=\"yoast-schema-graph\">{\"@context\":\"https:\/\/schema.org\",\"@graph\":[{\"@type\":\"WebPage\",\"@id\":\"https:\/\/www.italyfamilyhotels.it\/fr\/destinations\/lombardie\",\"url\":\"https:\/\/www.italyfamilyhotels.it\/fr\/destinations\/lombardie\",\"name\":\"Les meilleurs H\u00f4tels pour familles en Lombardie\",\"isPartOf\":{\"@id\":\"https:\/\/www.italyfamilyhotels.it\/#website\"},\"datePublished\":\"2023-01-23T13:19:09+00:00\",\"dateModified\":\"2023-01-25T08:22:22+00:00\",\"description\":\"Envie de vacances en famille ? Nous avons s\u00e9lectionn\u00e9 les meilleurs Family Hotels de montaign en Lombardie au lac et en montaigne\",\"breadcrumb\":{\"@id\":\"https:\/\/www.italyfamilyhotels.it\/fr\/destinations\/lombardie#breadcrumb\"},\"inLanguage\":\"fr-FR\",\"potentialAction\":[{\"@type\":\"ReadAction\",\"target\":[\"https:\/\/www.italyfamilyhotels.it\/fr\/destinations\/lombardie\"]}]},{\"@type\":\"BreadcrumbList\",\"@id\":\"https:\/\/www.italyfamilyhotels.it\/fr\/destinations\/lombardie#breadcrumb\",\"itemListElement\":[{\"@type\":\"ListItem\",\"position\":1,\"name\":\"Home\",\"item\":\"https:\/\/www.italyfamilyhotels.it\/fr\"},{\"@type\":\"ListItem\",\"position\":2,\"name\":\"Destinations\",\"item\":\"https:\/\/www.italyfamilyhotels.it\/fr\/destinations\"},{\"@type\":\"ListItem\",\"position\":3,\"name\":\"Lombardie\"}]},{\"@type\":\"WebSite\",\"@id\":\"https:\/\/www.italyfamilyhotels.it\/#website\",\"url\":\"https:\/\/www.italyfamilyhotels.it\/\",\"name\":\"Italy Family Hotels\",\"description\":\"\",\"potentialAction\":[{\"@type\":\"SearchAction\",\"target\":{\"@type\":\"EntryPoint\",\"urlTemplate\":\"https:\/\/www.italyfamilyhotels.it\/?s={search_term_string}\"},\"query-input\":{\"@type\":\"PropertyValueSpecification\",\"valueRequired\":true,\"valueName\":\"search_term_string\"}}],\"inLanguage\":\"fr-FR\"}]}<\/script>\n<!-- \/ Yoast SEO plugin. -->","yoast_head_json":{"title":"Les meilleurs H\u00f4tels pour familles en Lombardie","description":"Envie de vacances en famille ? Nous avons s\u00e9lectionn\u00e9 les meilleurs Family Hotels de montaign en Lombardie au lac et en montaigne","robots":{"index":"index","follow":"follow","max-snippet":"max-snippet:-1","max-image-preview":"max-image-preview:large","max-video-preview":"max-video-preview:-1"},"canonical":"https:\/\/www.italyfamilyhotels.it\/fr\/destinations\/lombardie","og_locale":"fr_FR","og_type":"article","og_title":"Les meilleurs H\u00f4tels pour familles en Lombardie","og_description":"Envie de vacances en famille ? Nous avons s\u00e9lectionn\u00e9 les meilleurs Family Hotels de montaign en Lombardie au lac et en montaigne","og_url":"https:\/\/www.italyfamilyhotels.it\/fr\/destinations\/lombardie","og_site_name":"Italy Family Hotels","article_publisher":"https:\/\/www.facebook.com\/ItalyFamilyHotels\/","article_modified_time":"2023-01-25T08:22:22+00:00","twitter_card":"summary_large_image","twitter_misc":{"Dur\u00e9e de lecture estim\u00e9e":"1 minute"},"schema":{"@context":"https:\/\/schema.org","@graph":[{"@type":"WebPage","@id":"https:\/\/www.italyfamilyhotels.it\/fr\/destinations\/lombardie","url":"https:\/\/www.italyfamilyhotels.it\/fr\/destinations\/lombardie","name":"Les meilleurs H\u00f4tels pour familles en Lombardie","isPartOf":{"@id":"https:\/\/www.italyfamilyhotels.it\/#website"},"datePublished":"2023-01-23T13:19:09+00:00","dateModified":"2023-01-25T08:22:22+00:00","description":"Envie de vacances en famille ? Nous avons s\u00e9lectionn\u00e9 les meilleurs Family Hotels de montaign en Lombardie au lac et en montaigne","breadcrumb":{"@id":"https:\/\/www.italyfamilyhotels.it\/fr\/destinations\/lombardie#breadcrumb"},"inLanguage":"fr-FR","potentialAction":[{"@type":"ReadAction","target":["https:\/\/www.italyfamilyhotels.it\/fr\/destinations\/lombardie"]}]},{"@type":"BreadcrumbList","@id":"https:\/\/www.italyfamilyhotels.it\/fr\/destinations\/lombardie#breadcrumb","itemListElement":[{"@type":"ListItem","position":1,"name":"Home","item":"https:\/\/www.italyfamilyhotels.it\/fr"},{"@type":"ListItem","position":2,"name":"Destinations","item":"https:\/\/www.italyfamilyhotels.it\/fr\/destinations"},{"@type":"ListItem","position":3,"name":"Lombardie"}]},{"@type":"WebSite","@id":"https:\/\/www.italyfamilyhotels.it\/#website","url":"https:\/\/www.italyfamilyhotels.it\/","name":"Italy Family Hotels","description":"","potentialAction":[{"@type":"SearchAction","target":{"@type":"EntryPoint","urlTemplate":"https:\/\/www.italyfamilyhotels.it\/?s={search_term_string}"},"query-input":{"@type":"PropertyValueSpecification","valueRequired":true,"valueName":"search_term_string"}}],"inLanguage":"fr-FR"}]}},"_links":{"self":[{"href":"https:\/\/www.italyfamilyhotels.it\/fr\/wp-json\/wp\/v2\/pages\/43573","targetHints":{"allow":["GET"]}}],"collection":[{"href":"https:\/\/www.italyfamilyhotels.it\/fr\/wp-json\/wp\/v2\/pages"}],"about":[{"href":"https:\/\/www.italyfamilyhotels.it\/fr\/wp-json\/wp\/v2\/types\/page"}],"author":[{"embeddable":true,"href":"https:\/\/www.italyfamilyhotels.it\/fr\/wp-json\/wp\/v2\/users\/2"}],"replies":[{"embeddable":true,"href":"https:\/\/www.italyfamilyhotels.it\/fr\/wp-json\/wp\/v2\/comments?post=43573"}],"version-history":[{"count":1,"href":"https:\/\/www.italyfamilyhotels.it\/fr\/wp-json\/wp\/v2\/pages\/43573\/revisions"}],"predecessor-version":[{"id":43574,"href":"https:\/\/www.italyfamilyhotels.it\/fr\/wp-json\/wp\/v2\/pages\/43573\/revisions\/43574"}],"up":[{"embeddable":true,"href":"https:\/\/www.italyfamilyhotels.it\/fr\/wp-json\/wp\/v2\/pages\/43316"}],"wp:attachment":[{"href":"https:\/\/www.italyfamilyhotels.it\/fr\/wp-json\/wp\/v2\/media?parent=43573"}],"curies":[{"name":"wp","href":"https:\/\/api.w.org\/{rel}","templated":true}]}}