{"id":43565,"date":"2023-01-23T14:18:55","date_gmt":"2023-01-23T13:18:55","guid":{"rendered":"https:\/\/www.italyfamilyhotels.it\/destinations\/abruzzes-2"},"modified":"2023-01-24T16:41:06","modified_gmt":"2023-01-24T15:41:06","slug":"abruzzes-montaigne","status":"publish","type":"page","link":"https:\/\/www.italyfamilyhotels.it\/fr\/destinations\/abruzzes-montaigne","title":{"rendered":"Abruzzes"},"content":{"rendered":"\n<p>Les <b>montagnes des Abruzzes<\/b> sont un \u00e9crin de beaut\u00e9s et de couleurs, \u00e0 vivre librement mais avec respect et amour, \u00e9tant le patrimoine de chacun. Les Abruzzes le conservent dans de nombreux <b>parcs<\/b> et <b>r\u00e9serves naturelles prot\u00e9g\u00e9es<\/b>, lieux d&#8217;\u00e9merveillement et de d\u00e9couverte que vous pourrez vivre avec vos enfants en parcourant les innombrables <b>sentiers<\/b> et <b>pistes cyclables<\/b> s\u2019insinuant dans les <b>bois<\/b> et les <b>oasis naturalistes<\/b>.<\/p>\n","protected":false},"excerpt":{"rendered":"<p>Les montagnes des Abruzzes sont un \u00e9crin de beaut\u00e9s et de couleurs, \u00e0 vivre librement mais avec respect et amour, \u00e9tant le patrimoine de chacun. Les Abruzzes le conservent dans de nombreux parcs et r\u00e9serves naturelles prot\u00e9g\u00e9es, lieux d&#8217;\u00e9merveillement et de d\u00e9couverte que vous pourrez vivre avec vos enfants en parcourant les innombrables sentiers et &hellip;<\/p>\n","protected":false},"author":2,"featured_media":0,"parent":43316,"menu_order":0,"comment_status":"closed","ping_status":"closed","template":"page-templates\/scheda_destinazione.php","meta":{"_acf_changed":false,"inline_featured_image":false,"footnotes":""},"class_list":["post-43565","page","type-page","status-publish","hentry"],"acf":[],"yoast_head":"<!-- This site is optimized with the Yoast SEO plugin v27.1 - https:\/\/yoast.com\/product\/yoast-seo-wordpress\/ -->\n<title>Les meilleurs H\u00f4tels pour familles dans les Abruzzes<\/title>\n<meta name=\"description\" content=\"Envie de vacances en famille ? Nous avons s\u00e9lectionn\u00e9 les meilleurs Family Hotel en montaigne dans les Abruzzes\" \/>\n<meta name=\"robots\" content=\"index, follow, max-snippet:-1, max-image-preview:large, max-video-preview:-1\" \/>\n<link rel=\"canonical\" href=\"https:\/\/www.italyfamilyhotels.it\/fr\/destinations\/abruzzes-montaigne\" \/>\n<meta property=\"og:locale\" content=\"fr_FR\" \/>\n<meta property=\"og:type\" content=\"article\" \/>\n<meta property=\"og:title\" content=\"Les meilleurs H\u00f4tels pour familles dans les Abruzzes\" \/>\n<meta property=\"og:description\" content=\"Envie de vacances en famille ? Nous avons s\u00e9lectionn\u00e9 les meilleurs Family Hotel en montaigne dans les Abruzzes\" \/>\n<meta property=\"og:url\" content=\"https:\/\/www.italyfamilyhotels.it\/fr\/destinations\/abruzzes-montaigne\" \/>\n<meta property=\"og:site_name\" content=\"Italy Family Hotels\" \/>\n<meta property=\"article:publisher\" content=\"https:\/\/www.facebook.com\/ItalyFamilyHotels\/\" \/>\n<meta property=\"article:modified_time\" content=\"2023-01-24T15:41:06+00:00\" \/>\n<meta name=\"twitter:card\" content=\"summary_large_image\" \/>\n<script type=\"application\/ld+json\" class=\"yoast-schema-graph\">{\"@context\":\"https:\/\/schema.org\",\"@graph\":[{\"@type\":\"WebPage\",\"@id\":\"https:\/\/www.italyfamilyhotels.it\/fr\/destinations\/abruzzes-montaigne\",\"url\":\"https:\/\/www.italyfamilyhotels.it\/fr\/destinations\/abruzzes-montaigne\",\"name\":\"Les meilleurs H\u00f4tels pour familles dans les Abruzzes\",\"isPartOf\":{\"@id\":\"https:\/\/www.italyfamilyhotels.it\/#website\"},\"datePublished\":\"2023-01-23T13:18:55+00:00\",\"dateModified\":\"2023-01-24T15:41:06+00:00\",\"description\":\"Envie de vacances en famille ? Nous avons s\u00e9lectionn\u00e9 les meilleurs Family Hotel en montaigne dans les Abruzzes\",\"breadcrumb\":{\"@id\":\"https:\/\/www.italyfamilyhotels.it\/fr\/destinations\/abruzzes-montaigne#breadcrumb\"},\"inLanguage\":\"fr-FR\",\"potentialAction\":[{\"@type\":\"ReadAction\",\"target\":[\"https:\/\/www.italyfamilyhotels.it\/fr\/destinations\/abruzzes-montaigne\"]}]},{\"@type\":\"BreadcrumbList\",\"@id\":\"https:\/\/www.italyfamilyhotels.it\/fr\/destinations\/abruzzes-montaigne#breadcrumb\",\"itemListElement\":[{\"@type\":\"ListItem\",\"position\":1,\"name\":\"Home\",\"item\":\"https:\/\/www.italyfamilyhotels.it\/fr\"},{\"@type\":\"ListItem\",\"position\":2,\"name\":\"Destinations\",\"item\":\"https:\/\/www.italyfamilyhotels.it\/fr\/destinations\"},{\"@type\":\"ListItem\",\"position\":3,\"name\":\"Abruzzes\"}]},{\"@type\":\"WebSite\",\"@id\":\"https:\/\/www.italyfamilyhotels.it\/#website\",\"url\":\"https:\/\/www.italyfamilyhotels.it\/\",\"name\":\"Italy Family Hotels\",\"description\":\"\",\"potentialAction\":[{\"@type\":\"SearchAction\",\"target\":{\"@type\":\"EntryPoint\",\"urlTemplate\":\"https:\/\/www.italyfamilyhotels.it\/?s={search_term_string}\"},\"query-input\":{\"@type\":\"PropertyValueSpecification\",\"valueRequired\":true,\"valueName\":\"search_term_string\"}}],\"inLanguage\":\"fr-FR\"}]}<\/script>\n<!-- \/ Yoast SEO plugin. -->","yoast_head_json":{"title":"Les meilleurs H\u00f4tels pour familles dans les Abruzzes","description":"Envie de vacances en famille ? Nous avons s\u00e9lectionn\u00e9 les meilleurs Family Hotel en montaigne dans les Abruzzes","robots":{"index":"index","follow":"follow","max-snippet":"max-snippet:-1","max-image-preview":"max-image-preview:large","max-video-preview":"max-video-preview:-1"},"canonical":"https:\/\/www.italyfamilyhotels.it\/fr\/destinations\/abruzzes-montaigne","og_locale":"fr_FR","og_type":"article","og_title":"Les meilleurs H\u00f4tels pour familles dans les Abruzzes","og_description":"Envie de vacances en famille ? Nous avons s\u00e9lectionn\u00e9 les meilleurs Family Hotel en montaigne dans les Abruzzes","og_url":"https:\/\/www.italyfamilyhotels.it\/fr\/destinations\/abruzzes-montaigne","og_site_name":"Italy Family Hotels","article_publisher":"https:\/\/www.facebook.com\/ItalyFamilyHotels\/","article_modified_time":"2023-01-24T15:41:06+00:00","twitter_card":"summary_large_image","schema":{"@context":"https:\/\/schema.org","@graph":[{"@type":"WebPage","@id":"https:\/\/www.italyfamilyhotels.it\/fr\/destinations\/abruzzes-montaigne","url":"https:\/\/www.italyfamilyhotels.it\/fr\/destinations\/abruzzes-montaigne","name":"Les meilleurs H\u00f4tels pour familles dans les Abruzzes","isPartOf":{"@id":"https:\/\/www.italyfamilyhotels.it\/#website"},"datePublished":"2023-01-23T13:18:55+00:00","dateModified":"2023-01-24T15:41:06+00:00","description":"Envie de vacances en famille ? Nous avons s\u00e9lectionn\u00e9 les meilleurs Family Hotel en montaigne dans les Abruzzes","breadcrumb":{"@id":"https:\/\/www.italyfamilyhotels.it\/fr\/destinations\/abruzzes-montaigne#breadcrumb"},"inLanguage":"fr-FR","potentialAction":[{"@type":"ReadAction","target":["https:\/\/www.italyfamilyhotels.it\/fr\/destinations\/abruzzes-montaigne"]}]},{"@type":"BreadcrumbList","@id":"https:\/\/www.italyfamilyhotels.it\/fr\/destinations\/abruzzes-montaigne#breadcrumb","itemListElement":[{"@type":"ListItem","position":1,"name":"Home","item":"https:\/\/www.italyfamilyhotels.it\/fr"},{"@type":"ListItem","position":2,"name":"Destinations","item":"https:\/\/www.italyfamilyhotels.it\/fr\/destinations"},{"@type":"ListItem","position":3,"name":"Abruzzes"}]},{"@type":"WebSite","@id":"https:\/\/www.italyfamilyhotels.it\/#website","url":"https:\/\/www.italyfamilyhotels.it\/","name":"Italy Family Hotels","description":"","potentialAction":[{"@type":"SearchAction","target":{"@type":"EntryPoint","urlTemplate":"https:\/\/www.italyfamilyhotels.it\/?s={search_term_string}"},"query-input":{"@type":"PropertyValueSpecification","valueRequired":true,"valueName":"search_term_string"}}],"inLanguage":"fr-FR"}]}},"_links":{"self":[{"href":"https:\/\/www.italyfamilyhotels.it\/fr\/wp-json\/wp\/v2\/pages\/43565","targetHints":{"allow":["GET"]}}],"collection":[{"href":"https:\/\/www.italyfamilyhotels.it\/fr\/wp-json\/wp\/v2\/pages"}],"about":[{"href":"https:\/\/www.italyfamilyhotels.it\/fr\/wp-json\/wp\/v2\/types\/page"}],"author":[{"embeddable":true,"href":"https:\/\/www.italyfamilyhotels.it\/fr\/wp-json\/wp\/v2\/users\/2"}],"replies":[{"embeddable":true,"href":"https:\/\/www.italyfamilyhotels.it\/fr\/wp-json\/wp\/v2\/comments?post=43565"}],"version-history":[{"count":1,"href":"https:\/\/www.italyfamilyhotels.it\/fr\/wp-json\/wp\/v2\/pages\/43565\/revisions"}],"predecessor-version":[{"id":43566,"href":"https:\/\/www.italyfamilyhotels.it\/fr\/wp-json\/wp\/v2\/pages\/43565\/revisions\/43566"}],"up":[{"embeddable":true,"href":"https:\/\/www.italyfamilyhotels.it\/fr\/wp-json\/wp\/v2\/pages\/43316"}],"wp:attachment":[{"href":"https:\/\/www.italyfamilyhotels.it\/fr\/wp-json\/wp\/v2\/media?parent=43565"}],"curies":[{"name":"wp","href":"https:\/\/api.w.org\/{rel}","templated":true}]}}