{"id":43559,"date":"2023-01-23T14:18:45","date_gmt":"2023-01-23T13:18:45","guid":{"rendered":"https:\/\/www.italyfamilyhotels.it\/destinations\/riviera-romagnole\/riccione"},"modified":"2023-01-25T10:16:31","modified_gmt":"2023-01-25T09:16:31","slug":"riccione","status":"publish","type":"page","link":"https:\/\/www.italyfamilyhotels.it\/fr\/destinations\/riviera-romagnole\/riccione","title":{"rendered":"Riccione"},"content":{"rendered":"\n<p>La c\u00e9l\u00e8bre promenade de Viale Ceccarini, qui d\u00e9bouche sur un rond-point sur la mer tout aussi c\u00e9l\u00e8bre, est l&#8217;une des images les plus \u00e9vocatrices de l&#8217;\u00e9t\u00e9 sur la Riviera Adriatique, dont <b>Riccione<\/b> est l&#8217;une des destinations symboliques. Station baln\u00e9aire id\u00e9ale pour les familles, qui vante <b>25 \u00e9co-plages sans barri\u00e8res<\/b>, \u00e9quip\u00e9es de tout le confort et des services pour parents et enfants, mais qui est \u00e9galement tenu en haute estime par qui est \u00e0 la recherche de divertissement, shopping et clubs branch\u00e9s qui, au coucher du soleil, deviennent le c\u0153ur vivant et battant de la perle du tourisme c\u00f4tier. Et, lorsque le jour revient, Riccione se d\u00e9couvre \u00e9galement le th\u00e9\u00e2tre id\u00e9al pour des s\u00e9jours d\u00e9di\u00e9s au <b>sport<\/b>.<\/p>\n","protected":false},"excerpt":{"rendered":"<p>La c\u00e9l\u00e8bre promenade de Viale Ceccarini, qui d\u00e9bouche sur un rond-point sur la mer tout aussi c\u00e9l\u00e8bre, est l&#8217;une des images les plus \u00e9vocatrices de l&#8217;\u00e9t\u00e9 sur la Riviera Adriatique, dont Riccione est l&#8217;une des destinations symboliques. Station baln\u00e9aire id\u00e9ale pour les familles, qui vante 25 \u00e9co-plages sans barri\u00e8res, \u00e9quip\u00e9es de tout le confort et &hellip;<\/p>\n","protected":false},"author":2,"featured_media":0,"parent":43555,"menu_order":0,"comment_status":"closed","ping_status":"closed","template":"page-templates\/scheda_localita.php","meta":{"_acf_changed":false,"inline_featured_image":false,"footnotes":""},"class_list":["post-43559","page","type-page","status-publish","hentry"],"acf":[],"yoast_head":"<!-- This site is optimized with the Yoast SEO plugin v27.1 - https:\/\/yoast.com\/product\/yoast-seo-wordpress\/ -->\n<title>Les meilleurs H\u00f4tels pour familles \u00e0 Riccione | Italy Family Hotels<\/title>\n<meta name=\"description\" content=\"Envie de vacances en famille sur la c\u00f4te adriatique ? Nous avons s\u00e9lectionn\u00e9 les meilleurs Family Hotels \u00e0 Riccione\" \/>\n<meta name=\"robots\" content=\"index, follow, max-snippet:-1, max-image-preview:large, max-video-preview:-1\" \/>\n<link rel=\"canonical\" href=\"https:\/\/www.italyfamilyhotels.it\/fr\/destinations\/riviera-romagnole\/riccione\" \/>\n<meta property=\"og:locale\" content=\"fr_FR\" \/>\n<meta property=\"og:type\" content=\"article\" \/>\n<meta property=\"og:title\" content=\"Les meilleurs H\u00f4tels pour familles \u00e0 Riccione | Italy Family Hotels\" \/>\n<meta property=\"og:description\" content=\"Envie de vacances en famille sur la c\u00f4te adriatique ? Nous avons s\u00e9lectionn\u00e9 les meilleurs Family Hotels \u00e0 Riccione\" \/>\n<meta property=\"og:url\" content=\"https:\/\/www.italyfamilyhotels.it\/fr\/destinations\/riviera-romagnole\/riccione\" \/>\n<meta property=\"og:site_name\" content=\"Italy Family Hotels\" \/>\n<meta property=\"article:publisher\" content=\"https:\/\/www.facebook.com\/ItalyFamilyHotels\/\" \/>\n<meta property=\"article:modified_time\" content=\"2023-01-25T09:16:31+00:00\" \/>\n<meta name=\"twitter:card\" content=\"summary_large_image\" \/>\n<meta name=\"twitter:label1\" content=\"Dur\u00e9e de lecture estim\u00e9e\" \/>\n\t<meta name=\"twitter:data1\" content=\"1 minute\" \/>\n<script type=\"application\/ld+json\" class=\"yoast-schema-graph\">{\"@context\":\"https:\/\/schema.org\",\"@graph\":[{\"@type\":\"WebPage\",\"@id\":\"https:\/\/www.italyfamilyhotels.it\/fr\/destinations\/riviera-romagnole\/riccione\",\"url\":\"https:\/\/www.italyfamilyhotels.it\/fr\/destinations\/riviera-romagnole\/riccione\",\"name\":\"Les meilleurs H\u00f4tels pour familles \u00e0 Riccione | Italy Family Hotels\",\"isPartOf\":{\"@id\":\"https:\/\/www.italyfamilyhotels.it\/#website\"},\"datePublished\":\"2023-01-23T13:18:45+00:00\",\"dateModified\":\"2023-01-25T09:16:31+00:00\",\"description\":\"Envie de vacances en famille sur la c\u00f4te adriatique ? Nous avons s\u00e9lectionn\u00e9 les meilleurs Family Hotels \u00e0 Riccione\",\"breadcrumb\":{\"@id\":\"https:\/\/www.italyfamilyhotels.it\/fr\/destinations\/riviera-romagnole\/riccione#breadcrumb\"},\"inLanguage\":\"fr-FR\",\"potentialAction\":[{\"@type\":\"ReadAction\",\"target\":[\"https:\/\/www.italyfamilyhotels.it\/fr\/destinations\/riviera-romagnole\/riccione\"]}]},{\"@type\":\"BreadcrumbList\",\"@id\":\"https:\/\/www.italyfamilyhotels.it\/fr\/destinations\/riviera-romagnole\/riccione#breadcrumb\",\"itemListElement\":[{\"@type\":\"ListItem\",\"position\":1,\"name\":\"Home\",\"item\":\"https:\/\/www.italyfamilyhotels.it\/fr\"},{\"@type\":\"ListItem\",\"position\":2,\"name\":\"Destinations\",\"item\":\"https:\/\/www.italyfamilyhotels.it\/fr\/destinations\"},{\"@type\":\"ListItem\",\"position\":3,\"name\":\"Riviera Romagnole\",\"item\":\"https:\/\/www.italyfamilyhotels.it\/fr\/destinations\/riviera-romagnole\"},{\"@type\":\"ListItem\",\"position\":4,\"name\":\"Riccione\"}]},{\"@type\":\"WebSite\",\"@id\":\"https:\/\/www.italyfamilyhotels.it\/#website\",\"url\":\"https:\/\/www.italyfamilyhotels.it\/\",\"name\":\"Italy Family Hotels\",\"description\":\"\",\"potentialAction\":[{\"@type\":\"SearchAction\",\"target\":{\"@type\":\"EntryPoint\",\"urlTemplate\":\"https:\/\/www.italyfamilyhotels.it\/?s={search_term_string}\"},\"query-input\":{\"@type\":\"PropertyValueSpecification\",\"valueRequired\":true,\"valueName\":\"search_term_string\"}}],\"inLanguage\":\"fr-FR\"}]}<\/script>\n<!-- \/ Yoast SEO plugin. -->","yoast_head_json":{"title":"Les meilleurs H\u00f4tels pour familles \u00e0 Riccione | Italy Family Hotels","description":"Envie de vacances en famille sur la c\u00f4te adriatique ? Nous avons s\u00e9lectionn\u00e9 les meilleurs Family Hotels \u00e0 Riccione","robots":{"index":"index","follow":"follow","max-snippet":"max-snippet:-1","max-image-preview":"max-image-preview:large","max-video-preview":"max-video-preview:-1"},"canonical":"https:\/\/www.italyfamilyhotels.it\/fr\/destinations\/riviera-romagnole\/riccione","og_locale":"fr_FR","og_type":"article","og_title":"Les meilleurs H\u00f4tels pour familles \u00e0 Riccione | Italy Family Hotels","og_description":"Envie de vacances en famille sur la c\u00f4te adriatique ? Nous avons s\u00e9lectionn\u00e9 les meilleurs Family Hotels \u00e0 Riccione","og_url":"https:\/\/www.italyfamilyhotels.it\/fr\/destinations\/riviera-romagnole\/riccione","og_site_name":"Italy Family Hotels","article_publisher":"https:\/\/www.facebook.com\/ItalyFamilyHotels\/","article_modified_time":"2023-01-25T09:16:31+00:00","twitter_card":"summary_large_image","twitter_misc":{"Dur\u00e9e de lecture estim\u00e9e":"1 minute"},"schema":{"@context":"https:\/\/schema.org","@graph":[{"@type":"WebPage","@id":"https:\/\/www.italyfamilyhotels.it\/fr\/destinations\/riviera-romagnole\/riccione","url":"https:\/\/www.italyfamilyhotels.it\/fr\/destinations\/riviera-romagnole\/riccione","name":"Les meilleurs H\u00f4tels pour familles \u00e0 Riccione | Italy Family Hotels","isPartOf":{"@id":"https:\/\/www.italyfamilyhotels.it\/#website"},"datePublished":"2023-01-23T13:18:45+00:00","dateModified":"2023-01-25T09:16:31+00:00","description":"Envie de vacances en famille sur la c\u00f4te adriatique ? Nous avons s\u00e9lectionn\u00e9 les meilleurs Family Hotels \u00e0 Riccione","breadcrumb":{"@id":"https:\/\/www.italyfamilyhotels.it\/fr\/destinations\/riviera-romagnole\/riccione#breadcrumb"},"inLanguage":"fr-FR","potentialAction":[{"@type":"ReadAction","target":["https:\/\/www.italyfamilyhotels.it\/fr\/destinations\/riviera-romagnole\/riccione"]}]},{"@type":"BreadcrumbList","@id":"https:\/\/www.italyfamilyhotels.it\/fr\/destinations\/riviera-romagnole\/riccione#breadcrumb","itemListElement":[{"@type":"ListItem","position":1,"name":"Home","item":"https:\/\/www.italyfamilyhotels.it\/fr"},{"@type":"ListItem","position":2,"name":"Destinations","item":"https:\/\/www.italyfamilyhotels.it\/fr\/destinations"},{"@type":"ListItem","position":3,"name":"Riviera Romagnole","item":"https:\/\/www.italyfamilyhotels.it\/fr\/destinations\/riviera-romagnole"},{"@type":"ListItem","position":4,"name":"Riccione"}]},{"@type":"WebSite","@id":"https:\/\/www.italyfamilyhotels.it\/#website","url":"https:\/\/www.italyfamilyhotels.it\/","name":"Italy Family Hotels","description":"","potentialAction":[{"@type":"SearchAction","target":{"@type":"EntryPoint","urlTemplate":"https:\/\/www.italyfamilyhotels.it\/?s={search_term_string}"},"query-input":{"@type":"PropertyValueSpecification","valueRequired":true,"valueName":"search_term_string"}}],"inLanguage":"fr-FR"}]}},"_links":{"self":[{"href":"https:\/\/www.italyfamilyhotels.it\/fr\/wp-json\/wp\/v2\/pages\/43559","targetHints":{"allow":["GET"]}}],"collection":[{"href":"https:\/\/www.italyfamilyhotels.it\/fr\/wp-json\/wp\/v2\/pages"}],"about":[{"href":"https:\/\/www.italyfamilyhotels.it\/fr\/wp-json\/wp\/v2\/types\/page"}],"author":[{"embeddable":true,"href":"https:\/\/www.italyfamilyhotels.it\/fr\/wp-json\/wp\/v2\/users\/2"}],"replies":[{"embeddable":true,"href":"https:\/\/www.italyfamilyhotels.it\/fr\/wp-json\/wp\/v2\/comments?post=43559"}],"version-history":[{"count":1,"href":"https:\/\/www.italyfamilyhotels.it\/fr\/wp-json\/wp\/v2\/pages\/43559\/revisions"}],"predecessor-version":[{"id":43560,"href":"https:\/\/www.italyfamilyhotels.it\/fr\/wp-json\/wp\/v2\/pages\/43559\/revisions\/43560"}],"up":[{"embeddable":true,"href":"https:\/\/www.italyfamilyhotels.it\/fr\/wp-json\/wp\/v2\/pages\/43555"}],"wp:attachment":[{"href":"https:\/\/www.italyfamilyhotels.it\/fr\/wp-json\/wp\/v2\/media?parent=43559"}],"curies":[{"name":"wp","href":"https:\/\/api.w.org\/{rel}","templated":true}]}}