{"id":43557,"date":"2023-01-23T14:18:42","date_gmt":"2023-01-23T13:18:42","guid":{"rendered":"https:\/\/www.italyfamilyhotels.it\/destinations\/riviera-romagnole\/rimini"},"modified":"2023-01-25T10:17:15","modified_gmt":"2023-01-25T09:17:15","slug":"rimini","status":"publish","type":"page","link":"https:\/\/www.italyfamilyhotels.it\/fr\/destinations\/riviera-romagnole\/rimini","title":{"rendered":"Rimini"},"content":{"rendered":"\n<p>Parmi les capitales historiques du divertissement nocturne sur la c\u00f4te Adriatique, <b>Rimini<\/b> est \u00e9galement l\u2019endroit id\u00e9al pour qui recherche des vacances paisibles, avec promenades sur les <b>15 kilom\u00e8tres de front de mer<\/b> et <b>itin\u00e9raires th\u00e9matiques historiques, gastronomiques et culturels<\/b>. Les <b>250 \u00e9tablissements baln\u00e9aires<\/b>, centres thermaux, parcs d&#8217;attractions, <b>Mus\u00e9e de la Ville<\/b> et monuments tels que l\u2019<b>Arc d&#8217;Auguste <\/b>et le <b>Pont de Tib\u00e8re<\/b> forment la carte de visite que la ville offre \u00e0 qui pousse les portes d&#8217;un lieu aux mille visages, qui parle de son charme &#8211; \u00e0 travers l&#8217;imposant <b>Grand H\u00f4tel<\/b> immortalis\u00e9 par Fellini &#8211; et d&#8217;une extr\u00eame vitalit\u00e9, faisant de Rimini un v\u00e9ritable laboratoire cr\u00e9atif.<\/p>\n","protected":false},"excerpt":{"rendered":"<p>Parmi les capitales historiques du divertissement nocturne sur la c\u00f4te Adriatique, Rimini est \u00e9galement l\u2019endroit id\u00e9al pour qui recherche des vacances paisibles, avec promenades sur les 15 kilom\u00e8tres de front de mer et itin\u00e9raires th\u00e9matiques historiques, gastronomiques et culturels. Les 250 \u00e9tablissements baln\u00e9aires, centres thermaux, parcs d&#8217;attractions, Mus\u00e9e de la Ville et monuments tels que &hellip;<\/p>\n","protected":false},"author":2,"featured_media":0,"parent":43555,"menu_order":0,"comment_status":"closed","ping_status":"closed","template":"page-templates\/scheda_localita.php","meta":{"_acf_changed":false,"inline_featured_image":false,"footnotes":""},"class_list":["post-43557","page","type-page","status-publish","hentry"],"acf":[],"yoast_head":"<!-- This site is optimized with the Yoast SEO plugin v27.1 - https:\/\/yoast.com\/product\/yoast-seo-wordpress\/ -->\n<title>H\u00f4tels pour familles \u00e0 Rimini : les meilleurs Family Hotel \u00e0 Rimini<\/title>\n<meta name=\"description\" content=\"Envie de vacances en famille sur la c\u00f4te adriatique? Nous avons s\u00e9lectionn\u00e9 les meilleurs Family Hotels \u00e0 Rimini\" \/>\n<meta name=\"robots\" content=\"index, follow, max-snippet:-1, max-image-preview:large, max-video-preview:-1\" \/>\n<link rel=\"canonical\" href=\"https:\/\/www.italyfamilyhotels.it\/fr\/destinations\/riviera-romagnole\/rimini\" \/>\n<meta property=\"og:locale\" content=\"fr_FR\" \/>\n<meta property=\"og:type\" content=\"article\" \/>\n<meta property=\"og:title\" content=\"H\u00f4tels pour familles \u00e0 Rimini : les meilleurs Family Hotel \u00e0 Rimini\" \/>\n<meta property=\"og:description\" content=\"Envie de vacances en famille sur la c\u00f4te adriatique? Nous avons s\u00e9lectionn\u00e9 les meilleurs Family Hotels \u00e0 Rimini\" \/>\n<meta property=\"og:url\" content=\"https:\/\/www.italyfamilyhotels.it\/fr\/destinations\/riviera-romagnole\/rimini\" \/>\n<meta property=\"og:site_name\" content=\"Italy Family Hotels\" \/>\n<meta property=\"article:publisher\" content=\"https:\/\/www.facebook.com\/ItalyFamilyHotels\/\" \/>\n<meta property=\"article:modified_time\" content=\"2023-01-25T09:17:15+00:00\" \/>\n<meta name=\"twitter:card\" content=\"summary_large_image\" \/>\n<meta name=\"twitter:label1\" content=\"Dur\u00e9e de lecture estim\u00e9e\" \/>\n\t<meta name=\"twitter:data1\" content=\"1 minute\" \/>\n<script type=\"application\/ld+json\" class=\"yoast-schema-graph\">{\"@context\":\"https:\/\/schema.org\",\"@graph\":[{\"@type\":\"WebPage\",\"@id\":\"https:\/\/www.italyfamilyhotels.it\/fr\/destinations\/riviera-romagnole\/rimini\",\"url\":\"https:\/\/www.italyfamilyhotels.it\/fr\/destinations\/riviera-romagnole\/rimini\",\"name\":\"H\u00f4tels pour familles \u00e0 Rimini : les meilleurs Family Hotel \u00e0 Rimini\",\"isPartOf\":{\"@id\":\"https:\/\/www.italyfamilyhotels.it\/#website\"},\"datePublished\":\"2023-01-23T13:18:42+00:00\",\"dateModified\":\"2023-01-25T09:17:15+00:00\",\"description\":\"Envie de vacances en famille sur la c\u00f4te adriatique? Nous avons s\u00e9lectionn\u00e9 les meilleurs Family Hotels \u00e0 Rimini\",\"breadcrumb\":{\"@id\":\"https:\/\/www.italyfamilyhotels.it\/fr\/destinations\/riviera-romagnole\/rimini#breadcrumb\"},\"inLanguage\":\"fr-FR\",\"potentialAction\":[{\"@type\":\"ReadAction\",\"target\":[\"https:\/\/www.italyfamilyhotels.it\/fr\/destinations\/riviera-romagnole\/rimini\"]}]},{\"@type\":\"BreadcrumbList\",\"@id\":\"https:\/\/www.italyfamilyhotels.it\/fr\/destinations\/riviera-romagnole\/rimini#breadcrumb\",\"itemListElement\":[{\"@type\":\"ListItem\",\"position\":1,\"name\":\"Home\",\"item\":\"https:\/\/www.italyfamilyhotels.it\/fr\"},{\"@type\":\"ListItem\",\"position\":2,\"name\":\"Destinations\",\"item\":\"https:\/\/www.italyfamilyhotels.it\/fr\/destinations\"},{\"@type\":\"ListItem\",\"position\":3,\"name\":\"Riviera Romagnole\",\"item\":\"https:\/\/www.italyfamilyhotels.it\/fr\/destinations\/riviera-romagnole\"},{\"@type\":\"ListItem\",\"position\":4,\"name\":\"Rimini\"}]},{\"@type\":\"WebSite\",\"@id\":\"https:\/\/www.italyfamilyhotels.it\/#website\",\"url\":\"https:\/\/www.italyfamilyhotels.it\/\",\"name\":\"Italy Family Hotels\",\"description\":\"\",\"potentialAction\":[{\"@type\":\"SearchAction\",\"target\":{\"@type\":\"EntryPoint\",\"urlTemplate\":\"https:\/\/www.italyfamilyhotels.it\/?s={search_term_string}\"},\"query-input\":{\"@type\":\"PropertyValueSpecification\",\"valueRequired\":true,\"valueName\":\"search_term_string\"}}],\"inLanguage\":\"fr-FR\"}]}<\/script>\n<!-- \/ Yoast SEO plugin. -->","yoast_head_json":{"title":"H\u00f4tels pour familles \u00e0 Rimini : les meilleurs Family Hotel \u00e0 Rimini","description":"Envie de vacances en famille sur la c\u00f4te adriatique? Nous avons s\u00e9lectionn\u00e9 les meilleurs Family Hotels \u00e0 Rimini","robots":{"index":"index","follow":"follow","max-snippet":"max-snippet:-1","max-image-preview":"max-image-preview:large","max-video-preview":"max-video-preview:-1"},"canonical":"https:\/\/www.italyfamilyhotels.it\/fr\/destinations\/riviera-romagnole\/rimini","og_locale":"fr_FR","og_type":"article","og_title":"H\u00f4tels pour familles \u00e0 Rimini : les meilleurs Family Hotel \u00e0 Rimini","og_description":"Envie de vacances en famille sur la c\u00f4te adriatique? Nous avons s\u00e9lectionn\u00e9 les meilleurs Family Hotels \u00e0 Rimini","og_url":"https:\/\/www.italyfamilyhotels.it\/fr\/destinations\/riviera-romagnole\/rimini","og_site_name":"Italy Family Hotels","article_publisher":"https:\/\/www.facebook.com\/ItalyFamilyHotels\/","article_modified_time":"2023-01-25T09:17:15+00:00","twitter_card":"summary_large_image","twitter_misc":{"Dur\u00e9e de lecture estim\u00e9e":"1 minute"},"schema":{"@context":"https:\/\/schema.org","@graph":[{"@type":"WebPage","@id":"https:\/\/www.italyfamilyhotels.it\/fr\/destinations\/riviera-romagnole\/rimini","url":"https:\/\/www.italyfamilyhotels.it\/fr\/destinations\/riviera-romagnole\/rimini","name":"H\u00f4tels pour familles \u00e0 Rimini : les meilleurs Family Hotel \u00e0 Rimini","isPartOf":{"@id":"https:\/\/www.italyfamilyhotels.it\/#website"},"datePublished":"2023-01-23T13:18:42+00:00","dateModified":"2023-01-25T09:17:15+00:00","description":"Envie de vacances en famille sur la c\u00f4te adriatique? Nous avons s\u00e9lectionn\u00e9 les meilleurs Family Hotels \u00e0 Rimini","breadcrumb":{"@id":"https:\/\/www.italyfamilyhotels.it\/fr\/destinations\/riviera-romagnole\/rimini#breadcrumb"},"inLanguage":"fr-FR","potentialAction":[{"@type":"ReadAction","target":["https:\/\/www.italyfamilyhotels.it\/fr\/destinations\/riviera-romagnole\/rimini"]}]},{"@type":"BreadcrumbList","@id":"https:\/\/www.italyfamilyhotels.it\/fr\/destinations\/riviera-romagnole\/rimini#breadcrumb","itemListElement":[{"@type":"ListItem","position":1,"name":"Home","item":"https:\/\/www.italyfamilyhotels.it\/fr"},{"@type":"ListItem","position":2,"name":"Destinations","item":"https:\/\/www.italyfamilyhotels.it\/fr\/destinations"},{"@type":"ListItem","position":3,"name":"Riviera Romagnole","item":"https:\/\/www.italyfamilyhotels.it\/fr\/destinations\/riviera-romagnole"},{"@type":"ListItem","position":4,"name":"Rimini"}]},{"@type":"WebSite","@id":"https:\/\/www.italyfamilyhotels.it\/#website","url":"https:\/\/www.italyfamilyhotels.it\/","name":"Italy Family Hotels","description":"","potentialAction":[{"@type":"SearchAction","target":{"@type":"EntryPoint","urlTemplate":"https:\/\/www.italyfamilyhotels.it\/?s={search_term_string}"},"query-input":{"@type":"PropertyValueSpecification","valueRequired":true,"valueName":"search_term_string"}}],"inLanguage":"fr-FR"}]}},"_links":{"self":[{"href":"https:\/\/www.italyfamilyhotels.it\/fr\/wp-json\/wp\/v2\/pages\/43557","targetHints":{"allow":["GET"]}}],"collection":[{"href":"https:\/\/www.italyfamilyhotels.it\/fr\/wp-json\/wp\/v2\/pages"}],"about":[{"href":"https:\/\/www.italyfamilyhotels.it\/fr\/wp-json\/wp\/v2\/types\/page"}],"author":[{"embeddable":true,"href":"https:\/\/www.italyfamilyhotels.it\/fr\/wp-json\/wp\/v2\/users\/2"}],"replies":[{"embeddable":true,"href":"https:\/\/www.italyfamilyhotels.it\/fr\/wp-json\/wp\/v2\/comments?post=43557"}],"version-history":[{"count":1,"href":"https:\/\/www.italyfamilyhotels.it\/fr\/wp-json\/wp\/v2\/pages\/43557\/revisions"}],"predecessor-version":[{"id":43558,"href":"https:\/\/www.italyfamilyhotels.it\/fr\/wp-json\/wp\/v2\/pages\/43557\/revisions\/43558"}],"up":[{"embeddable":true,"href":"https:\/\/www.italyfamilyhotels.it\/fr\/wp-json\/wp\/v2\/pages\/43555"}],"wp:attachment":[{"href":"https:\/\/www.italyfamilyhotels.it\/fr\/wp-json\/wp\/v2\/media?parent=43557"}],"curies":[{"name":"wp","href":"https:\/\/api.w.org\/{rel}","templated":true}]}}