{"id":43555,"date":"2023-01-23T14:18:38","date_gmt":"2023-01-23T13:18:38","guid":{"rendered":"https:\/\/www.italyfamilyhotels.it\/destinations\/riviera-romagnole"},"modified":"2023-01-25T10:05:42","modified_gmt":"2023-01-25T09:05:42","slug":"riviera-romagnole","status":"publish","type":"page","link":"https:\/\/www.italyfamilyhotels.it\/fr\/destinations\/riviera-romagnole","title":{"rendered":"Riviera Romagnole"},"content":{"rendered":"\n<p>Toute personne ayant pass\u00e9 des vacances sur la <b>Riviera Romagnole<\/b>, normalement associ\u00e9e aux vacances ludiques et familiales, sait combien elle m\u00e9rite la r\u00e9putation de \u00ab&nbsp;<b>la mer pour tous<\/b>&nbsp;\u00bb qui la pr\u00e9c\u00e8de. S&#8217;il est vrai que les nuits sont le royaume de qui souhaite se d\u00e9cha\u00eener sur la piste, il est \u00e9galement vrai que dans des endroits comme Riccione, Rimini, Cervia ou Cesenatico, les journ\u00e9es sont marqu\u00e9es par des rythmes plus lents, avec <b>services d\u00e9di\u00e9s aux enfants<\/b> et une myriade d&#8217;opportunit\u00e9s pour passer un s\u00e9jour en toute tranquillit\u00e9, entre <b>for\u00eats de pins<\/b>, ou encore <b>oasis de verdure<\/b>, voyages au c\u0153ur de la culture \u00e0 <b>Ravenne<\/b>, <b>parcs aquatiques<\/b> et structures con\u00e7ues pour titiller l&#8217;imagination des plus petits et offrir aux adultes des moments de bien-\u00eatre absolu.<\/p>\n","protected":false},"excerpt":{"rendered":"<p>Toute personne ayant pass\u00e9 des vacances sur la Riviera Romagnole, normalement associ\u00e9e aux vacances ludiques et familiales, sait combien elle m\u00e9rite la r\u00e9putation de \u00ab&nbsp;la mer pour tous&nbsp;\u00bb qui la pr\u00e9c\u00e8de. S&#8217;il est vrai que les nuits sont le royaume de qui souhaite se d\u00e9cha\u00eener sur la piste, il est \u00e9galement vrai que dans des &hellip;<\/p>\n","protected":false},"author":2,"featured_media":0,"parent":43316,"menu_order":0,"comment_status":"closed","ping_status":"closed","template":"page-templates\/scheda_destinazione_new.php","meta":{"_acf_changed":false,"inline_featured_image":false,"footnotes":""},"class_list":["post-43555","page","type-page","status-publish","hentry"],"acf":[],"yoast_head":"<!-- This site is optimized with the Yoast SEO plugin v27.1 - https:\/\/yoast.com\/product\/yoast-seo-wordpress\/ -->\n<title>Les meilleurs H\u00f4tels pour familles sur la Riviera romagnole<\/title>\n<meta name=\"description\" content=\"Envie de vacances en famille sur la c\u00f4te adriatique ? Nous avons s\u00e9lectionn\u00e9 les meilleurs Family Hotels sur la Riviera Romagnole\" \/>\n<meta name=\"robots\" content=\"index, follow, max-snippet:-1, max-image-preview:large, max-video-preview:-1\" \/>\n<link rel=\"canonical\" href=\"https:\/\/www.italyfamilyhotels.it\/fr\/destinations\/riviera-romagnole\" \/>\n<meta property=\"og:locale\" content=\"fr_FR\" \/>\n<meta property=\"og:type\" content=\"article\" \/>\n<meta property=\"og:title\" content=\"Les meilleurs H\u00f4tels pour familles sur la Riviera romagnole\" \/>\n<meta property=\"og:description\" content=\"Envie de vacances en famille sur la c\u00f4te adriatique ? Nous avons s\u00e9lectionn\u00e9 les meilleurs Family Hotels sur la Riviera Romagnole\" \/>\n<meta property=\"og:url\" content=\"https:\/\/www.italyfamilyhotels.it\/fr\/destinations\/riviera-romagnole\" \/>\n<meta property=\"og:site_name\" content=\"Italy Family Hotels\" \/>\n<meta property=\"article:publisher\" content=\"https:\/\/www.facebook.com\/ItalyFamilyHotels\/\" \/>\n<meta property=\"article:modified_time\" content=\"2023-01-25T09:05:42+00:00\" \/>\n<meta name=\"twitter:card\" content=\"summary_large_image\" \/>\n<meta name=\"twitter:label1\" content=\"Dur\u00e9e de lecture estim\u00e9e\" \/>\n\t<meta name=\"twitter:data1\" content=\"1 minute\" \/>\n<script type=\"application\/ld+json\" class=\"yoast-schema-graph\">{\"@context\":\"https:\/\/schema.org\",\"@graph\":[{\"@type\":\"WebPage\",\"@id\":\"https:\/\/www.italyfamilyhotels.it\/fr\/destinations\/riviera-romagnole\",\"url\":\"https:\/\/www.italyfamilyhotels.it\/fr\/destinations\/riviera-romagnole\",\"name\":\"Les meilleurs H\u00f4tels pour familles sur la Riviera romagnole\",\"isPartOf\":{\"@id\":\"https:\/\/www.italyfamilyhotels.it\/#website\"},\"datePublished\":\"2023-01-23T13:18:38+00:00\",\"dateModified\":\"2023-01-25T09:05:42+00:00\",\"description\":\"Envie de vacances en famille sur la c\u00f4te adriatique ? Nous avons s\u00e9lectionn\u00e9 les meilleurs Family Hotels sur la Riviera Romagnole\",\"breadcrumb\":{\"@id\":\"https:\/\/www.italyfamilyhotels.it\/fr\/destinations\/riviera-romagnole#breadcrumb\"},\"inLanguage\":\"fr-FR\",\"potentialAction\":[{\"@type\":\"ReadAction\",\"target\":[\"https:\/\/www.italyfamilyhotels.it\/fr\/destinations\/riviera-romagnole\"]}]},{\"@type\":\"BreadcrumbList\",\"@id\":\"https:\/\/www.italyfamilyhotels.it\/fr\/destinations\/riviera-romagnole#breadcrumb\",\"itemListElement\":[{\"@type\":\"ListItem\",\"position\":1,\"name\":\"Home\",\"item\":\"https:\/\/www.italyfamilyhotels.it\/fr\"},{\"@type\":\"ListItem\",\"position\":2,\"name\":\"Destinations\",\"item\":\"https:\/\/www.italyfamilyhotels.it\/fr\/destinations\"},{\"@type\":\"ListItem\",\"position\":3,\"name\":\"Riviera Romagnole\"}]},{\"@type\":\"WebSite\",\"@id\":\"https:\/\/www.italyfamilyhotels.it\/#website\",\"url\":\"https:\/\/www.italyfamilyhotels.it\/\",\"name\":\"Italy Family Hotels\",\"description\":\"\",\"potentialAction\":[{\"@type\":\"SearchAction\",\"target\":{\"@type\":\"EntryPoint\",\"urlTemplate\":\"https:\/\/www.italyfamilyhotels.it\/?s={search_term_string}\"},\"query-input\":{\"@type\":\"PropertyValueSpecification\",\"valueRequired\":true,\"valueName\":\"search_term_string\"}}],\"inLanguage\":\"fr-FR\"}]}<\/script>\n<!-- \/ Yoast SEO plugin. -->","yoast_head_json":{"title":"Les meilleurs H\u00f4tels pour familles sur la Riviera romagnole","description":"Envie de vacances en famille sur la c\u00f4te adriatique ? Nous avons s\u00e9lectionn\u00e9 les meilleurs Family Hotels sur la Riviera Romagnole","robots":{"index":"index","follow":"follow","max-snippet":"max-snippet:-1","max-image-preview":"max-image-preview:large","max-video-preview":"max-video-preview:-1"},"canonical":"https:\/\/www.italyfamilyhotels.it\/fr\/destinations\/riviera-romagnole","og_locale":"fr_FR","og_type":"article","og_title":"Les meilleurs H\u00f4tels pour familles sur la Riviera romagnole","og_description":"Envie de vacances en famille sur la c\u00f4te adriatique ? Nous avons s\u00e9lectionn\u00e9 les meilleurs Family Hotels sur la Riviera Romagnole","og_url":"https:\/\/www.italyfamilyhotels.it\/fr\/destinations\/riviera-romagnole","og_site_name":"Italy Family Hotels","article_publisher":"https:\/\/www.facebook.com\/ItalyFamilyHotels\/","article_modified_time":"2023-01-25T09:05:42+00:00","twitter_card":"summary_large_image","twitter_misc":{"Dur\u00e9e de lecture estim\u00e9e":"1 minute"},"schema":{"@context":"https:\/\/schema.org","@graph":[{"@type":"WebPage","@id":"https:\/\/www.italyfamilyhotels.it\/fr\/destinations\/riviera-romagnole","url":"https:\/\/www.italyfamilyhotels.it\/fr\/destinations\/riviera-romagnole","name":"Les meilleurs H\u00f4tels pour familles sur la Riviera romagnole","isPartOf":{"@id":"https:\/\/www.italyfamilyhotels.it\/#website"},"datePublished":"2023-01-23T13:18:38+00:00","dateModified":"2023-01-25T09:05:42+00:00","description":"Envie de vacances en famille sur la c\u00f4te adriatique ? Nous avons s\u00e9lectionn\u00e9 les meilleurs Family Hotels sur la Riviera Romagnole","breadcrumb":{"@id":"https:\/\/www.italyfamilyhotels.it\/fr\/destinations\/riviera-romagnole#breadcrumb"},"inLanguage":"fr-FR","potentialAction":[{"@type":"ReadAction","target":["https:\/\/www.italyfamilyhotels.it\/fr\/destinations\/riviera-romagnole"]}]},{"@type":"BreadcrumbList","@id":"https:\/\/www.italyfamilyhotels.it\/fr\/destinations\/riviera-romagnole#breadcrumb","itemListElement":[{"@type":"ListItem","position":1,"name":"Home","item":"https:\/\/www.italyfamilyhotels.it\/fr"},{"@type":"ListItem","position":2,"name":"Destinations","item":"https:\/\/www.italyfamilyhotels.it\/fr\/destinations"},{"@type":"ListItem","position":3,"name":"Riviera Romagnole"}]},{"@type":"WebSite","@id":"https:\/\/www.italyfamilyhotels.it\/#website","url":"https:\/\/www.italyfamilyhotels.it\/","name":"Italy Family Hotels","description":"","potentialAction":[{"@type":"SearchAction","target":{"@type":"EntryPoint","urlTemplate":"https:\/\/www.italyfamilyhotels.it\/?s={search_term_string}"},"query-input":{"@type":"PropertyValueSpecification","valueRequired":true,"valueName":"search_term_string"}}],"inLanguage":"fr-FR"}]}},"_links":{"self":[{"href":"https:\/\/www.italyfamilyhotels.it\/fr\/wp-json\/wp\/v2\/pages\/43555","targetHints":{"allow":["GET"]}}],"collection":[{"href":"https:\/\/www.italyfamilyhotels.it\/fr\/wp-json\/wp\/v2\/pages"}],"about":[{"href":"https:\/\/www.italyfamilyhotels.it\/fr\/wp-json\/wp\/v2\/types\/page"}],"author":[{"embeddable":true,"href":"https:\/\/www.italyfamilyhotels.it\/fr\/wp-json\/wp\/v2\/users\/2"}],"replies":[{"embeddable":true,"href":"https:\/\/www.italyfamilyhotels.it\/fr\/wp-json\/wp\/v2\/comments?post=43555"}],"version-history":[{"count":2,"href":"https:\/\/www.italyfamilyhotels.it\/fr\/wp-json\/wp\/v2\/pages\/43555\/revisions"}],"predecessor-version":[{"id":44366,"href":"https:\/\/www.italyfamilyhotels.it\/fr\/wp-json\/wp\/v2\/pages\/43555\/revisions\/44366"}],"up":[{"embeddable":true,"href":"https:\/\/www.italyfamilyhotels.it\/fr\/wp-json\/wp\/v2\/pages\/43316"}],"wp:attachment":[{"href":"https:\/\/www.italyfamilyhotels.it\/fr\/wp-json\/wp\/v2\/media?parent=43555"}],"curies":[{"name":"wp","href":"https:\/\/api.w.org\/{rel}","templated":true}]}}