{"id":43549,"date":"2023-01-23T14:18:28","date_gmt":"2023-01-23T13:18:28","guid":{"rendered":"https:\/\/www.italyfamilyhotels.it\/destinations\/sardaigne"},"modified":"2023-01-25T10:19:41","modified_gmt":"2023-01-25T09:19:41","slug":"sardaigne","status":"publish","type":"page","link":"https:\/\/www.italyfamilyhotels.it\/fr\/destinations\/sardaigne","title":{"rendered":"Sardaigne"},"content":{"rendered":"\n<p>La <b>Sardaigne<\/b> compte au moins deux faces : l&#8217;une qui regarde dans les yeux ceux qui quittent le continent chaque \u00e9t\u00e9, \u00e0 la recherche des lumi\u00e8res qui illuminent les nuits de la vie nocturne, l&#8217;autre qui chuchote \u00e0 l&#8217;oreille de qui ne demande pas mieux que de s&#8217;allonger sur une plage silencieuse, pour \u00e9couter le bruit de la mer. Mais elle renferme bien plus encore. Les <b>structures nuragiques<\/b> sont une attraction irr\u00e9sistible pour les passionn\u00e9s d&#8217;histoire, tandis que la <b>v\u00e9g\u00e9tation vari\u00e9e<\/b> et \u00e9tonnante ne d\u00e9cevra pas les randonneurs, qui se retrouveront face \u00e0 une incroyable alternance de paysages, qui passent des montagnes escarp\u00e9es du <b>Gennargentu<\/b> aux douces \u00e9tendues qui s&#8217;\u00e9tendent vers les eaux, les ports et les criques qui s&#8217;insinuent sur les c\u00f4tes.<\/p>\n","protected":false},"excerpt":{"rendered":"<p>La Sardaigne compte au moins deux faces : l&#8217;une qui regarde dans les yeux ceux qui quittent le continent chaque \u00e9t\u00e9, \u00e0 la recherche des lumi\u00e8res qui illuminent les nuits de la vie nocturne, l&#8217;autre qui chuchote \u00e0 l&#8217;oreille de qui ne demande pas mieux que de s&#8217;allonger sur une plage silencieuse, pour \u00e9couter le &hellip;<\/p>\n","protected":false},"author":2,"featured_media":0,"parent":43316,"menu_order":0,"comment_status":"closed","ping_status":"closed","template":"page-templates\/scheda_destinazione_new.php","meta":{"_acf_changed":false,"inline_featured_image":false,"footnotes":""},"class_list":["post-43549","page","type-page","status-publish","hentry"],"acf":[],"yoast_head":"<!-- This site is optimized with the Yoast SEO plugin v27.1 - https:\/\/yoast.com\/product\/yoast-seo-wordpress\/ -->\n<title>Les meilleurs H\u00f4tels pour familles en Sardaigne<\/title>\n<meta name=\"description\" content=\"Envie de vacances en famille \u00e0 la mer en Italie ? Nous avons s\u00e9lectionn\u00e9 les meilleurs Family Hotels en Sardaigne\" \/>\n<meta name=\"robots\" content=\"index, follow, max-snippet:-1, max-image-preview:large, max-video-preview:-1\" \/>\n<link rel=\"canonical\" href=\"https:\/\/www.italyfamilyhotels.it\/fr\/destinations\/sardaigne\" \/>\n<meta property=\"og:locale\" content=\"fr_FR\" \/>\n<meta property=\"og:type\" content=\"article\" \/>\n<meta property=\"og:title\" content=\"Les meilleurs H\u00f4tels pour familles en Sardaigne\" \/>\n<meta property=\"og:description\" content=\"Envie de vacances en famille \u00e0 la mer en Italie ? Nous avons s\u00e9lectionn\u00e9 les meilleurs Family Hotels en Sardaigne\" \/>\n<meta property=\"og:url\" content=\"https:\/\/www.italyfamilyhotels.it\/fr\/destinations\/sardaigne\" \/>\n<meta property=\"og:site_name\" content=\"Italy Family Hotels\" \/>\n<meta property=\"article:publisher\" content=\"https:\/\/www.facebook.com\/ItalyFamilyHotels\/\" \/>\n<meta property=\"article:modified_time\" content=\"2023-01-25T09:19:41+00:00\" \/>\n<meta name=\"twitter:card\" content=\"summary_large_image\" \/>\n<meta name=\"twitter:label1\" content=\"Dur\u00e9e de lecture estim\u00e9e\" \/>\n\t<meta name=\"twitter:data1\" content=\"1 minute\" \/>\n<script type=\"application\/ld+json\" class=\"yoast-schema-graph\">{\"@context\":\"https:\/\/schema.org\",\"@graph\":[{\"@type\":\"WebPage\",\"@id\":\"https:\/\/www.italyfamilyhotels.it\/fr\/destinations\/sardaigne\",\"url\":\"https:\/\/www.italyfamilyhotels.it\/fr\/destinations\/sardaigne\",\"name\":\"Les meilleurs H\u00f4tels pour familles en Sardaigne\",\"isPartOf\":{\"@id\":\"https:\/\/www.italyfamilyhotels.it\/#website\"},\"datePublished\":\"2023-01-23T13:18:28+00:00\",\"dateModified\":\"2023-01-25T09:19:41+00:00\",\"description\":\"Envie de vacances en famille \u00e0 la mer en Italie ? Nous avons s\u00e9lectionn\u00e9 les meilleurs Family Hotels en Sardaigne\",\"breadcrumb\":{\"@id\":\"https:\/\/www.italyfamilyhotels.it\/fr\/destinations\/sardaigne#breadcrumb\"},\"inLanguage\":\"fr-FR\",\"potentialAction\":[{\"@type\":\"ReadAction\",\"target\":[\"https:\/\/www.italyfamilyhotels.it\/fr\/destinations\/sardaigne\"]}]},{\"@type\":\"BreadcrumbList\",\"@id\":\"https:\/\/www.italyfamilyhotels.it\/fr\/destinations\/sardaigne#breadcrumb\",\"itemListElement\":[{\"@type\":\"ListItem\",\"position\":1,\"name\":\"Home\",\"item\":\"https:\/\/www.italyfamilyhotels.it\/fr\"},{\"@type\":\"ListItem\",\"position\":2,\"name\":\"Destinations\",\"item\":\"https:\/\/www.italyfamilyhotels.it\/fr\/destinations\"},{\"@type\":\"ListItem\",\"position\":3,\"name\":\"Sardaigne\"}]},{\"@type\":\"WebSite\",\"@id\":\"https:\/\/www.italyfamilyhotels.it\/#website\",\"url\":\"https:\/\/www.italyfamilyhotels.it\/\",\"name\":\"Italy Family Hotels\",\"description\":\"\",\"potentialAction\":[{\"@type\":\"SearchAction\",\"target\":{\"@type\":\"EntryPoint\",\"urlTemplate\":\"https:\/\/www.italyfamilyhotels.it\/?s={search_term_string}\"},\"query-input\":{\"@type\":\"PropertyValueSpecification\",\"valueRequired\":true,\"valueName\":\"search_term_string\"}}],\"inLanguage\":\"fr-FR\"}]}<\/script>\n<!-- \/ Yoast SEO plugin. -->","yoast_head_json":{"title":"Les meilleurs H\u00f4tels pour familles en Sardaigne","description":"Envie de vacances en famille \u00e0 la mer en Italie ? Nous avons s\u00e9lectionn\u00e9 les meilleurs Family Hotels en Sardaigne","robots":{"index":"index","follow":"follow","max-snippet":"max-snippet:-1","max-image-preview":"max-image-preview:large","max-video-preview":"max-video-preview:-1"},"canonical":"https:\/\/www.italyfamilyhotels.it\/fr\/destinations\/sardaigne","og_locale":"fr_FR","og_type":"article","og_title":"Les meilleurs H\u00f4tels pour familles en Sardaigne","og_description":"Envie de vacances en famille \u00e0 la mer en Italie ? Nous avons s\u00e9lectionn\u00e9 les meilleurs Family Hotels en Sardaigne","og_url":"https:\/\/www.italyfamilyhotels.it\/fr\/destinations\/sardaigne","og_site_name":"Italy Family Hotels","article_publisher":"https:\/\/www.facebook.com\/ItalyFamilyHotels\/","article_modified_time":"2023-01-25T09:19:41+00:00","twitter_card":"summary_large_image","twitter_misc":{"Dur\u00e9e de lecture estim\u00e9e":"1 minute"},"schema":{"@context":"https:\/\/schema.org","@graph":[{"@type":"WebPage","@id":"https:\/\/www.italyfamilyhotels.it\/fr\/destinations\/sardaigne","url":"https:\/\/www.italyfamilyhotels.it\/fr\/destinations\/sardaigne","name":"Les meilleurs H\u00f4tels pour familles en Sardaigne","isPartOf":{"@id":"https:\/\/www.italyfamilyhotels.it\/#website"},"datePublished":"2023-01-23T13:18:28+00:00","dateModified":"2023-01-25T09:19:41+00:00","description":"Envie de vacances en famille \u00e0 la mer en Italie ? Nous avons s\u00e9lectionn\u00e9 les meilleurs Family Hotels en Sardaigne","breadcrumb":{"@id":"https:\/\/www.italyfamilyhotels.it\/fr\/destinations\/sardaigne#breadcrumb"},"inLanguage":"fr-FR","potentialAction":[{"@type":"ReadAction","target":["https:\/\/www.italyfamilyhotels.it\/fr\/destinations\/sardaigne"]}]},{"@type":"BreadcrumbList","@id":"https:\/\/www.italyfamilyhotels.it\/fr\/destinations\/sardaigne#breadcrumb","itemListElement":[{"@type":"ListItem","position":1,"name":"Home","item":"https:\/\/www.italyfamilyhotels.it\/fr"},{"@type":"ListItem","position":2,"name":"Destinations","item":"https:\/\/www.italyfamilyhotels.it\/fr\/destinations"},{"@type":"ListItem","position":3,"name":"Sardaigne"}]},{"@type":"WebSite","@id":"https:\/\/www.italyfamilyhotels.it\/#website","url":"https:\/\/www.italyfamilyhotels.it\/","name":"Italy Family Hotels","description":"","potentialAction":[{"@type":"SearchAction","target":{"@type":"EntryPoint","urlTemplate":"https:\/\/www.italyfamilyhotels.it\/?s={search_term_string}"},"query-input":{"@type":"PropertyValueSpecification","valueRequired":true,"valueName":"search_term_string"}}],"inLanguage":"fr-FR"}]}},"_links":{"self":[{"href":"https:\/\/www.italyfamilyhotels.it\/fr\/wp-json\/wp\/v2\/pages\/43549","targetHints":{"allow":["GET"]}}],"collection":[{"href":"https:\/\/www.italyfamilyhotels.it\/fr\/wp-json\/wp\/v2\/pages"}],"about":[{"href":"https:\/\/www.italyfamilyhotels.it\/fr\/wp-json\/wp\/v2\/types\/page"}],"author":[{"embeddable":true,"href":"https:\/\/www.italyfamilyhotels.it\/fr\/wp-json\/wp\/v2\/users\/2"}],"replies":[{"embeddable":true,"href":"https:\/\/www.italyfamilyhotels.it\/fr\/wp-json\/wp\/v2\/comments?post=43549"}],"version-history":[{"count":1,"href":"https:\/\/www.italyfamilyhotels.it\/fr\/wp-json\/wp\/v2\/pages\/43549\/revisions"}],"predecessor-version":[{"id":43550,"href":"https:\/\/www.italyfamilyhotels.it\/fr\/wp-json\/wp\/v2\/pages\/43549\/revisions\/43550"}],"up":[{"embeddable":true,"href":"https:\/\/www.italyfamilyhotels.it\/fr\/wp-json\/wp\/v2\/pages\/43316"}],"wp:attachment":[{"href":"https:\/\/www.italyfamilyhotels.it\/fr\/wp-json\/wp\/v2\/media?parent=43549"}],"curies":[{"name":"wp","href":"https:\/\/api.w.org\/{rel}","templated":true}]}}