{"id":43414,"date":"2023-01-23T14:02:10","date_gmt":"2023-01-23T13:02:10","guid":{"rendered":"https:\/\/www.italyfamilyhotels.it\/destinations-lacs"},"modified":"2023-01-25T13:19:13","modified_gmt":"2023-01-25T12:19:13","slug":"destinations-lacs","status":"publish","type":"page","link":"https:\/\/www.italyfamilyhotels.it\/fr\/destinations-lacs","title":{"rendered":"Destinations lacs"},"content":{"rendered":"","protected":false},"excerpt":{"rendered":"","protected":false},"author":2,"featured_media":0,"parent":0,"menu_order":0,"comment_status":"closed","ping_status":"closed","template":"page-templates\/lista_destinazioni.php","meta":{"_acf_changed":false,"inline_featured_image":false,"footnotes":""},"class_list":["post-43414","page","type-page","status-publish","hentry"],"acf":[],"yoast_head":"<!-- This site is optimized with the Yoast SEO plugin v27.1 - https:\/\/yoast.com\/product\/yoast-seo-wordpress\/ -->\n<title>Destinations vacances pour familles bord de lacs en Italie<\/title>\n<meta name=\"description\" content=\"Vous ne savez pas o\u00f9 partir en vacances en famille? D\u00e9couvrez les meilleures destinations bord de lacs en Italie et trouvez l&#039;h\u00f4tel id\u00e9al!\" \/>\n<meta name=\"robots\" content=\"index, follow, max-snippet:-1, max-image-preview:large, max-video-preview:-1\" \/>\n<link rel=\"canonical\" href=\"https:\/\/www.italyfamilyhotels.it\/fr\/destinations-lacs\" \/>\n<meta property=\"og:locale\" content=\"fr_FR\" \/>\n<meta property=\"og:type\" content=\"article\" \/>\n<meta property=\"og:title\" content=\"Destinations vacances pour familles bord de lacs en Italie\" \/>\n<meta property=\"og:description\" content=\"Vous ne savez pas o\u00f9 partir en vacances en famille? D\u00e9couvrez les meilleures destinations bord de lacs en Italie et trouvez l&#039;h\u00f4tel id\u00e9al!\" \/>\n<meta property=\"og:url\" content=\"https:\/\/www.italyfamilyhotels.it\/fr\/destinations-lacs\" \/>\n<meta property=\"og:site_name\" content=\"Italy Family Hotels\" \/>\n<meta property=\"article:publisher\" content=\"https:\/\/www.facebook.com\/ItalyFamilyHotels\/\" \/>\n<meta property=\"article:modified_time\" content=\"2023-01-25T12:19:13+00:00\" \/>\n<meta name=\"twitter:card\" content=\"summary_large_image\" \/>\n<script type=\"application\/ld+json\" class=\"yoast-schema-graph\">{\"@context\":\"https:\/\/schema.org\",\"@graph\":[{\"@type\":\"WebPage\",\"@id\":\"https:\/\/www.italyfamilyhotels.it\/fr\/destinations-lacs\",\"url\":\"https:\/\/www.italyfamilyhotels.it\/fr\/destinations-lacs\",\"name\":\"Destinations vacances pour familles bord de lacs en Italie\",\"isPartOf\":{\"@id\":\"https:\/\/www.italyfamilyhotels.it\/#website\"},\"datePublished\":\"2023-01-23T13:02:10+00:00\",\"dateModified\":\"2023-01-25T12:19:13+00:00\",\"description\":\"Vous ne savez pas o\u00f9 partir en vacances en famille? D\u00e9couvrez les meilleures destinations bord de lacs en Italie et trouvez l'h\u00f4tel id\u00e9al!\",\"breadcrumb\":{\"@id\":\"https:\/\/www.italyfamilyhotels.it\/fr\/destinations-lacs#breadcrumb\"},\"inLanguage\":\"fr-FR\",\"potentialAction\":[{\"@type\":\"ReadAction\",\"target\":[\"https:\/\/www.italyfamilyhotels.it\/fr\/destinations-lacs\"]}]},{\"@type\":\"BreadcrumbList\",\"@id\":\"https:\/\/www.italyfamilyhotels.it\/fr\/destinations-lacs#breadcrumb\",\"itemListElement\":[{\"@type\":\"ListItem\",\"position\":1,\"name\":\"Home\",\"item\":\"https:\/\/www.italyfamilyhotels.it\/fr\"},{\"@type\":\"ListItem\",\"position\":2,\"name\":\"Destinations lacs\"}]},{\"@type\":\"WebSite\",\"@id\":\"https:\/\/www.italyfamilyhotels.it\/#website\",\"url\":\"https:\/\/www.italyfamilyhotels.it\/\",\"name\":\"Italy Family Hotels\",\"description\":\"\",\"potentialAction\":[{\"@type\":\"SearchAction\",\"target\":{\"@type\":\"EntryPoint\",\"urlTemplate\":\"https:\/\/www.italyfamilyhotels.it\/?s={search_term_string}\"},\"query-input\":{\"@type\":\"PropertyValueSpecification\",\"valueRequired\":true,\"valueName\":\"search_term_string\"}}],\"inLanguage\":\"fr-FR\"}]}<\/script>\n<!-- \/ Yoast SEO plugin. -->","yoast_head_json":{"title":"Destinations vacances pour familles bord de lacs en Italie","description":"Vous ne savez pas o\u00f9 partir en vacances en famille? D\u00e9couvrez les meilleures destinations bord de lacs en Italie et trouvez l'h\u00f4tel id\u00e9al!","robots":{"index":"index","follow":"follow","max-snippet":"max-snippet:-1","max-image-preview":"max-image-preview:large","max-video-preview":"max-video-preview:-1"},"canonical":"https:\/\/www.italyfamilyhotels.it\/fr\/destinations-lacs","og_locale":"fr_FR","og_type":"article","og_title":"Destinations vacances pour familles bord de lacs en Italie","og_description":"Vous ne savez pas o\u00f9 partir en vacances en famille? D\u00e9couvrez les meilleures destinations bord de lacs en Italie et trouvez l'h\u00f4tel id\u00e9al!","og_url":"https:\/\/www.italyfamilyhotels.it\/fr\/destinations-lacs","og_site_name":"Italy Family Hotels","article_publisher":"https:\/\/www.facebook.com\/ItalyFamilyHotels\/","article_modified_time":"2023-01-25T12:19:13+00:00","twitter_card":"summary_large_image","schema":{"@context":"https:\/\/schema.org","@graph":[{"@type":"WebPage","@id":"https:\/\/www.italyfamilyhotels.it\/fr\/destinations-lacs","url":"https:\/\/www.italyfamilyhotels.it\/fr\/destinations-lacs","name":"Destinations vacances pour familles bord de lacs en Italie","isPartOf":{"@id":"https:\/\/www.italyfamilyhotels.it\/#website"},"datePublished":"2023-01-23T13:02:10+00:00","dateModified":"2023-01-25T12:19:13+00:00","description":"Vous ne savez pas o\u00f9 partir en vacances en famille? D\u00e9couvrez les meilleures destinations bord de lacs en Italie et trouvez l'h\u00f4tel id\u00e9al!","breadcrumb":{"@id":"https:\/\/www.italyfamilyhotels.it\/fr\/destinations-lacs#breadcrumb"},"inLanguage":"fr-FR","potentialAction":[{"@type":"ReadAction","target":["https:\/\/www.italyfamilyhotels.it\/fr\/destinations-lacs"]}]},{"@type":"BreadcrumbList","@id":"https:\/\/www.italyfamilyhotels.it\/fr\/destinations-lacs#breadcrumb","itemListElement":[{"@type":"ListItem","position":1,"name":"Home","item":"https:\/\/www.italyfamilyhotels.it\/fr"},{"@type":"ListItem","position":2,"name":"Destinations lacs"}]},{"@type":"WebSite","@id":"https:\/\/www.italyfamilyhotels.it\/#website","url":"https:\/\/www.italyfamilyhotels.it\/","name":"Italy Family Hotels","description":"","potentialAction":[{"@type":"SearchAction","target":{"@type":"EntryPoint","urlTemplate":"https:\/\/www.italyfamilyhotels.it\/?s={search_term_string}"},"query-input":{"@type":"PropertyValueSpecification","valueRequired":true,"valueName":"search_term_string"}}],"inLanguage":"fr-FR"}]}},"_links":{"self":[{"href":"https:\/\/www.italyfamilyhotels.it\/fr\/wp-json\/wp\/v2\/pages\/43414","targetHints":{"allow":["GET"]}}],"collection":[{"href":"https:\/\/www.italyfamilyhotels.it\/fr\/wp-json\/wp\/v2\/pages"}],"about":[{"href":"https:\/\/www.italyfamilyhotels.it\/fr\/wp-json\/wp\/v2\/types\/page"}],"author":[{"embeddable":true,"href":"https:\/\/www.italyfamilyhotels.it\/fr\/wp-json\/wp\/v2\/users\/2"}],"replies":[{"embeddable":true,"href":"https:\/\/www.italyfamilyhotels.it\/fr\/wp-json\/wp\/v2\/comments?post=43414"}],"version-history":[{"count":1,"href":"https:\/\/www.italyfamilyhotels.it\/fr\/wp-json\/wp\/v2\/pages\/43414\/revisions"}],"predecessor-version":[{"id":43504,"href":"https:\/\/www.italyfamilyhotels.it\/fr\/wp-json\/wp\/v2\/pages\/43414\/revisions\/43504"}],"wp:attachment":[{"href":"https:\/\/www.italyfamilyhotels.it\/fr\/wp-json\/wp\/v2\/media?parent=43414"}],"curies":[{"name":"wp","href":"https:\/\/api.w.org\/{rel}","templated":true}]}}