{"id":43411,"date":"2023-01-23T14:02:09","date_gmt":"2023-01-23T13:02:09","guid":{"rendered":"https:\/\/www.italyfamilyhotels.it\/services-pour-famille\/services-famille-en-chambre"},"modified":"2023-01-23T14:03:25","modified_gmt":"2023-01-23T13:03:25","slug":"services-famille-en-chambre","status":"publish","type":"page","link":"https:\/\/www.italyfamilyhotels.it\/fr\/services-pour-famille\/services-famille-en-chambre","title":{"rendered":"Services famille en chambre"},"content":{"rendered":"\n<p>Comme c&#8217;est agr\u00e9able de partir en vacances avec des enfants, surtout si vous trouvez tout ce dont vous avez besoin \u00e0 votre arriv\u00e9e et que vous pouvez partir l\u00e9gers. Mais <b>quels sont les services disponibles dans les chambres des Italy Family Hotels<\/b>\u00a0?<\/p>\n\n\n\n<p>Consultez le tableau\u00a0: plus grand sera le <b>nombre de Bino<\/b>, plus nombreuses seront les <b>prestations<\/b>\u00a0!<\/p>\n","protected":false},"excerpt":{"rendered":"<p>Comme c&#8217;est agr\u00e9able de partir en vacances avec des enfants, surtout si vous trouvez tout ce dont vous avez besoin \u00e0 votre arriv\u00e9e et que vous pouvez partir l\u00e9gers. Mais quels sont les services disponibles dans les chambres des Italy Family Hotels\u00a0? Consultez le tableau\u00a0: plus grand sera le nombre de Bino, plus nombreuses seront &hellip;<\/p>\n","protected":false},"author":2,"featured_media":0,"parent":43364,"menu_order":0,"comment_status":"closed","ping_status":"closed","template":"page-templates\/bino_categoria.php","meta":{"_acf_changed":false,"inline_featured_image":false,"footnotes":""},"class_list":["post-43411","page","type-page","status-publish","hentry"],"acf":[],"yoast_head":"<!-- This site is optimized with the Yoast SEO plugin v27.1 - https:\/\/yoast.com\/product\/yoast-seo-wordpress\/ -->\n<title>Services famille en chambre - Italy Family Hotels<\/title>\n<meta name=\"robots\" content=\"index, follow, max-snippet:-1, max-image-preview:large, max-video-preview:-1\" \/>\n<link rel=\"canonical\" href=\"https:\/\/www.italyfamilyhotels.it\/fr\/services-pour-famille\/services-famille-en-chambre\" \/>\n<meta property=\"og:locale\" content=\"fr_FR\" \/>\n<meta property=\"og:type\" content=\"article\" \/>\n<meta property=\"og:title\" content=\"Services famille en chambre - Italy Family Hotels\" \/>\n<meta property=\"og:description\" content=\"Comme c&#8217;est agr\u00e9able de partir en vacances avec des enfants, surtout si vous trouvez tout ce dont vous avez besoin \u00e0 votre arriv\u00e9e et que vous pouvez partir l\u00e9gers. Mais quels sont les services disponibles dans les chambres des Italy Family Hotels\u00a0? Consultez le tableau\u00a0: plus grand sera le nombre de Bino, plus nombreuses seront &hellip;\" \/>\n<meta property=\"og:url\" content=\"https:\/\/www.italyfamilyhotels.it\/fr\/services-pour-famille\/services-famille-en-chambre\" \/>\n<meta property=\"og:site_name\" content=\"Italy Family Hotels\" \/>\n<meta property=\"article:publisher\" content=\"https:\/\/www.facebook.com\/ItalyFamilyHotels\/\" \/>\n<meta property=\"article:modified_time\" content=\"2023-01-23T13:03:25+00:00\" \/>\n<meta name=\"twitter:card\" content=\"summary_large_image\" \/>\n<script type=\"application\/ld+json\" class=\"yoast-schema-graph\">{\"@context\":\"https:\/\/schema.org\",\"@graph\":[{\"@type\":\"WebPage\",\"@id\":\"https:\/\/www.italyfamilyhotels.it\/fr\/services-pour-famille\/services-famille-en-chambre\",\"url\":\"https:\/\/www.italyfamilyhotels.it\/fr\/services-pour-famille\/services-famille-en-chambre\",\"name\":\"Services famille en chambre - Italy Family Hotels\",\"isPartOf\":{\"@id\":\"https:\/\/www.italyfamilyhotels.it\/#website\"},\"datePublished\":\"2023-01-23T13:02:09+00:00\",\"dateModified\":\"2023-01-23T13:03:25+00:00\",\"breadcrumb\":{\"@id\":\"https:\/\/www.italyfamilyhotels.it\/fr\/services-pour-famille\/services-famille-en-chambre#breadcrumb\"},\"inLanguage\":\"fr-FR\",\"potentialAction\":[{\"@type\":\"ReadAction\",\"target\":[\"https:\/\/www.italyfamilyhotels.it\/fr\/services-pour-famille\/services-famille-en-chambre\"]}]},{\"@type\":\"BreadcrumbList\",\"@id\":\"https:\/\/www.italyfamilyhotels.it\/fr\/services-pour-famille\/services-famille-en-chambre#breadcrumb\",\"itemListElement\":[{\"@type\":\"ListItem\",\"position\":1,\"name\":\"Home\",\"item\":\"https:\/\/www.italyfamilyhotels.it\/fr\"},{\"@type\":\"ListItem\",\"position\":2,\"name\":\"Services pour famille\",\"item\":\"https:\/\/www.italyfamilyhotels.it\/fr\/services-pour-famille\"},{\"@type\":\"ListItem\",\"position\":3,\"name\":\"Services famille en chambre\"}]},{\"@type\":\"WebSite\",\"@id\":\"https:\/\/www.italyfamilyhotels.it\/#website\",\"url\":\"https:\/\/www.italyfamilyhotels.it\/\",\"name\":\"Italy Family Hotels\",\"description\":\"\",\"potentialAction\":[{\"@type\":\"SearchAction\",\"target\":{\"@type\":\"EntryPoint\",\"urlTemplate\":\"https:\/\/www.italyfamilyhotels.it\/?s={search_term_string}\"},\"query-input\":{\"@type\":\"PropertyValueSpecification\",\"valueRequired\":true,\"valueName\":\"search_term_string\"}}],\"inLanguage\":\"fr-FR\"}]}<\/script>\n<!-- \/ Yoast SEO plugin. -->","yoast_head_json":{"title":"Services famille en chambre - Italy Family Hotels","robots":{"index":"index","follow":"follow","max-snippet":"max-snippet:-1","max-image-preview":"max-image-preview:large","max-video-preview":"max-video-preview:-1"},"canonical":"https:\/\/www.italyfamilyhotels.it\/fr\/services-pour-famille\/services-famille-en-chambre","og_locale":"fr_FR","og_type":"article","og_title":"Services famille en chambre - Italy Family Hotels","og_description":"Comme c&#8217;est agr\u00e9able de partir en vacances avec des enfants, surtout si vous trouvez tout ce dont vous avez besoin \u00e0 votre arriv\u00e9e et que vous pouvez partir l\u00e9gers. Mais quels sont les services disponibles dans les chambres des Italy Family Hotels\u00a0? Consultez le tableau\u00a0: plus grand sera le nombre de Bino, plus nombreuses seront &hellip;","og_url":"https:\/\/www.italyfamilyhotels.it\/fr\/services-pour-famille\/services-famille-en-chambre","og_site_name":"Italy Family Hotels","article_publisher":"https:\/\/www.facebook.com\/ItalyFamilyHotels\/","article_modified_time":"2023-01-23T13:03:25+00:00","twitter_card":"summary_large_image","schema":{"@context":"https:\/\/schema.org","@graph":[{"@type":"WebPage","@id":"https:\/\/www.italyfamilyhotels.it\/fr\/services-pour-famille\/services-famille-en-chambre","url":"https:\/\/www.italyfamilyhotels.it\/fr\/services-pour-famille\/services-famille-en-chambre","name":"Services famille en chambre - Italy Family Hotels","isPartOf":{"@id":"https:\/\/www.italyfamilyhotels.it\/#website"},"datePublished":"2023-01-23T13:02:09+00:00","dateModified":"2023-01-23T13:03:25+00:00","breadcrumb":{"@id":"https:\/\/www.italyfamilyhotels.it\/fr\/services-pour-famille\/services-famille-en-chambre#breadcrumb"},"inLanguage":"fr-FR","potentialAction":[{"@type":"ReadAction","target":["https:\/\/www.italyfamilyhotels.it\/fr\/services-pour-famille\/services-famille-en-chambre"]}]},{"@type":"BreadcrumbList","@id":"https:\/\/www.italyfamilyhotels.it\/fr\/services-pour-famille\/services-famille-en-chambre#breadcrumb","itemListElement":[{"@type":"ListItem","position":1,"name":"Home","item":"https:\/\/www.italyfamilyhotels.it\/fr"},{"@type":"ListItem","position":2,"name":"Services pour famille","item":"https:\/\/www.italyfamilyhotels.it\/fr\/services-pour-famille"},{"@type":"ListItem","position":3,"name":"Services famille en chambre"}]},{"@type":"WebSite","@id":"https:\/\/www.italyfamilyhotels.it\/#website","url":"https:\/\/www.italyfamilyhotels.it\/","name":"Italy Family Hotels","description":"","potentialAction":[{"@type":"SearchAction","target":{"@type":"EntryPoint","urlTemplate":"https:\/\/www.italyfamilyhotels.it\/?s={search_term_string}"},"query-input":{"@type":"PropertyValueSpecification","valueRequired":true,"valueName":"search_term_string"}}],"inLanguage":"fr-FR"}]}},"_links":{"self":[{"href":"https:\/\/www.italyfamilyhotels.it\/fr\/wp-json\/wp\/v2\/pages\/43411","targetHints":{"allow":["GET"]}}],"collection":[{"href":"https:\/\/www.italyfamilyhotels.it\/fr\/wp-json\/wp\/v2\/pages"}],"about":[{"href":"https:\/\/www.italyfamilyhotels.it\/fr\/wp-json\/wp\/v2\/types\/page"}],"author":[{"embeddable":true,"href":"https:\/\/www.italyfamilyhotels.it\/fr\/wp-json\/wp\/v2\/users\/2"}],"replies":[{"embeddable":true,"href":"https:\/\/www.italyfamilyhotels.it\/fr\/wp-json\/wp\/v2\/comments?post=43411"}],"version-history":[{"count":1,"href":"https:\/\/www.italyfamilyhotels.it\/fr\/wp-json\/wp\/v2\/pages\/43411\/revisions"}],"predecessor-version":[{"id":43412,"href":"https:\/\/www.italyfamilyhotels.it\/fr\/wp-json\/wp\/v2\/pages\/43411\/revisions\/43412"}],"up":[{"embeddable":true,"href":"https:\/\/www.italyfamilyhotels.it\/fr\/wp-json\/wp\/v2\/pages\/43364"}],"wp:attachment":[{"href":"https:\/\/www.italyfamilyhotels.it\/fr\/wp-json\/wp\/v2\/media?parent=43411"}],"curies":[{"name":"wp","href":"https:\/\/api.w.org\/{rel}","templated":true}]}}