{"id":43409,"date":"2023-01-23T14:02:08","date_gmt":"2023-01-23T13:02:08","guid":{"rendered":"https:\/\/www.italyfamilyhotels.it\/services-pour-famille\/services-famille-a-lhotel"},"modified":"2023-01-23T14:03:25","modified_gmt":"2023-01-23T13:03:25","slug":"services-famille-a-lhotel","status":"publish","type":"page","link":"https:\/\/www.italyfamilyhotels.it\/fr\/services-pour-famille\/services-famille-a-lhotel","title":{"rendered":"Services famille \u00e0 l&#8217;h\u00f4tel"},"content":{"rendered":"\n<p>Un <b>s\u00e9jour dans les Italy Family Hotels<\/b> facilitera vos <b>vacances avec les enfants<\/b> sous l\u2019enseigne du divertissement&#8230; Promesse de Bino\u00a0! Mais comment s\u2019orienter parmi les <b>services pour famille propos\u00e9s<\/b>\u00a0?<\/p>\n\n\n\n<p>Rien de plus simple, laissez-mois vous guider\u00a0! Consultez le tableau et gardez toujours \u00e0 l\u2019esprit que plus grand sera le <b>nombre de Bino<\/b>, plus nombreuses seront les <b>prestations<\/b>\u00a0!<\/p>\n","protected":false},"excerpt":{"rendered":"<p>Un s\u00e9jour dans les Italy Family Hotels facilitera vos vacances avec les enfants sous l\u2019enseigne du divertissement&#8230; Promesse de Bino\u00a0! Mais comment s\u2019orienter parmi les services pour famille propos\u00e9s\u00a0? Rien de plus simple, laissez-mois vous guider\u00a0! Consultez le tableau et gardez toujours \u00e0 l\u2019esprit que plus grand sera le nombre de Bino, plus nombreuses seront &hellip;<\/p>\n","protected":false},"author":2,"featured_media":0,"parent":43364,"menu_order":0,"comment_status":"closed","ping_status":"closed","template":"page-templates\/bino_categoria.php","meta":{"_acf_changed":false,"inline_featured_image":false,"footnotes":""},"class_list":["post-43409","page","type-page","status-publish","hentry"],"acf":[],"yoast_head":"<!-- This site is optimized with the Yoast SEO plugin v27.1 - https:\/\/yoast.com\/product\/yoast-seo-wordpress\/ -->\n<title>Services famille \u00e0 l&#039;h\u00f4tel - Italy Family Hotels<\/title>\n<meta name=\"robots\" content=\"index, follow, max-snippet:-1, max-image-preview:large, max-video-preview:-1\" \/>\n<link rel=\"canonical\" href=\"https:\/\/www.italyfamilyhotels.it\/fr\/services-pour-famille\/services-famille-a-lhotel\" \/>\n<meta property=\"og:locale\" content=\"fr_FR\" \/>\n<meta property=\"og:type\" content=\"article\" \/>\n<meta property=\"og:title\" content=\"Services famille \u00e0 l&#039;h\u00f4tel - Italy Family Hotels\" \/>\n<meta property=\"og:description\" content=\"Un s\u00e9jour dans les Italy Family Hotels facilitera vos vacances avec les enfants sous l\u2019enseigne du divertissement&#8230; Promesse de Bino\u00a0! Mais comment s\u2019orienter parmi les services pour famille propos\u00e9s\u00a0? Rien de plus simple, laissez-mois vous guider\u00a0! Consultez le tableau et gardez toujours \u00e0 l\u2019esprit que plus grand sera le nombre de Bino, plus nombreuses seront &hellip;\" \/>\n<meta property=\"og:url\" content=\"https:\/\/www.italyfamilyhotels.it\/fr\/services-pour-famille\/services-famille-a-lhotel\" \/>\n<meta property=\"og:site_name\" content=\"Italy Family Hotels\" \/>\n<meta property=\"article:publisher\" content=\"https:\/\/www.facebook.com\/ItalyFamilyHotels\/\" \/>\n<meta property=\"article:modified_time\" content=\"2023-01-23T13:03:25+00:00\" \/>\n<meta name=\"twitter:card\" content=\"summary_large_image\" \/>\n<script type=\"application\/ld+json\" class=\"yoast-schema-graph\">{\"@context\":\"https:\/\/schema.org\",\"@graph\":[{\"@type\":\"WebPage\",\"@id\":\"https:\/\/www.italyfamilyhotels.it\/fr\/services-pour-famille\/services-famille-a-lhotel\",\"url\":\"https:\/\/www.italyfamilyhotels.it\/fr\/services-pour-famille\/services-famille-a-lhotel\",\"name\":\"Services famille \u00e0 l'h\u00f4tel - Italy Family Hotels\",\"isPartOf\":{\"@id\":\"https:\/\/www.italyfamilyhotels.it\/#website\"},\"datePublished\":\"2023-01-23T13:02:08+00:00\",\"dateModified\":\"2023-01-23T13:03:25+00:00\",\"breadcrumb\":{\"@id\":\"https:\/\/www.italyfamilyhotels.it\/fr\/services-pour-famille\/services-famille-a-lhotel#breadcrumb\"},\"inLanguage\":\"fr-FR\",\"potentialAction\":[{\"@type\":\"ReadAction\",\"target\":[\"https:\/\/www.italyfamilyhotels.it\/fr\/services-pour-famille\/services-famille-a-lhotel\"]}]},{\"@type\":\"BreadcrumbList\",\"@id\":\"https:\/\/www.italyfamilyhotels.it\/fr\/services-pour-famille\/services-famille-a-lhotel#breadcrumb\",\"itemListElement\":[{\"@type\":\"ListItem\",\"position\":1,\"name\":\"Home\",\"item\":\"https:\/\/www.italyfamilyhotels.it\/fr\"},{\"@type\":\"ListItem\",\"position\":2,\"name\":\"Services pour famille\",\"item\":\"https:\/\/www.italyfamilyhotels.it\/fr\/services-pour-famille\"},{\"@type\":\"ListItem\",\"position\":3,\"name\":\"Services famille \u00e0 l&#8217;h\u00f4tel\"}]},{\"@type\":\"WebSite\",\"@id\":\"https:\/\/www.italyfamilyhotels.it\/#website\",\"url\":\"https:\/\/www.italyfamilyhotels.it\/\",\"name\":\"Italy Family Hotels\",\"description\":\"\",\"potentialAction\":[{\"@type\":\"SearchAction\",\"target\":{\"@type\":\"EntryPoint\",\"urlTemplate\":\"https:\/\/www.italyfamilyhotels.it\/?s={search_term_string}\"},\"query-input\":{\"@type\":\"PropertyValueSpecification\",\"valueRequired\":true,\"valueName\":\"search_term_string\"}}],\"inLanguage\":\"fr-FR\"}]}<\/script>\n<!-- \/ Yoast SEO plugin. -->","yoast_head_json":{"title":"Services famille \u00e0 l'h\u00f4tel - Italy Family Hotels","robots":{"index":"index","follow":"follow","max-snippet":"max-snippet:-1","max-image-preview":"max-image-preview:large","max-video-preview":"max-video-preview:-1"},"canonical":"https:\/\/www.italyfamilyhotels.it\/fr\/services-pour-famille\/services-famille-a-lhotel","og_locale":"fr_FR","og_type":"article","og_title":"Services famille \u00e0 l'h\u00f4tel - Italy Family Hotels","og_description":"Un s\u00e9jour dans les Italy Family Hotels facilitera vos vacances avec les enfants sous l\u2019enseigne du divertissement&#8230; Promesse de Bino\u00a0! Mais comment s\u2019orienter parmi les services pour famille propos\u00e9s\u00a0? Rien de plus simple, laissez-mois vous guider\u00a0! Consultez le tableau et gardez toujours \u00e0 l\u2019esprit que plus grand sera le nombre de Bino, plus nombreuses seront &hellip;","og_url":"https:\/\/www.italyfamilyhotels.it\/fr\/services-pour-famille\/services-famille-a-lhotel","og_site_name":"Italy Family Hotels","article_publisher":"https:\/\/www.facebook.com\/ItalyFamilyHotels\/","article_modified_time":"2023-01-23T13:03:25+00:00","twitter_card":"summary_large_image","schema":{"@context":"https:\/\/schema.org","@graph":[{"@type":"WebPage","@id":"https:\/\/www.italyfamilyhotels.it\/fr\/services-pour-famille\/services-famille-a-lhotel","url":"https:\/\/www.italyfamilyhotels.it\/fr\/services-pour-famille\/services-famille-a-lhotel","name":"Services famille \u00e0 l'h\u00f4tel - Italy Family Hotels","isPartOf":{"@id":"https:\/\/www.italyfamilyhotels.it\/#website"},"datePublished":"2023-01-23T13:02:08+00:00","dateModified":"2023-01-23T13:03:25+00:00","breadcrumb":{"@id":"https:\/\/www.italyfamilyhotels.it\/fr\/services-pour-famille\/services-famille-a-lhotel#breadcrumb"},"inLanguage":"fr-FR","potentialAction":[{"@type":"ReadAction","target":["https:\/\/www.italyfamilyhotels.it\/fr\/services-pour-famille\/services-famille-a-lhotel"]}]},{"@type":"BreadcrumbList","@id":"https:\/\/www.italyfamilyhotels.it\/fr\/services-pour-famille\/services-famille-a-lhotel#breadcrumb","itemListElement":[{"@type":"ListItem","position":1,"name":"Home","item":"https:\/\/www.italyfamilyhotels.it\/fr"},{"@type":"ListItem","position":2,"name":"Services pour famille","item":"https:\/\/www.italyfamilyhotels.it\/fr\/services-pour-famille"},{"@type":"ListItem","position":3,"name":"Services famille \u00e0 l&#8217;h\u00f4tel"}]},{"@type":"WebSite","@id":"https:\/\/www.italyfamilyhotels.it\/#website","url":"https:\/\/www.italyfamilyhotels.it\/","name":"Italy Family Hotels","description":"","potentialAction":[{"@type":"SearchAction","target":{"@type":"EntryPoint","urlTemplate":"https:\/\/www.italyfamilyhotels.it\/?s={search_term_string}"},"query-input":{"@type":"PropertyValueSpecification","valueRequired":true,"valueName":"search_term_string"}}],"inLanguage":"fr-FR"}]}},"_links":{"self":[{"href":"https:\/\/www.italyfamilyhotels.it\/fr\/wp-json\/wp\/v2\/pages\/43409","targetHints":{"allow":["GET"]}}],"collection":[{"href":"https:\/\/www.italyfamilyhotels.it\/fr\/wp-json\/wp\/v2\/pages"}],"about":[{"href":"https:\/\/www.italyfamilyhotels.it\/fr\/wp-json\/wp\/v2\/types\/page"}],"author":[{"embeddable":true,"href":"https:\/\/www.italyfamilyhotels.it\/fr\/wp-json\/wp\/v2\/users\/2"}],"replies":[{"embeddable":true,"href":"https:\/\/www.italyfamilyhotels.it\/fr\/wp-json\/wp\/v2\/comments?post=43409"}],"version-history":[{"count":1,"href":"https:\/\/www.italyfamilyhotels.it\/fr\/wp-json\/wp\/v2\/pages\/43409\/revisions"}],"predecessor-version":[{"id":43410,"href":"https:\/\/www.italyfamilyhotels.it\/fr\/wp-json\/wp\/v2\/pages\/43409\/revisions\/43410"}],"up":[{"embeddable":true,"href":"https:\/\/www.italyfamilyhotels.it\/fr\/wp-json\/wp\/v2\/pages\/43364"}],"wp:attachment":[{"href":"https:\/\/www.italyfamilyhotels.it\/fr\/wp-json\/wp\/v2\/media?parent=43409"}],"curies":[{"name":"wp","href":"https:\/\/api.w.org\/{rel}","templated":true}]}}