{"id":43407,"date":"2023-01-23T14:02:07","date_gmt":"2023-01-23T13:02:07","guid":{"rendered":"https:\/\/www.italyfamilyhotels.it\/services-pour-famille\/services-famille-au-restaurant"},"modified":"2023-01-23T14:03:24","modified_gmt":"2023-01-23T13:03:24","slug":"services-famille-au-restaurant","status":"publish","type":"page","link":"https:\/\/www.italyfamilyhotels.it\/fr\/services-pour-famille\/services-famille-au-restaurant","title":{"rendered":"Services famille au restaurant"},"content":{"rendered":"\n<p>\u00c0 table, les enfants sont les convives les plus exigeants, et en vacances il est agr\u00e9able de les chouchouter, \u00e9galement au restaurant\u00a0! Menus b\u00e9b\u00e9, repas flexibles, produits bio, assiettes et couverts color\u00e9s, sets de table \u00e0 colorier\u00a0: d\u00e9couvrez quels sont les <b>services que vous trouverez dans les restaurants de nos Italy Family Hotels<\/b>.<\/p>\n\n\n\n<p>Plus grand sera le <b>nombre de Bino<\/b>, plus nombreuses seront les <b>prestations<\/b>\u00a0!<\/p>\n","protected":false},"excerpt":{"rendered":"<p>\u00c0 table, les enfants sont les convives les plus exigeants, et en vacances il est agr\u00e9able de les chouchouter, \u00e9galement au restaurant\u00a0! Menus b\u00e9b\u00e9, repas flexibles, produits bio, assiettes et couverts color\u00e9s, sets de table \u00e0 colorier\u00a0: d\u00e9couvrez quels sont les services que vous trouverez dans les restaurants de nos Italy Family Hotels. Plus grand &hellip;<\/p>\n","protected":false},"author":2,"featured_media":0,"parent":43364,"menu_order":0,"comment_status":"closed","ping_status":"closed","template":"page-templates\/bino_categoria.php","meta":{"_acf_changed":false,"inline_featured_image":false,"footnotes":""},"class_list":["post-43407","page","type-page","status-publish","hentry"],"acf":[],"yoast_head":"<!-- This site is optimized with the Yoast SEO plugin v27.1 - https:\/\/yoast.com\/product\/yoast-seo-wordpress\/ -->\n<title>Services famille au restaurant - Italy Family Hotels<\/title>\n<meta name=\"robots\" content=\"index, follow, max-snippet:-1, max-image-preview:large, max-video-preview:-1\" \/>\n<link rel=\"canonical\" href=\"https:\/\/www.italyfamilyhotels.it\/fr\/services-pour-famille\/services-famille-au-restaurant\" \/>\n<meta property=\"og:locale\" content=\"fr_FR\" \/>\n<meta property=\"og:type\" content=\"article\" \/>\n<meta property=\"og:title\" content=\"Services famille au restaurant - Italy Family Hotels\" \/>\n<meta property=\"og:description\" content=\"\u00c0 table, les enfants sont les convives les plus exigeants, et en vacances il est agr\u00e9able de les chouchouter, \u00e9galement au restaurant\u00a0! Menus b\u00e9b\u00e9, repas flexibles, produits bio, assiettes et couverts color\u00e9s, sets de table \u00e0 colorier\u00a0: d\u00e9couvrez quels sont les services que vous trouverez dans les restaurants de nos Italy Family Hotels. Plus grand &hellip;\" \/>\n<meta property=\"og:url\" content=\"https:\/\/www.italyfamilyhotels.it\/fr\/services-pour-famille\/services-famille-au-restaurant\" \/>\n<meta property=\"og:site_name\" content=\"Italy Family Hotels\" \/>\n<meta property=\"article:publisher\" content=\"https:\/\/www.facebook.com\/ItalyFamilyHotels\/\" \/>\n<meta property=\"article:modified_time\" content=\"2023-01-23T13:03:24+00:00\" \/>\n<meta name=\"twitter:card\" content=\"summary_large_image\" \/>\n<script type=\"application\/ld+json\" class=\"yoast-schema-graph\">{\"@context\":\"https:\/\/schema.org\",\"@graph\":[{\"@type\":\"WebPage\",\"@id\":\"https:\/\/www.italyfamilyhotels.it\/fr\/services-pour-famille\/services-famille-au-restaurant\",\"url\":\"https:\/\/www.italyfamilyhotels.it\/fr\/services-pour-famille\/services-famille-au-restaurant\",\"name\":\"Services famille au restaurant - Italy Family Hotels\",\"isPartOf\":{\"@id\":\"https:\/\/www.italyfamilyhotels.it\/#website\"},\"datePublished\":\"2023-01-23T13:02:07+00:00\",\"dateModified\":\"2023-01-23T13:03:24+00:00\",\"breadcrumb\":{\"@id\":\"https:\/\/www.italyfamilyhotels.it\/fr\/services-pour-famille\/services-famille-au-restaurant#breadcrumb\"},\"inLanguage\":\"fr-FR\",\"potentialAction\":[{\"@type\":\"ReadAction\",\"target\":[\"https:\/\/www.italyfamilyhotels.it\/fr\/services-pour-famille\/services-famille-au-restaurant\"]}]},{\"@type\":\"BreadcrumbList\",\"@id\":\"https:\/\/www.italyfamilyhotels.it\/fr\/services-pour-famille\/services-famille-au-restaurant#breadcrumb\",\"itemListElement\":[{\"@type\":\"ListItem\",\"position\":1,\"name\":\"Home\",\"item\":\"https:\/\/www.italyfamilyhotels.it\/fr\"},{\"@type\":\"ListItem\",\"position\":2,\"name\":\"Services pour famille\",\"item\":\"https:\/\/www.italyfamilyhotels.it\/fr\/services-pour-famille\"},{\"@type\":\"ListItem\",\"position\":3,\"name\":\"Services famille au restaurant\"}]},{\"@type\":\"WebSite\",\"@id\":\"https:\/\/www.italyfamilyhotels.it\/#website\",\"url\":\"https:\/\/www.italyfamilyhotels.it\/\",\"name\":\"Italy Family Hotels\",\"description\":\"\",\"potentialAction\":[{\"@type\":\"SearchAction\",\"target\":{\"@type\":\"EntryPoint\",\"urlTemplate\":\"https:\/\/www.italyfamilyhotels.it\/?s={search_term_string}\"},\"query-input\":{\"@type\":\"PropertyValueSpecification\",\"valueRequired\":true,\"valueName\":\"search_term_string\"}}],\"inLanguage\":\"fr-FR\"}]}<\/script>\n<!-- \/ Yoast SEO plugin. -->","yoast_head_json":{"title":"Services famille au restaurant - Italy Family Hotels","robots":{"index":"index","follow":"follow","max-snippet":"max-snippet:-1","max-image-preview":"max-image-preview:large","max-video-preview":"max-video-preview:-1"},"canonical":"https:\/\/www.italyfamilyhotels.it\/fr\/services-pour-famille\/services-famille-au-restaurant","og_locale":"fr_FR","og_type":"article","og_title":"Services famille au restaurant - Italy Family Hotels","og_description":"\u00c0 table, les enfants sont les convives les plus exigeants, et en vacances il est agr\u00e9able de les chouchouter, \u00e9galement au restaurant\u00a0! Menus b\u00e9b\u00e9, repas flexibles, produits bio, assiettes et couverts color\u00e9s, sets de table \u00e0 colorier\u00a0: d\u00e9couvrez quels sont les services que vous trouverez dans les restaurants de nos Italy Family Hotels. Plus grand &hellip;","og_url":"https:\/\/www.italyfamilyhotels.it\/fr\/services-pour-famille\/services-famille-au-restaurant","og_site_name":"Italy Family Hotels","article_publisher":"https:\/\/www.facebook.com\/ItalyFamilyHotels\/","article_modified_time":"2023-01-23T13:03:24+00:00","twitter_card":"summary_large_image","schema":{"@context":"https:\/\/schema.org","@graph":[{"@type":"WebPage","@id":"https:\/\/www.italyfamilyhotels.it\/fr\/services-pour-famille\/services-famille-au-restaurant","url":"https:\/\/www.italyfamilyhotels.it\/fr\/services-pour-famille\/services-famille-au-restaurant","name":"Services famille au restaurant - Italy Family Hotels","isPartOf":{"@id":"https:\/\/www.italyfamilyhotels.it\/#website"},"datePublished":"2023-01-23T13:02:07+00:00","dateModified":"2023-01-23T13:03:24+00:00","breadcrumb":{"@id":"https:\/\/www.italyfamilyhotels.it\/fr\/services-pour-famille\/services-famille-au-restaurant#breadcrumb"},"inLanguage":"fr-FR","potentialAction":[{"@type":"ReadAction","target":["https:\/\/www.italyfamilyhotels.it\/fr\/services-pour-famille\/services-famille-au-restaurant"]}]},{"@type":"BreadcrumbList","@id":"https:\/\/www.italyfamilyhotels.it\/fr\/services-pour-famille\/services-famille-au-restaurant#breadcrumb","itemListElement":[{"@type":"ListItem","position":1,"name":"Home","item":"https:\/\/www.italyfamilyhotels.it\/fr"},{"@type":"ListItem","position":2,"name":"Services pour famille","item":"https:\/\/www.italyfamilyhotels.it\/fr\/services-pour-famille"},{"@type":"ListItem","position":3,"name":"Services famille au restaurant"}]},{"@type":"WebSite","@id":"https:\/\/www.italyfamilyhotels.it\/#website","url":"https:\/\/www.italyfamilyhotels.it\/","name":"Italy Family Hotels","description":"","potentialAction":[{"@type":"SearchAction","target":{"@type":"EntryPoint","urlTemplate":"https:\/\/www.italyfamilyhotels.it\/?s={search_term_string}"},"query-input":{"@type":"PropertyValueSpecification","valueRequired":true,"valueName":"search_term_string"}}],"inLanguage":"fr-FR"}]}},"_links":{"self":[{"href":"https:\/\/www.italyfamilyhotels.it\/fr\/wp-json\/wp\/v2\/pages\/43407","targetHints":{"allow":["GET"]}}],"collection":[{"href":"https:\/\/www.italyfamilyhotels.it\/fr\/wp-json\/wp\/v2\/pages"}],"about":[{"href":"https:\/\/www.italyfamilyhotels.it\/fr\/wp-json\/wp\/v2\/types\/page"}],"author":[{"embeddable":true,"href":"https:\/\/www.italyfamilyhotels.it\/fr\/wp-json\/wp\/v2\/users\/2"}],"replies":[{"embeddable":true,"href":"https:\/\/www.italyfamilyhotels.it\/fr\/wp-json\/wp\/v2\/comments?post=43407"}],"version-history":[{"count":1,"href":"https:\/\/www.italyfamilyhotels.it\/fr\/wp-json\/wp\/v2\/pages\/43407\/revisions"}],"predecessor-version":[{"id":43408,"href":"https:\/\/www.italyfamilyhotels.it\/fr\/wp-json\/wp\/v2\/pages\/43407\/revisions\/43408"}],"up":[{"embeddable":true,"href":"https:\/\/www.italyfamilyhotels.it\/fr\/wp-json\/wp\/v2\/pages\/43364"}],"wp:attachment":[{"href":"https:\/\/www.italyfamilyhotels.it\/fr\/wp-json\/wp\/v2\/media?parent=43407"}],"curies":[{"name":"wp","href":"https:\/\/api.w.org\/{rel}","templated":true}]}}