{"id":43405,"date":"2023-01-23T14:02:06","date_gmt":"2023-01-23T13:02:06","guid":{"rendered":"https:\/\/www.italyfamilyhotels.it\/services-pour-famille\/animations-et-divertissements"},"modified":"2023-01-23T14:03:24","modified_gmt":"2023-01-23T13:03:24","slug":"animations-et-divertissements","status":"publish","type":"page","link":"https:\/\/www.italyfamilyhotels.it\/fr\/services-pour-famille\/animations-et-divertissements","title":{"rendered":"Animations et divertissements"},"content":{"rendered":"\n<p>L&#8217;<b>animation<\/b> est le c\u0153ur des <b>h\u00f4tels pour familles\u00a0<\/b>! Un personnel comp\u00e9tent, des nounous adorables, des salles de jeux avec coin soft, des activit\u00e9s ludiques, des ateliers cr\u00e9atifs et des excursions vous permettront de passer des <b>vacances sp\u00e9ciales dans les h\u00f4tels pour familles Italy Family Hotels<\/b>, avec divertissement fantastique pour les enfants et, avouons-le, tranquillit\u00e9 et d\u00e9tente pour maman et papa.<\/p>\n\n\n\n<p>Consultez le tableau et d\u00e9couvrez<b> quels sont les services et animations d\u00e9di\u00e9s aux enfants que vous trouverez \u00e0 l&#8217;h\u00f4tel\u00a0!<\/b><\/p>\n\n\n\n<p>Plus grand sera le <b>nombre de Bino<\/b>, plus nombreuses seront les <b>prestations<\/b>\u00a0!<\/p>\n","protected":false},"excerpt":{"rendered":"<p>L&#8217;animation est le c\u0153ur des h\u00f4tels pour familles\u00a0! Un personnel comp\u00e9tent, des nounous adorables, des salles de jeux avec coin soft, des activit\u00e9s ludiques, des ateliers cr\u00e9atifs et des excursions vous permettront de passer des vacances sp\u00e9ciales dans les h\u00f4tels pour familles Italy Family Hotels, avec divertissement fantastique pour les enfants et, avouons-le, tranquillit\u00e9 et &hellip;<\/p>\n","protected":false},"author":2,"featured_media":0,"parent":43364,"menu_order":0,"comment_status":"closed","ping_status":"closed","template":"page-templates\/bino_categoria.php","meta":{"_acf_changed":false,"inline_featured_image":false,"footnotes":""},"class_list":["post-43405","page","type-page","status-publish","hentry"],"acf":[],"yoast_head":"<!-- This site is optimized with the Yoast SEO plugin v27.1 - https:\/\/yoast.com\/product\/yoast-seo-wordpress\/ -->\n<title>Animations et divertissements - Italy Family Hotels<\/title>\n<meta name=\"robots\" content=\"index, follow, max-snippet:-1, max-image-preview:large, max-video-preview:-1\" \/>\n<link rel=\"canonical\" href=\"https:\/\/www.italyfamilyhotels.it\/fr\/services-pour-famille\/animations-et-divertissements\" \/>\n<meta property=\"og:locale\" content=\"fr_FR\" \/>\n<meta property=\"og:type\" content=\"article\" \/>\n<meta property=\"og:title\" content=\"Animations et divertissements - Italy Family Hotels\" \/>\n<meta property=\"og:description\" content=\"L&#8217;animation est le c\u0153ur des h\u00f4tels pour familles\u00a0! Un personnel comp\u00e9tent, des nounous adorables, des salles de jeux avec coin soft, des activit\u00e9s ludiques, des ateliers cr\u00e9atifs et des excursions vous permettront de passer des vacances sp\u00e9ciales dans les h\u00f4tels pour familles Italy Family Hotels, avec divertissement fantastique pour les enfants et, avouons-le, tranquillit\u00e9 et &hellip;\" \/>\n<meta property=\"og:url\" content=\"https:\/\/www.italyfamilyhotels.it\/fr\/services-pour-famille\/animations-et-divertissements\" \/>\n<meta property=\"og:site_name\" content=\"Italy Family Hotels\" \/>\n<meta property=\"article:publisher\" content=\"https:\/\/www.facebook.com\/ItalyFamilyHotels\/\" \/>\n<meta property=\"article:modified_time\" content=\"2023-01-23T13:03:24+00:00\" \/>\n<meta name=\"twitter:card\" content=\"summary_large_image\" \/>\n<meta name=\"twitter:label1\" content=\"Dur\u00e9e de lecture estim\u00e9e\" \/>\n\t<meta name=\"twitter:data1\" content=\"1 minute\" \/>\n<script type=\"application\/ld+json\" class=\"yoast-schema-graph\">{\"@context\":\"https:\/\/schema.org\",\"@graph\":[{\"@type\":\"WebPage\",\"@id\":\"https:\/\/www.italyfamilyhotels.it\/fr\/services-pour-famille\/animations-et-divertissements\",\"url\":\"https:\/\/www.italyfamilyhotels.it\/fr\/services-pour-famille\/animations-et-divertissements\",\"name\":\"Animations et divertissements - Italy Family Hotels\",\"isPartOf\":{\"@id\":\"https:\/\/www.italyfamilyhotels.it\/#website\"},\"datePublished\":\"2023-01-23T13:02:06+00:00\",\"dateModified\":\"2023-01-23T13:03:24+00:00\",\"breadcrumb\":{\"@id\":\"https:\/\/www.italyfamilyhotels.it\/fr\/services-pour-famille\/animations-et-divertissements#breadcrumb\"},\"inLanguage\":\"fr-FR\",\"potentialAction\":[{\"@type\":\"ReadAction\",\"target\":[\"https:\/\/www.italyfamilyhotels.it\/fr\/services-pour-famille\/animations-et-divertissements\"]}]},{\"@type\":\"BreadcrumbList\",\"@id\":\"https:\/\/www.italyfamilyhotels.it\/fr\/services-pour-famille\/animations-et-divertissements#breadcrumb\",\"itemListElement\":[{\"@type\":\"ListItem\",\"position\":1,\"name\":\"Home\",\"item\":\"https:\/\/www.italyfamilyhotels.it\/fr\"},{\"@type\":\"ListItem\",\"position\":2,\"name\":\"Services pour famille\",\"item\":\"https:\/\/www.italyfamilyhotels.it\/fr\/services-pour-famille\"},{\"@type\":\"ListItem\",\"position\":3,\"name\":\"Animations et divertissements\"}]},{\"@type\":\"WebSite\",\"@id\":\"https:\/\/www.italyfamilyhotels.it\/#website\",\"url\":\"https:\/\/www.italyfamilyhotels.it\/\",\"name\":\"Italy Family Hotels\",\"description\":\"\",\"potentialAction\":[{\"@type\":\"SearchAction\",\"target\":{\"@type\":\"EntryPoint\",\"urlTemplate\":\"https:\/\/www.italyfamilyhotels.it\/?s={search_term_string}\"},\"query-input\":{\"@type\":\"PropertyValueSpecification\",\"valueRequired\":true,\"valueName\":\"search_term_string\"}}],\"inLanguage\":\"fr-FR\"}]}<\/script>\n<!-- \/ Yoast SEO plugin. -->","yoast_head_json":{"title":"Animations et divertissements - Italy Family Hotels","robots":{"index":"index","follow":"follow","max-snippet":"max-snippet:-1","max-image-preview":"max-image-preview:large","max-video-preview":"max-video-preview:-1"},"canonical":"https:\/\/www.italyfamilyhotels.it\/fr\/services-pour-famille\/animations-et-divertissements","og_locale":"fr_FR","og_type":"article","og_title":"Animations et divertissements - Italy Family Hotels","og_description":"L&#8217;animation est le c\u0153ur des h\u00f4tels pour familles\u00a0! Un personnel comp\u00e9tent, des nounous adorables, des salles de jeux avec coin soft, des activit\u00e9s ludiques, des ateliers cr\u00e9atifs et des excursions vous permettront de passer des vacances sp\u00e9ciales dans les h\u00f4tels pour familles Italy Family Hotels, avec divertissement fantastique pour les enfants et, avouons-le, tranquillit\u00e9 et &hellip;","og_url":"https:\/\/www.italyfamilyhotels.it\/fr\/services-pour-famille\/animations-et-divertissements","og_site_name":"Italy Family Hotels","article_publisher":"https:\/\/www.facebook.com\/ItalyFamilyHotels\/","article_modified_time":"2023-01-23T13:03:24+00:00","twitter_card":"summary_large_image","twitter_misc":{"Dur\u00e9e de lecture estim\u00e9e":"1 minute"},"schema":{"@context":"https:\/\/schema.org","@graph":[{"@type":"WebPage","@id":"https:\/\/www.italyfamilyhotels.it\/fr\/services-pour-famille\/animations-et-divertissements","url":"https:\/\/www.italyfamilyhotels.it\/fr\/services-pour-famille\/animations-et-divertissements","name":"Animations et divertissements - Italy Family Hotels","isPartOf":{"@id":"https:\/\/www.italyfamilyhotels.it\/#website"},"datePublished":"2023-01-23T13:02:06+00:00","dateModified":"2023-01-23T13:03:24+00:00","breadcrumb":{"@id":"https:\/\/www.italyfamilyhotels.it\/fr\/services-pour-famille\/animations-et-divertissements#breadcrumb"},"inLanguage":"fr-FR","potentialAction":[{"@type":"ReadAction","target":["https:\/\/www.italyfamilyhotels.it\/fr\/services-pour-famille\/animations-et-divertissements"]}]},{"@type":"BreadcrumbList","@id":"https:\/\/www.italyfamilyhotels.it\/fr\/services-pour-famille\/animations-et-divertissements#breadcrumb","itemListElement":[{"@type":"ListItem","position":1,"name":"Home","item":"https:\/\/www.italyfamilyhotels.it\/fr"},{"@type":"ListItem","position":2,"name":"Services pour famille","item":"https:\/\/www.italyfamilyhotels.it\/fr\/services-pour-famille"},{"@type":"ListItem","position":3,"name":"Animations et divertissements"}]},{"@type":"WebSite","@id":"https:\/\/www.italyfamilyhotels.it\/#website","url":"https:\/\/www.italyfamilyhotels.it\/","name":"Italy Family Hotels","description":"","potentialAction":[{"@type":"SearchAction","target":{"@type":"EntryPoint","urlTemplate":"https:\/\/www.italyfamilyhotels.it\/?s={search_term_string}"},"query-input":{"@type":"PropertyValueSpecification","valueRequired":true,"valueName":"search_term_string"}}],"inLanguage":"fr-FR"}]}},"_links":{"self":[{"href":"https:\/\/www.italyfamilyhotels.it\/fr\/wp-json\/wp\/v2\/pages\/43405","targetHints":{"allow":["GET"]}}],"collection":[{"href":"https:\/\/www.italyfamilyhotels.it\/fr\/wp-json\/wp\/v2\/pages"}],"about":[{"href":"https:\/\/www.italyfamilyhotels.it\/fr\/wp-json\/wp\/v2\/types\/page"}],"author":[{"embeddable":true,"href":"https:\/\/www.italyfamilyhotels.it\/fr\/wp-json\/wp\/v2\/users\/2"}],"replies":[{"embeddable":true,"href":"https:\/\/www.italyfamilyhotels.it\/fr\/wp-json\/wp\/v2\/comments?post=43405"}],"version-history":[{"count":1,"href":"https:\/\/www.italyfamilyhotels.it\/fr\/wp-json\/wp\/v2\/pages\/43405\/revisions"}],"predecessor-version":[{"id":43406,"href":"https:\/\/www.italyfamilyhotels.it\/fr\/wp-json\/wp\/v2\/pages\/43405\/revisions\/43406"}],"up":[{"embeddable":true,"href":"https:\/\/www.italyfamilyhotels.it\/fr\/wp-json\/wp\/v2\/pages\/43364"}],"wp:attachment":[{"href":"https:\/\/www.italyfamilyhotels.it\/fr\/wp-json\/wp\/v2\/media?parent=43405"}],"curies":[{"name":"wp","href":"https:\/\/api.w.org\/{rel}","templated":true}]}}