{"id":43395,"date":"2023-01-23T14:02:02","date_gmt":"2023-01-23T13:02:02","guid":{"rendered":"https:\/\/www.italyfamilyhotels.it\/offres\/toujours-valable-ete"},"modified":"2023-01-25T17:01:42","modified_gmt":"2023-01-25T16:01:42","slug":"toujours-valable-ete","status":"publish","type":"page","link":"https:\/\/www.italyfamilyhotels.it\/fr\/offres\/toujours-valable-ete","title":{"rendered":"Toujours valable\u00a0: \u00c9t\u00e9"},"content":{"rendered":"","protected":false},"excerpt":{"rendered":"","protected":false},"author":2,"featured_media":0,"parent":29713,"menu_order":0,"comment_status":"closed","ping_status":"closed","template":"page-templates\/offerte_periodo.php","meta":{"_acf_changed":false,"inline_featured_image":false,"footnotes":""},"class_list":["post-43395","page","type-page","status-publish","hentry"],"acf":[],"yoast_head":"<!-- This site is optimized with the Yoast SEO plugin v27.1 - https:\/\/yoast.com\/product\/yoast-seo-wordpress\/ -->\n<title>Offres vacances d&#039;\u00e9t\u00e9 toujours valables pour familles en Italie<\/title>\n<meta name=\"description\" content=\"Offres et forfaits toujours valables dans les meilleurs Family Hotels \u00e0 la mer et \u00e0 la montagne en \u00e9t\u00e9, devis rapide et gratuit\" \/>\n<meta name=\"robots\" content=\"index, follow, max-snippet:-1, max-image-preview:large, max-video-preview:-1\" \/>\n<link rel=\"canonical\" href=\"https:\/\/www.italyfamilyhotels.it\/fr\/offres\/toujours-valable-ete\" \/>\n<meta property=\"og:locale\" content=\"fr_FR\" \/>\n<meta property=\"og:type\" content=\"article\" \/>\n<meta property=\"og:title\" content=\"Offres vacances d&#039;\u00e9t\u00e9 toujours valables pour familles en Italie\" \/>\n<meta property=\"og:description\" content=\"Offres et forfaits toujours valables dans les meilleurs Family Hotels \u00e0 la mer et \u00e0 la montagne en \u00e9t\u00e9, devis rapide et gratuit\" \/>\n<meta property=\"og:url\" content=\"https:\/\/www.italyfamilyhotels.it\/fr\/offres\/toujours-valable-ete\" \/>\n<meta property=\"og:site_name\" content=\"Italy Family Hotels\" \/>\n<meta property=\"article:publisher\" content=\"https:\/\/www.facebook.com\/ItalyFamilyHotels\/\" \/>\n<meta property=\"article:modified_time\" content=\"2023-01-25T16:01:42+00:00\" \/>\n<meta name=\"twitter:card\" content=\"summary_large_image\" \/>\n<script type=\"application\/ld+json\" class=\"yoast-schema-graph\">{\"@context\":\"https:\/\/schema.org\",\"@graph\":[{\"@type\":\"WebPage\",\"@id\":\"https:\/\/www.italyfamilyhotels.it\/fr\/offres\/toujours-valable-ete\",\"url\":\"https:\/\/www.italyfamilyhotels.it\/fr\/offres\/toujours-valable-ete\",\"name\":\"Offres vacances d'\u00e9t\u00e9 toujours valables pour familles en Italie\",\"isPartOf\":{\"@id\":\"https:\/\/www.italyfamilyhotels.it\/#website\"},\"datePublished\":\"2023-01-23T13:02:02+00:00\",\"dateModified\":\"2023-01-25T16:01:42+00:00\",\"description\":\"Offres et forfaits toujours valables dans les meilleurs Family Hotels \u00e0 la mer et \u00e0 la montagne en \u00e9t\u00e9, devis rapide et gratuit\",\"breadcrumb\":{\"@id\":\"https:\/\/www.italyfamilyhotels.it\/fr\/offres\/toujours-valable-ete#breadcrumb\"},\"inLanguage\":\"fr-FR\",\"potentialAction\":[{\"@type\":\"ReadAction\",\"target\":[\"https:\/\/www.italyfamilyhotels.it\/fr\/offres\/toujours-valable-ete\"]}]},{\"@type\":\"BreadcrumbList\",\"@id\":\"https:\/\/www.italyfamilyhotels.it\/fr\/offres\/toujours-valable-ete#breadcrumb\",\"itemListElement\":[{\"@type\":\"ListItem\",\"position\":1,\"name\":\"Home\",\"item\":\"https:\/\/www.italyfamilyhotels.it\/fr\"},{\"@type\":\"ListItem\",\"position\":2,\"name\":\"Offres\",\"item\":\"https:\/\/www.italyfamilyhotels.it\/fr\/offres\"},{\"@type\":\"ListItem\",\"position\":3,\"name\":\"Toujours valable\u00a0: \u00c9t\u00e9\"}]},{\"@type\":\"WebSite\",\"@id\":\"https:\/\/www.italyfamilyhotels.it\/#website\",\"url\":\"https:\/\/www.italyfamilyhotels.it\/\",\"name\":\"Italy Family Hotels\",\"description\":\"\",\"potentialAction\":[{\"@type\":\"SearchAction\",\"target\":{\"@type\":\"EntryPoint\",\"urlTemplate\":\"https:\/\/www.italyfamilyhotels.it\/?s={search_term_string}\"},\"query-input\":{\"@type\":\"PropertyValueSpecification\",\"valueRequired\":true,\"valueName\":\"search_term_string\"}}],\"inLanguage\":\"fr-FR\"}]}<\/script>\n<!-- \/ Yoast SEO plugin. -->","yoast_head_json":{"title":"Offres vacances d'\u00e9t\u00e9 toujours valables pour familles en Italie","description":"Offres et forfaits toujours valables dans les meilleurs Family Hotels \u00e0 la mer et \u00e0 la montagne en \u00e9t\u00e9, devis rapide et gratuit","robots":{"index":"index","follow":"follow","max-snippet":"max-snippet:-1","max-image-preview":"max-image-preview:large","max-video-preview":"max-video-preview:-1"},"canonical":"https:\/\/www.italyfamilyhotels.it\/fr\/offres\/toujours-valable-ete","og_locale":"fr_FR","og_type":"article","og_title":"Offres vacances d'\u00e9t\u00e9 toujours valables pour familles en Italie","og_description":"Offres et forfaits toujours valables dans les meilleurs Family Hotels \u00e0 la mer et \u00e0 la montagne en \u00e9t\u00e9, devis rapide et gratuit","og_url":"https:\/\/www.italyfamilyhotels.it\/fr\/offres\/toujours-valable-ete","og_site_name":"Italy Family Hotels","article_publisher":"https:\/\/www.facebook.com\/ItalyFamilyHotels\/","article_modified_time":"2023-01-25T16:01:42+00:00","twitter_card":"summary_large_image","schema":{"@context":"https:\/\/schema.org","@graph":[{"@type":"WebPage","@id":"https:\/\/www.italyfamilyhotels.it\/fr\/offres\/toujours-valable-ete","url":"https:\/\/www.italyfamilyhotels.it\/fr\/offres\/toujours-valable-ete","name":"Offres vacances d'\u00e9t\u00e9 toujours valables pour familles en Italie","isPartOf":{"@id":"https:\/\/www.italyfamilyhotels.it\/#website"},"datePublished":"2023-01-23T13:02:02+00:00","dateModified":"2023-01-25T16:01:42+00:00","description":"Offres et forfaits toujours valables dans les meilleurs Family Hotels \u00e0 la mer et \u00e0 la montagne en \u00e9t\u00e9, devis rapide et gratuit","breadcrumb":{"@id":"https:\/\/www.italyfamilyhotels.it\/fr\/offres\/toujours-valable-ete#breadcrumb"},"inLanguage":"fr-FR","potentialAction":[{"@type":"ReadAction","target":["https:\/\/www.italyfamilyhotels.it\/fr\/offres\/toujours-valable-ete"]}]},{"@type":"BreadcrumbList","@id":"https:\/\/www.italyfamilyhotels.it\/fr\/offres\/toujours-valable-ete#breadcrumb","itemListElement":[{"@type":"ListItem","position":1,"name":"Home","item":"https:\/\/www.italyfamilyhotels.it\/fr"},{"@type":"ListItem","position":2,"name":"Offres","item":"https:\/\/www.italyfamilyhotels.it\/fr\/offres"},{"@type":"ListItem","position":3,"name":"Toujours valable\u00a0: \u00c9t\u00e9"}]},{"@type":"WebSite","@id":"https:\/\/www.italyfamilyhotels.it\/#website","url":"https:\/\/www.italyfamilyhotels.it\/","name":"Italy Family Hotels","description":"","potentialAction":[{"@type":"SearchAction","target":{"@type":"EntryPoint","urlTemplate":"https:\/\/www.italyfamilyhotels.it\/?s={search_term_string}"},"query-input":{"@type":"PropertyValueSpecification","valueRequired":true,"valueName":"search_term_string"}}],"inLanguage":"fr-FR"}]}},"_links":{"self":[{"href":"https:\/\/www.italyfamilyhotels.it\/fr\/wp-json\/wp\/v2\/pages\/43395","targetHints":{"allow":["GET"]}}],"collection":[{"href":"https:\/\/www.italyfamilyhotels.it\/fr\/wp-json\/wp\/v2\/pages"}],"about":[{"href":"https:\/\/www.italyfamilyhotels.it\/fr\/wp-json\/wp\/v2\/types\/page"}],"author":[{"embeddable":true,"href":"https:\/\/www.italyfamilyhotels.it\/fr\/wp-json\/wp\/v2\/users\/2"}],"replies":[{"embeddable":true,"href":"https:\/\/www.italyfamilyhotels.it\/fr\/wp-json\/wp\/v2\/comments?post=43395"}],"version-history":[{"count":1,"href":"https:\/\/www.italyfamilyhotels.it\/fr\/wp-json\/wp\/v2\/pages\/43395\/revisions"}],"predecessor-version":[{"id":43480,"href":"https:\/\/www.italyfamilyhotels.it\/fr\/wp-json\/wp\/v2\/pages\/43395\/revisions\/43480"}],"up":[{"embeddable":true,"href":"https:\/\/www.italyfamilyhotels.it\/fr\/wp-json\/wp\/v2\/pages\/29713"}],"wp:attachment":[{"href":"https:\/\/www.italyfamilyhotels.it\/fr\/wp-json\/wp\/v2\/media?parent=43395"}],"curies":[{"name":"wp","href":"https:\/\/api.w.org\/{rel}","templated":true}]}}