{"id":43368,"date":"2023-01-23T14:01:51","date_gmt":"2023-01-23T13:01:51","guid":{"rendered":"https:\/\/www.italyfamilyhotels.it\/chambres\/chambres-thematiques"},"modified":"2024-08-01T15:31:00","modified_gmt":"2024-08-01T13:31:00","slug":"chambres-thematiques","status":"publish","type":"page","link":"https:\/\/www.italyfamilyhotels.it\/fr\/chambres-thematiques","title":{"rendered":"Chambres th\u00e9matiques"},"content":{"rendered":"\n<p>D\u00e9couvrez les plus belles <strong>chambres \u00e0 th\u00e8me pour les familles<\/strong> disponibles dans les Italy Family Hotels. Ces chambres ont des <strong>d\u00e9cors f\u00e9\u00e9riques ou aventureux<\/strong> pour les enfants et pour ceux qui aiment r\u00eaver, m\u00eame dans leur chambre. R\u00e9servez maintenant et offrez \u00e0 votre famille une exp\u00e9rience magique et inoubliable !<\/p>\n","protected":false},"excerpt":{"rendered":"<p>D\u00e9couvrez les plus belles chambres \u00e0 th\u00e8me pour les familles disponibles dans les Italy Family Hotels. Ces chambres ont des d\u00e9cors f\u00e9\u00e9riques ou aventureux pour les enfants et pour ceux qui aiment r\u00eaver, m\u00eame dans leur chambre. R\u00e9servez maintenant et offrez \u00e0 votre famille une exp\u00e9rience magique et inoubliable !<\/p>\n","protected":false},"author":2,"featured_media":0,"parent":0,"menu_order":0,"comment_status":"closed","ping_status":"closed","template":"page-templates\/lista_camere.php","meta":{"_acf_changed":false,"inline_featured_image":false,"footnotes":""},"class_list":["post-43368","page","type-page","status-publish","hentry"],"acf":[],"yoast_head":"<!-- This site is optimized with the Yoast SEO plugin v27.1 - https:\/\/yoast.com\/product\/yoast-seo-wordpress\/ -->\n<title>Les plus belles Chambres th\u00e9matiques pour familles en Italie<\/title>\n<meta name=\"description\" content=\"Pour dormir dans un monde magique, une s\u00e9lection des plus belles chambres \u00e0 la mer ou \u00e0 la montagne. Choisissez la pr\u00e9f\u00e9r\u00e9e de vos enfants!\" \/>\n<meta name=\"robots\" content=\"index, follow, max-snippet:-1, max-image-preview:large, max-video-preview:-1\" \/>\n<link rel=\"canonical\" href=\"https:\/\/www.italyfamilyhotels.it\/fr\/chambres-thematiques\" \/>\n<meta property=\"og:locale\" content=\"fr_FR\" \/>\n<meta property=\"og:type\" content=\"article\" \/>\n<meta property=\"og:title\" content=\"Les plus belles Chambres th\u00e9matiques pour familles en Italie\" \/>\n<meta property=\"og:description\" content=\"Pour dormir dans un monde magique, une s\u00e9lection des plus belles chambres \u00e0 la mer ou \u00e0 la montagne. Choisissez la pr\u00e9f\u00e9r\u00e9e de vos enfants!\" \/>\n<meta property=\"og:url\" content=\"https:\/\/www.italyfamilyhotels.it\/fr\/chambres-thematiques\" \/>\n<meta property=\"og:site_name\" content=\"Italy Family Hotels\" \/>\n<meta property=\"article:publisher\" content=\"https:\/\/www.facebook.com\/ItalyFamilyHotels\/\" \/>\n<meta property=\"article:modified_time\" content=\"2024-08-01T13:31:00+00:00\" \/>\n<meta name=\"twitter:card\" content=\"summary_large_image\" \/>\n<script type=\"application\/ld+json\" class=\"yoast-schema-graph\">{\"@context\":\"https:\/\/schema.org\",\"@graph\":[{\"@type\":\"WebPage\",\"@id\":\"https:\/\/www.italyfamilyhotels.it\/fr\/chambres-thematiques\",\"url\":\"https:\/\/www.italyfamilyhotels.it\/fr\/chambres-thematiques\",\"name\":\"Les plus belles Chambres th\u00e9matiques pour familles en Italie\",\"isPartOf\":{\"@id\":\"https:\/\/www.italyfamilyhotels.it\/#website\"},\"datePublished\":\"2023-01-23T13:01:51+00:00\",\"dateModified\":\"2024-08-01T13:31:00+00:00\",\"description\":\"Pour dormir dans un monde magique, une s\u00e9lection des plus belles chambres \u00e0 la mer ou \u00e0 la montagne. Choisissez la pr\u00e9f\u00e9r\u00e9e de vos enfants!\",\"breadcrumb\":{\"@id\":\"https:\/\/www.italyfamilyhotels.it\/fr\/chambres-thematiques#breadcrumb\"},\"inLanguage\":\"fr-FR\",\"potentialAction\":[{\"@type\":\"ReadAction\",\"target\":[\"https:\/\/www.italyfamilyhotels.it\/fr\/chambres-thematiques\"]}]},{\"@type\":\"BreadcrumbList\",\"@id\":\"https:\/\/www.italyfamilyhotels.it\/fr\/chambres-thematiques#breadcrumb\",\"itemListElement\":[{\"@type\":\"ListItem\",\"position\":1,\"name\":\"Home\",\"item\":\"https:\/\/www.italyfamilyhotels.it\/fr\"},{\"@type\":\"ListItem\",\"position\":2,\"name\":\"Chambres th\u00e9matiques\"}]},{\"@type\":\"WebSite\",\"@id\":\"https:\/\/www.italyfamilyhotels.it\/#website\",\"url\":\"https:\/\/www.italyfamilyhotels.it\/\",\"name\":\"Italy Family Hotels\",\"description\":\"\",\"potentialAction\":[{\"@type\":\"SearchAction\",\"target\":{\"@type\":\"EntryPoint\",\"urlTemplate\":\"https:\/\/www.italyfamilyhotels.it\/?s={search_term_string}\"},\"query-input\":{\"@type\":\"PropertyValueSpecification\",\"valueRequired\":true,\"valueName\":\"search_term_string\"}}],\"inLanguage\":\"fr-FR\"}]}<\/script>\n<!-- \/ Yoast SEO plugin. -->","yoast_head_json":{"title":"Les plus belles Chambres th\u00e9matiques pour familles en Italie","description":"Pour dormir dans un monde magique, une s\u00e9lection des plus belles chambres \u00e0 la mer ou \u00e0 la montagne. Choisissez la pr\u00e9f\u00e9r\u00e9e de vos enfants!","robots":{"index":"index","follow":"follow","max-snippet":"max-snippet:-1","max-image-preview":"max-image-preview:large","max-video-preview":"max-video-preview:-1"},"canonical":"https:\/\/www.italyfamilyhotels.it\/fr\/chambres-thematiques","og_locale":"fr_FR","og_type":"article","og_title":"Les plus belles Chambres th\u00e9matiques pour familles en Italie","og_description":"Pour dormir dans un monde magique, une s\u00e9lection des plus belles chambres \u00e0 la mer ou \u00e0 la montagne. Choisissez la pr\u00e9f\u00e9r\u00e9e de vos enfants!","og_url":"https:\/\/www.italyfamilyhotels.it\/fr\/chambres-thematiques","og_site_name":"Italy Family Hotels","article_publisher":"https:\/\/www.facebook.com\/ItalyFamilyHotels\/","article_modified_time":"2024-08-01T13:31:00+00:00","twitter_card":"summary_large_image","schema":{"@context":"https:\/\/schema.org","@graph":[{"@type":"WebPage","@id":"https:\/\/www.italyfamilyhotels.it\/fr\/chambres-thematiques","url":"https:\/\/www.italyfamilyhotels.it\/fr\/chambres-thematiques","name":"Les plus belles Chambres th\u00e9matiques pour familles en Italie","isPartOf":{"@id":"https:\/\/www.italyfamilyhotels.it\/#website"},"datePublished":"2023-01-23T13:01:51+00:00","dateModified":"2024-08-01T13:31:00+00:00","description":"Pour dormir dans un monde magique, une s\u00e9lection des plus belles chambres \u00e0 la mer ou \u00e0 la montagne. Choisissez la pr\u00e9f\u00e9r\u00e9e de vos enfants!","breadcrumb":{"@id":"https:\/\/www.italyfamilyhotels.it\/fr\/chambres-thematiques#breadcrumb"},"inLanguage":"fr-FR","potentialAction":[{"@type":"ReadAction","target":["https:\/\/www.italyfamilyhotels.it\/fr\/chambres-thematiques"]}]},{"@type":"BreadcrumbList","@id":"https:\/\/www.italyfamilyhotels.it\/fr\/chambres-thematiques#breadcrumb","itemListElement":[{"@type":"ListItem","position":1,"name":"Home","item":"https:\/\/www.italyfamilyhotels.it\/fr"},{"@type":"ListItem","position":2,"name":"Chambres th\u00e9matiques"}]},{"@type":"WebSite","@id":"https:\/\/www.italyfamilyhotels.it\/#website","url":"https:\/\/www.italyfamilyhotels.it\/","name":"Italy Family Hotels","description":"","potentialAction":[{"@type":"SearchAction","target":{"@type":"EntryPoint","urlTemplate":"https:\/\/www.italyfamilyhotels.it\/?s={search_term_string}"},"query-input":{"@type":"PropertyValueSpecification","valueRequired":true,"valueName":"search_term_string"}}],"inLanguage":"fr-FR"}]}},"_links":{"self":[{"href":"https:\/\/www.italyfamilyhotels.it\/fr\/wp-json\/wp\/v2\/pages\/43368","targetHints":{"allow":["GET"]}}],"collection":[{"href":"https:\/\/www.italyfamilyhotels.it\/fr\/wp-json\/wp\/v2\/pages"}],"about":[{"href":"https:\/\/www.italyfamilyhotels.it\/fr\/wp-json\/wp\/v2\/types\/page"}],"author":[{"embeddable":true,"href":"https:\/\/www.italyfamilyhotels.it\/fr\/wp-json\/wp\/v2\/users\/2"}],"replies":[{"embeddable":true,"href":"https:\/\/www.italyfamilyhotels.it\/fr\/wp-json\/wp\/v2\/comments?post=43368"}],"version-history":[{"count":3,"href":"https:\/\/www.italyfamilyhotels.it\/fr\/wp-json\/wp\/v2\/pages\/43368\/revisions"}],"predecessor-version":[{"id":60713,"href":"https:\/\/www.italyfamilyhotels.it\/fr\/wp-json\/wp\/v2\/pages\/43368\/revisions\/60713"}],"wp:attachment":[{"href":"https:\/\/www.italyfamilyhotels.it\/fr\/wp-json\/wp\/v2\/media?parent=43368"}],"curies":[{"name":"wp","href":"https:\/\/api.w.org\/{rel}","templated":true}]}}