{"id":43360,"date":"2023-01-23T14:01:46","date_gmt":"2023-01-23T13:01:46","guid":{"rendered":"https:\/\/www.italyfamilyhotels.it\/les-italy-family-hotels-recompenses-par-tripadvisor-en-2020-et-2021"},"modified":"2023-01-25T14:00:33","modified_gmt":"2023-01-25T13:00:33","slug":"les-italy-family-hotels-recompenses-par-tripadvisor-en-2020-et-2021","status":"publish","type":"page","link":"https:\/\/www.italyfamilyhotels.it\/fr\/les-italy-family-hotels-recompenses-par-tripadvisor-en-2020-et-2021","title":{"rendered":"Les Italy Family Hotels r\u00e9compens\u00e9s par TripAdvisor en 2020 et 2021"},"content":{"rendered":"\n<p>Cette ann\u00e9e \u00e9galement, gr\u00e2ce \u00e0 vos avis, 3 Italy Family Hotels ont re\u00e7u le \u00ab&nbsp;<b>Traveller Choice 2021<\/b>&nbsp;\u00bb de TripAdvisor dans le classement des <b>25 meilleurs h\u00f4tels en Italie<\/b>&nbsp;! Les voici, avec toutes les r\u00e9compenses obtenues&nbsp;! <div id=\"classifica_tripadvisor_container\"><a href=\"https:\/\/www.italyfamilyhotels.it\/fr\/hotels\/ambiez-suite-hotel-family-wellness\" title=\"Ambiez Suite Hotel Family &amp; Wellness\" class=\"classifica_tripadvisor_hotel\">\n<div class=\"immagine lazy\" data-src=\"https:\/\/www.italyfamilyhotels.it\/wp-content\/uploads\/2023\/11\/0O0A1826-1-300x240.webp\"><\/div>\n<div class=\"riconoscimenti\">\n\t<span class=\"new\"><strong>n 2\u00b0<\/strong> meilleurs h\u00f4tels en Italie en 2021<\/span>\n   \t<div class=\"clearfix\"><\/div>\n<\/div>\n<div class=\"dati\"><span class=\"nome\">Ambiez Suite Hotel Family & Wellness<span>****<\/span><\/span>\n<span class=\"localita\">Andalo - TN<\/span>\n<span class=\"pulsante\">En savoir plus<svg width=\"10\" height=\"17\" viewBox=\"0 0 10 17\" fill=\"none\" xmlns=\"http:\/\/www.w3.org\/2000\/svg\"><path d=\"M2 2L8 9L2 15.5\" stroke=\"white\" stroke-width=\"3\" stroke-linecap=\"round\" stroke-linejoin=\"round\"\/><\/svg><\/span>\n<\/div>\n<\/a><a href=\"https:\/\/www.italyfamilyhotels.it\/fr\/hotels\/hotel-belvedere\" title=\"Hotel Belvedere\" class=\"classifica_tripadvisor_hotel\">\n<div class=\"immagine lazy\" data-src=\"https:\/\/www.italyfamilyhotels.it\/wp-content\/uploads\/2022\/03\/hotel-belvedere-riccione_estate1-1-300x240.jpg\"><\/div>\n<div class=\"riconoscimenti\">\n\t<span class=\"new\"><strong>n 6\u00b0<\/strong> meilleurs h\u00f4tels en Italie en 2021<\/span>\n   \t<div class=\"clearfix\"><\/div>\n<\/div>\n<div class=\"dati\"><span class=\"nome\">Hotel Belvedere<span>****<\/span><\/span>\n<span class=\"localita\">Riccione - RN<\/span>\n<span class=\"pulsante\">En savoir plus<svg width=\"10\" height=\"17\" viewBox=\"0 0 10 17\" fill=\"none\" xmlns=\"http:\/\/www.w3.org\/2000\/svg\"><path d=\"M2 2L8 9L2 15.5\" stroke=\"white\" stroke-width=\"3\" stroke-linecap=\"round\" stroke-linejoin=\"round\"\/><\/svg><\/span>\n<\/div>\n<\/a><a href=\"https:\/\/www.italyfamilyhotels.it\/fr\/hotels\/seapark-family-resort-spa\" title=\"Seapark FAMILY RESORT &amp; SPA\" class=\"classifica_tripadvisor_hotel\">\n<div class=\"immagine lazy\" data-src=\"https:\/\/www.italyfamilyhotels.it\/wp-content\/uploads\/2022\/03\/seapark-family-resort-spa-giulianova_inverno0-1-300x240.jpg\"><\/div>\n<div class=\"riconoscimenti\">\n\t<span class=\"new\"><strong>n 25\u00b0<\/strong> meilleurs h\u00f4tels en Italie en 2021<\/span>\n\t<span><strong>n 1\u00b0<\/strong> meilleurs h\u00f4tels en Italie en 2020<\/span>\n\t<span><strong>n 16\u00b0<\/strong> h\u00f4tels pour le meilleur service en Italie en 2020<\/span>\n   \t<div class=\"clearfix\"><\/div>\n<\/div>\n<div class=\"dati\"><span class=\"nome\">Seapark FAMILY RESORT & SPA<span>****<\/span><\/span>\n<span class=\"localita\">Giulianova - TE<\/span>\n<span class=\"pulsante\">En savoir plus<svg width=\"10\" height=\"17\" viewBox=\"0 0 10 17\" fill=\"none\" xmlns=\"http:\/\/www.w3.org\/2000\/svg\"><path d=\"M2 2L8 9L2 15.5\" stroke=\"white\" stroke-width=\"3\" stroke-linecap=\"round\" stroke-linejoin=\"round\"\/><\/svg><\/span>\n<\/div>\n<\/a><a href=\"https:\/\/www.italyfamilyhotels.it\/fr\/hotels\/club-family-hotel-riccione\" title=\"Club Family Hotel Riccione\" class=\"classifica_tripadvisor_hotel\">\n<div class=\"immagine lazy\" data-src=\"https:\/\/www.italyfamilyhotels.it\/wp-content\/uploads\/2022\/03\/club-family-hotel-riccione-riccione_inverno0-1-300x240.jpg\"><\/div>\n<div class=\"riconoscimenti\">\n\t<span><strong>n 1\u00b0<\/strong> h\u00f4tels pour familles en Italie en 2020<\/span>\n\t<span><strong>n 2\u00b0<\/strong> h\u00f4tels pour familles en Europe en 2020<\/span>\n\t<span><strong>n 4\u00b0<\/strong> h\u00f4tels pour familles dans le monde en 2020<\/span>\n   \t<div class=\"clearfix\"><\/div>\n<\/div>\n<div class=\"dati\"><span class=\"nome\">Club Family Hotel Riccione<span>***<\/span><\/span>\n<span class=\"localita\">Riccione - RN<\/span>\n<span class=\"pulsante\">En savoir plus<svg width=\"10\" height=\"17\" viewBox=\"0 0 10 17\" fill=\"none\" xmlns=\"http:\/\/www.w3.org\/2000\/svg\"><path d=\"M2 2L8 9L2 15.5\" stroke=\"white\" stroke-width=\"3\" stroke-linecap=\"round\" stroke-linejoin=\"round\"\/><\/svg><\/span>\n<\/div>\n<\/a><a href=\"https:\/\/www.italyfamilyhotels.it\/fr\/hotels\/cavallino-bianco-family-spa-grand-hotel\" title=\"Cavallino Bianco Family Spa Grand Hotel\" class=\"classifica_tripadvisor_hotel\">\n<div class=\"immagine lazy\" data-src=\"https:\/\/www.italyfamilyhotels.it\/wp-content\/uploads\/2022\/03\/cavallino-bianco-family-spa-grand-hotel-ortisei-in-val-gardena_estate0-1-300x240.jpg\"><\/div>\n<div class=\"riconoscimenti\">\n\t<span><strong>n 2\u00b0<\/strong> h\u00f4tels pour familles en Italie en 2020<\/span>\n\t<span><strong>n 5\u00b0<\/strong> h\u00f4tels pour familles en Europe en 2020<\/span>\n\t<span><strong>n 11\u00b0<\/strong> h\u00f4tels pour familles dans le monde en 2020<\/span>\n   \t<div class=\"clearfix\"><\/div>\n<\/div>\n<div class=\"dati\"><span class=\"nome\">Cavallino Bianco Family Spa Grand Hotel<span>****<sup>s<\/sup><\/span><\/span>\n<span class=\"localita\">Ortisei in Val Gardena - TN<\/span>\n<span class=\"pulsante\">En savoir plus<svg width=\"10\" height=\"17\" viewBox=\"0 0 10 17\" fill=\"none\" xmlns=\"http:\/\/www.w3.org\/2000\/svg\"><path d=\"M2 2L8 9L2 15.5\" stroke=\"white\" stroke-width=\"3\" stroke-linecap=\"round\" stroke-linejoin=\"round\"\/><\/svg><\/span>\n<\/div>\n<\/a><a href=\"https:\/\/www.italyfamilyhotels.it\/fr\/hotels\/club-family-hotel-serenissima\" title=\"Club Family Hotel Serenissima\" class=\"classifica_tripadvisor_hotel\">\n<div class=\"immagine lazy\" data-src=\"https:\/\/www.italyfamilyhotels.it\/wp-content\/uploads\/2024\/11\/Club-Family-Hotel-Serenissima-header-1-1-300x240.webp\"><\/div>\n<div class=\"riconoscimenti\">\n\t<span><strong>n 3\u00b0<\/strong> h\u00f4tels pour familles en Italie en 2020<\/span>\n\t<span><strong>n 10\u00b0<\/strong> h\u00f4tels pour familles en Europe en 2020<\/span>\n   \t<div class=\"clearfix\"><\/div>\n<\/div>\n<div class=\"dati\"><span class=\"nome\">Club Family Hotel Serenissima<span>****<\/span><\/span>\n<span class=\"localita\">Cesenatico - FC<\/span>\n<span class=\"pulsante\">En savoir plus<svg width=\"10\" height=\"17\" viewBox=\"0 0 10 17\" fill=\"none\" xmlns=\"http:\/\/www.w3.org\/2000\/svg\"><path d=\"M2 2L8 9L2 15.5\" stroke=\"white\" stroke-width=\"3\" stroke-linecap=\"round\" stroke-linejoin=\"round\"\/><\/svg><\/span>\n<\/div>\n<\/a><a href=\"https:\/\/www.italyfamilyhotels.it\/fr\/les-italy-family-hotels-recompenses-par-tripadvisor-en-2020-et-2021\" title=\"\" class=\"classifica_tripadvisor_hotel\">\n<div class=\"immagine lazy\" data-src=\"https:\/\/www.italyfamilyhotels.it\/wp-content\/themes\/ifh2\/img\/segnaposto320x200.jpg\"><\/div>\n<div class=\"riconoscimenti\">\n\t<span><strong>n 4\u00b0<\/strong> h\u00f4tels pour familles en Italie en 2020<\/span>\n   \t<div class=\"clearfix\"><\/div>\n<\/div>\n<div class=\"dati\"><span class=\"nome\"><span><\/span><\/span>\n<span class=\"localita\"> - <\/span>\n<span class=\"pulsante\">En savoir plus<svg width=\"10\" height=\"17\" viewBox=\"0 0 10 17\" fill=\"none\" xmlns=\"http:\/\/www.w3.org\/2000\/svg\"><path d=\"M2 2L8 9L2 15.5\" stroke=\"white\" stroke-width=\"3\" stroke-linecap=\"round\" stroke-linejoin=\"round\"\/><\/svg><\/span>\n<\/div>\n<\/a><a href=\"https:\/\/www.italyfamilyhotels.it\/fr\/hotels\/alpino-baby-family\" title=\"Alpino Baby Family\" class=\"classifica_tripadvisor_hotel\">\n<div class=\"immagine lazy\" data-src=\"https:\/\/www.italyfamilyhotels.it\/wp-content\/uploads\/2022\/03\/alpino-baby-family-andalo_estate0-1-300x240.jpg\"><\/div>\n<div class=\"riconoscimenti\">\n\t<span><strong>n 6\u00b0<\/strong> h\u00f4tels pour familles en Italie en 2020<\/span>\n\t<span><strong>n 13\u00b0<\/strong> h\u00f4tels pour le meilleur service en Italie en 2020<\/span>\n   \t<div class=\"clearfix\"><\/div>\n<\/div>\n<div class=\"dati\"><span class=\"nome\">Alpino Baby Family<span>***<sup>s<\/sup><\/span><\/span>\n<span class=\"localita\">Andalo - TN<\/span>\n<span class=\"pulsante\">En savoir plus<svg width=\"10\" height=\"17\" viewBox=\"0 0 10 17\" fill=\"none\" xmlns=\"http:\/\/www.w3.org\/2000\/svg\"><path d=\"M2 2L8 9L2 15.5\" stroke=\"white\" stroke-width=\"3\" stroke-linecap=\"round\" stroke-linejoin=\"round\"\/><\/svg><\/span>\n<\/div>\n<\/a><a href=\"https:\/\/www.italyfamilyhotels.it\/fr\/hotels\/club-family-aparthotel-costa-dei-pini\" title=\"Club Family Aparthotel Costa dei Pini\" class=\"classifica_tripadvisor_hotel\">\n<div class=\"immagine lazy\" data-src=\"https:\/\/www.italyfamilyhotels.it\/wp-content\/uploads\/2022\/06\/Club-Family-Hotel-Cervia-Hotel-con-Piscina-riscaldata-15-1-300x240.jpg\"><\/div>\n<div class=\"riconoscimenti\">\n\t<span><strong>n 8\u00b0<\/strong> h\u00f4tels pour familles en Italie en 2020<\/span>\n   \t<div class=\"clearfix\"><\/div>\n<\/div>\n<div class=\"dati\"><span class=\"nome\">Club Family Aparthotel Costa dei Pini<span>***<\/span><\/span>\n<span class=\"localita\">Pinarella di Cervia - RA<\/span>\n<span class=\"pulsante\">En savoir plus<svg width=\"10\" height=\"17\" viewBox=\"0 0 10 17\" fill=\"none\" xmlns=\"http:\/\/www.w3.org\/2000\/svg\"><path d=\"M2 2L8 9L2 15.5\" stroke=\"white\" stroke-width=\"3\" stroke-linecap=\"round\" stroke-linejoin=\"round\"\/><\/svg><\/span>\n<\/div>\n<\/a><a href=\"https:\/\/www.italyfamilyhotels.it\/fr\/hotels\/piz-galin-grand-hotel\" title=\"Piz Galin Grand Hotel\" class=\"classifica_tripadvisor_hotel\">\n<div class=\"immagine lazy\" data-src=\"https:\/\/www.italyfamilyhotels.it\/wp-content\/uploads\/2022\/03\/piz-galin-grand-hotel-andalo_inverno0-1-300x240.jpg\"><\/div>\n<div class=\"riconoscimenti\">\n\t<span><strong>n 10\u00b0<\/strong> h\u00f4tels pour familles en Italie en 2020<\/span>\n   \t<div class=\"clearfix\"><\/div>\n<\/div>\n<div class=\"dati\"><span class=\"nome\">Piz Galin Grand Hotel<span>****<sup>s<\/sup><\/span><\/span>\n<span class=\"localita\">Andalo - TN<\/span>\n<span class=\"pulsante\">En savoir plus<svg width=\"10\" height=\"17\" viewBox=\"0 0 10 17\" fill=\"none\" xmlns=\"http:\/\/www.w3.org\/2000\/svg\"><path d=\"M2 2L8 9L2 15.5\" stroke=\"white\" stroke-width=\"3\" stroke-linecap=\"round\" stroke-linejoin=\"round\"\/><\/svg><\/span>\n<\/div>\n<\/a><a href=\"https:\/\/www.italyfamilyhotels.it\/fr\/hotels\/family-hotel-serena\" title=\"Family Hotel Serena\" class=\"classifica_tripadvisor_hotel\">\n<div class=\"immagine lazy\" data-src=\"https:\/\/www.italyfamilyhotels.it\/wp-content\/uploads\/2022\/06\/Family_Hotel_Serena-120-1-300x240.jpg\"><\/div>\n<div class=\"riconoscimenti\">\n\t<span><strong>n 11\u00b0<\/strong> h\u00f4tels pour familles en Italie en 2020<\/span>\n   \t<div class=\"clearfix\"><\/div>\n<\/div>\n<div class=\"dati\"><span class=\"nome\">Family Hotel Serena<span>****<\/span><\/span>\n<span class=\"localita\">Andalo - TN<\/span>\n<span class=\"pulsante\">En savoir plus<svg width=\"10\" height=\"17\" viewBox=\"0 0 10 17\" fill=\"none\" xmlns=\"http:\/\/www.w3.org\/2000\/svg\"><path d=\"M2 2L8 9L2 15.5\" stroke=\"white\" stroke-width=\"3\" stroke-linecap=\"round\" stroke-linejoin=\"round\"\/><\/svg><\/span>\n<\/div>\n<\/a><a href=\"https:\/\/www.italyfamilyhotels.it\/fr\/hotels\/nh-collection-alagna-mirtillo-rosso\" title=\"NH Collection Alagna Mirtillo Rosso\" class=\"classifica_tripadvisor_hotel\">\n<div class=\"immagine lazy\" data-src=\"https:\/\/www.italyfamilyhotels.it\/wp-content\/uploads\/2023\/04\/mirtillo-rosso-family-hotel-1136-1-300x240.jpg\"><\/div>\n<div class=\"riconoscimenti\">\n\t<span><strong>n 12\u00b0<\/strong> h\u00f4tels pour familles en Italie en 2020<\/span>\n\t<span><strong>n 17\u00b0<\/strong> meilleurs h\u00f4tels en Italie en 2020<\/span>\n\t<span><strong>n 23\u00b0<\/strong> h\u00f4tels pour le meilleur service en Italie en 2020<\/span>\n   \t<div class=\"clearfix\"><\/div>\n<\/div>\n<div class=\"dati\"><span class=\"nome\">NH Collection Alagna Mirtillo Rosso<span>****<\/span><\/span>\n<span class=\"localita\">Alagna Valsesia - Monte Rosa - VC<\/span>\n<span class=\"pulsante\">En savoir plus<svg width=\"10\" height=\"17\" viewBox=\"0 0 10 17\" fill=\"none\" xmlns=\"http:\/\/www.w3.org\/2000\/svg\"><path d=\"M2 2L8 9L2 15.5\" stroke=\"white\" stroke-width=\"3\" stroke-linecap=\"round\" stroke-linejoin=\"round\"\/><\/svg><\/span>\n<\/div>\n<\/a><a href=\"https:\/\/www.italyfamilyhotels.it\/fr\/hotels\/la-grotta-mytime-hotels\" title=\"La Grotta MyTime Hotels\" class=\"classifica_tripadvisor_hotel\">\n<div class=\"immagine lazy\" data-src=\"https:\/\/www.italyfamilyhotels.it\/wp-content\/uploads\/2022\/03\/la-grotta-mytime-hotels-vigo-di-fassa_estate0-1-300x240.jpg\"><\/div>\n<div class=\"riconoscimenti\">\n\t<span><strong>n 13\u00b0<\/strong> h\u00f4tels pour familles en Italie en 2020<\/span>\n   \t<div class=\"clearfix\"><\/div>\n<\/div>\n<div class=\"dati\"><span class=\"nome\">La Grotta MyTime Hotels<span>****<\/span><\/span>\n<span class=\"localita\">Vigo di Fassa - TN<\/span>\n<span class=\"pulsante\">En savoir plus<svg width=\"10\" height=\"17\" viewBox=\"0 0 10 17\" fill=\"none\" xmlns=\"http:\/\/www.w3.org\/2000\/svg\"><path d=\"M2 2L8 9L2 15.5\" stroke=\"white\" stroke-width=\"3\" stroke-linecap=\"round\" stroke-linejoin=\"round\"\/><\/svg><\/span>\n<\/div>\n<\/a><a href=\"https:\/\/www.italyfamilyhotels.it\/fr\/hotels\/park-hotel-sport\" title=\"Park Hotel Sport\" class=\"classifica_tripadvisor_hotel\">\n<div class=\"immagine lazy\" data-src=\"https:\/\/www.italyfamilyhotels.it\/wp-content\/uploads\/2022\/03\/park-hotel-sport-andalo_estate0-1-300x240.jpg\"><\/div>\n<div class=\"riconoscimenti\">\n\t<span><strong>n 14\u00b0<\/strong> h\u00f4tels pour familles en Italie en 2020<\/span>\n   \t<div class=\"clearfix\"><\/div>\n<\/div>\n<div class=\"dati\"><span class=\"nome\">Park Hotel Sport<span>****<\/span><\/span>\n<span class=\"localita\">Andalo - TN<\/span>\n<span class=\"pulsante\">En savoir plus<svg width=\"10\" height=\"17\" viewBox=\"0 0 10 17\" fill=\"none\" xmlns=\"http:\/\/www.w3.org\/2000\/svg\"><path d=\"M2 2L8 9L2 15.5\" stroke=\"white\" stroke-width=\"3\" stroke-linecap=\"round\" stroke-linejoin=\"round\"\/><\/svg><\/span>\n<\/div>\n<\/a><a href=\"https:\/\/www.italyfamilyhotels.it\/fr\/hotels\/meridiana-family-nature-hotel\" title=\"Meridiana Family &amp; Nature Hotel\" class=\"classifica_tripadvisor_hotel\">\n<div class=\"immagine lazy\" data-src=\"https:\/\/www.italyfamilyhotels.it\/wp-content\/uploads\/2025\/01\/Hotel-Meridiana-header-4-1-300x240.webp\"><\/div>\n<div class=\"riconoscimenti\">\n\t<span><strong>n 15\u00b0<\/strong> h\u00f4tels pour familles en Italie en 2020<\/span>\n   \t<div class=\"clearfix\"><\/div>\n<\/div>\n<div class=\"dati\"><span class=\"nome\">Meridiana Family & Nature Hotel<span>***<\/span><\/span>\n<span class=\"localita\">Marina Romea - RA<\/span>\n<span class=\"pulsante\">En savoir plus<svg width=\"10\" height=\"17\" viewBox=\"0 0 10 17\" fill=\"none\" xmlns=\"http:\/\/www.w3.org\/2000\/svg\"><path d=\"M2 2L8 9L2 15.5\" stroke=\"white\" stroke-width=\"3\" stroke-linecap=\"round\" stroke-linejoin=\"round\"\/><\/svg><\/span>\n<\/div>\n<\/a><a href=\"https:\/\/www.italyfamilyhotels.it\/fr\/hotels\/hotel-andes-family-wellness\" title=\"Hotel Andes Family &amp; Wellness\" class=\"classifica_tripadvisor_hotel\">\n<div class=\"immagine lazy\" data-src=\"https:\/\/www.italyfamilyhotels.it\/wp-content\/uploads\/2023\/05\/Foto_51-_ER75716-Copia-1-300x240.jpg\"><\/div>\n<div class=\"riconoscimenti\">\n\t<span><strong>n 16\u00b0<\/strong> h\u00f4tels pour familles en Italie en 2020<\/span>\n   \t<div class=\"clearfix\"><\/div>\n<\/div>\n<div class=\"dati\"><span class=\"nome\">Hotel Andes Family & Wellness<span>****<\/span><\/span>\n<span class=\"localita\">Vigo di Fassa - TN<\/span>\n<span class=\"pulsante\">En savoir plus<svg width=\"10\" height=\"17\" viewBox=\"0 0 10 17\" fill=\"none\" xmlns=\"http:\/\/www.w3.org\/2000\/svg\"><path d=\"M2 2L8 9L2 15.5\" stroke=\"white\" stroke-width=\"3\" stroke-linecap=\"round\" stroke-linejoin=\"round\"\/><\/svg><\/span>\n<\/div>\n<\/a><a href=\"https:\/\/www.italyfamilyhotels.it\/fr\/hotels\/san-domenico-family-hotel\" title=\"San Domenico Family Hotel\" class=\"classifica_tripadvisor_hotel\">\n<div class=\"immagine lazy\" data-src=\"https:\/\/www.italyfamilyhotels.it\/wp-content\/uploads\/2024\/03\/PRINCIPALE-1-300x240.webp\"><\/div>\n<div class=\"riconoscimenti\">\n\t<span><strong>n 20\u00b0<\/strong> h\u00f4tels pour familles en Italie en 2020<\/span>\n   \t<div class=\"clearfix\"><\/div>\n<\/div>\n<div class=\"dati\"><span class=\"nome\">San Domenico Family Hotel<span>****<\/span><\/span>\n<span class=\"localita\">Scalea - CS<\/span>\n<span class=\"pulsante\">En savoir plus<svg width=\"10\" height=\"17\" viewBox=\"0 0 10 17\" fill=\"none\" xmlns=\"http:\/\/www.w3.org\/2000\/svg\"><path d=\"M2 2L8 9L2 15.5\" stroke=\"white\" stroke-width=\"3\" stroke-linecap=\"round\" stroke-linejoin=\"round\"\/><\/svg><\/span>\n<\/div>\n<\/a><\/div><p><strong>Source\u00a0:<\/strong><br \/>\n<a href=\"https:\/\/www.tripadvisor.it\/TravelersChoice-Hotels-g187768\" target=\"_blank\" rel=\"nofollow\">Tripadvisor - H\u00f4tels dans le top 25\u00a0: Italie<\/a><\/p><\/p>\n","protected":false},"excerpt":{"rendered":"<p>Cette ann\u00e9e \u00e9galement, gr\u00e2ce \u00e0 vos avis, 3 Italy Family Hotels ont re\u00e7u le \u00ab&nbsp;Traveller Choice 2021&nbsp;\u00bb de TripAdvisor dans le classement des 25 meilleurs h\u00f4tels en Italie&nbsp;! Les voici, avec toutes les r\u00e9compenses obtenues&nbsp;!<\/p>\n","protected":false},"author":2,"featured_media":0,"parent":0,"menu_order":0,"comment_status":"closed","ping_status":"closed","template":"","meta":{"_acf_changed":false,"inline_featured_image":false,"footnotes":""},"class_list":["post-43360","page","type-page","status-publish","hentry"],"acf":[],"yoast_head":"<!-- This site is optimized with the Yoast SEO plugin v27.1 - https:\/\/yoast.com\/product\/yoast-seo-wordpress\/ -->\n<title>15 h\u00f4tels Italy Family Hotels r\u00e9compens\u00e9s par TripAdvisor<\/title>\n<meta name=\"description\" content=\"Pas moins de 15 h\u00f4tels Italy Family Hotels ont obtenu cette prestigieuse reconnaissance. D\u00e9couvrez lesquels et demandez un devis gratuit\u00a0!\" \/>\n<meta name=\"robots\" content=\"index, follow, max-snippet:-1, max-image-preview:large, max-video-preview:-1\" \/>\n<link rel=\"canonical\" href=\"https:\/\/www.italyfamilyhotels.it\/fr\/les-italy-family-hotels-recompenses-par-tripadvisor-en-2020-et-2021\" \/>\n<meta property=\"og:locale\" content=\"fr_FR\" \/>\n<meta property=\"og:type\" content=\"article\" \/>\n<meta property=\"og:title\" content=\"15 h\u00f4tels Italy Family Hotels r\u00e9compens\u00e9s par TripAdvisor\" \/>\n<meta property=\"og:description\" content=\"Pas moins de 15 h\u00f4tels Italy Family Hotels ont obtenu cette prestigieuse reconnaissance. D\u00e9couvrez lesquels et demandez un devis gratuit\u00a0!\" \/>\n<meta property=\"og:url\" content=\"https:\/\/www.italyfamilyhotels.it\/fr\/les-italy-family-hotels-recompenses-par-tripadvisor-en-2020-et-2021\" \/>\n<meta property=\"og:site_name\" content=\"Italy Family Hotels\" \/>\n<meta property=\"article:publisher\" content=\"https:\/\/www.facebook.com\/ItalyFamilyHotels\/\" \/>\n<meta property=\"article:modified_time\" content=\"2023-01-25T13:00:33+00:00\" \/>\n<meta name=\"twitter:card\" content=\"summary_large_image\" \/>\n<script type=\"application\/ld+json\" class=\"yoast-schema-graph\">{\"@context\":\"https:\/\/schema.org\",\"@graph\":[{\"@type\":\"WebPage\",\"@id\":\"https:\/\/www.italyfamilyhotels.it\/fr\/les-italy-family-hotels-recompenses-par-tripadvisor-en-2020-et-2021\",\"url\":\"https:\/\/www.italyfamilyhotels.it\/fr\/les-italy-family-hotels-recompenses-par-tripadvisor-en-2020-et-2021\",\"name\":\"15 h\u00f4tels Italy Family Hotels r\u00e9compens\u00e9s par TripAdvisor\",\"isPartOf\":{\"@id\":\"https:\/\/www.italyfamilyhotels.it\/#website\"},\"datePublished\":\"2023-01-23T13:01:46+00:00\",\"dateModified\":\"2023-01-25T13:00:33+00:00\",\"description\":\"Pas moins de 15 h\u00f4tels Italy Family Hotels ont obtenu cette prestigieuse reconnaissance. D\u00e9couvrez lesquels et demandez un devis gratuit\u00a0!\",\"breadcrumb\":{\"@id\":\"https:\/\/www.italyfamilyhotels.it\/fr\/les-italy-family-hotels-recompenses-par-tripadvisor-en-2020-et-2021#breadcrumb\"},\"inLanguage\":\"fr-FR\",\"potentialAction\":[{\"@type\":\"ReadAction\",\"target\":[\"https:\/\/www.italyfamilyhotels.it\/fr\/les-italy-family-hotels-recompenses-par-tripadvisor-en-2020-et-2021\"]}]},{\"@type\":\"BreadcrumbList\",\"@id\":\"https:\/\/www.italyfamilyhotels.it\/fr\/les-italy-family-hotels-recompenses-par-tripadvisor-en-2020-et-2021#breadcrumb\",\"itemListElement\":[{\"@type\":\"ListItem\",\"position\":1,\"name\":\"Home\",\"item\":\"https:\/\/www.italyfamilyhotels.it\/fr\"},{\"@type\":\"ListItem\",\"position\":2,\"name\":\"Les Italy Family Hotels r\u00e9compens\u00e9s par TripAdvisor en 2020 et 2021\"}]},{\"@type\":\"WebSite\",\"@id\":\"https:\/\/www.italyfamilyhotels.it\/#website\",\"url\":\"https:\/\/www.italyfamilyhotels.it\/\",\"name\":\"Italy Family Hotels\",\"description\":\"\",\"potentialAction\":[{\"@type\":\"SearchAction\",\"target\":{\"@type\":\"EntryPoint\",\"urlTemplate\":\"https:\/\/www.italyfamilyhotels.it\/?s={search_term_string}\"},\"query-input\":{\"@type\":\"PropertyValueSpecification\",\"valueRequired\":true,\"valueName\":\"search_term_string\"}}],\"inLanguage\":\"fr-FR\"}]}<\/script>\n<!-- \/ Yoast SEO plugin. -->","yoast_head_json":{"title":"15 h\u00f4tels Italy Family Hotels r\u00e9compens\u00e9s par TripAdvisor","description":"Pas moins de 15 h\u00f4tels Italy Family Hotels ont obtenu cette prestigieuse reconnaissance. D\u00e9couvrez lesquels et demandez un devis gratuit\u00a0!","robots":{"index":"index","follow":"follow","max-snippet":"max-snippet:-1","max-image-preview":"max-image-preview:large","max-video-preview":"max-video-preview:-1"},"canonical":"https:\/\/www.italyfamilyhotels.it\/fr\/les-italy-family-hotels-recompenses-par-tripadvisor-en-2020-et-2021","og_locale":"fr_FR","og_type":"article","og_title":"15 h\u00f4tels Italy Family Hotels r\u00e9compens\u00e9s par TripAdvisor","og_description":"Pas moins de 15 h\u00f4tels Italy Family Hotels ont obtenu cette prestigieuse reconnaissance. D\u00e9couvrez lesquels et demandez un devis gratuit\u00a0!","og_url":"https:\/\/www.italyfamilyhotels.it\/fr\/les-italy-family-hotels-recompenses-par-tripadvisor-en-2020-et-2021","og_site_name":"Italy Family Hotels","article_publisher":"https:\/\/www.facebook.com\/ItalyFamilyHotels\/","article_modified_time":"2023-01-25T13:00:33+00:00","twitter_card":"summary_large_image","schema":{"@context":"https:\/\/schema.org","@graph":[{"@type":"WebPage","@id":"https:\/\/www.italyfamilyhotels.it\/fr\/les-italy-family-hotels-recompenses-par-tripadvisor-en-2020-et-2021","url":"https:\/\/www.italyfamilyhotels.it\/fr\/les-italy-family-hotels-recompenses-par-tripadvisor-en-2020-et-2021","name":"15 h\u00f4tels Italy Family Hotels r\u00e9compens\u00e9s par TripAdvisor","isPartOf":{"@id":"https:\/\/www.italyfamilyhotels.it\/#website"},"datePublished":"2023-01-23T13:01:46+00:00","dateModified":"2023-01-25T13:00:33+00:00","description":"Pas moins de 15 h\u00f4tels Italy Family Hotels ont obtenu cette prestigieuse reconnaissance. D\u00e9couvrez lesquels et demandez un devis gratuit\u00a0!","breadcrumb":{"@id":"https:\/\/www.italyfamilyhotels.it\/fr\/les-italy-family-hotels-recompenses-par-tripadvisor-en-2020-et-2021#breadcrumb"},"inLanguage":"fr-FR","potentialAction":[{"@type":"ReadAction","target":["https:\/\/www.italyfamilyhotels.it\/fr\/les-italy-family-hotels-recompenses-par-tripadvisor-en-2020-et-2021"]}]},{"@type":"BreadcrumbList","@id":"https:\/\/www.italyfamilyhotels.it\/fr\/les-italy-family-hotels-recompenses-par-tripadvisor-en-2020-et-2021#breadcrumb","itemListElement":[{"@type":"ListItem","position":1,"name":"Home","item":"https:\/\/www.italyfamilyhotels.it\/fr"},{"@type":"ListItem","position":2,"name":"Les Italy Family Hotels r\u00e9compens\u00e9s par TripAdvisor en 2020 et 2021"}]},{"@type":"WebSite","@id":"https:\/\/www.italyfamilyhotels.it\/#website","url":"https:\/\/www.italyfamilyhotels.it\/","name":"Italy Family Hotels","description":"","potentialAction":[{"@type":"SearchAction","target":{"@type":"EntryPoint","urlTemplate":"https:\/\/www.italyfamilyhotels.it\/?s={search_term_string}"},"query-input":{"@type":"PropertyValueSpecification","valueRequired":true,"valueName":"search_term_string"}}],"inLanguage":"fr-FR"}]}},"_links":{"self":[{"href":"https:\/\/www.italyfamilyhotels.it\/fr\/wp-json\/wp\/v2\/pages\/43360","targetHints":{"allow":["GET"]}}],"collection":[{"href":"https:\/\/www.italyfamilyhotels.it\/fr\/wp-json\/wp\/v2\/pages"}],"about":[{"href":"https:\/\/www.italyfamilyhotels.it\/fr\/wp-json\/wp\/v2\/types\/page"}],"author":[{"embeddable":true,"href":"https:\/\/www.italyfamilyhotels.it\/fr\/wp-json\/wp\/v2\/users\/2"}],"replies":[{"embeddable":true,"href":"https:\/\/www.italyfamilyhotels.it\/fr\/wp-json\/wp\/v2\/comments?post=43360"}],"version-history":[{"count":2,"href":"https:\/\/www.italyfamilyhotels.it\/fr\/wp-json\/wp\/v2\/pages\/43360\/revisions"}],"predecessor-version":[{"id":44404,"href":"https:\/\/www.italyfamilyhotels.it\/fr\/wp-json\/wp\/v2\/pages\/43360\/revisions\/44404"}],"wp:attachment":[{"href":"https:\/\/www.italyfamilyhotels.it\/fr\/wp-json\/wp\/v2\/media?parent=43360"}],"curies":[{"name":"wp","href":"https:\/\/api.w.org\/{rel}","templated":true}]}}