{"id":43325,"date":"2023-01-23T14:01:31","date_gmt":"2023-01-23T13:01:31","guid":{"rendered":"https:\/\/www.italyfamilyhotels.it\/le-label-bio-friendly-est-ne-parce-que-vous-meritez-le-meilleur-notamment-a-table"},"modified":"2023-01-25T14:00:30","modified_gmt":"2023-01-25T13:00:30","slug":"le-label-bio-friendly-est-ne-parce-que-vous-meritez-le-meilleur-notamment-a-table","status":"publish","type":"page","link":"https:\/\/www.italyfamilyhotels.it\/fr\/le-label-bio-friendly-est-ne-parce-que-vous-meritez-le-meilleur-notamment-a-table","title":{"rendered":"Le label \u00ab\u00a0Bio Friendly\u00a0\u00bb est n\u00e9 parce que vous m\u00e9ritez le meilleur, notamment \u00e0 table"},"content":{"rendered":"\n<p>Salut&nbsp;! Si vous \u00eates ici, c&#8217;est que vous vous int\u00e9ressez vous aussi \u00e0 ce que mange votre famille.<\/p>\n\n\n<div class=\"wp-block-image\">\n<figure class=\"alignright\"><img loading=\"lazy\" decoding=\"async\" width=\"300\" height=\"292\" src=\"https:\/\/www.italyfamilyhotels.it\/wp-content\/uploads\/2016\/06\/biofriendly_small.png\" alt=\"BIO FRIENDLY IFH\" class=\"wp-image-1614\" srcset=\"https:\/\/www.italyfamilyhotels.it\/wp-content\/uploads\/2016\/06\/biofriendly_small.png 300w, https:\/\/www.italyfamilyhotels.it\/wp-content\/uploads\/2016\/06\/biofriendly_small-250x243.png 250w\" sizes=\"auto, (max-width: 300px) 100vw, 300px\" \/><\/figure>\n<\/div>\n\n\n<p>Pour nous, <b>le concept d&#8217;accueil de qualit\u00e9<\/b>, va au-del\u00e0 de l&#8217;hospitalit\u00e9 et du divertissement, et englobe \u00e9galement la nourriture.<\/p>\n\n\n\n<p><b>Vous offrir le meilleur \u00e9galement \u00e0 table<\/b> c&#8217;est prendre soin de vous&#8230;<\/p>\n\n\n\n<p>Car <b>manger de mani\u00e8re saine et \u00e9quilibr\u00e9e est \u00e9galement important<\/b> <b>en vacances, <\/b>surtout pour qui choisit une alimentation exclusivement biologique.<\/p>\n\n\n\n<p>C&#8217;est pourquoi nous avons d\u00e9cid\u00e9 de lancer le <b>Projet \u00ab&nbsp;Bio Friendly&nbsp;\u00bb en collaboration avec <\/b>la nutritionniste qui travaille avec nous depuis des ann\u00e9es,<b> Dr Prosperi<\/b> et avec les soci\u00e9t\u00e9s HiPP ITALIA et BIOITALIA.<\/p>\n\n\n\n<p><b>Il est possible de reconnaitre les h\u00f4tels qui adh\u00e8rent au projet et disposent de la certification interne BIO FRIENDLY gr\u00e2ce \u00e0 la pr\u00e9sence du label \u00ab&nbsp;BIO FRIENDLY IFH&nbsp;\u00bb, <\/b>qui certifie le respect d&#8217;une<b> norme structurelle et de qualit\u00e9 pr\u00e9cise<\/b>, v\u00e9rifi\u00e9e par le consortium lui-m\u00eame.<\/p>\n\n\n\n<p>Les crit\u00e8res minimums permettant d\u2019obtenir la certification BIO FRIENDLY sont&nbsp;:<\/p>\n\n\n\n<p>Coin bio dans le buffet du petit-d\u00e9jeuner<\/p>\n\n\n\n<p>Insertion d&#8217;au moins une recette BIO pour le d\u00e9jeuner et le d\u00eener<\/p>\n\n\n\n<p>Achat d&#8217;une s\u00e9lection de produits BIO pour la gamme 0-3 ans<\/p>\n\n\n\n<p>Pr\u00e9sence d&#8217;au moins ces types de produits biologiques&nbsp;:<\/p>\n\n\n\n<p>Confiture<\/p>\n\n\n\n<p>Miel<\/p>\n\n\n\n<p>Jus de fruits\/smoothies<\/p>\n\n\n\n<p>Huile<\/p>\n\n\n\n<p>Sauce tomate\/Pulpe de tomates<\/p>\n\n\n\n<p>P\u00e2tes de semoule, compl\u00e8tes, sans gluten, d\u2019\u00e9peautre<\/p>\n\n\n\n<p>Farine<\/p>\n\n\n\n<p>L\u00e9gumineuses<\/p>\n\n\n\n<p>Italy Family Hotels est toujours une garantie.<\/p>\n","protected":false},"excerpt":{"rendered":"<p>Salut&nbsp;! Si vous \u00eates ici, c&#8217;est que vous vous int\u00e9ressez vous aussi \u00e0 ce que mange votre famille. Pour nous, le concept d&#8217;accueil de qualit\u00e9, va au-del\u00e0 de l&#8217;hospitalit\u00e9 et du divertissement, et englobe \u00e9galement la nourriture. Vous offrir le meilleur \u00e9galement \u00e0 table c&#8217;est prendre soin de vous&#8230; Car manger de mani\u00e8re saine et &hellip;<\/p>\n","protected":false},"author":2,"featured_media":0,"parent":0,"menu_order":0,"comment_status":"closed","ping_status":"closed","template":"page-templates\/lista_hotel.php","meta":{"_acf_changed":false,"inline_featured_image":false,"footnotes":""},"class_list":["post-43325","page","type-page","status-publish","hentry"],"acf":[],"yoast_head":"<!-- This site is optimized with the Yoast SEO plugin v27.1 - https:\/\/yoast.com\/product\/yoast-seo-wordpress\/ -->\n<title>Le meilleur \u00e0 table\u00a0: la marque Bio Friendly de Italy Family Hotels<\/title>\n<meta name=\"description\" content=\"D\u00e9couvrez les h\u00f4tels certifi\u00e9s Bio-friendly d&#039;Italy Family Hotels\u00a0! Pour des vacances saines \u00e0 table, avec la qualit\u00e9 de produits biologiques\" \/>\n<meta name=\"robots\" content=\"index, follow, max-snippet:-1, max-image-preview:large, max-video-preview:-1\" \/>\n<link rel=\"canonical\" href=\"https:\/\/www.italyfamilyhotels.it\/fr\/le-label-bio-friendly-est-ne-parce-que-vous-meritez-le-meilleur-notamment-a-table\" \/>\n<meta property=\"og:locale\" content=\"fr_FR\" \/>\n<meta property=\"og:type\" content=\"article\" \/>\n<meta property=\"og:title\" content=\"Le meilleur \u00e0 table\u00a0: la marque Bio Friendly de Italy Family Hotels\" \/>\n<meta property=\"og:description\" content=\"D\u00e9couvrez les h\u00f4tels certifi\u00e9s Bio-friendly d&#039;Italy Family Hotels\u00a0! Pour des vacances saines \u00e0 table, avec la qualit\u00e9 de produits biologiques\" \/>\n<meta property=\"og:url\" content=\"https:\/\/www.italyfamilyhotels.it\/fr\/le-label-bio-friendly-est-ne-parce-que-vous-meritez-le-meilleur-notamment-a-table\" \/>\n<meta property=\"og:site_name\" content=\"Italy Family Hotels\" \/>\n<meta property=\"article:publisher\" content=\"https:\/\/www.facebook.com\/ItalyFamilyHotels\/\" \/>\n<meta property=\"article:modified_time\" content=\"2023-01-25T13:00:30+00:00\" \/>\n<meta property=\"og:image\" content=\"https:\/\/www.italyfamilyhotels.it\/wp-content\/uploads\/2016\/06\/biofriendly_small.png\" \/>\n<meta name=\"twitter:card\" content=\"summary_large_image\" \/>\n<meta name=\"twitter:label1\" content=\"Dur\u00e9e de lecture estim\u00e9e\" \/>\n\t<meta name=\"twitter:data1\" content=\"1 minute\" \/>\n<script type=\"application\/ld+json\" class=\"yoast-schema-graph\">{\"@context\":\"https:\/\/schema.org\",\"@graph\":[{\"@type\":\"WebPage\",\"@id\":\"https:\/\/www.italyfamilyhotels.it\/fr\/le-label-bio-friendly-est-ne-parce-que-vous-meritez-le-meilleur-notamment-a-table\",\"url\":\"https:\/\/www.italyfamilyhotels.it\/fr\/le-label-bio-friendly-est-ne-parce-que-vous-meritez-le-meilleur-notamment-a-table\",\"name\":\"Le meilleur \u00e0 table\u00a0: la marque Bio Friendly de Italy Family Hotels\",\"isPartOf\":{\"@id\":\"https:\/\/www.italyfamilyhotels.it\/#website\"},\"primaryImageOfPage\":{\"@id\":\"https:\/\/www.italyfamilyhotels.it\/fr\/le-label-bio-friendly-est-ne-parce-que-vous-meritez-le-meilleur-notamment-a-table#primaryimage\"},\"image\":{\"@id\":\"https:\/\/www.italyfamilyhotels.it\/fr\/le-label-bio-friendly-est-ne-parce-que-vous-meritez-le-meilleur-notamment-a-table#primaryimage\"},\"thumbnailUrl\":\"https:\/\/www.italyfamilyhotels.it\/wp-content\/uploads\/2016\/06\/biofriendly_small.png\",\"datePublished\":\"2023-01-23T13:01:31+00:00\",\"dateModified\":\"2023-01-25T13:00:30+00:00\",\"description\":\"D\u00e9couvrez les h\u00f4tels certifi\u00e9s Bio-friendly d'Italy Family Hotels\u00a0! Pour des vacances saines \u00e0 table, avec la qualit\u00e9 de produits biologiques\",\"breadcrumb\":{\"@id\":\"https:\/\/www.italyfamilyhotels.it\/fr\/le-label-bio-friendly-est-ne-parce-que-vous-meritez-le-meilleur-notamment-a-table#breadcrumb\"},\"inLanguage\":\"fr-FR\",\"potentialAction\":[{\"@type\":\"ReadAction\",\"target\":[\"https:\/\/www.italyfamilyhotels.it\/fr\/le-label-bio-friendly-est-ne-parce-que-vous-meritez-le-meilleur-notamment-a-table\"]}]},{\"@type\":\"ImageObject\",\"inLanguage\":\"fr-FR\",\"@id\":\"https:\/\/www.italyfamilyhotels.it\/fr\/le-label-bio-friendly-est-ne-parce-que-vous-meritez-le-meilleur-notamment-a-table#primaryimage\",\"url\":\"https:\/\/www.italyfamilyhotels.it\/wp-content\/uploads\/2016\/06\/biofriendly_small.png\",\"contentUrl\":\"https:\/\/www.italyfamilyhotels.it\/wp-content\/uploads\/2016\/06\/biofriendly_small.png\"},{\"@type\":\"BreadcrumbList\",\"@id\":\"https:\/\/www.italyfamilyhotels.it\/fr\/le-label-bio-friendly-est-ne-parce-que-vous-meritez-le-meilleur-notamment-a-table#breadcrumb\",\"itemListElement\":[{\"@type\":\"ListItem\",\"position\":1,\"name\":\"Home\",\"item\":\"https:\/\/www.italyfamilyhotels.it\/fr\"},{\"@type\":\"ListItem\",\"position\":2,\"name\":\"Le label \u00ab\u00a0Bio Friendly\u00a0\u00bb est n\u00e9 parce que vous m\u00e9ritez le meilleur, notamment \u00e0 table\"}]},{\"@type\":\"WebSite\",\"@id\":\"https:\/\/www.italyfamilyhotels.it\/#website\",\"url\":\"https:\/\/www.italyfamilyhotels.it\/\",\"name\":\"Italy Family Hotels\",\"description\":\"\",\"potentialAction\":[{\"@type\":\"SearchAction\",\"target\":{\"@type\":\"EntryPoint\",\"urlTemplate\":\"https:\/\/www.italyfamilyhotels.it\/?s={search_term_string}\"},\"query-input\":{\"@type\":\"PropertyValueSpecification\",\"valueRequired\":true,\"valueName\":\"search_term_string\"}}],\"inLanguage\":\"fr-FR\"}]}<\/script>\n<!-- \/ Yoast SEO plugin. -->","yoast_head_json":{"title":"Le meilleur \u00e0 table\u00a0: la marque Bio Friendly de Italy Family Hotels","description":"D\u00e9couvrez les h\u00f4tels certifi\u00e9s Bio-friendly d'Italy Family Hotels\u00a0! Pour des vacances saines \u00e0 table, avec la qualit\u00e9 de produits biologiques","robots":{"index":"index","follow":"follow","max-snippet":"max-snippet:-1","max-image-preview":"max-image-preview:large","max-video-preview":"max-video-preview:-1"},"canonical":"https:\/\/www.italyfamilyhotels.it\/fr\/le-label-bio-friendly-est-ne-parce-que-vous-meritez-le-meilleur-notamment-a-table","og_locale":"fr_FR","og_type":"article","og_title":"Le meilleur \u00e0 table\u00a0: la marque Bio Friendly de Italy Family Hotels","og_description":"D\u00e9couvrez les h\u00f4tels certifi\u00e9s Bio-friendly d'Italy Family Hotels\u00a0! Pour des vacances saines \u00e0 table, avec la qualit\u00e9 de produits biologiques","og_url":"https:\/\/www.italyfamilyhotels.it\/fr\/le-label-bio-friendly-est-ne-parce-que-vous-meritez-le-meilleur-notamment-a-table","og_site_name":"Italy Family Hotels","article_publisher":"https:\/\/www.facebook.com\/ItalyFamilyHotels\/","article_modified_time":"2023-01-25T13:00:30+00:00","og_image":[{"url":"https:\/\/www.italyfamilyhotels.it\/wp-content\/uploads\/2016\/06\/biofriendly_small.png","type":"","width":"","height":""}],"twitter_card":"summary_large_image","twitter_misc":{"Dur\u00e9e de lecture estim\u00e9e":"1 minute"},"schema":{"@context":"https:\/\/schema.org","@graph":[{"@type":"WebPage","@id":"https:\/\/www.italyfamilyhotels.it\/fr\/le-label-bio-friendly-est-ne-parce-que-vous-meritez-le-meilleur-notamment-a-table","url":"https:\/\/www.italyfamilyhotels.it\/fr\/le-label-bio-friendly-est-ne-parce-que-vous-meritez-le-meilleur-notamment-a-table","name":"Le meilleur \u00e0 table\u00a0: la marque Bio Friendly de Italy Family Hotels","isPartOf":{"@id":"https:\/\/www.italyfamilyhotels.it\/#website"},"primaryImageOfPage":{"@id":"https:\/\/www.italyfamilyhotels.it\/fr\/le-label-bio-friendly-est-ne-parce-que-vous-meritez-le-meilleur-notamment-a-table#primaryimage"},"image":{"@id":"https:\/\/www.italyfamilyhotels.it\/fr\/le-label-bio-friendly-est-ne-parce-que-vous-meritez-le-meilleur-notamment-a-table#primaryimage"},"thumbnailUrl":"https:\/\/www.italyfamilyhotels.it\/wp-content\/uploads\/2016\/06\/biofriendly_small.png","datePublished":"2023-01-23T13:01:31+00:00","dateModified":"2023-01-25T13:00:30+00:00","description":"D\u00e9couvrez les h\u00f4tels certifi\u00e9s Bio-friendly d'Italy Family Hotels\u00a0! Pour des vacances saines \u00e0 table, avec la qualit\u00e9 de produits biologiques","breadcrumb":{"@id":"https:\/\/www.italyfamilyhotels.it\/fr\/le-label-bio-friendly-est-ne-parce-que-vous-meritez-le-meilleur-notamment-a-table#breadcrumb"},"inLanguage":"fr-FR","potentialAction":[{"@type":"ReadAction","target":["https:\/\/www.italyfamilyhotels.it\/fr\/le-label-bio-friendly-est-ne-parce-que-vous-meritez-le-meilleur-notamment-a-table"]}]},{"@type":"ImageObject","inLanguage":"fr-FR","@id":"https:\/\/www.italyfamilyhotels.it\/fr\/le-label-bio-friendly-est-ne-parce-que-vous-meritez-le-meilleur-notamment-a-table#primaryimage","url":"https:\/\/www.italyfamilyhotels.it\/wp-content\/uploads\/2016\/06\/biofriendly_small.png","contentUrl":"https:\/\/www.italyfamilyhotels.it\/wp-content\/uploads\/2016\/06\/biofriendly_small.png"},{"@type":"BreadcrumbList","@id":"https:\/\/www.italyfamilyhotels.it\/fr\/le-label-bio-friendly-est-ne-parce-que-vous-meritez-le-meilleur-notamment-a-table#breadcrumb","itemListElement":[{"@type":"ListItem","position":1,"name":"Home","item":"https:\/\/www.italyfamilyhotels.it\/fr"},{"@type":"ListItem","position":2,"name":"Le label \u00ab\u00a0Bio Friendly\u00a0\u00bb est n\u00e9 parce que vous m\u00e9ritez le meilleur, notamment \u00e0 table"}]},{"@type":"WebSite","@id":"https:\/\/www.italyfamilyhotels.it\/#website","url":"https:\/\/www.italyfamilyhotels.it\/","name":"Italy Family Hotels","description":"","potentialAction":[{"@type":"SearchAction","target":{"@type":"EntryPoint","urlTemplate":"https:\/\/www.italyfamilyhotels.it\/?s={search_term_string}"},"query-input":{"@type":"PropertyValueSpecification","valueRequired":true,"valueName":"search_term_string"}}],"inLanguage":"fr-FR"}]}},"_links":{"self":[{"href":"https:\/\/www.italyfamilyhotels.it\/fr\/wp-json\/wp\/v2\/pages\/43325","targetHints":{"allow":["GET"]}}],"collection":[{"href":"https:\/\/www.italyfamilyhotels.it\/fr\/wp-json\/wp\/v2\/pages"}],"about":[{"href":"https:\/\/www.italyfamilyhotels.it\/fr\/wp-json\/wp\/v2\/types\/page"}],"author":[{"embeddable":true,"href":"https:\/\/www.italyfamilyhotels.it\/fr\/wp-json\/wp\/v2\/users\/2"}],"replies":[{"embeddable":true,"href":"https:\/\/www.italyfamilyhotels.it\/fr\/wp-json\/wp\/v2\/comments?post=43325"}],"version-history":[{"count":2,"href":"https:\/\/www.italyfamilyhotels.it\/fr\/wp-json\/wp\/v2\/pages\/43325\/revisions"}],"predecessor-version":[{"id":43518,"href":"https:\/\/www.italyfamilyhotels.it\/fr\/wp-json\/wp\/v2\/pages\/43325\/revisions\/43518"}],"wp:attachment":[{"href":"https:\/\/www.italyfamilyhotels.it\/fr\/wp-json\/wp\/v2\/media?parent=43325"}],"curies":[{"name":"wp","href":"https:\/\/api.w.org\/{rel}","templated":true}]}}