{"id":43306,"date":"2023-01-23T13:56:06","date_gmt":"2023-01-23T12:56:06","guid":{"rendered":"https:\/\/www.italyfamilyhotels.it\/hotels\/hotel-arnika"},"modified":"2025-07-09T09:38:54","modified_gmt":"2025-07-09T07:38:54","slug":"hotel-arnika-2","status":"publish","type":"page","link":"https:\/\/www.italyfamilyhotels.it\/fr\/hotels\/hotel-arnika-2","title":{"rendered":"H\u00f4tel Arnika"},"content":{"rendered":"\n<p>\u00ab\u00a0Deuxi\u00e8me \u00e9toile \u00e0 droite&#8230; Et puis tout droit jusqu&#8217;au matin\u00a0\u00bb, selon Peter Pan, telle est la direction \u00e0 suivre pour se rendre sur l\u2019\u00cele imaginaire. Et maintenant voici les indications pour vous rendre sur notre \u00eele, laquelle n\u2019est pas du tout imaginaire\u00a0: vous nous trouverez immerg\u00e9s dans la nature, parmi les parfums et la verdure du <b>Col de San Pellegrino<\/b>, entour\u00e9 par les fantastiques <b>Dolomites<\/b>, directement sur les <b>pistes de ski du domaine skiable de San Pellegrino<\/b> et <b>\u00e0 12 km du centre de Moena<\/b>. Ici, \u00e0 l\u2019<b>H\u00f4tel Arnika <\/b>de <b>Moena<\/b>, passez des vacances de r\u00eave, comme si vous \u00e9tiez dans un conte de f\u00e9es, accompagn\u00e9s des meilleurs <b>services familiaux<\/b>.<\/p>\n\n\n\n<p>Notre <b>personnel d&#8217;animation <\/b>accueille les enfants et adolescents (\u00e0 partir de 4 ans) dans une <b>salle de jeux de 180 m\u00b2<\/b> avec une <b>grande aire de jeux<\/b> appel\u00e9e <b>\u00ab\u00a0La for\u00eat enchant\u00e9e\u00a0\u00bb<\/b>, o\u00f9 vous pourrez vous amuser avec des activit\u00e9s fantastiques, divis\u00e9es en groupes d&#8217;\u00e2ge. Nous organisons \u00e9galement des <b>laboratoires <\/b>pour apprendre \u00e0 conna\u00eetre et \u00e0 aborder les <b>animaux<\/b>, ainsi que des <b>excursions avec un guide de montagne<\/b>, \u00e0 la d\u00e9couverte de la nature parmi les sentiers du Col de San Pellegrino. De plus, chez nous, vous pourrez \u00e9galement louer des poussettes de trekking\u00a0!<\/p>\n\n\n\n<p>Ici le bien-\u00eatre est une chose s\u00e9rieuse\u00a0! Vous trouverez une <b>piscine chauff\u00e9e<\/b> ouverte \u00e0 tous avec baie vitr\u00e9e surplombant le Col Margherita, et surveill\u00e9e par des sauveteurs pour que papa et maman profitent de quelques instants en couple dans notre <b>centre thermal \u00ab\u00a0La Dolce Vita\u00a0\u00bb<\/b>. \u00c0 l&#8217;int\u00e9rieur, vous trouverez un puits d&#8217;immersion avec de l&#8217;eau froide, un parcours Kneipp, un bain turc, des douches \u00e9motionnelles et 3 saunas diff\u00e9rents. Et qui a dit que seuls les adultes devaient se d\u00e9tendre\u00a0? Chez nous, les enfants peuvent acc\u00e9der \u00e0 la <b>grotte de sel<\/b>, une cabine de bien-\u00eatre enti\u00e8rement tapiss\u00e9e de sel naturel, b\u00e9n\u00e9fique pour les voies respiratoires et purifiant la peau.<\/p>\n\n\n\n<p>Nous aimons pr\u00e9server la beaut\u00e9 qui nous entoure, c&#8217;est pourquoi nous embrassons la<b> philosophie \u00e9co-verte<\/b> et cherchons \u00e0 faire des <b>\u00e9conomies d&#8217;\u00e9nergie<\/b> gr\u00e2ce aux <b>sources d&#8217;\u00e9nergie renouvelables<\/b> et \u00e0 <b>deux chargeurs de voiture \u00e9lectrique<\/b> \u00e0 disposition.<\/p>\n\n\n\n<p>Ici, vos <b>amis \u00e0 quatre pattes<\/b> sont \u00e9galement les bienvenus, et trouveront dans la chambre deux bols pour l&#8217;eau et la nourriture et une couchette moelleuse pour leurs siestes.<\/p>\n","protected":false},"excerpt":{"rendered":"<p>\u00ab\u00a0Deuxi\u00e8me \u00e9toile \u00e0 droite&#8230; Et puis tout droit jusqu&#8217;au matin\u00a0\u00bb, selon Peter Pan, telle est la direction \u00e0 suivre pour se rendre sur l\u2019\u00cele imaginaire. Et maintenant voici les indications pour vous rendre sur notre \u00eele, laquelle n\u2019est pas du tout imaginaire\u00a0: vous nous trouverez immerg\u00e9s dans la nature, parmi les parfums et la verdure &hellip;<\/p>\n","protected":false},"author":160,"featured_media":0,"parent":29729,"menu_order":0,"comment_status":"closed","ping_status":"closed","template":"page-templates\/scheda_hotel.php","meta":{"_acf_changed":false,"inline_featured_image":false,"footnotes":""},"class_list":["post-43306","page","type-page","status-publish","hentry"],"acf":[],"yoast_head":"<!-- This site is optimized with the Yoast SEO plugin v27.1 - https:\/\/yoast.com\/product\/yoast-seo-wordpress\/ -->\n<title>Hotel Arnika 3 \u00e9toiles Superior, Moena<\/title>\n<meta name=\"description\" content=\"Envie de vacances en famille\u00a0? D\u00e9couvrez les offres pour familles de l&#039;H\u00f4tel Arnika \u00e0 Moena\" \/>\n<meta name=\"robots\" content=\"index, follow, max-snippet:-1, max-image-preview:large, max-video-preview:-1\" \/>\n<link rel=\"canonical\" href=\"https:\/\/www.italyfamilyhotels.it\/fr\/hotels\/hotel-arnika-2\" \/>\n<meta property=\"og:locale\" content=\"fr_FR\" \/>\n<meta property=\"og:type\" content=\"article\" \/>\n<meta property=\"og:title\" content=\"Hotel Arnika 3 \u00e9toiles Superior, Moena\" \/>\n<meta property=\"og:description\" content=\"Envie de vacances en famille\u00a0? D\u00e9couvrez les offres pour familles de l&#039;H\u00f4tel Arnika \u00e0 Moena\" \/>\n<meta property=\"og:url\" content=\"https:\/\/www.italyfamilyhotels.it\/fr\/hotels\/hotel-arnika-2\" \/>\n<meta property=\"og:site_name\" content=\"Italy Family Hotels\" \/>\n<meta property=\"article:publisher\" content=\"https:\/\/www.facebook.com\/ItalyFamilyHotels\/\" \/>\n<meta property=\"article:modified_time\" content=\"2025-07-09T07:38:54+00:00\" \/>\n<meta name=\"twitter:card\" content=\"summary_large_image\" \/>\n<meta name=\"twitter:label1\" content=\"Dur\u00e9e de lecture estim\u00e9e\" \/>\n\t<meta name=\"twitter:data1\" content=\"2 minutes\" \/>\n<script type=\"application\/ld+json\" class=\"yoast-schema-graph\">{\"@context\":\"https:\/\/schema.org\",\"@graph\":[{\"@type\":\"WebPage\",\"@id\":\"https:\/\/www.italyfamilyhotels.it\/fr\/hotels\/hotel-arnika-2\",\"url\":\"https:\/\/www.italyfamilyhotels.it\/fr\/hotels\/hotel-arnika-2\",\"name\":\"Hotel Arnika 3 \u00e9toiles Superior, Moena\",\"isPartOf\":{\"@id\":\"https:\/\/www.italyfamilyhotels.it\/#website\"},\"datePublished\":\"2023-01-23T12:56:06+00:00\",\"dateModified\":\"2025-07-09T07:38:54+00:00\",\"description\":\"Envie de vacances en famille\u00a0? D\u00e9couvrez les offres pour familles de l'H\u00f4tel Arnika \u00e0 Moena\",\"breadcrumb\":{\"@id\":\"https:\/\/www.italyfamilyhotels.it\/fr\/hotels\/hotel-arnika-2#breadcrumb\"},\"inLanguage\":\"fr-FR\",\"potentialAction\":[{\"@type\":\"ReadAction\",\"target\":[\"https:\/\/www.italyfamilyhotels.it\/fr\/hotels\/hotel-arnika-2\"]}]},{\"@type\":\"BreadcrumbList\",\"@id\":\"https:\/\/www.italyfamilyhotels.it\/fr\/hotels\/hotel-arnika-2#breadcrumb\",\"itemListElement\":[{\"@type\":\"ListItem\",\"position\":1,\"name\":\"Home\",\"item\":\"https:\/\/www.italyfamilyhotels.it\/fr\"},{\"@type\":\"ListItem\",\"position\":2,\"name\":\"Family Hotels\",\"item\":\"https:\/\/www.italyfamilyhotels.it\/fr\/hotels\"},{\"@type\":\"ListItem\",\"position\":3,\"name\":\"H\u00f4tel Arnika\"}]},{\"@type\":\"WebSite\",\"@id\":\"https:\/\/www.italyfamilyhotels.it\/#website\",\"url\":\"https:\/\/www.italyfamilyhotels.it\/\",\"name\":\"Italy Family Hotels\",\"description\":\"\",\"potentialAction\":[{\"@type\":\"SearchAction\",\"target\":{\"@type\":\"EntryPoint\",\"urlTemplate\":\"https:\/\/www.italyfamilyhotels.it\/?s={search_term_string}\"},\"query-input\":{\"@type\":\"PropertyValueSpecification\",\"valueRequired\":true,\"valueName\":\"search_term_string\"}}],\"inLanguage\":\"fr-FR\"}]}<\/script>\n<!-- \/ Yoast SEO plugin. -->","yoast_head_json":{"title":"Hotel Arnika 3 \u00e9toiles Superior, Moena","description":"Envie de vacances en famille\u00a0? D\u00e9couvrez les offres pour familles de l'H\u00f4tel Arnika \u00e0 Moena","robots":{"index":"index","follow":"follow","max-snippet":"max-snippet:-1","max-image-preview":"max-image-preview:large","max-video-preview":"max-video-preview:-1"},"canonical":"https:\/\/www.italyfamilyhotels.it\/fr\/hotels\/hotel-arnika-2","og_locale":"fr_FR","og_type":"article","og_title":"Hotel Arnika 3 \u00e9toiles Superior, Moena","og_description":"Envie de vacances en famille\u00a0? D\u00e9couvrez les offres pour familles de l'H\u00f4tel Arnika \u00e0 Moena","og_url":"https:\/\/www.italyfamilyhotels.it\/fr\/hotels\/hotel-arnika-2","og_site_name":"Italy Family Hotels","article_publisher":"https:\/\/www.facebook.com\/ItalyFamilyHotels\/","article_modified_time":"2025-07-09T07:38:54+00:00","twitter_card":"summary_large_image","twitter_misc":{"Dur\u00e9e de lecture estim\u00e9e":"2 minutes"},"schema":{"@context":"https:\/\/schema.org","@graph":[{"@type":"WebPage","@id":"https:\/\/www.italyfamilyhotels.it\/fr\/hotels\/hotel-arnika-2","url":"https:\/\/www.italyfamilyhotels.it\/fr\/hotels\/hotel-arnika-2","name":"Hotel Arnika 3 \u00e9toiles Superior, Moena","isPartOf":{"@id":"https:\/\/www.italyfamilyhotels.it\/#website"},"datePublished":"2023-01-23T12:56:06+00:00","dateModified":"2025-07-09T07:38:54+00:00","description":"Envie de vacances en famille\u00a0? D\u00e9couvrez les offres pour familles de l'H\u00f4tel Arnika \u00e0 Moena","breadcrumb":{"@id":"https:\/\/www.italyfamilyhotels.it\/fr\/hotels\/hotel-arnika-2#breadcrumb"},"inLanguage":"fr-FR","potentialAction":[{"@type":"ReadAction","target":["https:\/\/www.italyfamilyhotels.it\/fr\/hotels\/hotel-arnika-2"]}]},{"@type":"BreadcrumbList","@id":"https:\/\/www.italyfamilyhotels.it\/fr\/hotels\/hotel-arnika-2#breadcrumb","itemListElement":[{"@type":"ListItem","position":1,"name":"Home","item":"https:\/\/www.italyfamilyhotels.it\/fr"},{"@type":"ListItem","position":2,"name":"Family Hotels","item":"https:\/\/www.italyfamilyhotels.it\/fr\/hotels"},{"@type":"ListItem","position":3,"name":"H\u00f4tel Arnika"}]},{"@type":"WebSite","@id":"https:\/\/www.italyfamilyhotels.it\/#website","url":"https:\/\/www.italyfamilyhotels.it\/","name":"Italy Family Hotels","description":"","potentialAction":[{"@type":"SearchAction","target":{"@type":"EntryPoint","urlTemplate":"https:\/\/www.italyfamilyhotels.it\/?s={search_term_string}"},"query-input":{"@type":"PropertyValueSpecification","valueRequired":true,"valueName":"search_term_string"}}],"inLanguage":"fr-FR"}]}},"_links":{"self":[{"href":"https:\/\/www.italyfamilyhotels.it\/fr\/wp-json\/wp\/v2\/pages\/43306","targetHints":{"allow":["GET"]}}],"collection":[{"href":"https:\/\/www.italyfamilyhotels.it\/fr\/wp-json\/wp\/v2\/pages"}],"about":[{"href":"https:\/\/www.italyfamilyhotels.it\/fr\/wp-json\/wp\/v2\/types\/page"}],"author":[{"embeddable":true,"href":"https:\/\/www.italyfamilyhotels.it\/fr\/wp-json\/wp\/v2\/users\/160"}],"replies":[{"embeddable":true,"href":"https:\/\/www.italyfamilyhotels.it\/fr\/wp-json\/wp\/v2\/comments?post=43306"}],"version-history":[{"count":5,"href":"https:\/\/www.italyfamilyhotels.it\/fr\/wp-json\/wp\/v2\/pages\/43306\/revisions"}],"predecessor-version":[{"id":70595,"href":"https:\/\/www.italyfamilyhotels.it\/fr\/wp-json\/wp\/v2\/pages\/43306\/revisions\/70595"}],"up":[{"embeddable":true,"href":"https:\/\/www.italyfamilyhotels.it\/fr\/wp-json\/wp\/v2\/pages\/29729"}],"wp:attachment":[{"href":"https:\/\/www.italyfamilyhotels.it\/fr\/wp-json\/wp\/v2\/media?parent=43306"}],"curies":[{"name":"wp","href":"https:\/\/api.w.org\/{rel}","templated":true}]}}