{"id":43302,"date":"2023-01-23T13:55:32","date_gmt":"2023-01-23T12:55:32","guid":{"rendered":"https:\/\/www.italyfamilyhotels.it\/hotels\/color-palace-lido-family-village"},"modified":"2023-01-23T13:57:54","modified_gmt":"2023-01-23T12:57:54","slug":"color-palace-lido-family-village","status":"publish","type":"page","link":"https:\/\/www.italyfamilyhotels.it\/fr\/hotels\/color-palace-lido-family-village","title":{"rendered":"Color Palace Lido Family Village"},"content":{"rendered":"\n<p>Nous vous accueillons au royaume de la d\u00e9tente et du plaisir\u00a0: le <b>Color Palace Lido Family Village<\/b>. Ici, tout est pens\u00e9 pour le repos des adultes et le divertissement des enfants, parmi tant d&#8217;autres<b> services familiaux <\/b>et une position enviable, <b>directement sur la plage priv\u00e9e<\/b>, accessible sans traverser de route.<\/p>\n\n\n\n<p>Ici, vous trouverez une fantastique <b>piscine chauff\u00e9e \u00e0 24\u00a0\u00b0C<\/b> avec service de sauveteur toujours actif, un <b>jacuzzi<\/b> et un <b>espace solarium<\/b>, entour\u00e9 de fleurs et de haies vertes.<\/p>\n\n\n\n<p>Et que dire des <b>animations 7 jours sur 7<\/b> divis\u00e9es par groupes d&#8217;\u00e2ge\u00a0? Les journ\u00e9es des enfants <b>\u00e0 partir de 4 ans<\/b> et, s&#8217;ils le veulent, \u00e9galement de maman et papa, sont remplies de <b>super activit\u00e9s<\/b>\u00a0: aquagym<b> <\/b>sur la plage, danses de groupe, musculation, jeux ap\u00e9ro, tournois de cartes, sports et \u00e9v\u00e8nements sp\u00e9ciaux. Et le soir\u00a0? Baby Dance, Color Show et Danse sous les \u00e9toiles.<\/p>\n\n\n\n<p>Une chose est s\u00fbre, ici, on ne s&#8217;arr\u00eate jamais de manger (ni de boire)\u00a0! Nous vous disons bonjour avec un super petit-d\u00e9jeuner plein de mets d\u00e9licieux, puis continuons la journ\u00e9e entre <b>boissons gratuites<\/b>, <b>Coco snack<\/b> &#8211; le go\u00fbter des enfants \u00e0 emporter tous les jours \u00e0 la plage -, <b>ap\u00e9ritifs<\/b>, <b>d\u00e9jeuner et d\u00eener avec Grill Corner<\/b>, <b>Food Corner<\/b> l&#8217;apr\u00e8s-midi avec des mets sucr\u00e9s et sal\u00e9s, le <b>Buonanotte Coco<\/b> &#8211; avec tisanes pour adultes, lait chaud et biscuits pour enfants &#8211; et <b>cocktails gratuits<\/b> de 20h00 \u00e0 00h00 pour les adultes.<\/p>\n\n\n\n<p>Dans la chambre, \u00e9videmment, vous trouverez les accessoires n\u00e9cessaires au soin des enfants tels que <b>barri\u00e8res de lit, berceaux, chauffe-biberons, tables \u00e0 langer<\/b>.<\/p>\n","protected":false},"excerpt":{"rendered":"<p>Nous vous accueillons au royaume de la d\u00e9tente et du plaisir\u00a0: le Color Palace Lido Family Village. Ici, tout est pens\u00e9 pour le repos des adultes et le divertissement des enfants, parmi tant d&#8217;autres services familiaux et une position enviable, directement sur la plage priv\u00e9e, accessible sans traverser de route. Ici, vous trouverez une fantastique &hellip;<\/p>\n","protected":false},"author":165,"featured_media":0,"parent":29729,"menu_order":0,"comment_status":"closed","ping_status":"closed","template":"page-templates\/scheda_hotel.php","meta":{"_acf_changed":false,"inline_featured_image":false,"footnotes":""},"class_list":["post-43302","page","type-page","status-publish","hentry"],"acf":[],"yoast_head":"<!-- This site is optimized with the Yoast SEO plugin v27.1 - https:\/\/yoast.com\/product\/yoast-seo-wordpress\/ -->\n<title>Color Palace Lido Family Village 4 \u00e9toiles, Lido di Savio<\/title>\n<meta name=\"description\" content=\"Envie de vacances en famille\u00a0? D\u00e9couvrez les offres pour les familles du Color Palace Lido Family Village \u00e0 Lido di Savio\" \/>\n<meta name=\"robots\" content=\"index, follow, max-snippet:-1, max-image-preview:large, max-video-preview:-1\" \/>\n<link rel=\"canonical\" href=\"https:\/\/www.italyfamilyhotels.it\/fr\/hotels\/color-palace-lido-family-village\" \/>\n<meta property=\"og:locale\" content=\"fr_FR\" \/>\n<meta property=\"og:type\" content=\"article\" \/>\n<meta property=\"og:title\" content=\"Color Palace Lido Family Village 4 \u00e9toiles, Lido di Savio\" \/>\n<meta property=\"og:description\" content=\"Envie de vacances en famille\u00a0? D\u00e9couvrez les offres pour les familles du Color Palace Lido Family Village \u00e0 Lido di Savio\" \/>\n<meta property=\"og:url\" content=\"https:\/\/www.italyfamilyhotels.it\/fr\/hotels\/color-palace-lido-family-village\" \/>\n<meta property=\"og:site_name\" content=\"Italy Family Hotels\" \/>\n<meta property=\"article:publisher\" content=\"https:\/\/www.facebook.com\/ItalyFamilyHotels\/\" \/>\n<meta property=\"article:modified_time\" content=\"2023-01-23T12:57:54+00:00\" \/>\n<meta name=\"twitter:card\" content=\"summary_large_image\" \/>\n<meta name=\"twitter:label1\" content=\"Dur\u00e9e de lecture estim\u00e9e\" \/>\n\t<meta name=\"twitter:data1\" content=\"1 minute\" \/>\n<script type=\"application\/ld+json\" class=\"yoast-schema-graph\">{\"@context\":\"https:\/\/schema.org\",\"@graph\":[{\"@type\":\"WebPage\",\"@id\":\"https:\/\/www.italyfamilyhotels.it\/fr\/hotels\/color-palace-lido-family-village\",\"url\":\"https:\/\/www.italyfamilyhotels.it\/fr\/hotels\/color-palace-lido-family-village\",\"name\":\"Color Palace Lido Family Village 4 \u00e9toiles, Lido di Savio\",\"isPartOf\":{\"@id\":\"https:\/\/www.italyfamilyhotels.it\/#website\"},\"datePublished\":\"2023-01-23T12:55:32+00:00\",\"dateModified\":\"2023-01-23T12:57:54+00:00\",\"description\":\"Envie de vacances en famille\u00a0? D\u00e9couvrez les offres pour les familles du Color Palace Lido Family Village \u00e0 Lido di Savio\",\"breadcrumb\":{\"@id\":\"https:\/\/www.italyfamilyhotels.it\/fr\/hotels\/color-palace-lido-family-village#breadcrumb\"},\"inLanguage\":\"fr-FR\",\"potentialAction\":[{\"@type\":\"ReadAction\",\"target\":[\"https:\/\/www.italyfamilyhotels.it\/fr\/hotels\/color-palace-lido-family-village\"]}]},{\"@type\":\"BreadcrumbList\",\"@id\":\"https:\/\/www.italyfamilyhotels.it\/fr\/hotels\/color-palace-lido-family-village#breadcrumb\",\"itemListElement\":[{\"@type\":\"ListItem\",\"position\":1,\"name\":\"Home\",\"item\":\"https:\/\/www.italyfamilyhotels.it\/fr\"},{\"@type\":\"ListItem\",\"position\":2,\"name\":\"Family Hotels\",\"item\":\"https:\/\/www.italyfamilyhotels.it\/fr\/hotels\"},{\"@type\":\"ListItem\",\"position\":3,\"name\":\"Color Palace Lido Family Village\"}]},{\"@type\":\"WebSite\",\"@id\":\"https:\/\/www.italyfamilyhotels.it\/#website\",\"url\":\"https:\/\/www.italyfamilyhotels.it\/\",\"name\":\"Italy Family Hotels\",\"description\":\"\",\"potentialAction\":[{\"@type\":\"SearchAction\",\"target\":{\"@type\":\"EntryPoint\",\"urlTemplate\":\"https:\/\/www.italyfamilyhotels.it\/?s={search_term_string}\"},\"query-input\":{\"@type\":\"PropertyValueSpecification\",\"valueRequired\":true,\"valueName\":\"search_term_string\"}}],\"inLanguage\":\"fr-FR\"}]}<\/script>\n<!-- \/ Yoast SEO plugin. -->","yoast_head_json":{"title":"Color Palace Lido Family Village 4 \u00e9toiles, Lido di Savio","description":"Envie de vacances en famille\u00a0? D\u00e9couvrez les offres pour les familles du Color Palace Lido Family Village \u00e0 Lido di Savio","robots":{"index":"index","follow":"follow","max-snippet":"max-snippet:-1","max-image-preview":"max-image-preview:large","max-video-preview":"max-video-preview:-1"},"canonical":"https:\/\/www.italyfamilyhotels.it\/fr\/hotels\/color-palace-lido-family-village","og_locale":"fr_FR","og_type":"article","og_title":"Color Palace Lido Family Village 4 \u00e9toiles, Lido di Savio","og_description":"Envie de vacances en famille\u00a0? D\u00e9couvrez les offres pour les familles du Color Palace Lido Family Village \u00e0 Lido di Savio","og_url":"https:\/\/www.italyfamilyhotels.it\/fr\/hotels\/color-palace-lido-family-village","og_site_name":"Italy Family Hotels","article_publisher":"https:\/\/www.facebook.com\/ItalyFamilyHotels\/","article_modified_time":"2023-01-23T12:57:54+00:00","twitter_card":"summary_large_image","twitter_misc":{"Dur\u00e9e de lecture estim\u00e9e":"1 minute"},"schema":{"@context":"https:\/\/schema.org","@graph":[{"@type":"WebPage","@id":"https:\/\/www.italyfamilyhotels.it\/fr\/hotels\/color-palace-lido-family-village","url":"https:\/\/www.italyfamilyhotels.it\/fr\/hotels\/color-palace-lido-family-village","name":"Color Palace Lido Family Village 4 \u00e9toiles, Lido di Savio","isPartOf":{"@id":"https:\/\/www.italyfamilyhotels.it\/#website"},"datePublished":"2023-01-23T12:55:32+00:00","dateModified":"2023-01-23T12:57:54+00:00","description":"Envie de vacances en famille\u00a0? D\u00e9couvrez les offres pour les familles du Color Palace Lido Family Village \u00e0 Lido di Savio","breadcrumb":{"@id":"https:\/\/www.italyfamilyhotels.it\/fr\/hotels\/color-palace-lido-family-village#breadcrumb"},"inLanguage":"fr-FR","potentialAction":[{"@type":"ReadAction","target":["https:\/\/www.italyfamilyhotels.it\/fr\/hotels\/color-palace-lido-family-village"]}]},{"@type":"BreadcrumbList","@id":"https:\/\/www.italyfamilyhotels.it\/fr\/hotels\/color-palace-lido-family-village#breadcrumb","itemListElement":[{"@type":"ListItem","position":1,"name":"Home","item":"https:\/\/www.italyfamilyhotels.it\/fr"},{"@type":"ListItem","position":2,"name":"Family Hotels","item":"https:\/\/www.italyfamilyhotels.it\/fr\/hotels"},{"@type":"ListItem","position":3,"name":"Color Palace Lido Family Village"}]},{"@type":"WebSite","@id":"https:\/\/www.italyfamilyhotels.it\/#website","url":"https:\/\/www.italyfamilyhotels.it\/","name":"Italy Family Hotels","description":"","potentialAction":[{"@type":"SearchAction","target":{"@type":"EntryPoint","urlTemplate":"https:\/\/www.italyfamilyhotels.it\/?s={search_term_string}"},"query-input":{"@type":"PropertyValueSpecification","valueRequired":true,"valueName":"search_term_string"}}],"inLanguage":"fr-FR"}]}},"_links":{"self":[{"href":"https:\/\/www.italyfamilyhotels.it\/fr\/wp-json\/wp\/v2\/pages\/43302","targetHints":{"allow":["GET"]}}],"collection":[{"href":"https:\/\/www.italyfamilyhotels.it\/fr\/wp-json\/wp\/v2\/pages"}],"about":[{"href":"https:\/\/www.italyfamilyhotels.it\/fr\/wp-json\/wp\/v2\/types\/page"}],"author":[{"embeddable":true,"href":"https:\/\/www.italyfamilyhotels.it\/fr\/wp-json\/wp\/v2\/users\/165"}],"replies":[{"embeddable":true,"href":"https:\/\/www.italyfamilyhotels.it\/fr\/wp-json\/wp\/v2\/comments?post=43302"}],"version-history":[{"count":1,"href":"https:\/\/www.italyfamilyhotels.it\/fr\/wp-json\/wp\/v2\/pages\/43302\/revisions"}],"predecessor-version":[{"id":43303,"href":"https:\/\/www.italyfamilyhotels.it\/fr\/wp-json\/wp\/v2\/pages\/43302\/revisions\/43303"}],"up":[{"embeddable":true,"href":"https:\/\/www.italyfamilyhotels.it\/fr\/wp-json\/wp\/v2\/pages\/29729"}],"wp:attachment":[{"href":"https:\/\/www.italyfamilyhotels.it\/fr\/wp-json\/wp\/v2\/media?parent=43302"}],"curies":[{"name":"wp","href":"https:\/\/api.w.org\/{rel}","templated":true}]}}