{"id":43300,"date":"2023-01-23T13:55:06","date_gmt":"2023-01-23T12:55:06","guid":{"rendered":"https:\/\/www.italyfamilyhotels.it\/hotels\/club-family-hotel-riccione"},"modified":"2023-02-07T16:44:22","modified_gmt":"2023-02-07T15:44:22","slug":"club-family-hotel-riccione","status":"publish","type":"page","link":"https:\/\/www.italyfamilyhotels.it\/fr\/hotels\/club-family-hotel-riccione","title":{"rendered":"Club Family Hotel Riccione"},"content":{"rendered":"\n<p>Nous nous trouvons \u00e0 <b>Riccione<\/b>, la patrie du divertissement et de la d\u00e9tente, dans un endroit calme et <b>directement sur la mer<\/b>. Il suffit de penser que pour vous rendre \u00e0 la <b>plage priv\u00e9e<\/b>, il n\u2019est m\u00eame pas n\u00e9cessaire de traverser de routes, enfilez vos tongs et courrez mettre les pieds dans le sable&nbsp;! Ici, au <b>Club Family Hotel Riccione<\/b>, passez de vraies vacances sans soucis, avec d\u2019innombrables services con\u00e7us pour les familles.<\/p>\n\n\n\n<p>Nous avons tout ce dont vous avez besoin pour laisser vos enfants sans voix&nbsp;: <b>animations 7 jours sur 7 <\/b>\u00e0 la plage comme \u00e0 l&#8217;h\u00f4tel, <b>nounous <\/b>pour les tout-petits de 8 mois \u00e0 3 ans, <b>pop-corn<\/b>,<b> barbe \u00e0 papa<\/b>, <b>fontaines de chocolat<\/b>, coin jeux pour enfants avec <b>masques de r\u00e9alit\u00e9 virtuelle <\/b>et <b>Playstation 5<\/b>, mais \u00e9galement notre <b>Gommonland Park <\/b>dans le jardin avec des structures gonflables color\u00e9es. Mais la cerise sur le g\u00e2teau est d\u00e9finitivement notre super <b>piscine chauff\u00e9e \u00e0 28&nbsp;\u00b0C <\/b>avec <b>toboggans pour enfants&nbsp;<\/b>!<\/p>\n\n\n\n<p>Maman, papa, c\u2019est nous qui nous occupons des petits avec plein d&#8217;activit\u00e9s, pour que vous profitiez de quelques instants de d\u00e9tente bien m\u00e9rit\u00e9s, ou que vous d\u00e9cidiez de vous divertir avec nous entre s\u00e9ance de <b>tonification musculaire<\/b>, <b>aquagym<\/b>, <b>danses de groupe<\/b>, <b>jeux olympiques <\/b>et <b>tournois sportifs<\/b>.<\/p>\n\n\n\n<p>Pour vous permettre de voyager l\u00e9ger, vous trouverez \u00e0 l&#8217;h\u00f4tel tout le n\u00e9cessaire pour vos enfants comme des <b>barri\u00e8res lat\u00e9rales, berceaux, chauffe-biberons, tables \u00e0 langer<\/b> et <b>r\u00e9ducteurs WC<\/b>, du lundi au vendredi, notre <b>p\u00e9diatre <\/b>est \u00e0 votre disposition en cas de besoin.<\/p>\n\n\n\n<p>Envie de vacances&nbsp;? Ne vous inqui\u00e9tez pas, vous trouverez notre <b>Open Bar h24 sans limites<\/b>, \u00e0 l&#8217;h\u00f4tel, au bord de la piscine et sur la plage avec caf\u00e9t\u00e9ria, avec boissons non alcoolis\u00e9es, 6 jus de fruits naturels et bi\u00e8re pression, puis, gr\u00e2ce \u00e0 notre gourde&nbsp;<b>Drinky<\/b>, vous pouvez emporter vos boissons pr\u00e9f\u00e9r\u00e9es partout o\u00f9 vous le voulez.<\/p>\n\n\n\n<p>Tu connais la nouveaut\u00e9 ? Pendant tout l&#8217;\u00e9t\u00e9,<strong> avec un s\u00e9jour minimum de 6 nuits, nous offrons \u00e0 toute ta famille les billets pour Mirabilandia<\/strong>, le parc d&#8217;attractions le plus c\u00e9l\u00e8bre de Romagne!<\/p>\n","protected":false},"excerpt":{"rendered":"<p>Nous nous trouvons \u00e0 Riccione, la patrie du divertissement et de la d\u00e9tente, dans un endroit calme et directement sur la mer. Il suffit de penser que pour vous rendre \u00e0 la plage priv\u00e9e, il n\u2019est m\u00eame pas n\u00e9cessaire de traverser de routes, enfilez vos tongs et courrez mettre les pieds dans le sable&nbsp;! Ici, &hellip;<\/p>\n","protected":false},"author":139,"featured_media":0,"parent":29729,"menu_order":0,"comment_status":"closed","ping_status":"closed","template":"page-templates\/scheda_hotel.php","meta":{"_acf_changed":false,"inline_featured_image":false,"footnotes":""},"class_list":["post-43300","page","type-page","status-publish","hentry"],"acf":[],"yoast_head":"<!-- This site is optimized with the Yoast SEO plugin v27.1 - https:\/\/yoast.com\/product\/yoast-seo-wordpress\/ -->\n<title>Club Family Hotel Riccione 3 \u00e9toiles, Riccione<\/title>\n<meta name=\"description\" content=\"Envie de vacances en famille\u00a0? D\u00e9couvrez les offres pour familles du Club Family Hotel Riccione \u00e0 Riccione\" \/>\n<meta name=\"robots\" content=\"index, follow, max-snippet:-1, max-image-preview:large, max-video-preview:-1\" \/>\n<link rel=\"canonical\" href=\"https:\/\/www.italyfamilyhotels.it\/fr\/hotels\/club-family-hotel-riccione\" \/>\n<meta property=\"og:locale\" content=\"fr_FR\" \/>\n<meta property=\"og:type\" content=\"article\" \/>\n<meta property=\"og:title\" content=\"Club Family Hotel Riccione 3 \u00e9toiles, Riccione\" \/>\n<meta property=\"og:description\" content=\"Envie de vacances en famille\u00a0? D\u00e9couvrez les offres pour familles du Club Family Hotel Riccione \u00e0 Riccione\" \/>\n<meta property=\"og:url\" content=\"https:\/\/www.italyfamilyhotels.it\/fr\/hotels\/club-family-hotel-riccione\" \/>\n<meta property=\"og:site_name\" content=\"Italy Family Hotels\" \/>\n<meta property=\"article:publisher\" content=\"https:\/\/www.facebook.com\/ItalyFamilyHotels\/\" \/>\n<meta property=\"article:modified_time\" content=\"2023-02-07T15:44:22+00:00\" \/>\n<meta name=\"twitter:card\" content=\"summary_large_image\" \/>\n<meta name=\"twitter:label1\" content=\"Dur\u00e9e de lecture estim\u00e9e\" \/>\n\t<meta name=\"twitter:data1\" content=\"2 minutes\" \/>\n<script type=\"application\/ld+json\" class=\"yoast-schema-graph\">{\"@context\":\"https:\/\/schema.org\",\"@graph\":[{\"@type\":\"WebPage\",\"@id\":\"https:\/\/www.italyfamilyhotels.it\/fr\/hotels\/club-family-hotel-riccione\",\"url\":\"https:\/\/www.italyfamilyhotels.it\/fr\/hotels\/club-family-hotel-riccione\",\"name\":\"Club Family Hotel Riccione 3 \u00e9toiles, Riccione\",\"isPartOf\":{\"@id\":\"https:\/\/www.italyfamilyhotels.it\/#website\"},\"datePublished\":\"2023-01-23T12:55:06+00:00\",\"dateModified\":\"2023-02-07T15:44:22+00:00\",\"description\":\"Envie de vacances en famille\u00a0? D\u00e9couvrez les offres pour familles du Club Family Hotel Riccione \u00e0 Riccione\",\"breadcrumb\":{\"@id\":\"https:\/\/www.italyfamilyhotels.it\/fr\/hotels\/club-family-hotel-riccione#breadcrumb\"},\"inLanguage\":\"fr-FR\",\"potentialAction\":[{\"@type\":\"ReadAction\",\"target\":[\"https:\/\/www.italyfamilyhotels.it\/fr\/hotels\/club-family-hotel-riccione\"]}]},{\"@type\":\"BreadcrumbList\",\"@id\":\"https:\/\/www.italyfamilyhotels.it\/fr\/hotels\/club-family-hotel-riccione#breadcrumb\",\"itemListElement\":[{\"@type\":\"ListItem\",\"position\":1,\"name\":\"Home\",\"item\":\"https:\/\/www.italyfamilyhotels.it\/fr\"},{\"@type\":\"ListItem\",\"position\":2,\"name\":\"Family Hotels\",\"item\":\"https:\/\/www.italyfamilyhotels.it\/fr\/hotels\"},{\"@type\":\"ListItem\",\"position\":3,\"name\":\"Club Family Hotel Riccione\"}]},{\"@type\":\"WebSite\",\"@id\":\"https:\/\/www.italyfamilyhotels.it\/#website\",\"url\":\"https:\/\/www.italyfamilyhotels.it\/\",\"name\":\"Italy Family Hotels\",\"description\":\"\",\"potentialAction\":[{\"@type\":\"SearchAction\",\"target\":{\"@type\":\"EntryPoint\",\"urlTemplate\":\"https:\/\/www.italyfamilyhotels.it\/?s={search_term_string}\"},\"query-input\":{\"@type\":\"PropertyValueSpecification\",\"valueRequired\":true,\"valueName\":\"search_term_string\"}}],\"inLanguage\":\"fr-FR\"}]}<\/script>\n<!-- \/ Yoast SEO plugin. -->","yoast_head_json":{"title":"Club Family Hotel Riccione 3 \u00e9toiles, Riccione","description":"Envie de vacances en famille\u00a0? D\u00e9couvrez les offres pour familles du Club Family Hotel Riccione \u00e0 Riccione","robots":{"index":"index","follow":"follow","max-snippet":"max-snippet:-1","max-image-preview":"max-image-preview:large","max-video-preview":"max-video-preview:-1"},"canonical":"https:\/\/www.italyfamilyhotels.it\/fr\/hotels\/club-family-hotel-riccione","og_locale":"fr_FR","og_type":"article","og_title":"Club Family Hotel Riccione 3 \u00e9toiles, Riccione","og_description":"Envie de vacances en famille\u00a0? D\u00e9couvrez les offres pour familles du Club Family Hotel Riccione \u00e0 Riccione","og_url":"https:\/\/www.italyfamilyhotels.it\/fr\/hotels\/club-family-hotel-riccione","og_site_name":"Italy Family Hotels","article_publisher":"https:\/\/www.facebook.com\/ItalyFamilyHotels\/","article_modified_time":"2023-02-07T15:44:22+00:00","twitter_card":"summary_large_image","twitter_misc":{"Dur\u00e9e de lecture estim\u00e9e":"2 minutes"},"schema":{"@context":"https:\/\/schema.org","@graph":[{"@type":"WebPage","@id":"https:\/\/www.italyfamilyhotels.it\/fr\/hotels\/club-family-hotel-riccione","url":"https:\/\/www.italyfamilyhotels.it\/fr\/hotels\/club-family-hotel-riccione","name":"Club Family Hotel Riccione 3 \u00e9toiles, Riccione","isPartOf":{"@id":"https:\/\/www.italyfamilyhotels.it\/#website"},"datePublished":"2023-01-23T12:55:06+00:00","dateModified":"2023-02-07T15:44:22+00:00","description":"Envie de vacances en famille\u00a0? D\u00e9couvrez les offres pour familles du Club Family Hotel Riccione \u00e0 Riccione","breadcrumb":{"@id":"https:\/\/www.italyfamilyhotels.it\/fr\/hotels\/club-family-hotel-riccione#breadcrumb"},"inLanguage":"fr-FR","potentialAction":[{"@type":"ReadAction","target":["https:\/\/www.italyfamilyhotels.it\/fr\/hotels\/club-family-hotel-riccione"]}]},{"@type":"BreadcrumbList","@id":"https:\/\/www.italyfamilyhotels.it\/fr\/hotels\/club-family-hotel-riccione#breadcrumb","itemListElement":[{"@type":"ListItem","position":1,"name":"Home","item":"https:\/\/www.italyfamilyhotels.it\/fr"},{"@type":"ListItem","position":2,"name":"Family Hotels","item":"https:\/\/www.italyfamilyhotels.it\/fr\/hotels"},{"@type":"ListItem","position":3,"name":"Club Family Hotel Riccione"}]},{"@type":"WebSite","@id":"https:\/\/www.italyfamilyhotels.it\/#website","url":"https:\/\/www.italyfamilyhotels.it\/","name":"Italy Family Hotels","description":"","potentialAction":[{"@type":"SearchAction","target":{"@type":"EntryPoint","urlTemplate":"https:\/\/www.italyfamilyhotels.it\/?s={search_term_string}"},"query-input":{"@type":"PropertyValueSpecification","valueRequired":true,"valueName":"search_term_string"}}],"inLanguage":"fr-FR"}]}},"_links":{"self":[{"href":"https:\/\/www.italyfamilyhotels.it\/fr\/wp-json\/wp\/v2\/pages\/43300","targetHints":{"allow":["GET"]}}],"collection":[{"href":"https:\/\/www.italyfamilyhotels.it\/fr\/wp-json\/wp\/v2\/pages"}],"about":[{"href":"https:\/\/www.italyfamilyhotels.it\/fr\/wp-json\/wp\/v2\/types\/page"}],"author":[{"embeddable":true,"href":"https:\/\/www.italyfamilyhotels.it\/fr\/wp-json\/wp\/v2\/users\/139"}],"replies":[{"embeddable":true,"href":"https:\/\/www.italyfamilyhotels.it\/fr\/wp-json\/wp\/v2\/comments?post=43300"}],"version-history":[{"count":2,"href":"https:\/\/www.italyfamilyhotels.it\/fr\/wp-json\/wp\/v2\/pages\/43300\/revisions"}],"predecessor-version":[{"id":45725,"href":"https:\/\/www.italyfamilyhotels.it\/fr\/wp-json\/wp\/v2\/pages\/43300\/revisions\/45725"}],"up":[{"embeddable":true,"href":"https:\/\/www.italyfamilyhotels.it\/fr\/wp-json\/wp\/v2\/pages\/29729"}],"wp:attachment":[{"href":"https:\/\/www.italyfamilyhotels.it\/fr\/wp-json\/wp\/v2\/media?parent=43300"}],"curies":[{"name":"wp","href":"https:\/\/api.w.org\/{rel}","templated":true}]}}