{"id":43298,"date":"2023-01-23T13:54:47","date_gmt":"2023-01-23T12:54:47","guid":{"rendered":"https:\/\/www.italyfamilyhotels.it\/hotels\/san-domenico-family-hotel"},"modified":"2025-02-27T12:14:30","modified_gmt":"2025-02-27T11:14:30","slug":"san-domenico-family-hotel","status":"publish","type":"page","link":"https:\/\/www.italyfamilyhotels.it\/fr\/hotels\/san-domenico-family-hotel","title":{"rendered":"San Domenico Family Hotel"},"content":{"rendered":"\n<p>Nous vous souhaitons la bienvenue au <b>San Domenico Family Hotel<\/b>, o\u00f9 vous pourrez passer de splendides vacances en famille dans un lieu unique. Oui, car nous nous trouvons dans la <b>zone panoramique de Scalea<\/b>, avec une vue exceptionnelle sur la Riviera dei Cedri. Nous disposons \u00e9galement d\u2019une <b>plage priv\u00e9e<\/b>, situ\u00e9e \u00e0 moins de 2 km, accessible gr\u00e2ce \u00e0 notre pratique <b>navette gratuite<\/b> et o\u00f9 vous attendent <b>1 parasol<\/b>, ainsi qu\u2019un bar avec <b>consommation gratuite et illimit\u00e9e de boissons non alcoolis\u00e9es<\/b>.<\/p>\n\n\n\n<p>Mais voulez-vous savoir ce qui \u00e9tonne vraiment nos h\u00f4tes&nbsp;? Et bien c\u2019est le <b>parc aquatique<\/b> avec bien <b>3 toboggans<\/b> de vitesses diff\u00e9rentes, et <b>3 piscines<\/b>, dont une pour les enfants de 75 cm de profondeur, \u00e0 l&#8217;int\u00e9rieur du vaste <b>solarium avec vue sur la mer<\/b>, et <b>parasol assign\u00e9<\/b> \u00e0 chaque famille.<\/p>\n\n\n\n<p>Notre <b>Mondo Family<\/b> ouvre ses portes aux enfants et adolescents de <b>tous les groupes d&#8217;\u00e2ge<\/b> &#8211; <b>de 6 mois \u00e0 17 ans<\/b> &#8211; pour des activit\u00e9s, ateliers, tournois, excursions et jeux collectifs, <b>tous les jours et toute la journ\u00e9e<\/b>. Ici, le divertissement est vraiment non-stop, car il est possible de <b>manger<\/b> <b>avec les animateurs<\/b> et la <b>ludoth\u00e8que <\/b>est ouverte jusqu&#8217;\u00e0 minuit&nbsp;!<\/p>\n\n\n\n<p>Nous organisons diverses <b>excursions <\/b>et <b>exp\u00e9riences <\/b>pour d\u00e9couvrir la r\u00e9gion, comme des excursions en bateau, du rafting, du quad, de la plong\u00e9e et de la plong\u00e9e en apn\u00e9e, et vous avez m\u00eame la possibilit\u00e9 de d\u00e9couvrir de pr\u00e8s les oiseaux de proie qui habitent nos r\u00e9gions.<\/p>\n\n\n\n<p>Et puis, il y a \u00e9galement l&#8217;exp\u00e9rience culinaire typique avec notre <b>cuisine m\u00e9diterran\u00e9enne<\/b>, revisit\u00e9e avec des produits gastronomiques traditionnels de la Calabre, et repas servis sous forme de <b>buffet<\/b>. Pour les enfants, nous disposons d\u2019un <b>restaurant pour enfants avec menus personnalis\u00e9s<\/b>.<\/p>\n","protected":false},"excerpt":{"rendered":"<p>Nous vous souhaitons la bienvenue au San Domenico Family Hotel, o\u00f9 vous pourrez passer de splendides vacances en famille dans un lieu unique. Oui, car nous nous trouvons dans la zone panoramique de Scalea, avec une vue exceptionnelle sur la Riviera dei Cedri. Nous disposons \u00e9galement d\u2019une plage priv\u00e9e, situ\u00e9e \u00e0 moins de 2 km, &hellip;<\/p>\n","protected":false},"author":138,"featured_media":0,"parent":29729,"menu_order":0,"comment_status":"closed","ping_status":"closed","template":"page-templates\/scheda_hotel.php","meta":{"_acf_changed":false,"inline_featured_image":false,"footnotes":""},"class_list":["post-43298","page","type-page","status-publish","hentry"],"acf":[],"yoast_head":"<!-- This site is optimized with the Yoast SEO plugin v27.1 - https:\/\/yoast.com\/product\/yoast-seo-wordpress\/ -->\n<title>San Domenico Family Hotel 4 \u00e9toiles, Scalea<\/title>\n<meta name=\"description\" content=\"Envie de vacances en famille\u00a0? D\u00e9couvrez les offres pour familles du San Domenico Family Hotel \u00e0 Scalea\" \/>\n<meta name=\"robots\" content=\"index, follow, max-snippet:-1, max-image-preview:large, max-video-preview:-1\" \/>\n<link rel=\"canonical\" href=\"https:\/\/www.italyfamilyhotels.it\/fr\/hotels\/san-domenico-family-hotel\" \/>\n<meta property=\"og:locale\" content=\"fr_FR\" \/>\n<meta property=\"og:type\" content=\"article\" \/>\n<meta property=\"og:title\" content=\"San Domenico Family Hotel 4 \u00e9toiles, Scalea\" \/>\n<meta property=\"og:description\" content=\"Envie de vacances en famille\u00a0? D\u00e9couvrez les offres pour familles du San Domenico Family Hotel \u00e0 Scalea\" \/>\n<meta property=\"og:url\" content=\"https:\/\/www.italyfamilyhotels.it\/fr\/hotels\/san-domenico-family-hotel\" \/>\n<meta property=\"og:site_name\" content=\"Italy Family Hotels\" \/>\n<meta property=\"article:publisher\" content=\"https:\/\/www.facebook.com\/ItalyFamilyHotels\/\" \/>\n<meta property=\"article:modified_time\" content=\"2025-02-27T11:14:30+00:00\" \/>\n<meta name=\"twitter:card\" content=\"summary_large_image\" \/>\n<meta name=\"twitter:label1\" content=\"Dur\u00e9e de lecture estim\u00e9e\" \/>\n\t<meta name=\"twitter:data1\" content=\"2 minutes\" \/>\n<script type=\"application\/ld+json\" class=\"yoast-schema-graph\">{\"@context\":\"https:\/\/schema.org\",\"@graph\":[{\"@type\":\"WebPage\",\"@id\":\"https:\/\/www.italyfamilyhotels.it\/fr\/hotels\/san-domenico-family-hotel\",\"url\":\"https:\/\/www.italyfamilyhotels.it\/fr\/hotels\/san-domenico-family-hotel\",\"name\":\"San Domenico Family Hotel 4 \u00e9toiles, Scalea\",\"isPartOf\":{\"@id\":\"https:\/\/www.italyfamilyhotels.it\/#website\"},\"datePublished\":\"2023-01-23T12:54:47+00:00\",\"dateModified\":\"2025-02-27T11:14:30+00:00\",\"description\":\"Envie de vacances en famille\u00a0? D\u00e9couvrez les offres pour familles du San Domenico Family Hotel \u00e0 Scalea\",\"breadcrumb\":{\"@id\":\"https:\/\/www.italyfamilyhotels.it\/fr\/hotels\/san-domenico-family-hotel#breadcrumb\"},\"inLanguage\":\"fr-FR\",\"potentialAction\":[{\"@type\":\"ReadAction\",\"target\":[\"https:\/\/www.italyfamilyhotels.it\/fr\/hotels\/san-domenico-family-hotel\"]}]},{\"@type\":\"BreadcrumbList\",\"@id\":\"https:\/\/www.italyfamilyhotels.it\/fr\/hotels\/san-domenico-family-hotel#breadcrumb\",\"itemListElement\":[{\"@type\":\"ListItem\",\"position\":1,\"name\":\"Home\",\"item\":\"https:\/\/www.italyfamilyhotels.it\/fr\"},{\"@type\":\"ListItem\",\"position\":2,\"name\":\"Family Hotels\",\"item\":\"https:\/\/www.italyfamilyhotels.it\/fr\/hotels\"},{\"@type\":\"ListItem\",\"position\":3,\"name\":\"San Domenico Family Hotel\"}]},{\"@type\":\"WebSite\",\"@id\":\"https:\/\/www.italyfamilyhotels.it\/#website\",\"url\":\"https:\/\/www.italyfamilyhotels.it\/\",\"name\":\"Italy Family Hotels\",\"description\":\"\",\"potentialAction\":[{\"@type\":\"SearchAction\",\"target\":{\"@type\":\"EntryPoint\",\"urlTemplate\":\"https:\/\/www.italyfamilyhotels.it\/?s={search_term_string}\"},\"query-input\":{\"@type\":\"PropertyValueSpecification\",\"valueRequired\":true,\"valueName\":\"search_term_string\"}}],\"inLanguage\":\"fr-FR\"}]}<\/script>\n<!-- \/ Yoast SEO plugin. -->","yoast_head_json":{"title":"San Domenico Family Hotel 4 \u00e9toiles, Scalea","description":"Envie de vacances en famille\u00a0? D\u00e9couvrez les offres pour familles du San Domenico Family Hotel \u00e0 Scalea","robots":{"index":"index","follow":"follow","max-snippet":"max-snippet:-1","max-image-preview":"max-image-preview:large","max-video-preview":"max-video-preview:-1"},"canonical":"https:\/\/www.italyfamilyhotels.it\/fr\/hotels\/san-domenico-family-hotel","og_locale":"fr_FR","og_type":"article","og_title":"San Domenico Family Hotel 4 \u00e9toiles, Scalea","og_description":"Envie de vacances en famille\u00a0? D\u00e9couvrez les offres pour familles du San Domenico Family Hotel \u00e0 Scalea","og_url":"https:\/\/www.italyfamilyhotels.it\/fr\/hotels\/san-domenico-family-hotel","og_site_name":"Italy Family Hotels","article_publisher":"https:\/\/www.facebook.com\/ItalyFamilyHotels\/","article_modified_time":"2025-02-27T11:14:30+00:00","twitter_card":"summary_large_image","twitter_misc":{"Dur\u00e9e de lecture estim\u00e9e":"2 minutes"},"schema":{"@context":"https:\/\/schema.org","@graph":[{"@type":"WebPage","@id":"https:\/\/www.italyfamilyhotels.it\/fr\/hotels\/san-domenico-family-hotel","url":"https:\/\/www.italyfamilyhotels.it\/fr\/hotels\/san-domenico-family-hotel","name":"San Domenico Family Hotel 4 \u00e9toiles, Scalea","isPartOf":{"@id":"https:\/\/www.italyfamilyhotels.it\/#website"},"datePublished":"2023-01-23T12:54:47+00:00","dateModified":"2025-02-27T11:14:30+00:00","description":"Envie de vacances en famille\u00a0? D\u00e9couvrez les offres pour familles du San Domenico Family Hotel \u00e0 Scalea","breadcrumb":{"@id":"https:\/\/www.italyfamilyhotels.it\/fr\/hotels\/san-domenico-family-hotel#breadcrumb"},"inLanguage":"fr-FR","potentialAction":[{"@type":"ReadAction","target":["https:\/\/www.italyfamilyhotels.it\/fr\/hotels\/san-domenico-family-hotel"]}]},{"@type":"BreadcrumbList","@id":"https:\/\/www.italyfamilyhotels.it\/fr\/hotels\/san-domenico-family-hotel#breadcrumb","itemListElement":[{"@type":"ListItem","position":1,"name":"Home","item":"https:\/\/www.italyfamilyhotels.it\/fr"},{"@type":"ListItem","position":2,"name":"Family Hotels","item":"https:\/\/www.italyfamilyhotels.it\/fr\/hotels"},{"@type":"ListItem","position":3,"name":"San Domenico Family Hotel"}]},{"@type":"WebSite","@id":"https:\/\/www.italyfamilyhotels.it\/#website","url":"https:\/\/www.italyfamilyhotels.it\/","name":"Italy Family Hotels","description":"","potentialAction":[{"@type":"SearchAction","target":{"@type":"EntryPoint","urlTemplate":"https:\/\/www.italyfamilyhotels.it\/?s={search_term_string}"},"query-input":{"@type":"PropertyValueSpecification","valueRequired":true,"valueName":"search_term_string"}}],"inLanguage":"fr-FR"}]}},"_links":{"self":[{"href":"https:\/\/www.italyfamilyhotels.it\/fr\/wp-json\/wp\/v2\/pages\/43298","targetHints":{"allow":["GET"]}}],"collection":[{"href":"https:\/\/www.italyfamilyhotels.it\/fr\/wp-json\/wp\/v2\/pages"}],"about":[{"href":"https:\/\/www.italyfamilyhotels.it\/fr\/wp-json\/wp\/v2\/types\/page"}],"author":[{"embeddable":true,"href":"https:\/\/www.italyfamilyhotels.it\/fr\/wp-json\/wp\/v2\/users\/138"}],"replies":[{"embeddable":true,"href":"https:\/\/www.italyfamilyhotels.it\/fr\/wp-json\/wp\/v2\/comments?post=43298"}],"version-history":[{"count":12,"href":"https:\/\/www.italyfamilyhotels.it\/fr\/wp-json\/wp\/v2\/pages\/43298\/revisions"}],"predecessor-version":[{"id":66728,"href":"https:\/\/www.italyfamilyhotels.it\/fr\/wp-json\/wp\/v2\/pages\/43298\/revisions\/66728"}],"up":[{"embeddable":true,"href":"https:\/\/www.italyfamilyhotels.it\/fr\/wp-json\/wp\/v2\/pages\/29729"}],"wp:attachment":[{"href":"https:\/\/www.italyfamilyhotels.it\/fr\/wp-json\/wp\/v2\/media?parent=43298"}],"curies":[{"name":"wp","href":"https:\/\/api.w.org\/{rel}","templated":true}]}}