{"id":43296,"date":"2023-01-23T13:54:35","date_gmt":"2023-01-23T12:54:35","guid":{"rendered":"https:\/\/www.italyfamilyhotels.it\/hotels\/family-hotel-president"},"modified":"2023-01-23T13:57:53","modified_gmt":"2023-01-23T12:57:53","slug":"family-hotel-president","status":"publish","type":"page","link":"https:\/\/www.italyfamilyhotels.it\/fr\/hotels\/family-hotel-president","title":{"rendered":"Family Hotel President"},"content":{"rendered":"\n<p>Pour nous trouver, il suffit de suivre le parfum des fleurs et de la mer&#8230; oui, car ici au <b>Family Hotel President<\/b> de <b>Cattolica<\/b>, nous sommes entour\u00e9s de verdure, dans un quartier tr\u00e8s calme et \u00e0 deux pas de la plage, id\u00e9al pour des vacances en famille r\u00e9g\u00e9n\u00e9rantes.<\/p>\n\n\n\n<p>Ici, vous trouverez un fantastique royaume de d\u00e9tente et de divertissement\u00a0: la <b>piscine \u00e0 temp\u00e9rature constante de 28\u00a0\u00b0C<\/b> et des <b>cascades d\u2019eau<\/b>, o\u00f9 la profondeur de l&#8217;eau varie de 1,10 \u00e0 1,60 m\u00e8tre. Aux plus petits, nous d\u00e9dions la <b>pataugeoire<\/b> de 50\u00a0cm de profondeur, pr\u00e8s de la piscine principale, o\u00f9 barboter en toute s\u00e9curit\u00e9 avec bou\u00e9e et brassards, tandis que papa et maman se rafra\u00eechissent ou bronzent dans notre <b>solarium avec transats<\/b>.<\/p>\n\n\n\n<p>Les familles sont ici chez elles, et surtout les enfants. Pour eux, la l\u00e9gendaire \u00e9quipe d&#8217;animation pr\u00e9pare un <b>programme d&#8217;activit\u00e9s et d&#8217;ateliers<\/b>, \u00e0 la fois dans la salle int\u00e9rieure \u00ab\u00a0<b>Refuge des marins<\/b>\u00a0\u00bb et dans l\u2019<b>aire de jeux ext\u00e9rieure<\/b>\u00a0avec toboggans color\u00e9s et maisonnettes.<\/p>\n\n\n\n<p>L&#8217;exp\u00e9rience culinaire est unique\u00a0: de d\u00e9licieux <b>plats traditionnels<\/b> r\u00e9invent\u00e9s avec une touche de modernit\u00e9, que vous pourrez appr\u00e9cier aussi bien au restaurant que dans la <b>v\u00e9randa ext\u00e9rieure au bord de la piscine<\/b>. Et pour les enfants\u00a0? Des <b>menus sp\u00e9cifiques<\/b>, \u00e0 d\u00e9guster \u00e0 des horaires flexibles, \u00e9galement en compagnie des animateurs.<\/p>\n\n\n\n<p>Nous mettons \u00e0 disposition, durant tout le s\u00e9jour, des <b>v\u00e9los avec si\u00e8ges enfants<\/b> pour explorer et se d\u00e9placer librement, ainsi qu\u2019un <b>parking gard\u00e9 <\/b>\u00e0 c\u00f4t\u00e9 de l&#8217;h\u00f4tel pour votre voiture.<\/p>\n","protected":false},"excerpt":{"rendered":"<p>Pour nous trouver, il suffit de suivre le parfum des fleurs et de la mer&#8230; oui, car ici au Family Hotel President de Cattolica, nous sommes entour\u00e9s de verdure, dans un quartier tr\u00e8s calme et \u00e0 deux pas de la plage, id\u00e9al pour des vacances en famille r\u00e9g\u00e9n\u00e9rantes. Ici, vous trouverez un fantastique royaume de &hellip;<\/p>\n","protected":false},"author":134,"featured_media":0,"parent":29729,"menu_order":0,"comment_status":"closed","ping_status":"closed","template":"page-templates\/scheda_hotel.php","meta":{"_acf_changed":false,"inline_featured_image":false,"footnotes":""},"class_list":["post-43296","page","type-page","status-publish","hentry"],"acf":[],"yoast_head":"<!-- This site is optimized with the Yoast SEO plugin v27.1 - https:\/\/yoast.com\/product\/yoast-seo-wordpress\/ -->\n<title>Family Hotel President 3 \u00e9toiles Superior, Cattolica<\/title>\n<meta name=\"description\" content=\"Envie de vacances en famille\u00a0? D\u00e9couvrez les offres pour familles du Family Hotel President \u00e0 Cattolica\" \/>\n<meta name=\"robots\" content=\"index, follow, max-snippet:-1, max-image-preview:large, max-video-preview:-1\" \/>\n<link rel=\"canonical\" href=\"https:\/\/www.italyfamilyhotels.it\/fr\/hotels\/family-hotel-president\" \/>\n<meta property=\"og:locale\" content=\"fr_FR\" \/>\n<meta property=\"og:type\" content=\"article\" \/>\n<meta property=\"og:title\" content=\"Family Hotel President 3 \u00e9toiles Superior, Cattolica\" \/>\n<meta property=\"og:description\" content=\"Envie de vacances en famille\u00a0? D\u00e9couvrez les offres pour familles du Family Hotel President \u00e0 Cattolica\" \/>\n<meta property=\"og:url\" content=\"https:\/\/www.italyfamilyhotels.it\/fr\/hotels\/family-hotel-president\" \/>\n<meta property=\"og:site_name\" content=\"Italy Family Hotels\" \/>\n<meta property=\"article:publisher\" content=\"https:\/\/www.facebook.com\/ItalyFamilyHotels\/\" \/>\n<meta property=\"article:modified_time\" content=\"2023-01-23T12:57:53+00:00\" \/>\n<meta name=\"twitter:card\" content=\"summary_large_image\" \/>\n<meta name=\"twitter:label1\" content=\"Dur\u00e9e de lecture estim\u00e9e\" \/>\n\t<meta name=\"twitter:data1\" content=\"1 minute\" \/>\n<script type=\"application\/ld+json\" class=\"yoast-schema-graph\">{\"@context\":\"https:\/\/schema.org\",\"@graph\":[{\"@type\":\"WebPage\",\"@id\":\"https:\/\/www.italyfamilyhotels.it\/fr\/hotels\/family-hotel-president\",\"url\":\"https:\/\/www.italyfamilyhotels.it\/fr\/hotels\/family-hotel-president\",\"name\":\"Family Hotel President 3 \u00e9toiles Superior, Cattolica\",\"isPartOf\":{\"@id\":\"https:\/\/www.italyfamilyhotels.it\/#website\"},\"datePublished\":\"2023-01-23T12:54:35+00:00\",\"dateModified\":\"2023-01-23T12:57:53+00:00\",\"description\":\"Envie de vacances en famille\u00a0? D\u00e9couvrez les offres pour familles du Family Hotel President \u00e0 Cattolica\",\"breadcrumb\":{\"@id\":\"https:\/\/www.italyfamilyhotels.it\/fr\/hotels\/family-hotel-president#breadcrumb\"},\"inLanguage\":\"fr-FR\",\"potentialAction\":[{\"@type\":\"ReadAction\",\"target\":[\"https:\/\/www.italyfamilyhotels.it\/fr\/hotels\/family-hotel-president\"]}]},{\"@type\":\"BreadcrumbList\",\"@id\":\"https:\/\/www.italyfamilyhotels.it\/fr\/hotels\/family-hotel-president#breadcrumb\",\"itemListElement\":[{\"@type\":\"ListItem\",\"position\":1,\"name\":\"Home\",\"item\":\"https:\/\/www.italyfamilyhotels.it\/fr\"},{\"@type\":\"ListItem\",\"position\":2,\"name\":\"Family Hotels\",\"item\":\"https:\/\/www.italyfamilyhotels.it\/fr\/hotels\"},{\"@type\":\"ListItem\",\"position\":3,\"name\":\"Family Hotel President\"}]},{\"@type\":\"WebSite\",\"@id\":\"https:\/\/www.italyfamilyhotels.it\/#website\",\"url\":\"https:\/\/www.italyfamilyhotels.it\/\",\"name\":\"Italy Family Hotels\",\"description\":\"\",\"potentialAction\":[{\"@type\":\"SearchAction\",\"target\":{\"@type\":\"EntryPoint\",\"urlTemplate\":\"https:\/\/www.italyfamilyhotels.it\/?s={search_term_string}\"},\"query-input\":{\"@type\":\"PropertyValueSpecification\",\"valueRequired\":true,\"valueName\":\"search_term_string\"}}],\"inLanguage\":\"fr-FR\"}]}<\/script>\n<!-- \/ Yoast SEO plugin. -->","yoast_head_json":{"title":"Family Hotel President 3 \u00e9toiles Superior, Cattolica","description":"Envie de vacances en famille\u00a0? D\u00e9couvrez les offres pour familles du Family Hotel President \u00e0 Cattolica","robots":{"index":"index","follow":"follow","max-snippet":"max-snippet:-1","max-image-preview":"max-image-preview:large","max-video-preview":"max-video-preview:-1"},"canonical":"https:\/\/www.italyfamilyhotels.it\/fr\/hotels\/family-hotel-president","og_locale":"fr_FR","og_type":"article","og_title":"Family Hotel President 3 \u00e9toiles Superior, Cattolica","og_description":"Envie de vacances en famille\u00a0? D\u00e9couvrez les offres pour familles du Family Hotel President \u00e0 Cattolica","og_url":"https:\/\/www.italyfamilyhotels.it\/fr\/hotels\/family-hotel-president","og_site_name":"Italy Family Hotels","article_publisher":"https:\/\/www.facebook.com\/ItalyFamilyHotels\/","article_modified_time":"2023-01-23T12:57:53+00:00","twitter_card":"summary_large_image","twitter_misc":{"Dur\u00e9e de lecture estim\u00e9e":"1 minute"},"schema":{"@context":"https:\/\/schema.org","@graph":[{"@type":"WebPage","@id":"https:\/\/www.italyfamilyhotels.it\/fr\/hotels\/family-hotel-president","url":"https:\/\/www.italyfamilyhotels.it\/fr\/hotels\/family-hotel-president","name":"Family Hotel President 3 \u00e9toiles Superior, Cattolica","isPartOf":{"@id":"https:\/\/www.italyfamilyhotels.it\/#website"},"datePublished":"2023-01-23T12:54:35+00:00","dateModified":"2023-01-23T12:57:53+00:00","description":"Envie de vacances en famille\u00a0? D\u00e9couvrez les offres pour familles du Family Hotel President \u00e0 Cattolica","breadcrumb":{"@id":"https:\/\/www.italyfamilyhotels.it\/fr\/hotels\/family-hotel-president#breadcrumb"},"inLanguage":"fr-FR","potentialAction":[{"@type":"ReadAction","target":["https:\/\/www.italyfamilyhotels.it\/fr\/hotels\/family-hotel-president"]}]},{"@type":"BreadcrumbList","@id":"https:\/\/www.italyfamilyhotels.it\/fr\/hotels\/family-hotel-president#breadcrumb","itemListElement":[{"@type":"ListItem","position":1,"name":"Home","item":"https:\/\/www.italyfamilyhotels.it\/fr"},{"@type":"ListItem","position":2,"name":"Family Hotels","item":"https:\/\/www.italyfamilyhotels.it\/fr\/hotels"},{"@type":"ListItem","position":3,"name":"Family Hotel President"}]},{"@type":"WebSite","@id":"https:\/\/www.italyfamilyhotels.it\/#website","url":"https:\/\/www.italyfamilyhotels.it\/","name":"Italy Family Hotels","description":"","potentialAction":[{"@type":"SearchAction","target":{"@type":"EntryPoint","urlTemplate":"https:\/\/www.italyfamilyhotels.it\/?s={search_term_string}"},"query-input":{"@type":"PropertyValueSpecification","valueRequired":true,"valueName":"search_term_string"}}],"inLanguage":"fr-FR"}]}},"_links":{"self":[{"href":"https:\/\/www.italyfamilyhotels.it\/fr\/wp-json\/wp\/v2\/pages\/43296","targetHints":{"allow":["GET"]}}],"collection":[{"href":"https:\/\/www.italyfamilyhotels.it\/fr\/wp-json\/wp\/v2\/pages"}],"about":[{"href":"https:\/\/www.italyfamilyhotels.it\/fr\/wp-json\/wp\/v2\/types\/page"}],"author":[{"embeddable":true,"href":"https:\/\/www.italyfamilyhotels.it\/fr\/wp-json\/wp\/v2\/users\/134"}],"replies":[{"embeddable":true,"href":"https:\/\/www.italyfamilyhotels.it\/fr\/wp-json\/wp\/v2\/comments?post=43296"}],"version-history":[{"count":1,"href":"https:\/\/www.italyfamilyhotels.it\/fr\/wp-json\/wp\/v2\/pages\/43296\/revisions"}],"predecessor-version":[{"id":43297,"href":"https:\/\/www.italyfamilyhotels.it\/fr\/wp-json\/wp\/v2\/pages\/43296\/revisions\/43297"}],"up":[{"embeddable":true,"href":"https:\/\/www.italyfamilyhotels.it\/fr\/wp-json\/wp\/v2\/pages\/29729"}],"wp:attachment":[{"href":"https:\/\/www.italyfamilyhotels.it\/fr\/wp-json\/wp\/v2\/media?parent=43296"}],"curies":[{"name":"wp","href":"https:\/\/api.w.org\/{rel}","templated":true}]}}