{"id":43294,"date":"2023-01-23T13:54:14","date_gmt":"2023-01-23T12:54:14","guid":{"rendered":"https:\/\/www.italyfamilyhotels.it\/hotels\/hotel-europa-beach-village"},"modified":"2023-01-23T13:57:53","modified_gmt":"2023-01-23T12:57:53","slug":"hotel-europa-beach-village","status":"publish","type":"page","link":"https:\/\/www.italyfamilyhotels.it\/fr\/hotels\/hotel-europa-beach-village","title":{"rendered":"H\u00f4tel Europa Beach Village"},"content":{"rendered":"\n<p>Gr\u00e2ce \u00e0 l&#8217;emplacement central et \u00e0 la <b>vue directe sur la mer<\/b>, ici, \u00e0 l\u2019<b>Europa Beach Village de Giulianova<\/b>, vos vacances en famille ont le parfum de l&#8217;air sal\u00e9 et la fra\u00eecheur de la libert\u00e9\u00a0!<\/p>\n\n\n\n<p>La d\u00e9tente et le divertissement sont toujours \u00e0 port\u00e9e de main, pour vous et pour vos enfants\u00a0: en plus de pouvoir vous<b> rendre \u00e0 la plage priv\u00e9e<\/b> sans traverser de routes, vous avez \u00e9galement \u00e0 disposition <b>une piscine fantastique, avec une zone peu profonde pour les enfants<\/b> et un espace solarium. L\u2019\u00e9quipe du<b> Ciurma Club<\/b> organise des activit\u00e9s ludiques pour les enfants sur la plage, sur l\u2019<b>\u00cele aux pirates <\/b>et \u00e0 <b>Bambinopoli<\/b>, mais \u00e9galement des jeux en famille, des moments r\u00e9cr\u00e9atifs pour adultes et des <b>spectacles en soir\u00e9e \u00e0 l&#8217;amphith\u00e9\u00e2tre<\/b>.<\/p>\n\n\n\n<p>Chez nous, les <b>espaces sont con\u00e7us sp\u00e9cifiquement pour que les plus petits se sentent libres et en s\u00e9curit\u00e9<\/b>, pour que vous aussi puissiez vraiment vous d\u00e9tendre et vous d\u00e9connecter. C\u2019est \u00e9galement pour cette raison que vous trouverez \u00e9galement tout ce dont vous avez besoin pour voyager l\u00e9ger, comme les <b>services pour enfants dans la chambre et dans la salle de restaurant<\/b>, ainsi que des poussettes, v\u00e9los avec casques et si\u00e8ges enfants pour d\u00e9couvrir la r\u00e9gion tous ensemble.<\/p>\n\n\n\n<p>Et \u00e0 table\u00a0? Nous vous surprenons avec des plats qui englobent <b>toute la bont\u00e9 des Abruzzes<\/b>, pour une exp\u00e9rience qui unit <b>tradition<\/b>, <b>qualit\u00e9 des mati\u00e8res premi\u00e8res<\/b> et un go\u00fbt qui saura vous \u00e9mouvoir\u00a0!<\/p>\n","protected":false},"excerpt":{"rendered":"<p>Gr\u00e2ce \u00e0 l&#8217;emplacement central et \u00e0 la vue directe sur la mer, ici, \u00e0 l\u2019Europa Beach Village de Giulianova, vos vacances en famille ont le parfum de l&#8217;air sal\u00e9 et la fra\u00eecheur de la libert\u00e9\u00a0! La d\u00e9tente et le divertissement sont toujours \u00e0 port\u00e9e de main, pour vous et pour vos enfants\u00a0: en plus de &hellip;<\/p>\n","protected":false},"author":132,"featured_media":0,"parent":29729,"menu_order":0,"comment_status":"open","ping_status":"closed","template":"page-templates\/scheda_hotel.php","meta":{"_acf_changed":false,"inline_featured_image":false,"footnotes":""},"class_list":["post-43294","page","type-page","status-publish","hentry"],"acf":[],"yoast_head":"<!-- This site is optimized with the Yoast SEO plugin v27.1 - https:\/\/yoast.com\/product\/yoast-seo-wordpress\/ -->\n<title>H\u00f4tel Europa Beach Village 4 \u00e9toiles, Giulianova<\/title>\n<meta name=\"description\" content=\"Envie de vacances en famille\u00a0? D\u00e9couvrez les offres pour familles de l\u2019H\u00f4tel Europa Beach Village \u00e0 Giulianova\" \/>\n<meta name=\"robots\" content=\"index, follow, max-snippet:-1, max-image-preview:large, max-video-preview:-1\" \/>\n<link rel=\"canonical\" href=\"https:\/\/www.italyfamilyhotels.it\/fr\/hotels\/hotel-europa-beach-village\" \/>\n<meta property=\"og:locale\" content=\"fr_FR\" \/>\n<meta property=\"og:type\" content=\"article\" \/>\n<meta property=\"og:title\" content=\"H\u00f4tel Europa Beach Village 4 \u00e9toiles, Giulianova\" \/>\n<meta property=\"og:description\" content=\"Envie de vacances en famille\u00a0? D\u00e9couvrez les offres pour familles de l\u2019H\u00f4tel Europa Beach Village \u00e0 Giulianova\" \/>\n<meta property=\"og:url\" content=\"https:\/\/www.italyfamilyhotels.it\/fr\/hotels\/hotel-europa-beach-village\" \/>\n<meta property=\"og:site_name\" content=\"Italy Family Hotels\" \/>\n<meta property=\"article:publisher\" content=\"https:\/\/www.facebook.com\/ItalyFamilyHotels\/\" \/>\n<meta property=\"article:modified_time\" content=\"2023-01-23T12:57:53+00:00\" \/>\n<meta name=\"twitter:card\" content=\"summary_large_image\" \/>\n<meta name=\"twitter:label1\" content=\"Dur\u00e9e de lecture estim\u00e9e\" \/>\n\t<meta name=\"twitter:data1\" content=\"1 minute\" \/>\n<script type=\"application\/ld+json\" class=\"yoast-schema-graph\">{\"@context\":\"https:\/\/schema.org\",\"@graph\":[{\"@type\":\"WebPage\",\"@id\":\"https:\/\/www.italyfamilyhotels.it\/fr\/hotels\/hotel-europa-beach-village\",\"url\":\"https:\/\/www.italyfamilyhotels.it\/fr\/hotels\/hotel-europa-beach-village\",\"name\":\"H\u00f4tel Europa Beach Village 4 \u00e9toiles, Giulianova\",\"isPartOf\":{\"@id\":\"https:\/\/www.italyfamilyhotels.it\/#website\"},\"datePublished\":\"2023-01-23T12:54:14+00:00\",\"dateModified\":\"2023-01-23T12:57:53+00:00\",\"description\":\"Envie de vacances en famille\u00a0? D\u00e9couvrez les offres pour familles de l\u2019H\u00f4tel Europa Beach Village \u00e0 Giulianova\",\"breadcrumb\":{\"@id\":\"https:\/\/www.italyfamilyhotels.it\/fr\/hotels\/hotel-europa-beach-village#breadcrumb\"},\"inLanguage\":\"fr-FR\",\"potentialAction\":[{\"@type\":\"ReadAction\",\"target\":[\"https:\/\/www.italyfamilyhotels.it\/fr\/hotels\/hotel-europa-beach-village\"]}]},{\"@type\":\"BreadcrumbList\",\"@id\":\"https:\/\/www.italyfamilyhotels.it\/fr\/hotels\/hotel-europa-beach-village#breadcrumb\",\"itemListElement\":[{\"@type\":\"ListItem\",\"position\":1,\"name\":\"Home\",\"item\":\"https:\/\/www.italyfamilyhotels.it\/fr\"},{\"@type\":\"ListItem\",\"position\":2,\"name\":\"Family Hotels\",\"item\":\"https:\/\/www.italyfamilyhotels.it\/fr\/hotels\"},{\"@type\":\"ListItem\",\"position\":3,\"name\":\"H\u00f4tel Europa Beach Village\"}]},{\"@type\":\"WebSite\",\"@id\":\"https:\/\/www.italyfamilyhotels.it\/#website\",\"url\":\"https:\/\/www.italyfamilyhotels.it\/\",\"name\":\"Italy Family Hotels\",\"description\":\"\",\"potentialAction\":[{\"@type\":\"SearchAction\",\"target\":{\"@type\":\"EntryPoint\",\"urlTemplate\":\"https:\/\/www.italyfamilyhotels.it\/?s={search_term_string}\"},\"query-input\":{\"@type\":\"PropertyValueSpecification\",\"valueRequired\":true,\"valueName\":\"search_term_string\"}}],\"inLanguage\":\"fr-FR\"}]}<\/script>\n<!-- \/ Yoast SEO plugin. -->","yoast_head_json":{"title":"H\u00f4tel Europa Beach Village 4 \u00e9toiles, Giulianova","description":"Envie de vacances en famille\u00a0? D\u00e9couvrez les offres pour familles de l\u2019H\u00f4tel Europa Beach Village \u00e0 Giulianova","robots":{"index":"index","follow":"follow","max-snippet":"max-snippet:-1","max-image-preview":"max-image-preview:large","max-video-preview":"max-video-preview:-1"},"canonical":"https:\/\/www.italyfamilyhotels.it\/fr\/hotels\/hotel-europa-beach-village","og_locale":"fr_FR","og_type":"article","og_title":"H\u00f4tel Europa Beach Village 4 \u00e9toiles, Giulianova","og_description":"Envie de vacances en famille\u00a0? D\u00e9couvrez les offres pour familles de l\u2019H\u00f4tel Europa Beach Village \u00e0 Giulianova","og_url":"https:\/\/www.italyfamilyhotels.it\/fr\/hotels\/hotel-europa-beach-village","og_site_name":"Italy Family Hotels","article_publisher":"https:\/\/www.facebook.com\/ItalyFamilyHotels\/","article_modified_time":"2023-01-23T12:57:53+00:00","twitter_card":"summary_large_image","twitter_misc":{"Dur\u00e9e de lecture estim\u00e9e":"1 minute"},"schema":{"@context":"https:\/\/schema.org","@graph":[{"@type":"WebPage","@id":"https:\/\/www.italyfamilyhotels.it\/fr\/hotels\/hotel-europa-beach-village","url":"https:\/\/www.italyfamilyhotels.it\/fr\/hotels\/hotel-europa-beach-village","name":"H\u00f4tel Europa Beach Village 4 \u00e9toiles, Giulianova","isPartOf":{"@id":"https:\/\/www.italyfamilyhotels.it\/#website"},"datePublished":"2023-01-23T12:54:14+00:00","dateModified":"2023-01-23T12:57:53+00:00","description":"Envie de vacances en famille\u00a0? D\u00e9couvrez les offres pour familles de l\u2019H\u00f4tel Europa Beach Village \u00e0 Giulianova","breadcrumb":{"@id":"https:\/\/www.italyfamilyhotels.it\/fr\/hotels\/hotel-europa-beach-village#breadcrumb"},"inLanguage":"fr-FR","potentialAction":[{"@type":"ReadAction","target":["https:\/\/www.italyfamilyhotels.it\/fr\/hotels\/hotel-europa-beach-village"]}]},{"@type":"BreadcrumbList","@id":"https:\/\/www.italyfamilyhotels.it\/fr\/hotels\/hotel-europa-beach-village#breadcrumb","itemListElement":[{"@type":"ListItem","position":1,"name":"Home","item":"https:\/\/www.italyfamilyhotels.it\/fr"},{"@type":"ListItem","position":2,"name":"Family Hotels","item":"https:\/\/www.italyfamilyhotels.it\/fr\/hotels"},{"@type":"ListItem","position":3,"name":"H\u00f4tel Europa Beach Village"}]},{"@type":"WebSite","@id":"https:\/\/www.italyfamilyhotels.it\/#website","url":"https:\/\/www.italyfamilyhotels.it\/","name":"Italy Family Hotels","description":"","potentialAction":[{"@type":"SearchAction","target":{"@type":"EntryPoint","urlTemplate":"https:\/\/www.italyfamilyhotels.it\/?s={search_term_string}"},"query-input":{"@type":"PropertyValueSpecification","valueRequired":true,"valueName":"search_term_string"}}],"inLanguage":"fr-FR"}]}},"_links":{"self":[{"href":"https:\/\/www.italyfamilyhotels.it\/fr\/wp-json\/wp\/v2\/pages\/43294","targetHints":{"allow":["GET"]}}],"collection":[{"href":"https:\/\/www.italyfamilyhotels.it\/fr\/wp-json\/wp\/v2\/pages"}],"about":[{"href":"https:\/\/www.italyfamilyhotels.it\/fr\/wp-json\/wp\/v2\/types\/page"}],"author":[{"embeddable":true,"href":"https:\/\/www.italyfamilyhotels.it\/fr\/wp-json\/wp\/v2\/users\/132"}],"replies":[{"embeddable":true,"href":"https:\/\/www.italyfamilyhotels.it\/fr\/wp-json\/wp\/v2\/comments?post=43294"}],"version-history":[{"count":1,"href":"https:\/\/www.italyfamilyhotels.it\/fr\/wp-json\/wp\/v2\/pages\/43294\/revisions"}],"predecessor-version":[{"id":43295,"href":"https:\/\/www.italyfamilyhotels.it\/fr\/wp-json\/wp\/v2\/pages\/43294\/revisions\/43295"}],"up":[{"embeddable":true,"href":"https:\/\/www.italyfamilyhotels.it\/fr\/wp-json\/wp\/v2\/pages\/29729"}],"wp:attachment":[{"href":"https:\/\/www.italyfamilyhotels.it\/fr\/wp-json\/wp\/v2\/media?parent=43294"}],"curies":[{"name":"wp","href":"https:\/\/api.w.org\/{rel}","templated":true}]}}