{"id":43292,"date":"2023-01-23T13:53:58","date_gmt":"2023-01-23T12:53:58","guid":{"rendered":"https:\/\/www.italyfamilyhotels.it\/hotels\/club-family-hotel-serenissima"},"modified":"2025-03-20T13:31:04","modified_gmt":"2025-03-20T12:31:04","slug":"club-family-hotel-serenissima","status":"publish","type":"page","link":"https:\/\/www.italyfamilyhotels.it\/fr\/hotels\/club-family-hotel-serenissima","title":{"rendered":"Club Family Hotel Serenissima"},"content":{"rendered":"\n<p>Et si on vous disait qu&#8217;ici, au <b>Club Family Hotel Serenissima<\/b>, nous disposons d\u2019une <b>piscine semi-olympique chauff\u00e9e<\/b>, avec un <b>toboggan \u00e0 eau<\/b> super amusant&nbsp;? Eh oui, et en plus vous avez la certitude de passer des vacances sans soucis gr\u00e2ce \u00e0 notre super formule tout compris<b> All Inclusive <\/b>avec de nombreux services d\u00e9di\u00e9s \u00e0 la famille&nbsp;!<\/p>\n\n\n\n<p>\u00c0 deux pas de l&#8217;h\u00f4tel, vous trouverez \u00e9galement une <b>plage \u00e9quip\u00e9e<\/b>, avec des jeux pour enfants, un espace pour animaux domestiques et un coin avec boissons non alcoolis\u00e9es toujours incluses, et toujours avec <b>1 parasol et 2 transats r\u00e9serv\u00e9s<\/b>.<\/p>\n\n\n\n<p>Nous accordons une attention particuli\u00e8re aux enfants et aux adolescents (mais \u00e9galement aux adultes), \u00e0 commencer par les activit\u00e9s organis\u00e9es par l\u2019<b>\u00e9quipe d&#8217;animation<\/b>. Nous organisons chaque jour des <b>jeux<\/b>, <b>danses de groupe<\/b>, <b>ateliers cr\u00e9atifs<\/b>,<b> chasse au tr\u00e9sor sociale<\/b>, <b>s\u00e9ance de maquillage pour enfants<\/b>, <b>spectacles<\/b>, <b>promenades en p\u00e9dalo<\/b> et en <b>pousse-pousse<\/b>, <b>tournois sportifs<\/b> et bien d\u2019autres encore&nbsp;!<\/p>\n\n\n\n<p>Et que dire de l\u2019<b>exp\u00e9rience culinaire<\/b>&nbsp;? Pr\u00e9parez-vous \u00e0 manger beaucoup, car ici les d\u00e9licieuses surprises se succ\u00e8dent sans fin&nbsp;: au d\u00e9jeuner et au d\u00eener, nous pr\u00e9parons les plats sous vos yeux, gr\u00e2ce \u00e0 notre <b>cuisine ouverte<\/b> puis, en journ\u00e9e, profitez du <b>chariot de glaces Sammontana<\/b>, le go\u00fbter <b>Dina La Merendina<\/b> pour les enfants, <b>ap\u00e9ritif-d\u00e9jeuner et ap\u00e9ritif-d\u00eenatoire<\/b>, <b>glace<\/b>, <b>granita<\/b>, <b>b\u00e2tonnets glac\u00e9s<\/b>, <b>hot-dog <\/b>au bar, <b>Coin du Ghiottone<\/b> dans le jardin, <b>buffet de la bonne nuit<\/b>, <b>fontaines de chocolat<\/b> et <b>F\u00eate des donuts<\/b>. Pour les jeunes parents, nous avons \u00e9galement une <b>kitchenette ouverte 24h\/24<\/b>.<\/p>\n\n\n\n<p>Dans la chambre, vous trouverez tout le n\u00e9cessaire pour vous permettre de voyager l\u00e9ger&nbsp;: <b>barri\u00e8res lat\u00e9rales, berceaux, chauffe-biberons<\/b>, <b>tables \u00e0 langer<\/b>, <b>r\u00e9ducteurs de toilettes <\/b>et <b>tabourets<\/b>. Un <b>p\u00e9diatre <\/b>est \u00e9galement disponible gratuitement, du lundi au vendredi, pour prendre soin de la sant\u00e9 des plus petits.<\/p>\n\n\n\n<p>Nous allions presque oublier notre <b>open bar<\/b>&nbsp;! Ouvert <b>h24 <\/b>et sans limites, avec des boissons non alcoolis\u00e9es \u00e0 la pression et des jus de fruits, \u00e0 la fois \u00e0 l&#8217;h\u00f4tel et sur la plage. Gr\u00e2ce \u00e0 la gourde <b>Drinky<\/b>, vous pouvez \u00e9galement emporter l&#8217;open bar o\u00f9 vous voulez.<\/p>\n\n\n\n<p>Tu connais la nouveaut\u00e9 ? Pendant tout l&#8217;\u00e9t\u00e9,<strong> avec un s\u00e9jour minimum de 6 nuits, nous offrons \u00e0 toute ta famille les billets pour Mirabilandia<\/strong>, le parc d&#8217;attractions le plus c\u00e9l\u00e8bre de Romagne!<\/p>\n\n\n<figure class=\"wp-block-table ifh_awards\"><table><tbody><tr>\r\n<td><img decoding=\"async\" src=\"https:\/\/www.italyfamilyhotels.it\/wp-content\/themes\/ifh2\/img\/ifh_awards.svg\" alt=\"Italy Family Awards\"><\/td>\r\n<td>Cet h\u00f4tel s&#8217;est class\u00e9 premier dans la cat\u00e9gorie: <br><strong>Top Italy Family Hotels \u2013 \u00e9tranger<span class=\"info\" onclick=\"toggleAwardPopup(event)\"><span class=\"popup\" onclick=\"toggleAwardPopupClose(event)\">\r\n    <span class=\"popup_header\"><\/span>\r\n    <span class=\"popup_content\">La r\u00e9compense c\u00e9l\u00e8bre l&#8217;h\u00f4tel qui s&#8217;est impos\u00e9 comme le choix pr\u00e9f\u00e9r\u00e9 des familles \u00e9trang\u00e8res qui ont fait confiance \u00e0 Italy Family Hotels pour rechercher le meilleur de l&#8217;hospitalit\u00e9 italienne.<\/span>\r\n    <span class=\"popup_footer\"><\/span>\r\n    <\/span><\/span><\/strong><\/td>\r\n<\/tr><\/tbody><\/table><\/figure>\r\n<script type=\"text\/javascript\">\r\nif(!toggleAwardPopup) {\r\n     var toggleAwardPopup = function(e){\r\n        e = e || window.event;\r\n        e.stopPropagation();\r\n        var target = e.target || e.srcElement;\r\n        jQuery(target).children(\".popup\").fadeToggle();\r\n    };\r\n}\r\nif(!toggleAwardPopupClose) {\r\n     var toggleAwardPopupClose = function(e){\r\n        e = e || window.event;\r\n        e.stopPropagation();\r\n        var target = e.target || e.srcElement;\r\n        jQuery(target).parent(\".popup\").fadeToggle();\r\n    };\r\n}\r\n<\/script>","protected":false},"excerpt":{"rendered":"<p>Et si on vous disait qu&#8217;ici, au Club Family Hotel Serenissima, nous disposons d\u2019une piscine semi-olympique chauff\u00e9e, avec un toboggan \u00e0 eau super amusant&nbsp;? Eh oui, et en plus vous avez la certitude de passer des vacances sans soucis gr\u00e2ce \u00e0 notre super formule tout compris All Inclusive avec de nombreux services d\u00e9di\u00e9s \u00e0 la &hellip;<\/p>\n","protected":false},"author":130,"featured_media":0,"parent":29729,"menu_order":0,"comment_status":"closed","ping_status":"closed","template":"page-templates\/scheda_hotel.php","meta":{"_acf_changed":false,"inline_featured_image":false,"footnotes":""},"class_list":["post-43292","page","type-page","status-publish","hentry"],"acf":[],"yoast_head":"<!-- This site is optimized with the Yoast SEO plugin v27.1 - https:\/\/yoast.com\/product\/yoast-seo-wordpress\/ -->\n<title>Club Family Hotel Serenissima 4 \u00e9toiles, Cesenatico<\/title>\n<meta name=\"description\" content=\"Envie de vacances en famille\u00a0? D\u00e9couvrez les offres pour familles du Club Family Hotel Serenissima \u00e0 Cesenatico\" \/>\n<meta name=\"robots\" content=\"index, follow, max-snippet:-1, max-image-preview:large, max-video-preview:-1\" \/>\n<link rel=\"canonical\" href=\"https:\/\/www.italyfamilyhotels.it\/fr\/hotels\/club-family-hotel-serenissima\" \/>\n<meta property=\"og:locale\" content=\"fr_FR\" \/>\n<meta property=\"og:type\" content=\"article\" \/>\n<meta property=\"og:title\" content=\"Club Family Hotel Serenissima 4 \u00e9toiles, Cesenatico\" \/>\n<meta property=\"og:description\" content=\"Envie de vacances en famille\u00a0? D\u00e9couvrez les offres pour familles du Club Family Hotel Serenissima \u00e0 Cesenatico\" \/>\n<meta property=\"og:url\" content=\"https:\/\/www.italyfamilyhotels.it\/fr\/hotels\/club-family-hotel-serenissima\" \/>\n<meta property=\"og:site_name\" content=\"Italy Family Hotels\" \/>\n<meta property=\"article:publisher\" content=\"https:\/\/www.facebook.com\/ItalyFamilyHotels\/\" \/>\n<meta property=\"article:modified_time\" content=\"2025-03-20T12:31:04+00:00\" \/>\n<meta name=\"twitter:card\" content=\"summary_large_image\" \/>\n<meta name=\"twitter:label1\" content=\"Dur\u00e9e de lecture estim\u00e9e\" \/>\n\t<meta name=\"twitter:data1\" content=\"2 minutes\" \/>\n<script type=\"application\/ld+json\" class=\"yoast-schema-graph\">{\"@context\":\"https:\/\/schema.org\",\"@graph\":[{\"@type\":\"WebPage\",\"@id\":\"https:\/\/www.italyfamilyhotels.it\/fr\/hotels\/club-family-hotel-serenissima\",\"url\":\"https:\/\/www.italyfamilyhotels.it\/fr\/hotels\/club-family-hotel-serenissima\",\"name\":\"Club Family Hotel Serenissima 4 \u00e9toiles, Cesenatico\",\"isPartOf\":{\"@id\":\"https:\/\/www.italyfamilyhotels.it\/#website\"},\"datePublished\":\"2023-01-23T12:53:58+00:00\",\"dateModified\":\"2025-03-20T12:31:04+00:00\",\"description\":\"Envie de vacances en famille\u00a0? D\u00e9couvrez les offres pour familles du Club Family Hotel Serenissima \u00e0 Cesenatico\",\"breadcrumb\":{\"@id\":\"https:\/\/www.italyfamilyhotels.it\/fr\/hotels\/club-family-hotel-serenissima#breadcrumb\"},\"inLanguage\":\"fr-FR\",\"potentialAction\":[{\"@type\":\"ReadAction\",\"target\":[\"https:\/\/www.italyfamilyhotels.it\/fr\/hotels\/club-family-hotel-serenissima\"]}]},{\"@type\":\"BreadcrumbList\",\"@id\":\"https:\/\/www.italyfamilyhotels.it\/fr\/hotels\/club-family-hotel-serenissima#breadcrumb\",\"itemListElement\":[{\"@type\":\"ListItem\",\"position\":1,\"name\":\"Home\",\"item\":\"https:\/\/www.italyfamilyhotels.it\/fr\"},{\"@type\":\"ListItem\",\"position\":2,\"name\":\"Family Hotels\",\"item\":\"https:\/\/www.italyfamilyhotels.it\/fr\/hotels\"},{\"@type\":\"ListItem\",\"position\":3,\"name\":\"Club Family Hotel Serenissima\"}]},{\"@type\":\"WebSite\",\"@id\":\"https:\/\/www.italyfamilyhotels.it\/#website\",\"url\":\"https:\/\/www.italyfamilyhotels.it\/\",\"name\":\"Italy Family Hotels\",\"description\":\"\",\"potentialAction\":[{\"@type\":\"SearchAction\",\"target\":{\"@type\":\"EntryPoint\",\"urlTemplate\":\"https:\/\/www.italyfamilyhotels.it\/?s={search_term_string}\"},\"query-input\":{\"@type\":\"PropertyValueSpecification\",\"valueRequired\":true,\"valueName\":\"search_term_string\"}}],\"inLanguage\":\"fr-FR\"}]}<\/script>\n<!-- \/ Yoast SEO plugin. -->","yoast_head_json":{"title":"Club Family Hotel Serenissima 4 \u00e9toiles, Cesenatico","description":"Envie de vacances en famille\u00a0? D\u00e9couvrez les offres pour familles du Club Family Hotel Serenissima \u00e0 Cesenatico","robots":{"index":"index","follow":"follow","max-snippet":"max-snippet:-1","max-image-preview":"max-image-preview:large","max-video-preview":"max-video-preview:-1"},"canonical":"https:\/\/www.italyfamilyhotels.it\/fr\/hotels\/club-family-hotel-serenissima","og_locale":"fr_FR","og_type":"article","og_title":"Club Family Hotel Serenissima 4 \u00e9toiles, Cesenatico","og_description":"Envie de vacances en famille\u00a0? D\u00e9couvrez les offres pour familles du Club Family Hotel Serenissima \u00e0 Cesenatico","og_url":"https:\/\/www.italyfamilyhotels.it\/fr\/hotels\/club-family-hotel-serenissima","og_site_name":"Italy Family Hotels","article_publisher":"https:\/\/www.facebook.com\/ItalyFamilyHotels\/","article_modified_time":"2025-03-20T12:31:04+00:00","twitter_card":"summary_large_image","twitter_misc":{"Dur\u00e9e de lecture estim\u00e9e":"2 minutes"},"schema":{"@context":"https:\/\/schema.org","@graph":[{"@type":"WebPage","@id":"https:\/\/www.italyfamilyhotels.it\/fr\/hotels\/club-family-hotel-serenissima","url":"https:\/\/www.italyfamilyhotels.it\/fr\/hotels\/club-family-hotel-serenissima","name":"Club Family Hotel Serenissima 4 \u00e9toiles, Cesenatico","isPartOf":{"@id":"https:\/\/www.italyfamilyhotels.it\/#website"},"datePublished":"2023-01-23T12:53:58+00:00","dateModified":"2025-03-20T12:31:04+00:00","description":"Envie de vacances en famille\u00a0? D\u00e9couvrez les offres pour familles du Club Family Hotel Serenissima \u00e0 Cesenatico","breadcrumb":{"@id":"https:\/\/www.italyfamilyhotels.it\/fr\/hotels\/club-family-hotel-serenissima#breadcrumb"},"inLanguage":"fr-FR","potentialAction":[{"@type":"ReadAction","target":["https:\/\/www.italyfamilyhotels.it\/fr\/hotels\/club-family-hotel-serenissima"]}]},{"@type":"BreadcrumbList","@id":"https:\/\/www.italyfamilyhotels.it\/fr\/hotels\/club-family-hotel-serenissima#breadcrumb","itemListElement":[{"@type":"ListItem","position":1,"name":"Home","item":"https:\/\/www.italyfamilyhotels.it\/fr"},{"@type":"ListItem","position":2,"name":"Family Hotels","item":"https:\/\/www.italyfamilyhotels.it\/fr\/hotels"},{"@type":"ListItem","position":3,"name":"Club Family Hotel Serenissima"}]},{"@type":"WebSite","@id":"https:\/\/www.italyfamilyhotels.it\/#website","url":"https:\/\/www.italyfamilyhotels.it\/","name":"Italy Family Hotels","description":"","potentialAction":[{"@type":"SearchAction","target":{"@type":"EntryPoint","urlTemplate":"https:\/\/www.italyfamilyhotels.it\/?s={search_term_string}"},"query-input":{"@type":"PropertyValueSpecification","valueRequired":true,"valueName":"search_term_string"}}],"inLanguage":"fr-FR"}]}},"_links":{"self":[{"href":"https:\/\/www.italyfamilyhotels.it\/fr\/wp-json\/wp\/v2\/pages\/43292","targetHints":{"allow":["GET"]}}],"collection":[{"href":"https:\/\/www.italyfamilyhotels.it\/fr\/wp-json\/wp\/v2\/pages"}],"about":[{"href":"https:\/\/www.italyfamilyhotels.it\/fr\/wp-json\/wp\/v2\/types\/page"}],"author":[{"embeddable":true,"href":"https:\/\/www.italyfamilyhotels.it\/fr\/wp-json\/wp\/v2\/users\/130"}],"replies":[{"embeddable":true,"href":"https:\/\/www.italyfamilyhotels.it\/fr\/wp-json\/wp\/v2\/comments?post=43292"}],"version-history":[{"count":3,"href":"https:\/\/www.italyfamilyhotels.it\/fr\/wp-json\/wp\/v2\/pages\/43292\/revisions"}],"predecessor-version":[{"id":67428,"href":"https:\/\/www.italyfamilyhotels.it\/fr\/wp-json\/wp\/v2\/pages\/43292\/revisions\/67428"}],"up":[{"embeddable":true,"href":"https:\/\/www.italyfamilyhotels.it\/fr\/wp-json\/wp\/v2\/pages\/29729"}],"wp:attachment":[{"href":"https:\/\/www.italyfamilyhotels.it\/fr\/wp-json\/wp\/v2\/media?parent=43292"}],"curies":[{"name":"wp","href":"https:\/\/api.w.org\/{rel}","templated":true}]}}