{"id":43290,"date":"2023-01-23T13:53:45","date_gmt":"2023-01-23T12:53:45","guid":{"rendered":"https:\/\/www.italyfamilyhotels.it\/hotels\/hotel-parco-dei-principi"},"modified":"2023-01-23T13:57:52","modified_gmt":"2023-01-23T12:57:52","slug":"hotel-parco-dei-principi","status":"publish","type":"page","link":"https:\/\/www.italyfamilyhotels.it\/fr\/hotels\/hotel-parco-dei-principi","title":{"rendered":"H\u00f4tel Parco dei Principi"},"content":{"rendered":"\n<p>Nous sommes aux premi\u00e8res loges de la mer\u00a0: il suffit de traverser la promenade pi\u00e9tonne pour rejoindre notre splendide <b>plage priv\u00e9e \u00e9quip\u00e9e<\/b>, o\u00f9 nous organisons chaque jour des activit\u00e9s de divertissement\u00a0! Mais ce n&#8217;est pas la seule raison pour laquelle des <b>vacances avec enfants dans les Abruzzes<\/b>, ici \u00e0 l\u2019<b>H\u00f4tel Parco dei Principi de Giulianova <\/b>est synonyme de d\u00e9tente et de plaisir.<\/p>\n\n\n\n<p>L&#8217;emplacement l\u2019est aussi\u00a0: nous sommes situ\u00e9s au c\u0153ur d&#8217;une <b>pin\u00e8de parfum\u00e9e de 5\u00a0000 m\u00b2<\/b> avec <b>parc piscines<\/b> &#8211; une pour les adultes et une avec eau peu profonde pour les enfants &#8211; et une fontaine avec jeux d&#8217;eau, la fantastique <b>Jungle Island avec structures gonflables <\/b>g\u00e9antes, le <b>labyrinthe <\/b>et la <b>piscine \u00e0 balles<\/b> color\u00e9e, sans oublier diff\u00e9rentes <b>aires de jeux<\/b>, le<b> coin \u00e0 contes de f\u00e9es<\/b> et la <b>maison en bois<\/b> avec cuisinette. Notre immense jardin sert \u00e9galement de cadre aux <b>activit\u00e9s ludiques <\/b>organis\u00e9es par l\u2019\u00e9quipe d\u2019animation, aux fantastiques <b>spectacles du soir<\/b> et aux soir\u00e9es cabaret sous les \u00e9toiles\u00a0!<\/p>\n\n\n\n<p>Ici, l&#8217;animation est pour tout le monde\u00a0: outre s&#8217;occuper des enfants du <b>Mini et du Junior Clubs<\/b>, nous aimons <b>impliquer aussi maman et papa<\/b> dans des activit\u00e9s telles que l&#8217;aquagym, la tonification musculaire, le beach-volley, des tournois de fl\u00e9chettes et de la danse. Et si vous souhaitez partager des journ\u00e9es d&#8217;exploration avec vos enfants, nous mettons gratuitement \u00e0 votre disposition des <b>v\u00e9los avec si\u00e8ges enfants<\/b>.<\/p>\n\n\n\n<p>Et en plus, vous trouverez \u00e9galement <b>dans la chambre tout ce dont vous avez besoin pour les plus petits<\/b>\u00a0: lit b\u00e9b\u00e9, barri\u00e8res de s\u00e9curit\u00e9, baignoire b\u00e9b\u00e9, table \u00e0 langer, chauffe biberon, poussettes. De cette fa\u00e7on, vous n&#8217;aurez \u00e0 vous soucier de rien. Et <b>\u00e0 table<\/b>\u00a0? Pr\u00e9parez-vous, car nous tentons toute la famille avec les <b>saveurs authentiques des Abruzzes et de la tradition italienne<\/b>, jamais les <b>enfants<\/b> n\u2019ont \u00e9t\u00e9 aussi g\u00e2t\u00e9s, avec des <b>menus sp\u00e9ciaux<\/b>, des <b>petits-d\u00e9jeuners de champions<\/b>, des sets de table color\u00e9s et des couverts pour enfants. De plus, si vous avez des b\u00e9b\u00e9s en phase de sevrage, nous vous assisterons dans la <b>pr\u00e9paration de leurs aliments<\/b>\u00a0!<\/p>\n","protected":false},"excerpt":{"rendered":"<p>Nous sommes aux premi\u00e8res loges de la mer\u00a0: il suffit de traverser la promenade pi\u00e9tonne pour rejoindre notre splendide plage priv\u00e9e \u00e9quip\u00e9e, o\u00f9 nous organisons chaque jour des activit\u00e9s de divertissement\u00a0! Mais ce n&#8217;est pas la seule raison pour laquelle des vacances avec enfants dans les Abruzzes, ici \u00e0 l\u2019H\u00f4tel Parco dei Principi de Giulianova &hellip;<\/p>\n","protected":false},"author":89,"featured_media":0,"parent":29729,"menu_order":0,"comment_status":"closed","ping_status":"closed","template":"page-templates\/scheda_hotel.php","meta":{"_acf_changed":false,"inline_featured_image":false,"footnotes":""},"class_list":["post-43290","page","type-page","status-publish","hentry"],"acf":[],"yoast_head":"<!-- This site is optimized with the Yoast SEO plugin v27.1 - https:\/\/yoast.com\/product\/yoast-seo-wordpress\/ -->\n<title>H\u00f4tel Parco dei Principi 4 \u00e9toiles, Giulianova<\/title>\n<meta name=\"description\" content=\"Envie de vacances en famille\u00a0? D\u00e9couvrez les offres pour familles de l\u2019H\u00f4tel Parco dei Principi \u00e0 Giulianova\" \/>\n<meta name=\"robots\" content=\"index, follow, max-snippet:-1, max-image-preview:large, max-video-preview:-1\" \/>\n<link rel=\"canonical\" href=\"https:\/\/www.italyfamilyhotels.it\/fr\/hotels\/hotel-parco-dei-principi\" \/>\n<meta property=\"og:locale\" content=\"fr_FR\" \/>\n<meta property=\"og:type\" content=\"article\" \/>\n<meta property=\"og:title\" content=\"H\u00f4tel Parco dei Principi 4 \u00e9toiles, Giulianova\" \/>\n<meta property=\"og:description\" content=\"Envie de vacances en famille\u00a0? D\u00e9couvrez les offres pour familles de l\u2019H\u00f4tel Parco dei Principi \u00e0 Giulianova\" \/>\n<meta property=\"og:url\" content=\"https:\/\/www.italyfamilyhotels.it\/fr\/hotels\/hotel-parco-dei-principi\" \/>\n<meta property=\"og:site_name\" content=\"Italy Family Hotels\" \/>\n<meta property=\"article:publisher\" content=\"https:\/\/www.facebook.com\/ItalyFamilyHotels\/\" \/>\n<meta property=\"article:modified_time\" content=\"2023-01-23T12:57:52+00:00\" \/>\n<meta name=\"twitter:card\" content=\"summary_large_image\" \/>\n<meta name=\"twitter:label1\" content=\"Dur\u00e9e de lecture estim\u00e9e\" \/>\n\t<meta name=\"twitter:data1\" content=\"2 minutes\" \/>\n<script type=\"application\/ld+json\" class=\"yoast-schema-graph\">{\"@context\":\"https:\/\/schema.org\",\"@graph\":[{\"@type\":\"WebPage\",\"@id\":\"https:\/\/www.italyfamilyhotels.it\/fr\/hotels\/hotel-parco-dei-principi\",\"url\":\"https:\/\/www.italyfamilyhotels.it\/fr\/hotels\/hotel-parco-dei-principi\",\"name\":\"H\u00f4tel Parco dei Principi 4 \u00e9toiles, Giulianova\",\"isPartOf\":{\"@id\":\"https:\/\/www.italyfamilyhotels.it\/#website\"},\"datePublished\":\"2023-01-23T12:53:45+00:00\",\"dateModified\":\"2023-01-23T12:57:52+00:00\",\"description\":\"Envie de vacances en famille\u00a0? D\u00e9couvrez les offres pour familles de l\u2019H\u00f4tel Parco dei Principi \u00e0 Giulianova\",\"breadcrumb\":{\"@id\":\"https:\/\/www.italyfamilyhotels.it\/fr\/hotels\/hotel-parco-dei-principi#breadcrumb\"},\"inLanguage\":\"fr-FR\",\"potentialAction\":[{\"@type\":\"ReadAction\",\"target\":[\"https:\/\/www.italyfamilyhotels.it\/fr\/hotels\/hotel-parco-dei-principi\"]}]},{\"@type\":\"BreadcrumbList\",\"@id\":\"https:\/\/www.italyfamilyhotels.it\/fr\/hotels\/hotel-parco-dei-principi#breadcrumb\",\"itemListElement\":[{\"@type\":\"ListItem\",\"position\":1,\"name\":\"Home\",\"item\":\"https:\/\/www.italyfamilyhotels.it\/fr\"},{\"@type\":\"ListItem\",\"position\":2,\"name\":\"Family Hotels\",\"item\":\"https:\/\/www.italyfamilyhotels.it\/fr\/hotels\"},{\"@type\":\"ListItem\",\"position\":3,\"name\":\"H\u00f4tel Parco dei Principi\"}]},{\"@type\":\"WebSite\",\"@id\":\"https:\/\/www.italyfamilyhotels.it\/#website\",\"url\":\"https:\/\/www.italyfamilyhotels.it\/\",\"name\":\"Italy Family Hotels\",\"description\":\"\",\"potentialAction\":[{\"@type\":\"SearchAction\",\"target\":{\"@type\":\"EntryPoint\",\"urlTemplate\":\"https:\/\/www.italyfamilyhotels.it\/?s={search_term_string}\"},\"query-input\":{\"@type\":\"PropertyValueSpecification\",\"valueRequired\":true,\"valueName\":\"search_term_string\"}}],\"inLanguage\":\"fr-FR\"}]}<\/script>\n<!-- \/ Yoast SEO plugin. -->","yoast_head_json":{"title":"H\u00f4tel Parco dei Principi 4 \u00e9toiles, Giulianova","description":"Envie de vacances en famille\u00a0? D\u00e9couvrez les offres pour familles de l\u2019H\u00f4tel Parco dei Principi \u00e0 Giulianova","robots":{"index":"index","follow":"follow","max-snippet":"max-snippet:-1","max-image-preview":"max-image-preview:large","max-video-preview":"max-video-preview:-1"},"canonical":"https:\/\/www.italyfamilyhotels.it\/fr\/hotels\/hotel-parco-dei-principi","og_locale":"fr_FR","og_type":"article","og_title":"H\u00f4tel Parco dei Principi 4 \u00e9toiles, Giulianova","og_description":"Envie de vacances en famille\u00a0? D\u00e9couvrez les offres pour familles de l\u2019H\u00f4tel Parco dei Principi \u00e0 Giulianova","og_url":"https:\/\/www.italyfamilyhotels.it\/fr\/hotels\/hotel-parco-dei-principi","og_site_name":"Italy Family Hotels","article_publisher":"https:\/\/www.facebook.com\/ItalyFamilyHotels\/","article_modified_time":"2023-01-23T12:57:52+00:00","twitter_card":"summary_large_image","twitter_misc":{"Dur\u00e9e de lecture estim\u00e9e":"2 minutes"},"schema":{"@context":"https:\/\/schema.org","@graph":[{"@type":"WebPage","@id":"https:\/\/www.italyfamilyhotels.it\/fr\/hotels\/hotel-parco-dei-principi","url":"https:\/\/www.italyfamilyhotels.it\/fr\/hotels\/hotel-parco-dei-principi","name":"H\u00f4tel Parco dei Principi 4 \u00e9toiles, Giulianova","isPartOf":{"@id":"https:\/\/www.italyfamilyhotels.it\/#website"},"datePublished":"2023-01-23T12:53:45+00:00","dateModified":"2023-01-23T12:57:52+00:00","description":"Envie de vacances en famille\u00a0? D\u00e9couvrez les offres pour familles de l\u2019H\u00f4tel Parco dei Principi \u00e0 Giulianova","breadcrumb":{"@id":"https:\/\/www.italyfamilyhotels.it\/fr\/hotels\/hotel-parco-dei-principi#breadcrumb"},"inLanguage":"fr-FR","potentialAction":[{"@type":"ReadAction","target":["https:\/\/www.italyfamilyhotels.it\/fr\/hotels\/hotel-parco-dei-principi"]}]},{"@type":"BreadcrumbList","@id":"https:\/\/www.italyfamilyhotels.it\/fr\/hotels\/hotel-parco-dei-principi#breadcrumb","itemListElement":[{"@type":"ListItem","position":1,"name":"Home","item":"https:\/\/www.italyfamilyhotels.it\/fr"},{"@type":"ListItem","position":2,"name":"Family Hotels","item":"https:\/\/www.italyfamilyhotels.it\/fr\/hotels"},{"@type":"ListItem","position":3,"name":"H\u00f4tel Parco dei Principi"}]},{"@type":"WebSite","@id":"https:\/\/www.italyfamilyhotels.it\/#website","url":"https:\/\/www.italyfamilyhotels.it\/","name":"Italy Family Hotels","description":"","potentialAction":[{"@type":"SearchAction","target":{"@type":"EntryPoint","urlTemplate":"https:\/\/www.italyfamilyhotels.it\/?s={search_term_string}"},"query-input":{"@type":"PropertyValueSpecification","valueRequired":true,"valueName":"search_term_string"}}],"inLanguage":"fr-FR"}]}},"_links":{"self":[{"href":"https:\/\/www.italyfamilyhotels.it\/fr\/wp-json\/wp\/v2\/pages\/43290","targetHints":{"allow":["GET"]}}],"collection":[{"href":"https:\/\/www.italyfamilyhotels.it\/fr\/wp-json\/wp\/v2\/pages"}],"about":[{"href":"https:\/\/www.italyfamilyhotels.it\/fr\/wp-json\/wp\/v2\/types\/page"}],"author":[{"embeddable":true,"href":"https:\/\/www.italyfamilyhotels.it\/fr\/wp-json\/wp\/v2\/users\/89"}],"replies":[{"embeddable":true,"href":"https:\/\/www.italyfamilyhotels.it\/fr\/wp-json\/wp\/v2\/comments?post=43290"}],"version-history":[{"count":1,"href":"https:\/\/www.italyfamilyhotels.it\/fr\/wp-json\/wp\/v2\/pages\/43290\/revisions"}],"predecessor-version":[{"id":43291,"href":"https:\/\/www.italyfamilyhotels.it\/fr\/wp-json\/wp\/v2\/pages\/43290\/revisions\/43291"}],"up":[{"embeddable":true,"href":"https:\/\/www.italyfamilyhotels.it\/fr\/wp-json\/wp\/v2\/pages\/29729"}],"wp:attachment":[{"href":"https:\/\/www.italyfamilyhotels.it\/fr\/wp-json\/wp\/v2\/media?parent=43290"}],"curies":[{"name":"wp","href":"https:\/\/api.w.org\/{rel}","templated":true}]}}