{"id":43288,"date":"2023-01-23T13:53:33","date_gmt":"2023-01-23T12:53:33","guid":{"rendered":"https:\/\/www.italyfamilyhotels.it\/hotels\/arianna-club-hotel"},"modified":"2023-01-23T13:57:51","modified_gmt":"2023-01-23T12:57:51","slug":"arianna-club-hotel","status":"publish","type":"page","link":"https:\/\/www.italyfamilyhotels.it\/fr\/hotels\/arianna-club-hotel","title":{"rendered":"Arianna Club Hotel"},"content":{"rendered":"\n<p>\u00c0 l\u2019<b>Arianna Club Hotel<\/b>, nous vous accueillons avec la fra\u00eeche brise marine de <b>Gargano <\/b>et ses magnifiques plages. Des vacances de sport, de plaisir et de d\u00e9tente vous attendent, et c\u2019est vous qui d\u00e9cidez du rythme\u00a0: vous aimez l&#8217;ind\u00e9pendance et ne pas avoir d&#8217;horaires\u00a0? Alors nos <b>appartements <\/b>sont ce qu\u2019il vous faut. Vous pouvez \u00e9galement opter pour le confort d\u2019une classique <b>formule h\u00f4teli\u00e8re<\/b>.<\/p>\n\n\n\n<p>Ici, vous trouverez une super <b>piscine de d\u00e9tente avec bain \u00e0 remous<\/b>, avec transats simples et familiaux, parasols, hamacs, balan\u00e7oires et lits flottants. Avec en plus, un espace d\u00e9tente, baby-foot et ping-pong et <b>plage priv\u00e9e<\/b> <b>\u00e9quip\u00e9e<\/b>.<\/p>\n\n\n\n<p>L&#8217;h\u00f4tel dispose d\u2019une aire de jeux r\u00e9serv\u00e9e aux enfants <b>Arylandia<\/b>, o\u00f9 ils pourront s\u2019amuser parmi structures gonflables color\u00e9es et un super trampoline. Les animateurs s&#8217;en occupent, organisent des <b>activit\u00e9s r\u00e9cr\u00e9atives<\/b>, des <b>cours \u00e9ducatifs<\/b>, des <b>spectacles<\/b>, des <b>pi\u00e8ces<\/b>, du <b>cabaret<\/b>, des <b>danses de groupe<\/b>, des <b>jeux de plage<\/b> et des <b>tournois sportifs<\/b>.<\/p>\n\n\n\n<p>Nous disposons \u00e9galement d\u2019un v\u00e9ritable <b>centre sportif<\/b>, un royaume d\u00e9di\u00e9 au sport et au divertissement pour petits et grands, avec <b>entr\u00e9e libre<\/b> pour les clients de l&#8217;h\u00f4tel. \u00c0 l&#8217;int\u00e9rieur vous trouverez le <b>restaurant<\/b> <b>\u00ab\u00a0La Fontana dei Desideri\u00a0\u00bb<\/b>, le <b>bar<\/b>, la <b>plage priv\u00e9e<\/b> avec parasols et transats, une <b>aire de stationnement <\/b>ombrag\u00e9e, <b>piscine semi-olympique<\/b>, <b>mini-piscine<\/b> pour les enfants et <b>terrains de sport<\/b>.<\/p>\n\n\n\n<p>Chaque semaine, un <b>p\u00e9diatre <\/b>vient nous rendre visite pour tout \u00e9ventuelle n\u00e9cessit\u00e9 et, dans la chambre, vous trouverez des <b>lits avec barri\u00e8res lat\u00e9rales, berceaux, chauffe-biberons et tables \u00e0 langer<\/b>. Lorsqu\u2019arrive l\u2019heure du repas des plus petits, vous pourrez vous rendre au <b>restaurant pour enfants<\/b> o\u00f9 ils pourront savourer des menus sp\u00e9cialement pr\u00e9par\u00e9s pour eux.<\/p>\n","protected":false},"excerpt":{"rendered":"<p>\u00c0 l\u2019Arianna Club Hotel, nous vous accueillons avec la fra\u00eeche brise marine de Gargano et ses magnifiques plages. Des vacances de sport, de plaisir et de d\u00e9tente vous attendent, et c\u2019est vous qui d\u00e9cidez du rythme\u00a0: vous aimez l&#8217;ind\u00e9pendance et ne pas avoir d&#8217;horaires\u00a0? Alors nos appartements sont ce qu\u2019il vous faut. Vous pouvez \u00e9galement &hellip;<\/p>\n","protected":false},"author":9,"featured_media":0,"parent":29729,"menu_order":0,"comment_status":"closed","ping_status":"closed","template":"page-templates\/scheda_hotel.php","meta":{"_acf_changed":false,"inline_featured_image":false,"footnotes":""},"class_list":["post-43288","page","type-page","status-publish","hentry"],"acf":[],"yoast_head":"<!-- This site is optimized with the Yoast SEO plugin v27.1 - https:\/\/yoast.com\/product\/yoast-seo-wordpress\/ -->\n<title>Arianna Club Hotel 3 \u00e9toiles, Rodi Garganico<\/title>\n<meta name=\"description\" content=\"Envie de vacances en famille\u00a0? D\u00e9couvrez les offres pour familles de l\u2019Arianna Club Hotel \u00e0 Rodi Garganico\" \/>\n<meta name=\"robots\" content=\"index, follow, max-snippet:-1, max-image-preview:large, max-video-preview:-1\" \/>\n<link rel=\"canonical\" href=\"https:\/\/www.italyfamilyhotels.it\/fr\/hotels\/arianna-club-hotel\" \/>\n<meta property=\"og:locale\" content=\"fr_FR\" \/>\n<meta property=\"og:type\" content=\"article\" \/>\n<meta property=\"og:title\" content=\"Arianna Club Hotel 3 \u00e9toiles, Rodi Garganico\" \/>\n<meta property=\"og:description\" content=\"Envie de vacances en famille\u00a0? D\u00e9couvrez les offres pour familles de l\u2019Arianna Club Hotel \u00e0 Rodi Garganico\" \/>\n<meta property=\"og:url\" content=\"https:\/\/www.italyfamilyhotels.it\/fr\/hotels\/arianna-club-hotel\" \/>\n<meta property=\"og:site_name\" content=\"Italy Family Hotels\" \/>\n<meta property=\"article:publisher\" content=\"https:\/\/www.facebook.com\/ItalyFamilyHotels\/\" \/>\n<meta property=\"article:modified_time\" content=\"2023-01-23T12:57:51+00:00\" \/>\n<meta name=\"twitter:card\" content=\"summary_large_image\" \/>\n<meta name=\"twitter:label1\" content=\"Dur\u00e9e de lecture estim\u00e9e\" \/>\n\t<meta name=\"twitter:data1\" content=\"2 minutes\" \/>\n<script type=\"application\/ld+json\" class=\"yoast-schema-graph\">{\"@context\":\"https:\/\/schema.org\",\"@graph\":[{\"@type\":\"WebPage\",\"@id\":\"https:\/\/www.italyfamilyhotels.it\/fr\/hotels\/arianna-club-hotel\",\"url\":\"https:\/\/www.italyfamilyhotels.it\/fr\/hotels\/arianna-club-hotel\",\"name\":\"Arianna Club Hotel 3 \u00e9toiles, Rodi Garganico\",\"isPartOf\":{\"@id\":\"https:\/\/www.italyfamilyhotels.it\/#website\"},\"datePublished\":\"2023-01-23T12:53:33+00:00\",\"dateModified\":\"2023-01-23T12:57:51+00:00\",\"description\":\"Envie de vacances en famille\u00a0? D\u00e9couvrez les offres pour familles de l\u2019Arianna Club Hotel \u00e0 Rodi Garganico\",\"breadcrumb\":{\"@id\":\"https:\/\/www.italyfamilyhotels.it\/fr\/hotels\/arianna-club-hotel#breadcrumb\"},\"inLanguage\":\"fr-FR\",\"potentialAction\":[{\"@type\":\"ReadAction\",\"target\":[\"https:\/\/www.italyfamilyhotels.it\/fr\/hotels\/arianna-club-hotel\"]}]},{\"@type\":\"BreadcrumbList\",\"@id\":\"https:\/\/www.italyfamilyhotels.it\/fr\/hotels\/arianna-club-hotel#breadcrumb\",\"itemListElement\":[{\"@type\":\"ListItem\",\"position\":1,\"name\":\"Home\",\"item\":\"https:\/\/www.italyfamilyhotels.it\/fr\"},{\"@type\":\"ListItem\",\"position\":2,\"name\":\"Family Hotels\",\"item\":\"https:\/\/www.italyfamilyhotels.it\/fr\/hotels\"},{\"@type\":\"ListItem\",\"position\":3,\"name\":\"Arianna Club Hotel\"}]},{\"@type\":\"WebSite\",\"@id\":\"https:\/\/www.italyfamilyhotels.it\/#website\",\"url\":\"https:\/\/www.italyfamilyhotels.it\/\",\"name\":\"Italy Family Hotels\",\"description\":\"\",\"potentialAction\":[{\"@type\":\"SearchAction\",\"target\":{\"@type\":\"EntryPoint\",\"urlTemplate\":\"https:\/\/www.italyfamilyhotels.it\/?s={search_term_string}\"},\"query-input\":{\"@type\":\"PropertyValueSpecification\",\"valueRequired\":true,\"valueName\":\"search_term_string\"}}],\"inLanguage\":\"fr-FR\"}]}<\/script>\n<!-- \/ Yoast SEO plugin. -->","yoast_head_json":{"title":"Arianna Club Hotel 3 \u00e9toiles, Rodi Garganico","description":"Envie de vacances en famille\u00a0? D\u00e9couvrez les offres pour familles de l\u2019Arianna Club Hotel \u00e0 Rodi Garganico","robots":{"index":"index","follow":"follow","max-snippet":"max-snippet:-1","max-image-preview":"max-image-preview:large","max-video-preview":"max-video-preview:-1"},"canonical":"https:\/\/www.italyfamilyhotels.it\/fr\/hotels\/arianna-club-hotel","og_locale":"fr_FR","og_type":"article","og_title":"Arianna Club Hotel 3 \u00e9toiles, Rodi Garganico","og_description":"Envie de vacances en famille\u00a0? D\u00e9couvrez les offres pour familles de l\u2019Arianna Club Hotel \u00e0 Rodi Garganico","og_url":"https:\/\/www.italyfamilyhotels.it\/fr\/hotels\/arianna-club-hotel","og_site_name":"Italy Family Hotels","article_publisher":"https:\/\/www.facebook.com\/ItalyFamilyHotels\/","article_modified_time":"2023-01-23T12:57:51+00:00","twitter_card":"summary_large_image","twitter_misc":{"Dur\u00e9e de lecture estim\u00e9e":"2 minutes"},"schema":{"@context":"https:\/\/schema.org","@graph":[{"@type":"WebPage","@id":"https:\/\/www.italyfamilyhotels.it\/fr\/hotels\/arianna-club-hotel","url":"https:\/\/www.italyfamilyhotels.it\/fr\/hotels\/arianna-club-hotel","name":"Arianna Club Hotel 3 \u00e9toiles, Rodi Garganico","isPartOf":{"@id":"https:\/\/www.italyfamilyhotels.it\/#website"},"datePublished":"2023-01-23T12:53:33+00:00","dateModified":"2023-01-23T12:57:51+00:00","description":"Envie de vacances en famille\u00a0? D\u00e9couvrez les offres pour familles de l\u2019Arianna Club Hotel \u00e0 Rodi Garganico","breadcrumb":{"@id":"https:\/\/www.italyfamilyhotels.it\/fr\/hotels\/arianna-club-hotel#breadcrumb"},"inLanguage":"fr-FR","potentialAction":[{"@type":"ReadAction","target":["https:\/\/www.italyfamilyhotels.it\/fr\/hotels\/arianna-club-hotel"]}]},{"@type":"BreadcrumbList","@id":"https:\/\/www.italyfamilyhotels.it\/fr\/hotels\/arianna-club-hotel#breadcrumb","itemListElement":[{"@type":"ListItem","position":1,"name":"Home","item":"https:\/\/www.italyfamilyhotels.it\/fr"},{"@type":"ListItem","position":2,"name":"Family Hotels","item":"https:\/\/www.italyfamilyhotels.it\/fr\/hotels"},{"@type":"ListItem","position":3,"name":"Arianna Club Hotel"}]},{"@type":"WebSite","@id":"https:\/\/www.italyfamilyhotels.it\/#website","url":"https:\/\/www.italyfamilyhotels.it\/","name":"Italy Family Hotels","description":"","potentialAction":[{"@type":"SearchAction","target":{"@type":"EntryPoint","urlTemplate":"https:\/\/www.italyfamilyhotels.it\/?s={search_term_string}"},"query-input":{"@type":"PropertyValueSpecification","valueRequired":true,"valueName":"search_term_string"}}],"inLanguage":"fr-FR"}]}},"_links":{"self":[{"href":"https:\/\/www.italyfamilyhotels.it\/fr\/wp-json\/wp\/v2\/pages\/43288","targetHints":{"allow":["GET"]}}],"collection":[{"href":"https:\/\/www.italyfamilyhotels.it\/fr\/wp-json\/wp\/v2\/pages"}],"about":[{"href":"https:\/\/www.italyfamilyhotels.it\/fr\/wp-json\/wp\/v2\/types\/page"}],"author":[{"embeddable":true,"href":"https:\/\/www.italyfamilyhotels.it\/fr\/wp-json\/wp\/v2\/users\/9"}],"replies":[{"embeddable":true,"href":"https:\/\/www.italyfamilyhotels.it\/fr\/wp-json\/wp\/v2\/comments?post=43288"}],"version-history":[{"count":1,"href":"https:\/\/www.italyfamilyhotels.it\/fr\/wp-json\/wp\/v2\/pages\/43288\/revisions"}],"predecessor-version":[{"id":43289,"href":"https:\/\/www.italyfamilyhotels.it\/fr\/wp-json\/wp\/v2\/pages\/43288\/revisions\/43289"}],"up":[{"embeddable":true,"href":"https:\/\/www.italyfamilyhotels.it\/fr\/wp-json\/wp\/v2\/pages\/29729"}],"wp:attachment":[{"href":"https:\/\/www.italyfamilyhotels.it\/fr\/wp-json\/wp\/v2\/media?parent=43288"}],"curies":[{"name":"wp","href":"https:\/\/api.w.org\/{rel}","templated":true}]}}