{"id":43286,"date":"2023-01-23T13:53:19","date_gmt":"2023-01-23T12:53:19","guid":{"rendered":"https:\/\/www.italyfamilyhotels.it\/hotels\/hotel-eur"},"modified":"2023-01-23T15:53:17","modified_gmt":"2023-01-23T14:53:17","slug":"hotel-eur","status":"publish","type":"page","link":"https:\/\/www.italyfamilyhotels.it\/fr\/hotels\/hotel-eur","title":{"rendered":"H\u00f4tel Eur"},"content":{"rendered":"\n<p>Pendant que maman et papa se d\u00e9tendent dans le\u00a0<b>solarium sur la terrasse panoramique<\/b>, les enfants feront l\u2019objet de nombreuses attentions de la part d\u2019<b>une \u00e9quipe d\u2019animation qualifi\u00e9e<\/b>\u00a0toujours\u00a0<b>plus exclusive<\/b>, avec des activit\u00e9s sur mesure r\u00e9parties selon deux tranches d&#8217;\u00e2ge : Baby Club de 3 \u00e0 6 ans et Mini Club de 7 \u00e0 12 ans. Et pour les tout-petits ? Vous trouverez notre\u00a0<b>Baby Beach<\/b>, une plage avec une piscine de 30\/40 cm de profondeur et de nombreux jeux d&#8217;eau o\u00f9 s\u2019amuser en toute tranquillit\u00e9 sous la surveillance des parents.<\/p>\n\n\n\n<p>Pour les plus jeunes, il y a \u00e9galement le\u00a0<b>restaurant pour enfants \u00ab\u00a0Giovani Marmotte\u00a0\u00bb<\/b>, ouvert sauf indication contraire de la r\u00e9glementation en vigueur.<\/p>\n\n\n\n<p>La propret\u00e9 a toujours \u00e9t\u00e9 une grande fiert\u00e9 de l&#8217;h\u00f4tel. \u00c0 votre arriv\u00e9e, vous trouverez la\u00a0<b>chambre d\u00e9sinfect\u00e9e \u00e0 l&#8217;ozone<\/b>, tout comme le hall, la cuisine et le restaurant, d\u00e9sinfect\u00e9s avec la m\u00eame m\u00e9thode.<\/p>\n","protected":false},"excerpt":{"rendered":"<p>Pendant que maman et papa se d\u00e9tendent dans le\u00a0solarium sur la terrasse panoramique, les enfants feront l\u2019objet de nombreuses attentions de la part d\u2019une \u00e9quipe d\u2019animation qualifi\u00e9e\u00a0toujours\u00a0plus exclusive, avec des activit\u00e9s sur mesure r\u00e9parties selon deux tranches d&#8217;\u00e2ge : Baby Club de 3 \u00e0 6 ans et Mini Club de 7 \u00e0 12 ans. Et &hellip;<\/p>\n","protected":false},"author":59,"featured_media":0,"parent":29729,"menu_order":0,"comment_status":"closed","ping_status":"closed","template":"page-templates\/scheda_hotel.php","meta":{"_acf_changed":false,"inline_featured_image":false,"footnotes":""},"class_list":["post-43286","page","type-page","status-publish","hentry"],"acf":[],"yoast_head":"<!-- This site is optimized with the Yoast SEO plugin v27.1 - https:\/\/yoast.com\/product\/yoast-seo-wordpress\/ -->\n<title>H\u00f4tel Eur 3 \u00e9toiles, Lido di Camaiore<\/title>\n<meta name=\"description\" content=\"Envie de vacances en famille ? D\u00e9couvrez les offres pour familles de l\u2019H\u00f4tel Eur \u00e0 Lido di Camaiore\" \/>\n<meta name=\"robots\" content=\"index, follow, max-snippet:-1, max-image-preview:large, max-video-preview:-1\" \/>\n<link rel=\"canonical\" href=\"https:\/\/www.italyfamilyhotels.it\/fr\/hotels\/hotel-eur\" \/>\n<meta property=\"og:locale\" content=\"fr_FR\" \/>\n<meta property=\"og:type\" content=\"article\" \/>\n<meta property=\"og:title\" content=\"H\u00f4tel Eur 3 \u00e9toiles, Lido di Camaiore\" \/>\n<meta property=\"og:description\" content=\"Envie de vacances en famille ? D\u00e9couvrez les offres pour familles de l\u2019H\u00f4tel Eur \u00e0 Lido di Camaiore\" \/>\n<meta property=\"og:url\" content=\"https:\/\/www.italyfamilyhotels.it\/fr\/hotels\/hotel-eur\" \/>\n<meta property=\"og:site_name\" content=\"Italy Family Hotels\" \/>\n<meta property=\"article:publisher\" content=\"https:\/\/www.facebook.com\/ItalyFamilyHotels\/\" \/>\n<meta property=\"article:modified_time\" content=\"2023-01-23T14:53:17+00:00\" \/>\n<meta name=\"twitter:card\" content=\"summary_large_image\" \/>\n<meta name=\"twitter:label1\" content=\"Dur\u00e9e de lecture estim\u00e9e\" \/>\n\t<meta name=\"twitter:data1\" content=\"1 minute\" \/>\n<script type=\"application\/ld+json\" class=\"yoast-schema-graph\">{\"@context\":\"https:\/\/schema.org\",\"@graph\":[{\"@type\":\"WebPage\",\"@id\":\"https:\/\/www.italyfamilyhotels.it\/fr\/hotels\/hotel-eur\",\"url\":\"https:\/\/www.italyfamilyhotels.it\/fr\/hotels\/hotel-eur\",\"name\":\"H\u00f4tel Eur 3 \u00e9toiles, Lido di Camaiore\",\"isPartOf\":{\"@id\":\"https:\/\/www.italyfamilyhotels.it\/#website\"},\"datePublished\":\"2023-01-23T12:53:19+00:00\",\"dateModified\":\"2023-01-23T14:53:17+00:00\",\"description\":\"Envie de vacances en famille ? D\u00e9couvrez les offres pour familles de l\u2019H\u00f4tel Eur \u00e0 Lido di Camaiore\",\"breadcrumb\":{\"@id\":\"https:\/\/www.italyfamilyhotels.it\/fr\/hotels\/hotel-eur#breadcrumb\"},\"inLanguage\":\"fr-FR\",\"potentialAction\":[{\"@type\":\"ReadAction\",\"target\":[\"https:\/\/www.italyfamilyhotels.it\/fr\/hotels\/hotel-eur\"]}]},{\"@type\":\"BreadcrumbList\",\"@id\":\"https:\/\/www.italyfamilyhotels.it\/fr\/hotels\/hotel-eur#breadcrumb\",\"itemListElement\":[{\"@type\":\"ListItem\",\"position\":1,\"name\":\"Home\",\"item\":\"https:\/\/www.italyfamilyhotels.it\/fr\"},{\"@type\":\"ListItem\",\"position\":2,\"name\":\"Family Hotels\",\"item\":\"https:\/\/www.italyfamilyhotels.it\/fr\/hotels\"},{\"@type\":\"ListItem\",\"position\":3,\"name\":\"H\u00f4tel Eur\"}]},{\"@type\":\"WebSite\",\"@id\":\"https:\/\/www.italyfamilyhotels.it\/#website\",\"url\":\"https:\/\/www.italyfamilyhotels.it\/\",\"name\":\"Italy Family Hotels\",\"description\":\"\",\"potentialAction\":[{\"@type\":\"SearchAction\",\"target\":{\"@type\":\"EntryPoint\",\"urlTemplate\":\"https:\/\/www.italyfamilyhotels.it\/?s={search_term_string}\"},\"query-input\":{\"@type\":\"PropertyValueSpecification\",\"valueRequired\":true,\"valueName\":\"search_term_string\"}}],\"inLanguage\":\"fr-FR\"}]}<\/script>\n<!-- \/ Yoast SEO plugin. -->","yoast_head_json":{"title":"H\u00f4tel Eur 3 \u00e9toiles, Lido di Camaiore","description":"Envie de vacances en famille ? D\u00e9couvrez les offres pour familles de l\u2019H\u00f4tel Eur \u00e0 Lido di Camaiore","robots":{"index":"index","follow":"follow","max-snippet":"max-snippet:-1","max-image-preview":"max-image-preview:large","max-video-preview":"max-video-preview:-1"},"canonical":"https:\/\/www.italyfamilyhotels.it\/fr\/hotels\/hotel-eur","og_locale":"fr_FR","og_type":"article","og_title":"H\u00f4tel Eur 3 \u00e9toiles, Lido di Camaiore","og_description":"Envie de vacances en famille ? D\u00e9couvrez les offres pour familles de l\u2019H\u00f4tel Eur \u00e0 Lido di Camaiore","og_url":"https:\/\/www.italyfamilyhotels.it\/fr\/hotels\/hotel-eur","og_site_name":"Italy Family Hotels","article_publisher":"https:\/\/www.facebook.com\/ItalyFamilyHotels\/","article_modified_time":"2023-01-23T14:53:17+00:00","twitter_card":"summary_large_image","twitter_misc":{"Dur\u00e9e de lecture estim\u00e9e":"1 minute"},"schema":{"@context":"https:\/\/schema.org","@graph":[{"@type":"WebPage","@id":"https:\/\/www.italyfamilyhotels.it\/fr\/hotels\/hotel-eur","url":"https:\/\/www.italyfamilyhotels.it\/fr\/hotels\/hotel-eur","name":"H\u00f4tel Eur 3 \u00e9toiles, Lido di Camaiore","isPartOf":{"@id":"https:\/\/www.italyfamilyhotels.it\/#website"},"datePublished":"2023-01-23T12:53:19+00:00","dateModified":"2023-01-23T14:53:17+00:00","description":"Envie de vacances en famille ? D\u00e9couvrez les offres pour familles de l\u2019H\u00f4tel Eur \u00e0 Lido di Camaiore","breadcrumb":{"@id":"https:\/\/www.italyfamilyhotels.it\/fr\/hotels\/hotel-eur#breadcrumb"},"inLanguage":"fr-FR","potentialAction":[{"@type":"ReadAction","target":["https:\/\/www.italyfamilyhotels.it\/fr\/hotels\/hotel-eur"]}]},{"@type":"BreadcrumbList","@id":"https:\/\/www.italyfamilyhotels.it\/fr\/hotels\/hotel-eur#breadcrumb","itemListElement":[{"@type":"ListItem","position":1,"name":"Home","item":"https:\/\/www.italyfamilyhotels.it\/fr"},{"@type":"ListItem","position":2,"name":"Family Hotels","item":"https:\/\/www.italyfamilyhotels.it\/fr\/hotels"},{"@type":"ListItem","position":3,"name":"H\u00f4tel Eur"}]},{"@type":"WebSite","@id":"https:\/\/www.italyfamilyhotels.it\/#website","url":"https:\/\/www.italyfamilyhotels.it\/","name":"Italy Family Hotels","description":"","potentialAction":[{"@type":"SearchAction","target":{"@type":"EntryPoint","urlTemplate":"https:\/\/www.italyfamilyhotels.it\/?s={search_term_string}"},"query-input":{"@type":"PropertyValueSpecification","valueRequired":true,"valueName":"search_term_string"}}],"inLanguage":"fr-FR"}]}},"_links":{"self":[{"href":"https:\/\/www.italyfamilyhotels.it\/fr\/wp-json\/wp\/v2\/pages\/43286","targetHints":{"allow":["GET"]}}],"collection":[{"href":"https:\/\/www.italyfamilyhotels.it\/fr\/wp-json\/wp\/v2\/pages"}],"about":[{"href":"https:\/\/www.italyfamilyhotels.it\/fr\/wp-json\/wp\/v2\/types\/page"}],"author":[{"embeddable":true,"href":"https:\/\/www.italyfamilyhotels.it\/fr\/wp-json\/wp\/v2\/users\/59"}],"replies":[{"embeddable":true,"href":"https:\/\/www.italyfamilyhotels.it\/fr\/wp-json\/wp\/v2\/comments?post=43286"}],"version-history":[{"count":5,"href":"https:\/\/www.italyfamilyhotels.it\/fr\/wp-json\/wp\/v2\/pages\/43286\/revisions"}],"predecessor-version":[{"id":44043,"href":"https:\/\/www.italyfamilyhotels.it\/fr\/wp-json\/wp\/v2\/pages\/43286\/revisions\/44043"}],"up":[{"embeddable":true,"href":"https:\/\/www.italyfamilyhotels.it\/fr\/wp-json\/wp\/v2\/pages\/29729"}],"wp:attachment":[{"href":"https:\/\/www.italyfamilyhotels.it\/fr\/wp-json\/wp\/v2\/media?parent=43286"}],"curies":[{"name":"wp","href":"https:\/\/api.w.org\/{rel}","templated":true}]}}