{"id":43284,"date":"2023-01-23T13:53:03","date_gmt":"2023-01-23T12:53:03","guid":{"rendered":"https:\/\/www.italyfamilyhotels.it\/hotels\/adriana-family-hotel"},"modified":"2026-02-05T12:01:02","modified_gmt":"2026-02-05T11:01:02","slug":"adriana-family-hotel","status":"publish","type":"page","link":"https:\/\/www.italyfamilyhotels.it\/fr\/hotels\/adriana-family-hotel","title":{"rendered":"Kinderhotel Adriana"},"content":{"rendered":"\n<p>Ici, au <b>Kinderhotel<\/b> <b>Adriana <\/b>de <b>Ledro<\/b>, vous serez entour\u00e9s d&#8217;un paysage \u00e0 couper le souffle, une fresque de bois, des cascades et des pics qui touchent le ciel. De plus, vous \u00eates \u00e0 seulement <b>1 km du c\u00e9l\u00e8bre Lac de Ledro<\/b> et de ses plages entre les cimes, pour des vacances r\u00e9g\u00e9n\u00e9rantes entre les senteurs et les couleurs enivrantes de la montagne. Bref, ici, on se sent vraiment bien&nbsp;! Parole d&#8217;Elio, la mascotte de l&#8217;h\u00f4tel.<\/p>\n\n\n\n<p>Le <b>divertissement <\/b>et l\u2019animation sont pens\u00e9s <b>pour toute la famille<\/b>&nbsp;! Enfants, adolescents et adultes peuvent participer \u00e0 des tournois de ping-pong, de football \u00e0 5, aux Jeux Olympiques, \u00e0 un tir \u00e0 la corde et \u00e0 une <b>soir\u00e9e \u00e0 th\u00e8me <\/b>sp\u00e9ciale, et bien plus encore&nbsp;! Pour revivre les traditions du peuple rouge, entre chants de la prairie, roulements de tambour et d\u00eener sous une tente typique dans le jardin.<\/p>\n\n\n\n<p>Nous nous occupons des enfants de tous \u00e2ges, avec des ateliers et des activit\u00e9s sp\u00e9cifiques\u00a0: le <b>Baby Club<\/b> pour les tout petits de 6 \u00e0 36 mois, le <b>Mini Club<\/b> pour les enfants de 3 \u00e0 6 ans et le <b>Kids Club <\/b>pour les grands enfants de 7 \u00e0 12 ans. De cette fa\u00e7on, les petits voyageurs sont toujours entre de bonnes mains, permettant \u00e0 maman et papa de profiter de moments de d\u00e9tente romantiques dans notre <b>centre de bien-\u00eatre<\/b>, entre sauna finlandais, sauna bio et salle de relaxation.<\/p>\n\n\n\n<p>Le jardin est certainement notre point fort, de grands espaces ext\u00e9rieurs pour jouer et s&#8217;amuser, avec notamment un toboggan, des balan\u00e7oires, un bac \u00e0 sable pour les enfants, un terrain de football et&#8230; <b>trois fantastiques piscines<\/b>&nbsp;! Une <b>Kinder Pool <\/b>de 50 cm de profondeur destin\u00e9e aux enfants, une <b>Baby Pool<\/b> de 20 cm de profondeur pour les tout-petits, et une <b>grande pour les adultes<\/b>, toutes <b>chauff\u00e9es <\/b>de mai \u00e0 septembre.<\/p>\n\n\n\n<p>Nous organisons <b>chaque semaine<\/b> <b>3 randonn\u00e9es guid\u00e9es<\/b> au d\u00e9part de l&#8217;h\u00f4tel, pour d\u00e9couvrir ensemble la nature et les environs (de juin \u00e0 septembre, une fois tous les 7 jours, vous pourrez d\u00e9jeuner dans les bois avec de la polenta).<\/p>\n","protected":false},"excerpt":{"rendered":"<p>Ici, au Kinderhotel Adriana de Ledro, vous serez entour\u00e9s d&#8217;un paysage \u00e0 couper le souffle, une fresque de bois, des cascades et des pics qui touchent le ciel. De plus, vous \u00eates \u00e0 seulement 1 km du c\u00e9l\u00e8bre Lac de Ledro et de ses plages entre les cimes, pour des vacances r\u00e9g\u00e9n\u00e9rantes entre les senteurs &hellip;<\/p>\n","protected":false},"author":1,"featured_media":0,"parent":29729,"menu_order":0,"comment_status":"closed","ping_status":"closed","template":"page-templates\/scheda_hotel.php","meta":{"_acf_changed":false,"inline_featured_image":false,"footnotes":""},"class_list":["post-43284","page","type-page","status-publish","hentry"],"acf":[],"yoast_head":"<!-- This site is optimized with the Yoast SEO plugin v27.1 - https:\/\/yoast.com\/product\/yoast-seo-wordpress\/ -->\n<title>Kinderhotel Adriana 4 \u00e9toiles, Ledro<\/title>\n<meta name=\"description\" content=\"Envie de vacances en famille\u00a0? D\u00e9couvrez les offres pour familles du Kinderhotel Adriana \u00e0 Ledro\" \/>\n<meta name=\"robots\" content=\"index, follow, max-snippet:-1, max-image-preview:large, max-video-preview:-1\" \/>\n<link rel=\"canonical\" href=\"https:\/\/www.italyfamilyhotels.it\/fr\/hotels\/adriana-family-hotel\" \/>\n<meta property=\"og:locale\" content=\"fr_FR\" \/>\n<meta property=\"og:type\" content=\"article\" \/>\n<meta property=\"og:title\" content=\"Kinderhotel Adriana 4 \u00e9toiles, Ledro\" \/>\n<meta property=\"og:description\" content=\"Envie de vacances en famille\u00a0? D\u00e9couvrez les offres pour familles du Kinderhotel Adriana \u00e0 Ledro\" \/>\n<meta property=\"og:url\" content=\"https:\/\/www.italyfamilyhotels.it\/fr\/hotels\/adriana-family-hotel\" \/>\n<meta property=\"og:site_name\" content=\"Italy Family Hotels\" \/>\n<meta property=\"article:publisher\" content=\"https:\/\/www.facebook.com\/ItalyFamilyHotels\/\" \/>\n<meta property=\"article:modified_time\" content=\"2026-02-05T11:01:02+00:00\" \/>\n<meta name=\"twitter:card\" content=\"summary_large_image\" \/>\n<meta name=\"twitter:label1\" content=\"Dur\u00e9e de lecture estim\u00e9e\" \/>\n\t<meta name=\"twitter:data1\" content=\"2 minutes\" \/>\n<script type=\"application\/ld+json\" class=\"yoast-schema-graph\">{\"@context\":\"https:\/\/schema.org\",\"@graph\":[{\"@type\":\"WebPage\",\"@id\":\"https:\/\/www.italyfamilyhotels.it\/fr\/hotels\/adriana-family-hotel\",\"url\":\"https:\/\/www.italyfamilyhotels.it\/fr\/hotels\/adriana-family-hotel\",\"name\":\"Kinderhotel Adriana 4 \u00e9toiles, Ledro\",\"isPartOf\":{\"@id\":\"https:\/\/www.italyfamilyhotels.it\/#website\"},\"datePublished\":\"2023-01-23T12:53:03+00:00\",\"dateModified\":\"2026-02-05T11:01:02+00:00\",\"description\":\"Envie de vacances en famille\u00a0? D\u00e9couvrez les offres pour familles du Kinderhotel Adriana \u00e0 Ledro\",\"breadcrumb\":{\"@id\":\"https:\/\/www.italyfamilyhotels.it\/fr\/hotels\/adriana-family-hotel#breadcrumb\"},\"inLanguage\":\"fr-FR\",\"potentialAction\":[{\"@type\":\"ReadAction\",\"target\":[\"https:\/\/www.italyfamilyhotels.it\/fr\/hotels\/adriana-family-hotel\"]}]},{\"@type\":\"BreadcrumbList\",\"@id\":\"https:\/\/www.italyfamilyhotels.it\/fr\/hotels\/adriana-family-hotel#breadcrumb\",\"itemListElement\":[{\"@type\":\"ListItem\",\"position\":1,\"name\":\"Home\",\"item\":\"https:\/\/www.italyfamilyhotels.it\/fr\"},{\"@type\":\"ListItem\",\"position\":2,\"name\":\"Family Hotels\",\"item\":\"https:\/\/www.italyfamilyhotels.it\/fr\/hotels\"},{\"@type\":\"ListItem\",\"position\":3,\"name\":\"Kinderhotel Adriana\"}]},{\"@type\":\"WebSite\",\"@id\":\"https:\/\/www.italyfamilyhotels.it\/#website\",\"url\":\"https:\/\/www.italyfamilyhotels.it\/\",\"name\":\"Italy Family Hotels\",\"description\":\"\",\"potentialAction\":[{\"@type\":\"SearchAction\",\"target\":{\"@type\":\"EntryPoint\",\"urlTemplate\":\"https:\/\/www.italyfamilyhotels.it\/?s={search_term_string}\"},\"query-input\":{\"@type\":\"PropertyValueSpecification\",\"valueRequired\":true,\"valueName\":\"search_term_string\"}}],\"inLanguage\":\"fr-FR\"}]}<\/script>\n<!-- \/ Yoast SEO plugin. -->","yoast_head_json":{"title":"Kinderhotel Adriana 4 \u00e9toiles, Ledro","description":"Envie de vacances en famille\u00a0? D\u00e9couvrez les offres pour familles du Kinderhotel Adriana \u00e0 Ledro","robots":{"index":"index","follow":"follow","max-snippet":"max-snippet:-1","max-image-preview":"max-image-preview:large","max-video-preview":"max-video-preview:-1"},"canonical":"https:\/\/www.italyfamilyhotels.it\/fr\/hotels\/adriana-family-hotel","og_locale":"fr_FR","og_type":"article","og_title":"Kinderhotel Adriana 4 \u00e9toiles, Ledro","og_description":"Envie de vacances en famille\u00a0? D\u00e9couvrez les offres pour familles du Kinderhotel Adriana \u00e0 Ledro","og_url":"https:\/\/www.italyfamilyhotels.it\/fr\/hotels\/adriana-family-hotel","og_site_name":"Italy Family Hotels","article_publisher":"https:\/\/www.facebook.com\/ItalyFamilyHotels\/","article_modified_time":"2026-02-05T11:01:02+00:00","twitter_card":"summary_large_image","twitter_misc":{"Dur\u00e9e de lecture estim\u00e9e":"2 minutes"},"schema":{"@context":"https:\/\/schema.org","@graph":[{"@type":"WebPage","@id":"https:\/\/www.italyfamilyhotels.it\/fr\/hotels\/adriana-family-hotel","url":"https:\/\/www.italyfamilyhotels.it\/fr\/hotels\/adriana-family-hotel","name":"Kinderhotel Adriana 4 \u00e9toiles, Ledro","isPartOf":{"@id":"https:\/\/www.italyfamilyhotels.it\/#website"},"datePublished":"2023-01-23T12:53:03+00:00","dateModified":"2026-02-05T11:01:02+00:00","description":"Envie de vacances en famille\u00a0? D\u00e9couvrez les offres pour familles du Kinderhotel Adriana \u00e0 Ledro","breadcrumb":{"@id":"https:\/\/www.italyfamilyhotels.it\/fr\/hotels\/adriana-family-hotel#breadcrumb"},"inLanguage":"fr-FR","potentialAction":[{"@type":"ReadAction","target":["https:\/\/www.italyfamilyhotels.it\/fr\/hotels\/adriana-family-hotel"]}]},{"@type":"BreadcrumbList","@id":"https:\/\/www.italyfamilyhotels.it\/fr\/hotels\/adriana-family-hotel#breadcrumb","itemListElement":[{"@type":"ListItem","position":1,"name":"Home","item":"https:\/\/www.italyfamilyhotels.it\/fr"},{"@type":"ListItem","position":2,"name":"Family Hotels","item":"https:\/\/www.italyfamilyhotels.it\/fr\/hotels"},{"@type":"ListItem","position":3,"name":"Kinderhotel Adriana"}]},{"@type":"WebSite","@id":"https:\/\/www.italyfamilyhotels.it\/#website","url":"https:\/\/www.italyfamilyhotels.it\/","name":"Italy Family Hotels","description":"","potentialAction":[{"@type":"SearchAction","target":{"@type":"EntryPoint","urlTemplate":"https:\/\/www.italyfamilyhotels.it\/?s={search_term_string}"},"query-input":{"@type":"PropertyValueSpecification","valueRequired":true,"valueName":"search_term_string"}}],"inLanguage":"fr-FR"}]}},"_links":{"self":[{"href":"https:\/\/www.italyfamilyhotels.it\/fr\/wp-json\/wp\/v2\/pages\/43284","targetHints":{"allow":["GET"]}}],"collection":[{"href":"https:\/\/www.italyfamilyhotels.it\/fr\/wp-json\/wp\/v2\/pages"}],"about":[{"href":"https:\/\/www.italyfamilyhotels.it\/fr\/wp-json\/wp\/v2\/types\/page"}],"author":[{"embeddable":true,"href":"https:\/\/www.italyfamilyhotels.it\/fr\/wp-json\/wp\/v2\/users\/1"}],"replies":[{"embeddable":true,"href":"https:\/\/www.italyfamilyhotels.it\/fr\/wp-json\/wp\/v2\/comments?post=43284"}],"version-history":[{"count":9,"href":"https:\/\/www.italyfamilyhotels.it\/fr\/wp-json\/wp\/v2\/pages\/43284\/revisions"}],"predecessor-version":[{"id":74403,"href":"https:\/\/www.italyfamilyhotels.it\/fr\/wp-json\/wp\/v2\/pages\/43284\/revisions\/74403"}],"up":[{"embeddable":true,"href":"https:\/\/www.italyfamilyhotels.it\/fr\/wp-json\/wp\/v2\/pages\/29729"}],"wp:attachment":[{"href":"https:\/\/www.italyfamilyhotels.it\/fr\/wp-json\/wp\/v2\/media?parent=43284"}],"curies":[{"name":"wp","href":"https:\/\/api.w.org\/{rel}","templated":true}]}}