{"id":43282,"date":"2023-01-23T13:52:48","date_gmt":"2023-01-23T12:52:48","guid":{"rendered":"https:\/\/www.italyfamilyhotels.it\/hotels\/hotel-michelangelo"},"modified":"2023-02-17T10:01:51","modified_gmt":"2023-02-17T09:01:51","slug":"hotel-michelangelo","status":"publish","type":"page","link":"https:\/\/www.italyfamilyhotels.it\/fr\/hotels\/hotel-michelangelo","title":{"rendered":"H\u00f4tel Michelangelo"},"content":{"rendered":"\n<p>La plage \u00e0 quelques m\u00e8tres, la vivacit\u00e9 tranquille de <b>Valverde de Cesenatico<\/b>, des espaces \u00e9l\u00e9gants et relaxants \u00e9gay\u00e9s par les rires des enfants, une piscine entour\u00e9e par les fleurs parfum\u00e9es du jardin, tels sont les premiers ingr\u00e9dients d&#8217;un s\u00e9jour, ici, \u00e0 l\u2019<b>H\u00f4tel Michelangelo<\/b>&nbsp;!<\/p>\n\n\n\n<p>De juin \u00e0 septembre et tout au long de la journ\u00e9e, nos animateurs organisent des <b>activit\u00e9s dans la salle Winnie l&#8217;Ourson<\/b>, dans l&#8217;<b>aire de jeux ext\u00e9rieure<\/b>, dans la <b>pataugeoire de 40 cm de profondeur<\/b> et sur la plage voisine, pour stimuler la cr\u00e9ativit\u00e9 des enfants, leur envie de jouer et pour qu\u2019ils se fassent de nouveaux amis. \u00c9galement incontournable le <b>go\u00fbter au bord de la piscine<\/b>, pour se ressourcer apr\u00e8s une sieste&nbsp;!<\/p>\n\n\n\n<p>Chez nous, l\u2019espace ne manque pas et tout est bien contr\u00f4le et parfaitement adapt\u00e9 aux familles. Ainsi, pendant que vos enfants s&#8217;amusent, vous pourrez vous aussi vous d\u00e9tendre, peut-\u00eatre dans la <b>piscine chauff\u00e9e<\/b>, bronzer sur la <b>terrasse-solarium<\/b>, profiter de l\u2019<b>espace fitness<\/b>, vous rendre au <b>RoofGarden <\/b>pour passer un peu de temps dans le <b>jacuzzi panoramique<\/b>, ou faire un tour \u00e0 v\u00e9lo dans l&#8217;arri\u00e8re-pays.<\/p>\n\n\n\n<p>Si vous aimez partir l&#8217;esprit tranquille, ne manquez pas notre exclusive <b>formule Quality All Inclusive<\/b> qui comprend v\u00e9ritablement tous les \u00e9l\u00e9ments de confort de vacances avec des enfants, y compris le service de plage avec parasol et 2 transats, les boissons aux repas, le service de baby-sitting au d\u00e9jeuner et au d\u00eener.<\/p>\n\n\n\n<p>En parlant de cuisine&#8230; Nous souhaitons que vous b\u00e9n\u00e9ficiiez d\u2019<b>une exp\u00e9rience culinaire en toute libert\u00e9<\/b>, en choisissant chaque jour ce que vous pr\u00e9f\u00e9rez d\u00e9guster, <b>\u00e0 la carte <\/b>au sur le <b>buffet<\/b>. Quel que soit le plat que vous choisissez, vous pouvez \u00eatre s\u00fbr que tout a \u00e9t\u00e9 fra\u00eechement pr\u00e9par\u00e9 par notre chef, avec une combinaison de mati\u00e8res premi\u00e8res de la plus haute qualit\u00e9. Pour les <b>enfants<\/b>, nous pr\u00e9parons un <b>menu enti\u00e8rement d\u00e9di\u00e9<\/b>, en plus de tout le <b>n\u00e9cessaire au sevrage<\/b>. Nous ouvrons \u00e9galement la salle \u00e0 manger plus t\u00f4t.<\/p>\n","protected":false},"excerpt":{"rendered":"<p>La plage \u00e0 quelques m\u00e8tres, la vivacit\u00e9 tranquille de Valverde de Cesenatico, des espaces \u00e9l\u00e9gants et relaxants \u00e9gay\u00e9s par les rires des enfants, une piscine entour\u00e9e par les fleurs parfum\u00e9es du jardin, tels sont les premiers ingr\u00e9dients d&#8217;un s\u00e9jour, ici, \u00e0 l\u2019H\u00f4tel Michelangelo&nbsp;! De juin \u00e0 septembre et tout au long de la journ\u00e9e, nos &hellip;<\/p>\n","protected":false},"author":79,"featured_media":0,"parent":29729,"menu_order":0,"comment_status":"closed","ping_status":"closed","template":"page-templates\/scheda_hotel.php","meta":{"_acf_changed":false,"inline_featured_image":false,"footnotes":""},"class_list":["post-43282","page","type-page","status-publish","hentry"],"acf":[],"yoast_head":"<!-- This site is optimized with the Yoast SEO plugin v27.1 - https:\/\/yoast.com\/product\/yoast-seo-wordpress\/ -->\n<title>H\u00f4tel Michelangelo 4 \u00e9toiles, Cesenatico<\/title>\n<meta name=\"description\" content=\"Envie de vacances en famille\u00a0? D\u00e9couvrez les offres pour familles de l\u2019H\u00f4tel Michelangelo \u00e0 Cesenatico\" \/>\n<meta name=\"robots\" content=\"index, follow, max-snippet:-1, max-image-preview:large, max-video-preview:-1\" \/>\n<link rel=\"canonical\" href=\"https:\/\/www.italyfamilyhotels.it\/fr\/hotels\/hotel-michelangelo\" \/>\n<meta property=\"og:locale\" content=\"fr_FR\" \/>\n<meta property=\"og:type\" content=\"article\" \/>\n<meta property=\"og:title\" content=\"H\u00f4tel Michelangelo 4 \u00e9toiles, Cesenatico\" \/>\n<meta property=\"og:description\" content=\"Envie de vacances en famille\u00a0? D\u00e9couvrez les offres pour familles de l\u2019H\u00f4tel Michelangelo \u00e0 Cesenatico\" \/>\n<meta property=\"og:url\" content=\"https:\/\/www.italyfamilyhotels.it\/fr\/hotels\/hotel-michelangelo\" \/>\n<meta property=\"og:site_name\" content=\"Italy Family Hotels\" \/>\n<meta property=\"article:publisher\" content=\"https:\/\/www.facebook.com\/ItalyFamilyHotels\/\" \/>\n<meta property=\"article:modified_time\" content=\"2023-02-17T09:01:51+00:00\" \/>\n<meta name=\"twitter:card\" content=\"summary_large_image\" \/>\n<meta name=\"twitter:label1\" content=\"Dur\u00e9e de lecture estim\u00e9e\" \/>\n\t<meta name=\"twitter:data1\" content=\"2 minutes\" \/>\n<script type=\"application\/ld+json\" class=\"yoast-schema-graph\">{\"@context\":\"https:\/\/schema.org\",\"@graph\":[{\"@type\":\"WebPage\",\"@id\":\"https:\/\/www.italyfamilyhotels.it\/fr\/hotels\/hotel-michelangelo\",\"url\":\"https:\/\/www.italyfamilyhotels.it\/fr\/hotels\/hotel-michelangelo\",\"name\":\"H\u00f4tel Michelangelo 4 \u00e9toiles, Cesenatico\",\"isPartOf\":{\"@id\":\"https:\/\/www.italyfamilyhotels.it\/#website\"},\"datePublished\":\"2023-01-23T12:52:48+00:00\",\"dateModified\":\"2023-02-17T09:01:51+00:00\",\"description\":\"Envie de vacances en famille\u00a0? D\u00e9couvrez les offres pour familles de l\u2019H\u00f4tel Michelangelo \u00e0 Cesenatico\",\"breadcrumb\":{\"@id\":\"https:\/\/www.italyfamilyhotels.it\/fr\/hotels\/hotel-michelangelo#breadcrumb\"},\"inLanguage\":\"fr-FR\",\"potentialAction\":[{\"@type\":\"ReadAction\",\"target\":[\"https:\/\/www.italyfamilyhotels.it\/fr\/hotels\/hotel-michelangelo\"]}]},{\"@type\":\"BreadcrumbList\",\"@id\":\"https:\/\/www.italyfamilyhotels.it\/fr\/hotels\/hotel-michelangelo#breadcrumb\",\"itemListElement\":[{\"@type\":\"ListItem\",\"position\":1,\"name\":\"Home\",\"item\":\"https:\/\/www.italyfamilyhotels.it\/fr\"},{\"@type\":\"ListItem\",\"position\":2,\"name\":\"Family Hotels\",\"item\":\"https:\/\/www.italyfamilyhotels.it\/fr\/hotels\"},{\"@type\":\"ListItem\",\"position\":3,\"name\":\"H\u00f4tel Michelangelo\"}]},{\"@type\":\"WebSite\",\"@id\":\"https:\/\/www.italyfamilyhotels.it\/#website\",\"url\":\"https:\/\/www.italyfamilyhotels.it\/\",\"name\":\"Italy Family Hotels\",\"description\":\"\",\"potentialAction\":[{\"@type\":\"SearchAction\",\"target\":{\"@type\":\"EntryPoint\",\"urlTemplate\":\"https:\/\/www.italyfamilyhotels.it\/?s={search_term_string}\"},\"query-input\":{\"@type\":\"PropertyValueSpecification\",\"valueRequired\":true,\"valueName\":\"search_term_string\"}}],\"inLanguage\":\"fr-FR\"}]}<\/script>\n<!-- \/ Yoast SEO plugin. -->","yoast_head_json":{"title":"H\u00f4tel Michelangelo 4 \u00e9toiles, Cesenatico","description":"Envie de vacances en famille\u00a0? D\u00e9couvrez les offres pour familles de l\u2019H\u00f4tel Michelangelo \u00e0 Cesenatico","robots":{"index":"index","follow":"follow","max-snippet":"max-snippet:-1","max-image-preview":"max-image-preview:large","max-video-preview":"max-video-preview:-1"},"canonical":"https:\/\/www.italyfamilyhotels.it\/fr\/hotels\/hotel-michelangelo","og_locale":"fr_FR","og_type":"article","og_title":"H\u00f4tel Michelangelo 4 \u00e9toiles, Cesenatico","og_description":"Envie de vacances en famille\u00a0? D\u00e9couvrez les offres pour familles de l\u2019H\u00f4tel Michelangelo \u00e0 Cesenatico","og_url":"https:\/\/www.italyfamilyhotels.it\/fr\/hotels\/hotel-michelangelo","og_site_name":"Italy Family Hotels","article_publisher":"https:\/\/www.facebook.com\/ItalyFamilyHotels\/","article_modified_time":"2023-02-17T09:01:51+00:00","twitter_card":"summary_large_image","twitter_misc":{"Dur\u00e9e de lecture estim\u00e9e":"2 minutes"},"schema":{"@context":"https:\/\/schema.org","@graph":[{"@type":"WebPage","@id":"https:\/\/www.italyfamilyhotels.it\/fr\/hotels\/hotel-michelangelo","url":"https:\/\/www.italyfamilyhotels.it\/fr\/hotels\/hotel-michelangelo","name":"H\u00f4tel Michelangelo 4 \u00e9toiles, Cesenatico","isPartOf":{"@id":"https:\/\/www.italyfamilyhotels.it\/#website"},"datePublished":"2023-01-23T12:52:48+00:00","dateModified":"2023-02-17T09:01:51+00:00","description":"Envie de vacances en famille\u00a0? D\u00e9couvrez les offres pour familles de l\u2019H\u00f4tel Michelangelo \u00e0 Cesenatico","breadcrumb":{"@id":"https:\/\/www.italyfamilyhotels.it\/fr\/hotels\/hotel-michelangelo#breadcrumb"},"inLanguage":"fr-FR","potentialAction":[{"@type":"ReadAction","target":["https:\/\/www.italyfamilyhotels.it\/fr\/hotels\/hotel-michelangelo"]}]},{"@type":"BreadcrumbList","@id":"https:\/\/www.italyfamilyhotels.it\/fr\/hotels\/hotel-michelangelo#breadcrumb","itemListElement":[{"@type":"ListItem","position":1,"name":"Home","item":"https:\/\/www.italyfamilyhotels.it\/fr"},{"@type":"ListItem","position":2,"name":"Family Hotels","item":"https:\/\/www.italyfamilyhotels.it\/fr\/hotels"},{"@type":"ListItem","position":3,"name":"H\u00f4tel Michelangelo"}]},{"@type":"WebSite","@id":"https:\/\/www.italyfamilyhotels.it\/#website","url":"https:\/\/www.italyfamilyhotels.it\/","name":"Italy Family Hotels","description":"","potentialAction":[{"@type":"SearchAction","target":{"@type":"EntryPoint","urlTemplate":"https:\/\/www.italyfamilyhotels.it\/?s={search_term_string}"},"query-input":{"@type":"PropertyValueSpecification","valueRequired":true,"valueName":"search_term_string"}}],"inLanguage":"fr-FR"}]}},"_links":{"self":[{"href":"https:\/\/www.italyfamilyhotels.it\/fr\/wp-json\/wp\/v2\/pages\/43282","targetHints":{"allow":["GET"]}}],"collection":[{"href":"https:\/\/www.italyfamilyhotels.it\/fr\/wp-json\/wp\/v2\/pages"}],"about":[{"href":"https:\/\/www.italyfamilyhotels.it\/fr\/wp-json\/wp\/v2\/types\/page"}],"author":[{"embeddable":true,"href":"https:\/\/www.italyfamilyhotels.it\/fr\/wp-json\/wp\/v2\/users\/79"}],"replies":[{"embeddable":true,"href":"https:\/\/www.italyfamilyhotels.it\/fr\/wp-json\/wp\/v2\/comments?post=43282"}],"version-history":[{"count":4,"href":"https:\/\/www.italyfamilyhotels.it\/fr\/wp-json\/wp\/v2\/pages\/43282\/revisions"}],"predecessor-version":[{"id":46411,"href":"https:\/\/www.italyfamilyhotels.it\/fr\/wp-json\/wp\/v2\/pages\/43282\/revisions\/46411"}],"up":[{"embeddable":true,"href":"https:\/\/www.italyfamilyhotels.it\/fr\/wp-json\/wp\/v2\/pages\/29729"}],"wp:attachment":[{"href":"https:\/\/www.italyfamilyhotels.it\/fr\/wp-json\/wp\/v2\/media?parent=43282"}],"curies":[{"name":"wp","href":"https:\/\/api.w.org\/{rel}","templated":true}]}}