{"id":43280,"date":"2023-01-23T13:52:30","date_gmt":"2023-01-23T12:52:30","guid":{"rendered":"https:\/\/www.italyfamilyhotels.it\/hotels\/club-family-hotel-milano-marittima"},"modified":"2023-02-07T16:43:58","modified_gmt":"2023-02-07T15:43:58","slug":"club-family-hotel-milano-marittima","status":"publish","type":"page","link":"https:\/\/www.italyfamilyhotels.it\/fr\/hotels\/club-family-hotel-milano-marittima","title":{"rendered":"Club Family Hotel Milano Marittima"},"content":{"rendered":"\n<p>Nous sommes au centre de <b>Milano Marittima<\/b>, \u00e0 quelques pas de la zone pi\u00e9tonne et juste <b>devant la plage <\/b>o\u00f9 vous attendent<b> 1 parasol et 2 transats r\u00e9serv\u00e9s<\/b>. Ici, au <b>Club Family Hotel Milano Marittima<\/b>, nous aimons accueillir les familles et les choyer avec les meilleurs services, pour des vacances vraiment sans soucis.<\/p>\n\n\n\n<p>Pour les enfants, nous proposons des <b>animations 7 jours sur 7<\/b>, des <b>structures gonflables color\u00e9es<\/b>, une <b>Play Sport Arena <\/b>avec piscine \u00e0 balles color\u00e9es, mini babyfoot, toboggans, jeux multim\u00e9dia, <b>Playstation 5<\/b> Et <b>Laser Game<\/b>&nbsp;!<\/p>\n\n\n\n<p>Nous disposons de <b>2 piscines fantastiques<\/b>, dont une avec bain \u00e0 remous, fontaine pour massage du cou et vaporisateur, et l&#8217;autre <b>chauff\u00e9e <\/b>et reli\u00e9e au<b> parc aquatique<\/b> destin\u00e9 aux enfants, avec de nombreux jeux d&#8217;eau.<\/p>\n\n\n\n<p>Ici, le divertissement n&#8217;est pas seulement pour les petits, mais \u00e9galement pour maman et papa&nbsp;! <b>Tournois sportifs<\/b>, <b>jeux olympiques<\/b>, <b>tonification musculaire<\/b>, <b>aquagym<\/b> et <b>danses de groupe<\/b>.<\/p>\n\n\n\n<p>Pour vous permettre de voyager l\u00e9ger, vous trouverez \u00e0 l&#8217;h\u00f4tel tout le n\u00e9cessaire pour vos enfants comme des <b>barri\u00e8res lat\u00e9rales, berceaux, chauffe-biberons, tables \u00e0 langer<\/b> et, du lundi au vendredi, notre <b>p\u00e9diatre <\/b>est \u00e0 votre disposition en cas de besoin.<\/p>\n\n\n\n<p>Envie de vacances&nbsp;? Ne vous inqui\u00e9tez pas, vous trouverez notre <b>Open Bar h24 sans limites<\/b>, \u00e0 l&#8217;h\u00f4tel, au bord de la piscine et sur la plage avec caf\u00e9t\u00e9ria, avec boissons non alcoolis\u00e9es, 6 jus de fruits naturels et bi\u00e8re pression, puis, gr\u00e2ce \u00e0 notre gourde&nbsp;<b>Drinky<\/b>, vous pouvez emporter vos boissons pr\u00e9f\u00e9r\u00e9es partout o\u00f9 vous le voulez.<\/p>\n\n\n\n<p>Tu connais la nouveaut\u00e9 ? Pendant tout l&#8217;\u00e9t\u00e9,<strong> avec un s\u00e9jour minimum de 6 nuits, nous offrons \u00e0 toute ta famille les billets pour Mirabilandia<\/strong>, le parc d&#8217;attractions le plus c\u00e9l\u00e8bre de Romagne!<\/p>\n","protected":false},"excerpt":{"rendered":"<p>Nous sommes au centre de Milano Marittima, \u00e0 quelques pas de la zone pi\u00e9tonne et juste devant la plage o\u00f9 vous attendent 1 parasol et 2 transats r\u00e9serv\u00e9s. Ici, au Club Family Hotel Milano Marittima, nous aimons accueillir les familles et les choyer avec les meilleurs services, pour des vacances vraiment sans soucis. Pour les &hellip;<\/p>\n","protected":false},"author":17,"featured_media":0,"parent":29729,"menu_order":0,"comment_status":"closed","ping_status":"closed","template":"page-templates\/scheda_hotel.php","meta":{"_acf_changed":false,"inline_featured_image":false,"footnotes":""},"class_list":["post-43280","page","type-page","status-publish","hentry"],"acf":[],"yoast_head":"<!-- This site is optimized with the Yoast SEO plugin v27.1 - https:\/\/yoast.com\/product\/yoast-seo-wordpress\/ -->\n<title>Club Family Hotel Milano Marittima 4 \u00e9toiles, Milano Marittima<\/title>\n<meta name=\"description\" content=\"Envie de vacances en famille\u00a0? D\u00e9couvrez les offres pour familles du Club Family Hotel Milano Marittima \u00e0 Milano Marittima\" \/>\n<meta name=\"robots\" content=\"index, follow, max-snippet:-1, max-image-preview:large, max-video-preview:-1\" \/>\n<link rel=\"canonical\" href=\"https:\/\/www.italyfamilyhotels.it\/fr\/hotels\/club-family-hotel-milano-marittima\" \/>\n<meta property=\"og:locale\" content=\"fr_FR\" \/>\n<meta property=\"og:type\" content=\"article\" \/>\n<meta property=\"og:title\" content=\"Club Family Hotel Milano Marittima 4 \u00e9toiles, Milano Marittima\" \/>\n<meta property=\"og:description\" content=\"Envie de vacances en famille\u00a0? D\u00e9couvrez les offres pour familles du Club Family Hotel Milano Marittima \u00e0 Milano Marittima\" \/>\n<meta property=\"og:url\" content=\"https:\/\/www.italyfamilyhotels.it\/fr\/hotels\/club-family-hotel-milano-marittima\" \/>\n<meta property=\"og:site_name\" content=\"Italy Family Hotels\" \/>\n<meta property=\"article:publisher\" content=\"https:\/\/www.facebook.com\/ItalyFamilyHotels\/\" \/>\n<meta property=\"article:modified_time\" content=\"2023-02-07T15:43:58+00:00\" \/>\n<meta name=\"twitter:card\" content=\"summary_large_image\" \/>\n<meta name=\"twitter:label1\" content=\"Dur\u00e9e de lecture estim\u00e9e\" \/>\n\t<meta name=\"twitter:data1\" content=\"1 minute\" \/>\n<script type=\"application\/ld+json\" class=\"yoast-schema-graph\">{\"@context\":\"https:\/\/schema.org\",\"@graph\":[{\"@type\":\"WebPage\",\"@id\":\"https:\/\/www.italyfamilyhotels.it\/fr\/hotels\/club-family-hotel-milano-marittima\",\"url\":\"https:\/\/www.italyfamilyhotels.it\/fr\/hotels\/club-family-hotel-milano-marittima\",\"name\":\"Club Family Hotel Milano Marittima 4 \u00e9toiles, Milano Marittima\",\"isPartOf\":{\"@id\":\"https:\/\/www.italyfamilyhotels.it\/#website\"},\"datePublished\":\"2023-01-23T12:52:30+00:00\",\"dateModified\":\"2023-02-07T15:43:58+00:00\",\"description\":\"Envie de vacances en famille\u00a0? D\u00e9couvrez les offres pour familles du Club Family Hotel Milano Marittima \u00e0 Milano Marittima\",\"breadcrumb\":{\"@id\":\"https:\/\/www.italyfamilyhotels.it\/fr\/hotels\/club-family-hotel-milano-marittima#breadcrumb\"},\"inLanguage\":\"fr-FR\",\"potentialAction\":[{\"@type\":\"ReadAction\",\"target\":[\"https:\/\/www.italyfamilyhotels.it\/fr\/hotels\/club-family-hotel-milano-marittima\"]}]},{\"@type\":\"BreadcrumbList\",\"@id\":\"https:\/\/www.italyfamilyhotels.it\/fr\/hotels\/club-family-hotel-milano-marittima#breadcrumb\",\"itemListElement\":[{\"@type\":\"ListItem\",\"position\":1,\"name\":\"Home\",\"item\":\"https:\/\/www.italyfamilyhotels.it\/fr\"},{\"@type\":\"ListItem\",\"position\":2,\"name\":\"Family Hotels\",\"item\":\"https:\/\/www.italyfamilyhotels.it\/fr\/hotels\"},{\"@type\":\"ListItem\",\"position\":3,\"name\":\"Club Family Hotel Milano Marittima\"}]},{\"@type\":\"WebSite\",\"@id\":\"https:\/\/www.italyfamilyhotels.it\/#website\",\"url\":\"https:\/\/www.italyfamilyhotels.it\/\",\"name\":\"Italy Family Hotels\",\"description\":\"\",\"potentialAction\":[{\"@type\":\"SearchAction\",\"target\":{\"@type\":\"EntryPoint\",\"urlTemplate\":\"https:\/\/www.italyfamilyhotels.it\/?s={search_term_string}\"},\"query-input\":{\"@type\":\"PropertyValueSpecification\",\"valueRequired\":true,\"valueName\":\"search_term_string\"}}],\"inLanguage\":\"fr-FR\"}]}<\/script>\n<!-- \/ Yoast SEO plugin. -->","yoast_head_json":{"title":"Club Family Hotel Milano Marittima 4 \u00e9toiles, Milano Marittima","description":"Envie de vacances en famille\u00a0? D\u00e9couvrez les offres pour familles du Club Family Hotel Milano Marittima \u00e0 Milano Marittima","robots":{"index":"index","follow":"follow","max-snippet":"max-snippet:-1","max-image-preview":"max-image-preview:large","max-video-preview":"max-video-preview:-1"},"canonical":"https:\/\/www.italyfamilyhotels.it\/fr\/hotels\/club-family-hotel-milano-marittima","og_locale":"fr_FR","og_type":"article","og_title":"Club Family Hotel Milano Marittima 4 \u00e9toiles, Milano Marittima","og_description":"Envie de vacances en famille\u00a0? D\u00e9couvrez les offres pour familles du Club Family Hotel Milano Marittima \u00e0 Milano Marittima","og_url":"https:\/\/www.italyfamilyhotels.it\/fr\/hotels\/club-family-hotel-milano-marittima","og_site_name":"Italy Family Hotels","article_publisher":"https:\/\/www.facebook.com\/ItalyFamilyHotels\/","article_modified_time":"2023-02-07T15:43:58+00:00","twitter_card":"summary_large_image","twitter_misc":{"Dur\u00e9e de lecture estim\u00e9e":"1 minute"},"schema":{"@context":"https:\/\/schema.org","@graph":[{"@type":"WebPage","@id":"https:\/\/www.italyfamilyhotels.it\/fr\/hotels\/club-family-hotel-milano-marittima","url":"https:\/\/www.italyfamilyhotels.it\/fr\/hotels\/club-family-hotel-milano-marittima","name":"Club Family Hotel Milano Marittima 4 \u00e9toiles, Milano Marittima","isPartOf":{"@id":"https:\/\/www.italyfamilyhotels.it\/#website"},"datePublished":"2023-01-23T12:52:30+00:00","dateModified":"2023-02-07T15:43:58+00:00","description":"Envie de vacances en famille\u00a0? D\u00e9couvrez les offres pour familles du Club Family Hotel Milano Marittima \u00e0 Milano Marittima","breadcrumb":{"@id":"https:\/\/www.italyfamilyhotels.it\/fr\/hotels\/club-family-hotel-milano-marittima#breadcrumb"},"inLanguage":"fr-FR","potentialAction":[{"@type":"ReadAction","target":["https:\/\/www.italyfamilyhotels.it\/fr\/hotels\/club-family-hotel-milano-marittima"]}]},{"@type":"BreadcrumbList","@id":"https:\/\/www.italyfamilyhotels.it\/fr\/hotels\/club-family-hotel-milano-marittima#breadcrumb","itemListElement":[{"@type":"ListItem","position":1,"name":"Home","item":"https:\/\/www.italyfamilyhotels.it\/fr"},{"@type":"ListItem","position":2,"name":"Family Hotels","item":"https:\/\/www.italyfamilyhotels.it\/fr\/hotels"},{"@type":"ListItem","position":3,"name":"Club Family Hotel Milano Marittima"}]},{"@type":"WebSite","@id":"https:\/\/www.italyfamilyhotels.it\/#website","url":"https:\/\/www.italyfamilyhotels.it\/","name":"Italy Family Hotels","description":"","potentialAction":[{"@type":"SearchAction","target":{"@type":"EntryPoint","urlTemplate":"https:\/\/www.italyfamilyhotels.it\/?s={search_term_string}"},"query-input":{"@type":"PropertyValueSpecification","valueRequired":true,"valueName":"search_term_string"}}],"inLanguage":"fr-FR"}]}},"_links":{"self":[{"href":"https:\/\/www.italyfamilyhotels.it\/fr\/wp-json\/wp\/v2\/pages\/43280","targetHints":{"allow":["GET"]}}],"collection":[{"href":"https:\/\/www.italyfamilyhotels.it\/fr\/wp-json\/wp\/v2\/pages"}],"about":[{"href":"https:\/\/www.italyfamilyhotels.it\/fr\/wp-json\/wp\/v2\/types\/page"}],"author":[{"embeddable":true,"href":"https:\/\/www.italyfamilyhotels.it\/fr\/wp-json\/wp\/v2\/users\/17"}],"replies":[{"embeddable":true,"href":"https:\/\/www.italyfamilyhotels.it\/fr\/wp-json\/wp\/v2\/comments?post=43280"}],"version-history":[{"count":2,"href":"https:\/\/www.italyfamilyhotels.it\/fr\/wp-json\/wp\/v2\/pages\/43280\/revisions"}],"predecessor-version":[{"id":45724,"href":"https:\/\/www.italyfamilyhotels.it\/fr\/wp-json\/wp\/v2\/pages\/43280\/revisions\/45724"}],"up":[{"embeddable":true,"href":"https:\/\/www.italyfamilyhotels.it\/fr\/wp-json\/wp\/v2\/pages\/29729"}],"wp:attachment":[{"href":"https:\/\/www.italyfamilyhotels.it\/fr\/wp-json\/wp\/v2\/media?parent=43280"}],"curies":[{"name":"wp","href":"https:\/\/api.w.org\/{rel}","templated":true}]}}