{"id":43276,"date":"2023-01-23T13:51:52","date_gmt":"2023-01-23T12:51:52","guid":{"rendered":"https:\/\/www.italyfamilyhotels.it\/hotels\/family-hotel-serena"},"modified":"2025-07-15T09:03:23","modified_gmt":"2025-07-15T07:03:23","slug":"family-hotel-serena","status":"publish","type":"page","link":"https:\/\/www.italyfamilyhotels.it\/fr\/hotels\/family-hotel-serena","title":{"rendered":"Family Hotel Serena"},"content":{"rendered":"\n<p>Fermez les yeux et imaginez des vacances immerg\u00e9es dans la nature des splendides <b>Dolomites<\/b>, o\u00f9 vous reposez dans des <b>chambres spacieuses et confortables<\/b>, jouez avec vos enfants dans de grands espaces d\u00e9di\u00e9s \u00e0 leur divertissement, \u00e0 l&#8217;int\u00e9rieur comme \u00e0 l&#8217;ext\u00e9rieur de l&#8217;h\u00f4tel, et vous accordez de nombreux moments de d\u00e9tente dans un fantastique espace bien-\u00eatre avec <b>piscine <\/b>et <b>centre thermal<\/b>. Maintenant, ouvrez-les et vous voici au <b>Family Hotel Serena<\/b>, au c\u0153ur d\u2019<b>Andalo<\/b>, o\u00f9 les r\u00eaves des adultes et des enfants deviennent r\u00e9alit\u00e9\u00a0!<\/p>\n\n\n\n<p>Vous trouverez ici un monde fantastique d\u00e9di\u00e9 aux enfants, <b>Le repaire de Zuffolo<\/b>. Un v\u00e9ritable royaume de fantaisie de <b>200 m\u00b2<\/b> o\u00f9, avec notre douce <b>\u00e9quipe d&#8217;animation<\/b> toujours pr\u00e9sente, vous vous amusez entre toboggans, filets et piscines \u00e0 balles color\u00e9es. Nous avons failli oublier <b>Zuffolandia<\/b>, notre <b>parc \u00e9quip\u00e9 de 3\u00a0000 m\u00b2<\/b>, o\u00f9 vous pourrez vous amuser en contact avec la nature\u00a0! Nos adorables baby-sitters s&#8217;occupent des <b>b\u00e9b\u00e9s de 12 \u00e0 36 mois<\/b>, dans le Repaire de Briky.<\/p>\n\n\n\n<p>Ici, au Family Hotel Serena, vous trouverez une splendide <b>piscine int\u00e9rieure chauff\u00e9e<\/b> \u00e0 temp\u00e9rature constante de 31\u00a0\u00b0C, avec <b>piscine pour enfants <\/b>de 35 cm de profondeur, o\u00f9 ils pourront faire leurs premi\u00e8res baignades en toute s\u00e9curit\u00e9. En revanche, pour maman et papa, nous disposons du <b>centre de bien-\u00eatre Carpe Diem<\/b>, avec bain turc, sauna finlandais, bain m\u00e9diterran\u00e9en, bain \u00e0 remous, douches \u00e9motionnelles et espace d\u00e9tente. Dans ce centre thermal, vous trouverez un vaste choix de <b>massages et soins<\/b>, avec \u00e9galement des propositions pour chouchouter vos <b>enfants <\/b>telles que gommage naturel, manucure pour b\u00e9b\u00e9 ou massage doux.<\/p>\n\n\n\n<p>Le mobilier de notre <b>restaurant<\/b> est enti\u00e8rement en <b>bois<\/b>, pour que vous puissiez profiter de d\u00e9licieux <b>plats traditionnels du Trentin<\/b>, dans un lieu en plein style montagnard. Pour les enfants, nous avons d\u00e9di\u00e9 un <b>restaurant super color\u00e9<\/b> o\u00f9 savourer,<b> avec les animateurs<\/b>, des plats \u00e9quilibr\u00e9s, riches en ingr\u00e9dients sains et authentiques.<\/p>\n\n\n\n<p>Pour les amateurs de vacances actives, nous proposons un riche <b>programme d&#8217;excursions<\/b> et d\u2019<b>exp\u00e9riences <\/b>pour d\u00e9couvrir les environs, avec notamment excursion dans les fermes d&#8217;Andalo ou au lac Molveno, visite des \u00e9curies de Fai della Paganella, un itin\u00e9raire sensoriel \u00e9ducatif \u00ab\u00a0Plan de Sarnacil\u00a0\u00bb avec un pique-nique \u00e0 Pian del Piof.<\/p>\n","protected":false},"excerpt":{"rendered":"<p>Fermez les yeux et imaginez des vacances immerg\u00e9es dans la nature des splendides Dolomites, o\u00f9 vous reposez dans des chambres spacieuses et confortables, jouez avec vos enfants dans de grands espaces d\u00e9di\u00e9s \u00e0 leur divertissement, \u00e0 l&#8217;int\u00e9rieur comme \u00e0 l&#8217;ext\u00e9rieur de l&#8217;h\u00f4tel, et vous accordez de nombreux moments de d\u00e9tente dans un fantastique espace bien-\u00eatre &hellip;<\/p>\n","protected":false},"author":116,"featured_media":0,"parent":29729,"menu_order":0,"comment_status":"closed","ping_status":"closed","template":"page-templates\/scheda_hotel.php","meta":{"_acf_changed":false,"inline_featured_image":false,"footnotes":""},"class_list":["post-43276","page","type-page","status-publish","hentry"],"acf":[],"yoast_head":"<!-- This site is optimized with the Yoast SEO plugin v27.1 - https:\/\/yoast.com\/product\/yoast-seo-wordpress\/ -->\n<title>Family Hotel Serena 4 \u00e9toiles, Andalo<\/title>\n<meta name=\"description\" content=\"Envie de vacances en famille\u00a0? D\u00e9couvrez les offres pour familles du Family Hotel Serena \u00e0 Andalo\" \/>\n<meta name=\"robots\" content=\"index, follow, max-snippet:-1, max-image-preview:large, max-video-preview:-1\" \/>\n<link rel=\"canonical\" href=\"https:\/\/www.italyfamilyhotels.it\/fr\/hotels\/family-hotel-serena\" \/>\n<meta property=\"og:locale\" content=\"fr_FR\" \/>\n<meta property=\"og:type\" content=\"article\" \/>\n<meta property=\"og:title\" content=\"Family Hotel Serena 4 \u00e9toiles, Andalo\" \/>\n<meta property=\"og:description\" content=\"Envie de vacances en famille\u00a0? D\u00e9couvrez les offres pour familles du Family Hotel Serena \u00e0 Andalo\" \/>\n<meta property=\"og:url\" content=\"https:\/\/www.italyfamilyhotels.it\/fr\/hotels\/family-hotel-serena\" \/>\n<meta property=\"og:site_name\" content=\"Italy Family Hotels\" \/>\n<meta property=\"article:publisher\" content=\"https:\/\/www.facebook.com\/ItalyFamilyHotels\/\" \/>\n<meta property=\"article:modified_time\" content=\"2025-07-15T07:03:23+00:00\" \/>\n<meta name=\"twitter:card\" content=\"summary_large_image\" \/>\n<meta name=\"twitter:label1\" content=\"Dur\u00e9e de lecture estim\u00e9e\" \/>\n\t<meta name=\"twitter:data1\" content=\"2 minutes\" \/>\n<script type=\"application\/ld+json\" class=\"yoast-schema-graph\">{\"@context\":\"https:\/\/schema.org\",\"@graph\":[{\"@type\":\"WebPage\",\"@id\":\"https:\/\/www.italyfamilyhotels.it\/fr\/hotels\/family-hotel-serena\",\"url\":\"https:\/\/www.italyfamilyhotels.it\/fr\/hotels\/family-hotel-serena\",\"name\":\"Family Hotel Serena 4 \u00e9toiles, Andalo\",\"isPartOf\":{\"@id\":\"https:\/\/www.italyfamilyhotels.it\/#website\"},\"datePublished\":\"2023-01-23T12:51:52+00:00\",\"dateModified\":\"2025-07-15T07:03:23+00:00\",\"description\":\"Envie de vacances en famille\u00a0? D\u00e9couvrez les offres pour familles du Family Hotel Serena \u00e0 Andalo\",\"breadcrumb\":{\"@id\":\"https:\/\/www.italyfamilyhotels.it\/fr\/hotels\/family-hotel-serena#breadcrumb\"},\"inLanguage\":\"fr-FR\",\"potentialAction\":[{\"@type\":\"ReadAction\",\"target\":[\"https:\/\/www.italyfamilyhotels.it\/fr\/hotels\/family-hotel-serena\"]}]},{\"@type\":\"BreadcrumbList\",\"@id\":\"https:\/\/www.italyfamilyhotels.it\/fr\/hotels\/family-hotel-serena#breadcrumb\",\"itemListElement\":[{\"@type\":\"ListItem\",\"position\":1,\"name\":\"Home\",\"item\":\"https:\/\/www.italyfamilyhotels.it\/fr\"},{\"@type\":\"ListItem\",\"position\":2,\"name\":\"Family Hotels\",\"item\":\"https:\/\/www.italyfamilyhotels.it\/fr\/hotels\"},{\"@type\":\"ListItem\",\"position\":3,\"name\":\"Family Hotel Serena\"}]},{\"@type\":\"WebSite\",\"@id\":\"https:\/\/www.italyfamilyhotels.it\/#website\",\"url\":\"https:\/\/www.italyfamilyhotels.it\/\",\"name\":\"Italy Family Hotels\",\"description\":\"\",\"potentialAction\":[{\"@type\":\"SearchAction\",\"target\":{\"@type\":\"EntryPoint\",\"urlTemplate\":\"https:\/\/www.italyfamilyhotels.it\/?s={search_term_string}\"},\"query-input\":{\"@type\":\"PropertyValueSpecification\",\"valueRequired\":true,\"valueName\":\"search_term_string\"}}],\"inLanguage\":\"fr-FR\"}]}<\/script>\n<!-- \/ Yoast SEO plugin. -->","yoast_head_json":{"title":"Family Hotel Serena 4 \u00e9toiles, Andalo","description":"Envie de vacances en famille\u00a0? D\u00e9couvrez les offres pour familles du Family Hotel Serena \u00e0 Andalo","robots":{"index":"index","follow":"follow","max-snippet":"max-snippet:-1","max-image-preview":"max-image-preview:large","max-video-preview":"max-video-preview:-1"},"canonical":"https:\/\/www.italyfamilyhotels.it\/fr\/hotels\/family-hotel-serena","og_locale":"fr_FR","og_type":"article","og_title":"Family Hotel Serena 4 \u00e9toiles, Andalo","og_description":"Envie de vacances en famille\u00a0? D\u00e9couvrez les offres pour familles du Family Hotel Serena \u00e0 Andalo","og_url":"https:\/\/www.italyfamilyhotels.it\/fr\/hotels\/family-hotel-serena","og_site_name":"Italy Family Hotels","article_publisher":"https:\/\/www.facebook.com\/ItalyFamilyHotels\/","article_modified_time":"2025-07-15T07:03:23+00:00","twitter_card":"summary_large_image","twitter_misc":{"Dur\u00e9e de lecture estim\u00e9e":"2 minutes"},"schema":{"@context":"https:\/\/schema.org","@graph":[{"@type":"WebPage","@id":"https:\/\/www.italyfamilyhotels.it\/fr\/hotels\/family-hotel-serena","url":"https:\/\/www.italyfamilyhotels.it\/fr\/hotels\/family-hotel-serena","name":"Family Hotel Serena 4 \u00e9toiles, Andalo","isPartOf":{"@id":"https:\/\/www.italyfamilyhotels.it\/#website"},"datePublished":"2023-01-23T12:51:52+00:00","dateModified":"2025-07-15T07:03:23+00:00","description":"Envie de vacances en famille\u00a0? D\u00e9couvrez les offres pour familles du Family Hotel Serena \u00e0 Andalo","breadcrumb":{"@id":"https:\/\/www.italyfamilyhotels.it\/fr\/hotels\/family-hotel-serena#breadcrumb"},"inLanguage":"fr-FR","potentialAction":[{"@type":"ReadAction","target":["https:\/\/www.italyfamilyhotels.it\/fr\/hotels\/family-hotel-serena"]}]},{"@type":"BreadcrumbList","@id":"https:\/\/www.italyfamilyhotels.it\/fr\/hotels\/family-hotel-serena#breadcrumb","itemListElement":[{"@type":"ListItem","position":1,"name":"Home","item":"https:\/\/www.italyfamilyhotels.it\/fr"},{"@type":"ListItem","position":2,"name":"Family Hotels","item":"https:\/\/www.italyfamilyhotels.it\/fr\/hotels"},{"@type":"ListItem","position":3,"name":"Family Hotel Serena"}]},{"@type":"WebSite","@id":"https:\/\/www.italyfamilyhotels.it\/#website","url":"https:\/\/www.italyfamilyhotels.it\/","name":"Italy Family Hotels","description":"","potentialAction":[{"@type":"SearchAction","target":{"@type":"EntryPoint","urlTemplate":"https:\/\/www.italyfamilyhotels.it\/?s={search_term_string}"},"query-input":{"@type":"PropertyValueSpecification","valueRequired":true,"valueName":"search_term_string"}}],"inLanguage":"fr-FR"}]}},"_links":{"self":[{"href":"https:\/\/www.italyfamilyhotels.it\/fr\/wp-json\/wp\/v2\/pages\/43276","targetHints":{"allow":["GET"]}}],"collection":[{"href":"https:\/\/www.italyfamilyhotels.it\/fr\/wp-json\/wp\/v2\/pages"}],"about":[{"href":"https:\/\/www.italyfamilyhotels.it\/fr\/wp-json\/wp\/v2\/types\/page"}],"author":[{"embeddable":true,"href":"https:\/\/www.italyfamilyhotels.it\/fr\/wp-json\/wp\/v2\/users\/116"}],"replies":[{"embeddable":true,"href":"https:\/\/www.italyfamilyhotels.it\/fr\/wp-json\/wp\/v2\/comments?post=43276"}],"version-history":[{"count":2,"href":"https:\/\/www.italyfamilyhotels.it\/fr\/wp-json\/wp\/v2\/pages\/43276\/revisions"}],"predecessor-version":[{"id":70634,"href":"https:\/\/www.italyfamilyhotels.it\/fr\/wp-json\/wp\/v2\/pages\/43276\/revisions\/70634"}],"up":[{"embeddable":true,"href":"https:\/\/www.italyfamilyhotels.it\/fr\/wp-json\/wp\/v2\/pages\/29729"}],"wp:attachment":[{"href":"https:\/\/www.italyfamilyhotels.it\/fr\/wp-json\/wp\/v2\/media?parent=43276"}],"curies":[{"name":"wp","href":"https:\/\/api.w.org\/{rel}","templated":true}]}}