{"id":43274,"date":"2023-01-23T13:51:37","date_gmt":"2023-01-23T12:51:37","guid":{"rendered":"https:\/\/www.italyfamilyhotels.it\/hotels\/club-village-hotel-spiaggia-romea"},"modified":"2023-01-23T13:57:48","modified_gmt":"2023-01-23T12:57:48","slug":"club-village-hotel-spiaggia-romea","status":"publish","type":"page","link":"https:\/\/www.italyfamilyhotels.it\/fr\/hotels\/club-village-hotel-spiaggia-romea","title":{"rendered":"Club Village &#038; H\u00f4tel Spiaggia Romea"},"content":{"rendered":"\n<p>Avez-vous d\u00e9j\u00e0 pass\u00e9 des <b>vacances en famille<\/b> dans un \u00ab\u00a0<b>village touristique <\/b>en pleine nature\u00a0\u00bb\u00a0? Alors il est temps d&#8217;essayer\u00a0! Ici au <b>Club Village &amp; H\u00f4tel Spiaggia Romea<\/b> de <b>Lido delle Nazioni<\/b>, dans le c\u0153ur verdoyant et parfum\u00e9 du Parc du Delta du P\u00f4, surprenez vos enfants avec une exp\u00e9rience inoubliable en contact avec la nature.<\/p>\n\n\n\n<p>Nous sommes entour\u00e9s d&#8217;un <b>immense parc<\/b> dans lequel vous trouvez un <b>lac priv\u00e9 avec plage<\/b> &#8211; o\u00f9 il est possible de pratiquer le cano\u00eb, la planche \u00e0 voile, le kayak ou de sortir en p\u00e9dalo &#8211; et <b>3 piscines fantastiques<\/b>\u00a0: une semi-olympique pour les amoureux de la natation, une r\u00e9serv\u00e9e aux enfants de taille r\u00e9duite et une de 40 cm de profondeur avec toboggans, tunnels et bain \u00e0 remous. Vous pouvez \u00e9galement vous rendre sur notre <b>plage priv\u00e9e<\/b>, \u00e9galement ouverte aux animaux, avec une agr\u00e9able promenade \u00e0 l&#8217;ombre de la pin\u00e8de.<\/p>\n\n\n\n<p>Nous ne vous l&#8217;avons peut-\u00eatre pas dit, mais nous avons une mission importante\u00a0: votre divertissement\u00a0! C&#8217;est pourquoi, tout au long de la journ\u00e9e, l&#8217;\u00e9quipe d&#8217;animation fait participer les enfants aux animations d\u2019un riche programme \u00e9ducatif et sportif, avec <b>activit\u00e9s et exp\u00e9riences<\/b> comme le mini safari au sein de notre <b>\u00e9levage<\/b> ou laboratoires dans la nature.<\/p>\n\n\n\n<p>De plus, les enfants et adolescents peuvent faire le \u00ab\u00a0bapt\u00eame de la selle\u00a0\u00bb\u00a0! Ici, vous trouverez un <b>man\u00e8ge<\/b> et nous organisons des <b>cours d&#8217;\u00e9quitation<\/b> et des <b>promenades \u00e0 cheval <\/b>durant lesquelles admirer des daims, des taureaux et de nombreuses esp\u00e8ces d&#8217;oiseaux. Bref, assurons-nous que les plus petits apprennent \u00e0 aimer l&#8217;environnement et abordent la nature en protagonistes\u00a0!<\/p>\n\n\n\n<p>Une raison de plus pour venir en vacances avec nous\u00a0? La <b>formule Club all inclusive<\/b> permet de b\u00e9n\u00e9ficier de <b>tous les services familiaux<\/b>, les activit\u00e9s, l&#8217;exp\u00e9rience gastronomique, <b>parasol et transats dans les zones de baignade<\/b> inclus, pour des vacances sans surprises. Vous trouverez \u00e9galement le<b> n\u00e9cessaire pour les enfants \u00e0 votre arriv\u00e9e<\/b>\u00a0: lit b\u00e9b\u00e9 avec draps, babyphone, chauffe-biberon, table \u00e0 langer, baignoire b\u00e9b\u00e9, tabouret, r\u00e9ducteur WC, veilleuse, diffuseur d&#8217;ar\u00f4me pour un doux sommeil, chaise haute, location poussettes, coin alimentation b\u00e9b\u00e9, menus b\u00e9b\u00e9 et enfant.<\/p>\n","protected":false},"excerpt":{"rendered":"<p>Avez-vous d\u00e9j\u00e0 pass\u00e9 des vacances en famille dans un \u00ab\u00a0village touristique en pleine nature\u00a0\u00bb\u00a0? Alors il est temps d&#8217;essayer\u00a0! Ici au Club Village &amp; H\u00f4tel Spiaggia Romea de Lido delle Nazioni, dans le c\u0153ur verdoyant et parfum\u00e9 du Parc du Delta du P\u00f4, surprenez vos enfants avec une exp\u00e9rience inoubliable en contact avec la nature. &hellip;<\/p>\n","protected":false},"author":19,"featured_media":0,"parent":29729,"menu_order":0,"comment_status":"closed","ping_status":"closed","template":"page-templates\/scheda_hotel.php","meta":{"_acf_changed":false,"inline_featured_image":false,"footnotes":""},"class_list":["post-43274","page","type-page","status-publish","hentry"],"acf":[],"yoast_head":"<!-- This site is optimized with the Yoast SEO plugin v27.1 - https:\/\/yoast.com\/product\/yoast-seo-wordpress\/ -->\n<title>Club Village &amp; H\u00f4tel Spiaggia Romea 3 \u00e9toiles Superior, Lido delle Nazioni<\/title>\n<meta name=\"description\" content=\"Envie de vacances en famille\u00a0? D\u00e9couvrez les offres pour familles du Club Village &amp; H\u00f4tel Spiaggia Romea \u00e0 Lido delle Nazioni\" \/>\n<meta name=\"robots\" content=\"index, follow, max-snippet:-1, max-image-preview:large, max-video-preview:-1\" \/>\n<link rel=\"canonical\" href=\"https:\/\/www.italyfamilyhotels.it\/fr\/hotels\/club-village-hotel-spiaggia-romea\" \/>\n<meta property=\"og:locale\" content=\"fr_FR\" \/>\n<meta property=\"og:type\" content=\"article\" \/>\n<meta property=\"og:title\" content=\"Club Village &amp; H\u00f4tel Spiaggia Romea 3 \u00e9toiles Superior, Lido delle Nazioni\" \/>\n<meta property=\"og:description\" content=\"Envie de vacances en famille\u00a0? D\u00e9couvrez les offres pour familles du Club Village &amp; H\u00f4tel Spiaggia Romea \u00e0 Lido delle Nazioni\" \/>\n<meta property=\"og:url\" content=\"https:\/\/www.italyfamilyhotels.it\/fr\/hotels\/club-village-hotel-spiaggia-romea\" \/>\n<meta property=\"og:site_name\" content=\"Italy Family Hotels\" \/>\n<meta property=\"article:publisher\" content=\"https:\/\/www.facebook.com\/ItalyFamilyHotels\/\" \/>\n<meta property=\"article:modified_time\" content=\"2023-01-23T12:57:48+00:00\" \/>\n<meta name=\"twitter:card\" content=\"summary_large_image\" \/>\n<meta name=\"twitter:label1\" content=\"Dur\u00e9e de lecture estim\u00e9e\" \/>\n\t<meta name=\"twitter:data1\" content=\"2 minutes\" \/>\n<script type=\"application\/ld+json\" class=\"yoast-schema-graph\">{\"@context\":\"https:\/\/schema.org\",\"@graph\":[{\"@type\":\"WebPage\",\"@id\":\"https:\/\/www.italyfamilyhotels.it\/fr\/hotels\/club-village-hotel-spiaggia-romea\",\"url\":\"https:\/\/www.italyfamilyhotels.it\/fr\/hotels\/club-village-hotel-spiaggia-romea\",\"name\":\"Club Village & H\u00f4tel Spiaggia Romea 3 \u00e9toiles Superior, Lido delle Nazioni\",\"isPartOf\":{\"@id\":\"https:\/\/www.italyfamilyhotels.it\/#website\"},\"datePublished\":\"2023-01-23T12:51:37+00:00\",\"dateModified\":\"2023-01-23T12:57:48+00:00\",\"description\":\"Envie de vacances en famille\u00a0? D\u00e9couvrez les offres pour familles du Club Village & H\u00f4tel Spiaggia Romea \u00e0 Lido delle Nazioni\",\"breadcrumb\":{\"@id\":\"https:\/\/www.italyfamilyhotels.it\/fr\/hotels\/club-village-hotel-spiaggia-romea#breadcrumb\"},\"inLanguage\":\"fr-FR\",\"potentialAction\":[{\"@type\":\"ReadAction\",\"target\":[\"https:\/\/www.italyfamilyhotels.it\/fr\/hotels\/club-village-hotel-spiaggia-romea\"]}]},{\"@type\":\"BreadcrumbList\",\"@id\":\"https:\/\/www.italyfamilyhotels.it\/fr\/hotels\/club-village-hotel-spiaggia-romea#breadcrumb\",\"itemListElement\":[{\"@type\":\"ListItem\",\"position\":1,\"name\":\"Home\",\"item\":\"https:\/\/www.italyfamilyhotels.it\/fr\"},{\"@type\":\"ListItem\",\"position\":2,\"name\":\"Family Hotels\",\"item\":\"https:\/\/www.italyfamilyhotels.it\/fr\/hotels\"},{\"@type\":\"ListItem\",\"position\":3,\"name\":\"Club Village &#038; H\u00f4tel Spiaggia Romea\"}]},{\"@type\":\"WebSite\",\"@id\":\"https:\/\/www.italyfamilyhotels.it\/#website\",\"url\":\"https:\/\/www.italyfamilyhotels.it\/\",\"name\":\"Italy Family Hotels\",\"description\":\"\",\"potentialAction\":[{\"@type\":\"SearchAction\",\"target\":{\"@type\":\"EntryPoint\",\"urlTemplate\":\"https:\/\/www.italyfamilyhotels.it\/?s={search_term_string}\"},\"query-input\":{\"@type\":\"PropertyValueSpecification\",\"valueRequired\":true,\"valueName\":\"search_term_string\"}}],\"inLanguage\":\"fr-FR\"}]}<\/script>\n<!-- \/ Yoast SEO plugin. -->","yoast_head_json":{"title":"Club Village & H\u00f4tel Spiaggia Romea 3 \u00e9toiles Superior, Lido delle Nazioni","description":"Envie de vacances en famille\u00a0? D\u00e9couvrez les offres pour familles du Club Village & H\u00f4tel Spiaggia Romea \u00e0 Lido delle Nazioni","robots":{"index":"index","follow":"follow","max-snippet":"max-snippet:-1","max-image-preview":"max-image-preview:large","max-video-preview":"max-video-preview:-1"},"canonical":"https:\/\/www.italyfamilyhotels.it\/fr\/hotels\/club-village-hotel-spiaggia-romea","og_locale":"fr_FR","og_type":"article","og_title":"Club Village & H\u00f4tel Spiaggia Romea 3 \u00e9toiles Superior, Lido delle Nazioni","og_description":"Envie de vacances en famille\u00a0? D\u00e9couvrez les offres pour familles du Club Village & H\u00f4tel Spiaggia Romea \u00e0 Lido delle Nazioni","og_url":"https:\/\/www.italyfamilyhotels.it\/fr\/hotels\/club-village-hotel-spiaggia-romea","og_site_name":"Italy Family Hotels","article_publisher":"https:\/\/www.facebook.com\/ItalyFamilyHotels\/","article_modified_time":"2023-01-23T12:57:48+00:00","twitter_card":"summary_large_image","twitter_misc":{"Dur\u00e9e de lecture estim\u00e9e":"2 minutes"},"schema":{"@context":"https:\/\/schema.org","@graph":[{"@type":"WebPage","@id":"https:\/\/www.italyfamilyhotels.it\/fr\/hotels\/club-village-hotel-spiaggia-romea","url":"https:\/\/www.italyfamilyhotels.it\/fr\/hotels\/club-village-hotel-spiaggia-romea","name":"Club Village & H\u00f4tel Spiaggia Romea 3 \u00e9toiles Superior, Lido delle Nazioni","isPartOf":{"@id":"https:\/\/www.italyfamilyhotels.it\/#website"},"datePublished":"2023-01-23T12:51:37+00:00","dateModified":"2023-01-23T12:57:48+00:00","description":"Envie de vacances en famille\u00a0? D\u00e9couvrez les offres pour familles du Club Village & H\u00f4tel Spiaggia Romea \u00e0 Lido delle Nazioni","breadcrumb":{"@id":"https:\/\/www.italyfamilyhotels.it\/fr\/hotels\/club-village-hotel-spiaggia-romea#breadcrumb"},"inLanguage":"fr-FR","potentialAction":[{"@type":"ReadAction","target":["https:\/\/www.italyfamilyhotels.it\/fr\/hotels\/club-village-hotel-spiaggia-romea"]}]},{"@type":"BreadcrumbList","@id":"https:\/\/www.italyfamilyhotels.it\/fr\/hotels\/club-village-hotel-spiaggia-romea#breadcrumb","itemListElement":[{"@type":"ListItem","position":1,"name":"Home","item":"https:\/\/www.italyfamilyhotels.it\/fr"},{"@type":"ListItem","position":2,"name":"Family Hotels","item":"https:\/\/www.italyfamilyhotels.it\/fr\/hotels"},{"@type":"ListItem","position":3,"name":"Club Village &#038; H\u00f4tel Spiaggia Romea"}]},{"@type":"WebSite","@id":"https:\/\/www.italyfamilyhotels.it\/#website","url":"https:\/\/www.italyfamilyhotels.it\/","name":"Italy Family Hotels","description":"","potentialAction":[{"@type":"SearchAction","target":{"@type":"EntryPoint","urlTemplate":"https:\/\/www.italyfamilyhotels.it\/?s={search_term_string}"},"query-input":{"@type":"PropertyValueSpecification","valueRequired":true,"valueName":"search_term_string"}}],"inLanguage":"fr-FR"}]}},"_links":{"self":[{"href":"https:\/\/www.italyfamilyhotels.it\/fr\/wp-json\/wp\/v2\/pages\/43274","targetHints":{"allow":["GET"]}}],"collection":[{"href":"https:\/\/www.italyfamilyhotels.it\/fr\/wp-json\/wp\/v2\/pages"}],"about":[{"href":"https:\/\/www.italyfamilyhotels.it\/fr\/wp-json\/wp\/v2\/types\/page"}],"author":[{"embeddable":true,"href":"https:\/\/www.italyfamilyhotels.it\/fr\/wp-json\/wp\/v2\/users\/19"}],"replies":[{"embeddable":true,"href":"https:\/\/www.italyfamilyhotels.it\/fr\/wp-json\/wp\/v2\/comments?post=43274"}],"version-history":[{"count":1,"href":"https:\/\/www.italyfamilyhotels.it\/fr\/wp-json\/wp\/v2\/pages\/43274\/revisions"}],"predecessor-version":[{"id":43275,"href":"https:\/\/www.italyfamilyhotels.it\/fr\/wp-json\/wp\/v2\/pages\/43274\/revisions\/43275"}],"up":[{"embeddable":true,"href":"https:\/\/www.italyfamilyhotels.it\/fr\/wp-json\/wp\/v2\/pages\/29729"}],"wp:attachment":[{"href":"https:\/\/www.italyfamilyhotels.it\/fr\/wp-json\/wp\/v2\/media?parent=43274"}],"curies":[{"name":"wp","href":"https:\/\/api.w.org\/{rel}","templated":true}]}}