{"id":43272,"date":"2023-01-23T13:51:26","date_gmt":"2023-01-23T12:51:26","guid":{"rendered":"https:\/\/www.italyfamilyhotels.it\/hotels\/hotel-doge"},"modified":"2023-01-23T13:57:47","modified_gmt":"2023-01-23T12:57:47","slug":"hotel-doge","status":"publish","type":"page","link":"https:\/\/www.italyfamilyhotels.it\/fr\/hotels\/hotel-doge","title":{"rendered":"H\u00f4tel Doge"},"content":{"rendered":"\n<p>Nous nous trouvons \u00e0 <b>Alba Adriatica<\/b>, directement sur le front de mer, pour des vacances de d\u00e9tente et de divertissement, dans une position id\u00e9ale pour les promenades et pour rejoindre la <b>plage priv\u00e9e<\/b>, o\u00f9 parasols, transats, wifi, terrain de beach-volley ou encore aire de jeux cl\u00f4tur\u00e9e pour les plus petits et <b>2 piscines<\/b> vous attendent\u00a0!<\/p>\n\n\n\n<p>Nous nous soucions du bien-\u00eatre de toute la famille, c&#8217;est pourquoi vous trouverez \u00e9galement, \u00e0 l&#8217;h\u00f4tel, une <b>piscine <\/b>et des <b>jacuzzis<\/b> parmi les palmiers du jardin.<\/p>\n\n\n\n<p>Nos <b>animations <\/b>impliquent non seulement les enfants, mais \u00e9galement toute la famille, dans des jeux, des tournois sportifs, de l&#8217;aquagym, du stretching et des danses de groupe sur la plage. Pour les plus petits, nous r\u00e9servons notre <b>Mini Club<\/b>, o\u00f9 ils pourront s\u2019amuser entre plage, ateliers, collations, ch\u00e2teaux de sable et baignades dans la piscine\u00a0; tandis qu&#8217;\u00e0 l&#8217;h\u00f4tel, ils disposeront de vastes espaces dans le <b>jardin <\/b>et dans la <b>salle<\/b> pens\u00e9e pour eux avec jeux, livres illustr\u00e9s, salle TV et jeux num\u00e9riques interactifs. Apr\u00e8s le d\u00eener, nous proposons <b>6 soir\u00e9es \u00e0 th\u00e8me par semaine<\/b>, pour toute la famille.<\/p>\n\n\n\n<p>Pour faire du v\u00e9lo sur la piste cyclable l&#8217;apr\u00e8s-midi ou faire des promenades relaxantes le soir, vous trouverez \u00e0 l&#8217;h\u00f4tel des <b>v\u00e9los pour enfants<\/b>, des <b>si\u00e8ges \u00e0 v\u00e9lo <\/b>pour les petits et des <b>poussettes<\/b>. De plus, dans la chambre, il est possible de demander des barri\u00e8res pour lit, table \u00e0 langer, baignoire, tabouret, veilleuse, chauffe-biberon ou encore un pot.<\/p>\n\n\n\n<p>Votre<b> ami \u00e0 4 pattes est le bienvenu chez nous<\/b>\u00a0! \u00c0 votre arriv\u00e9e, vous trouverez dans la chambre une serviette pour la couchette, quelques sachets pour les urgences, des gamelles pour la nourriture et l&#8217;eau et, sur demande et en communiquant au pr\u00e9alable la marque et le type pr\u00e9f\u00e9r\u00e9 de votre animal, vous trouverez \u00e9galement sa nourriture pour la dur\u00e9e du s\u00e9jour.<\/p>\n","protected":false},"excerpt":{"rendered":"<p>Nous nous trouvons \u00e0 Alba Adriatica, directement sur le front de mer, pour des vacances de d\u00e9tente et de divertissement, dans une position id\u00e9ale pour les promenades et pour rejoindre la plage priv\u00e9e, o\u00f9 parasols, transats, wifi, terrain de beach-volley ou encore aire de jeux cl\u00f4tur\u00e9e pour les plus petits et 2 piscines vous attendent\u00a0! &hellip;<\/p>\n","protected":false},"author":55,"featured_media":0,"parent":29729,"menu_order":0,"comment_status":"closed","ping_status":"closed","template":"page-templates\/scheda_hotel.php","meta":{"_acf_changed":false,"inline_featured_image":false,"footnotes":""},"class_list":["post-43272","page","type-page","status-publish","hentry"],"acf":[],"yoast_head":"<!-- This site is optimized with the Yoast SEO plugin v27.1 - https:\/\/yoast.com\/product\/yoast-seo-wordpress\/ -->\n<title>H\u00f4tel Doge 3 \u00e9toiles, Alba Adriatica<\/title>\n<meta name=\"description\" content=\"Envie de vacances en famille\u00a0? D\u00e9couvrez les offres pour familles de l\u2019H\u00f4tel Doge \u00e0 Alba Adriatica\" \/>\n<meta name=\"robots\" content=\"index, follow, max-snippet:-1, max-image-preview:large, max-video-preview:-1\" \/>\n<link rel=\"canonical\" href=\"https:\/\/www.italyfamilyhotels.it\/fr\/hotels\/hotel-doge\" \/>\n<meta property=\"og:locale\" content=\"fr_FR\" \/>\n<meta property=\"og:type\" content=\"article\" \/>\n<meta property=\"og:title\" content=\"H\u00f4tel Doge 3 \u00e9toiles, Alba Adriatica\" \/>\n<meta property=\"og:description\" content=\"Envie de vacances en famille\u00a0? D\u00e9couvrez les offres pour familles de l\u2019H\u00f4tel Doge \u00e0 Alba Adriatica\" \/>\n<meta property=\"og:url\" content=\"https:\/\/www.italyfamilyhotels.it\/fr\/hotels\/hotel-doge\" \/>\n<meta property=\"og:site_name\" content=\"Italy Family Hotels\" \/>\n<meta property=\"article:publisher\" content=\"https:\/\/www.facebook.com\/ItalyFamilyHotels\/\" \/>\n<meta property=\"article:modified_time\" content=\"2023-01-23T12:57:47+00:00\" \/>\n<meta name=\"twitter:card\" content=\"summary_large_image\" \/>\n<meta name=\"twitter:label1\" content=\"Dur\u00e9e de lecture estim\u00e9e\" \/>\n\t<meta name=\"twitter:data1\" content=\"2 minutes\" \/>\n<script type=\"application\/ld+json\" class=\"yoast-schema-graph\">{\"@context\":\"https:\/\/schema.org\",\"@graph\":[{\"@type\":\"WebPage\",\"@id\":\"https:\/\/www.italyfamilyhotels.it\/fr\/hotels\/hotel-doge\",\"url\":\"https:\/\/www.italyfamilyhotels.it\/fr\/hotels\/hotel-doge\",\"name\":\"H\u00f4tel Doge 3 \u00e9toiles, Alba Adriatica\",\"isPartOf\":{\"@id\":\"https:\/\/www.italyfamilyhotels.it\/#website\"},\"datePublished\":\"2023-01-23T12:51:26+00:00\",\"dateModified\":\"2023-01-23T12:57:47+00:00\",\"description\":\"Envie de vacances en famille\u00a0? D\u00e9couvrez les offres pour familles de l\u2019H\u00f4tel Doge \u00e0 Alba Adriatica\",\"breadcrumb\":{\"@id\":\"https:\/\/www.italyfamilyhotels.it\/fr\/hotels\/hotel-doge#breadcrumb\"},\"inLanguage\":\"fr-FR\",\"potentialAction\":[{\"@type\":\"ReadAction\",\"target\":[\"https:\/\/www.italyfamilyhotels.it\/fr\/hotels\/hotel-doge\"]}]},{\"@type\":\"BreadcrumbList\",\"@id\":\"https:\/\/www.italyfamilyhotels.it\/fr\/hotels\/hotel-doge#breadcrumb\",\"itemListElement\":[{\"@type\":\"ListItem\",\"position\":1,\"name\":\"Home\",\"item\":\"https:\/\/www.italyfamilyhotels.it\/fr\"},{\"@type\":\"ListItem\",\"position\":2,\"name\":\"Family Hotels\",\"item\":\"https:\/\/www.italyfamilyhotels.it\/fr\/hotels\"},{\"@type\":\"ListItem\",\"position\":3,\"name\":\"H\u00f4tel Doge\"}]},{\"@type\":\"WebSite\",\"@id\":\"https:\/\/www.italyfamilyhotels.it\/#website\",\"url\":\"https:\/\/www.italyfamilyhotels.it\/\",\"name\":\"Italy Family Hotels\",\"description\":\"\",\"potentialAction\":[{\"@type\":\"SearchAction\",\"target\":{\"@type\":\"EntryPoint\",\"urlTemplate\":\"https:\/\/www.italyfamilyhotels.it\/?s={search_term_string}\"},\"query-input\":{\"@type\":\"PropertyValueSpecification\",\"valueRequired\":true,\"valueName\":\"search_term_string\"}}],\"inLanguage\":\"fr-FR\"}]}<\/script>\n<!-- \/ Yoast SEO plugin. -->","yoast_head_json":{"title":"H\u00f4tel Doge 3 \u00e9toiles, Alba Adriatica","description":"Envie de vacances en famille\u00a0? D\u00e9couvrez les offres pour familles de l\u2019H\u00f4tel Doge \u00e0 Alba Adriatica","robots":{"index":"index","follow":"follow","max-snippet":"max-snippet:-1","max-image-preview":"max-image-preview:large","max-video-preview":"max-video-preview:-1"},"canonical":"https:\/\/www.italyfamilyhotels.it\/fr\/hotels\/hotel-doge","og_locale":"fr_FR","og_type":"article","og_title":"H\u00f4tel Doge 3 \u00e9toiles, Alba Adriatica","og_description":"Envie de vacances en famille\u00a0? D\u00e9couvrez les offres pour familles de l\u2019H\u00f4tel Doge \u00e0 Alba Adriatica","og_url":"https:\/\/www.italyfamilyhotels.it\/fr\/hotels\/hotel-doge","og_site_name":"Italy Family Hotels","article_publisher":"https:\/\/www.facebook.com\/ItalyFamilyHotels\/","article_modified_time":"2023-01-23T12:57:47+00:00","twitter_card":"summary_large_image","twitter_misc":{"Dur\u00e9e de lecture estim\u00e9e":"2 minutes"},"schema":{"@context":"https:\/\/schema.org","@graph":[{"@type":"WebPage","@id":"https:\/\/www.italyfamilyhotels.it\/fr\/hotels\/hotel-doge","url":"https:\/\/www.italyfamilyhotels.it\/fr\/hotels\/hotel-doge","name":"H\u00f4tel Doge 3 \u00e9toiles, Alba Adriatica","isPartOf":{"@id":"https:\/\/www.italyfamilyhotels.it\/#website"},"datePublished":"2023-01-23T12:51:26+00:00","dateModified":"2023-01-23T12:57:47+00:00","description":"Envie de vacances en famille\u00a0? D\u00e9couvrez les offres pour familles de l\u2019H\u00f4tel Doge \u00e0 Alba Adriatica","breadcrumb":{"@id":"https:\/\/www.italyfamilyhotels.it\/fr\/hotels\/hotel-doge#breadcrumb"},"inLanguage":"fr-FR","potentialAction":[{"@type":"ReadAction","target":["https:\/\/www.italyfamilyhotels.it\/fr\/hotels\/hotel-doge"]}]},{"@type":"BreadcrumbList","@id":"https:\/\/www.italyfamilyhotels.it\/fr\/hotels\/hotel-doge#breadcrumb","itemListElement":[{"@type":"ListItem","position":1,"name":"Home","item":"https:\/\/www.italyfamilyhotels.it\/fr"},{"@type":"ListItem","position":2,"name":"Family Hotels","item":"https:\/\/www.italyfamilyhotels.it\/fr\/hotels"},{"@type":"ListItem","position":3,"name":"H\u00f4tel Doge"}]},{"@type":"WebSite","@id":"https:\/\/www.italyfamilyhotels.it\/#website","url":"https:\/\/www.italyfamilyhotels.it\/","name":"Italy Family Hotels","description":"","potentialAction":[{"@type":"SearchAction","target":{"@type":"EntryPoint","urlTemplate":"https:\/\/www.italyfamilyhotels.it\/?s={search_term_string}"},"query-input":{"@type":"PropertyValueSpecification","valueRequired":true,"valueName":"search_term_string"}}],"inLanguage":"fr-FR"}]}},"_links":{"self":[{"href":"https:\/\/www.italyfamilyhotels.it\/fr\/wp-json\/wp\/v2\/pages\/43272","targetHints":{"allow":["GET"]}}],"collection":[{"href":"https:\/\/www.italyfamilyhotels.it\/fr\/wp-json\/wp\/v2\/pages"}],"about":[{"href":"https:\/\/www.italyfamilyhotels.it\/fr\/wp-json\/wp\/v2\/types\/page"}],"author":[{"embeddable":true,"href":"https:\/\/www.italyfamilyhotels.it\/fr\/wp-json\/wp\/v2\/users\/55"}],"replies":[{"embeddable":true,"href":"https:\/\/www.italyfamilyhotels.it\/fr\/wp-json\/wp\/v2\/comments?post=43272"}],"version-history":[{"count":1,"href":"https:\/\/www.italyfamilyhotels.it\/fr\/wp-json\/wp\/v2\/pages\/43272\/revisions"}],"predecessor-version":[{"id":43273,"href":"https:\/\/www.italyfamilyhotels.it\/fr\/wp-json\/wp\/v2\/pages\/43272\/revisions\/43273"}],"up":[{"embeddable":true,"href":"https:\/\/www.italyfamilyhotels.it\/fr\/wp-json\/wp\/v2\/pages\/29729"}],"wp:attachment":[{"href":"https:\/\/www.italyfamilyhotels.it\/fr\/wp-json\/wp\/v2\/media?parent=43272"}],"curies":[{"name":"wp","href":"https:\/\/api.w.org\/{rel}","templated":true}]}}