{"id":43268,"date":"2023-01-23T13:50:55","date_gmt":"2023-01-23T12:50:55","guid":{"rendered":"https:\/\/www.italyfamilyhotels.it\/hotels\/rio-stava-family-resort-spa"},"modified":"2023-01-23T13:57:46","modified_gmt":"2023-01-23T12:57:46","slug":"rio-stava-family-resort-spa","status":"publish","type":"page","link":"https:\/\/www.italyfamilyhotels.it\/fr\/hotels\/rio-stava-family-resort-spa","title":{"rendered":"Rio Stava Family Resort &#038; SPA"},"content":{"rendered":"\n<p>Au <b>R\u00edo Stava Family Resort &amp; SPA<\/b>, laissez-vous conqu\u00e9rir par des vacances pleines d&#8217;\u00e9motions, au c\u0153ur de la nature pr\u00e9serv\u00e9e du <b>Val de Fiemme<\/b>\u00a0! Notre h\u00f4tel est entour\u00e9 d&#8217;un <b>parc de 10 000 m\u00b2<\/b>, o\u00f9 vous pouvez jouer \u00e0 l&#8217;ext\u00e9rieur en toute libert\u00e9 et s\u00e9curit\u00e9 et nager dans le <b>lac biologique<\/b>, entour\u00e9s de la flore alpine.<\/p>\n\n\n\n<p>Si vous aimez vous d\u00e9tendre au bord de la piscine, vous \u00eates au bon endroit, car ici vous trouverez un superbe <b>espace piscine<\/b>\u00a0: une<b> int\u00e9rieure chauff\u00e9e \u00e0 31\u00b0<\/b> et reli\u00e9e au<b> jacuzzi ext\u00e9rieur \u00e0 34\u00b0<\/b>, une charmante <b>Grotte aux tourbillons<\/b> avec de l&#8217;eau \u00e0 35\u00b0, une <b>pataugeoire \u00e0 34\u00b0<\/b> avec champignon d&#8217;eau et toboggan.<\/p>\n\n\n\n<p>Au Rio Stava, nous avons une mission\u00a0: vous faire d\u00e9connecter compl\u00e8tement du quotidien, vous chouchouter et prendre soin de vos enfants <b>\u00e0 partir de 2 ans, avec<\/b> <b>8 heures par jour d&#8217;activit\u00e9s ludiques et \u00e9ducatives<\/b>. Les animateurs s&#8217;occupent des enfants dans le cadre magique du <b>Monde de Salvan\u00e8l<\/b> &#8211; l&#8217;elfe l\u00e9gendaire des Dolomites, qui aime se cacher dans l&#8217;h\u00f4tel et faire des farces aux h\u00f4tes &#8211; avec <b>jeux cr\u00e9atifs et excursions guid\u00e9es<\/b> dans la nature, pour toute la famille.<\/p>\n\n\n\n<p>Chez nous, m\u00eame le <b>bien-\u00eatre au spa<\/b> devient une exp\u00e9rience \u00e0 partager avec les enfants, dans le <b>sauna bio pour familles<\/b> ou avec d\u2019agr\u00e9ables <b>soins bien-\u00eatre pour enfants et adolescents<\/b>. Sinon, vous pouvez les confier aux animateurs et en profiter pour vous octroyer un moment exclusif entre <b>bain turc<\/b>, <b>sauna aux herbes<\/b>, <b>sauna infrarouge<\/b>, <b>sauna panoramique<\/b>, nos <b>salles de d\u00e9tente<\/b> &#8211; lits suspendus, salon avec lits \u00e0 baldaquin, pour inhalations salines &#8211; et <b>soins<\/b>.<\/p>\n\n\n\n<p>Partez l\u00e9ger et sans soucis, avec la s\u00e9curit\u00e9 de <b>trouver ce dont vous avez besoin pour vos enfants<\/b>\u00a0: tout le n\u00e9cessaire pour le sevrage, chaises hautes et couverts b\u00e9b\u00e9, baignoire pour b\u00e9b\u00e9, table \u00e0 langer, pots et r\u00e9ducteurs de toilette, chauffe-biberons, lits d&#8217;enfant avec barri\u00e8res lat\u00e9rales, sacs \u00e0 dos porte-b\u00e9b\u00e9, poussettes de campagne et de marche.<\/p>\n","protected":false},"excerpt":{"rendered":"<p>Au R\u00edo Stava Family Resort &amp; SPA, laissez-vous conqu\u00e9rir par des vacances pleines d&#8217;\u00e9motions, au c\u0153ur de la nature pr\u00e9serv\u00e9e du Val de Fiemme\u00a0! Notre h\u00f4tel est entour\u00e9 d&#8217;un parc de 10 000 m\u00b2, o\u00f9 vous pouvez jouer \u00e0 l&#8217;ext\u00e9rieur en toute libert\u00e9 et s\u00e9curit\u00e9 et nager dans le lac biologique, entour\u00e9s de la flore &hellip;<\/p>\n","protected":false},"author":102,"featured_media":0,"parent":29729,"menu_order":0,"comment_status":"closed","ping_status":"closed","template":"page-templates\/scheda_hotel.php","meta":{"_acf_changed":false,"inline_featured_image":false,"footnotes":""},"class_list":["post-43268","page","type-page","status-publish","hentry"],"acf":[],"yoast_head":"<!-- This site is optimized with the Yoast SEO plugin v27.1 - https:\/\/yoast.com\/product\/yoast-seo-wordpress\/ -->\n<title>Rio Stava Family Resort &amp; SPA 4 \u00e9toiles, Tesero<\/title>\n<meta name=\"description\" content=\"Envie de vacances en famille\u00a0? D\u00e9couvrez les offres pour familles du Rio Stava Family Resort &amp; SPA \u00e0 Tesero\" \/>\n<meta name=\"robots\" content=\"index, follow, max-snippet:-1, max-image-preview:large, max-video-preview:-1\" \/>\n<link rel=\"canonical\" href=\"https:\/\/www.italyfamilyhotels.it\/fr\/hotels\/rio-stava-family-resort-spa\" \/>\n<meta property=\"og:locale\" content=\"fr_FR\" \/>\n<meta property=\"og:type\" content=\"article\" \/>\n<meta property=\"og:title\" content=\"Rio Stava Family Resort &amp; SPA 4 \u00e9toiles, Tesero\" \/>\n<meta property=\"og:description\" content=\"Envie de vacances en famille\u00a0? D\u00e9couvrez les offres pour familles du Rio Stava Family Resort &amp; SPA \u00e0 Tesero\" \/>\n<meta property=\"og:url\" content=\"https:\/\/www.italyfamilyhotels.it\/fr\/hotels\/rio-stava-family-resort-spa\" \/>\n<meta property=\"og:site_name\" content=\"Italy Family Hotels\" \/>\n<meta property=\"article:publisher\" content=\"https:\/\/www.facebook.com\/ItalyFamilyHotels\/\" \/>\n<meta property=\"article:modified_time\" content=\"2023-01-23T12:57:46+00:00\" \/>\n<meta name=\"twitter:card\" content=\"summary_large_image\" \/>\n<meta name=\"twitter:label1\" content=\"Dur\u00e9e de lecture estim\u00e9e\" \/>\n\t<meta name=\"twitter:data1\" content=\"2 minutes\" \/>\n<script type=\"application\/ld+json\" class=\"yoast-schema-graph\">{\"@context\":\"https:\/\/schema.org\",\"@graph\":[{\"@type\":\"WebPage\",\"@id\":\"https:\/\/www.italyfamilyhotels.it\/fr\/hotels\/rio-stava-family-resort-spa\",\"url\":\"https:\/\/www.italyfamilyhotels.it\/fr\/hotels\/rio-stava-family-resort-spa\",\"name\":\"Rio Stava Family Resort & SPA 4 \u00e9toiles, Tesero\",\"isPartOf\":{\"@id\":\"https:\/\/www.italyfamilyhotels.it\/#website\"},\"datePublished\":\"2023-01-23T12:50:55+00:00\",\"dateModified\":\"2023-01-23T12:57:46+00:00\",\"description\":\"Envie de vacances en famille\u00a0? D\u00e9couvrez les offres pour familles du Rio Stava Family Resort & SPA \u00e0 Tesero\",\"breadcrumb\":{\"@id\":\"https:\/\/www.italyfamilyhotels.it\/fr\/hotels\/rio-stava-family-resort-spa#breadcrumb\"},\"inLanguage\":\"fr-FR\",\"potentialAction\":[{\"@type\":\"ReadAction\",\"target\":[\"https:\/\/www.italyfamilyhotels.it\/fr\/hotels\/rio-stava-family-resort-spa\"]}]},{\"@type\":\"BreadcrumbList\",\"@id\":\"https:\/\/www.italyfamilyhotels.it\/fr\/hotels\/rio-stava-family-resort-spa#breadcrumb\",\"itemListElement\":[{\"@type\":\"ListItem\",\"position\":1,\"name\":\"Home\",\"item\":\"https:\/\/www.italyfamilyhotels.it\/fr\"},{\"@type\":\"ListItem\",\"position\":2,\"name\":\"Family Hotels\",\"item\":\"https:\/\/www.italyfamilyhotels.it\/fr\/hotels\"},{\"@type\":\"ListItem\",\"position\":3,\"name\":\"Rio Stava Family Resort &#038; SPA\"}]},{\"@type\":\"WebSite\",\"@id\":\"https:\/\/www.italyfamilyhotels.it\/#website\",\"url\":\"https:\/\/www.italyfamilyhotels.it\/\",\"name\":\"Italy Family Hotels\",\"description\":\"\",\"potentialAction\":[{\"@type\":\"SearchAction\",\"target\":{\"@type\":\"EntryPoint\",\"urlTemplate\":\"https:\/\/www.italyfamilyhotels.it\/?s={search_term_string}\"},\"query-input\":{\"@type\":\"PropertyValueSpecification\",\"valueRequired\":true,\"valueName\":\"search_term_string\"}}],\"inLanguage\":\"fr-FR\"}]}<\/script>\n<!-- \/ Yoast SEO plugin. -->","yoast_head_json":{"title":"Rio Stava Family Resort & SPA 4 \u00e9toiles, Tesero","description":"Envie de vacances en famille\u00a0? D\u00e9couvrez les offres pour familles du Rio Stava Family Resort & SPA \u00e0 Tesero","robots":{"index":"index","follow":"follow","max-snippet":"max-snippet:-1","max-image-preview":"max-image-preview:large","max-video-preview":"max-video-preview:-1"},"canonical":"https:\/\/www.italyfamilyhotels.it\/fr\/hotels\/rio-stava-family-resort-spa","og_locale":"fr_FR","og_type":"article","og_title":"Rio Stava Family Resort & SPA 4 \u00e9toiles, Tesero","og_description":"Envie de vacances en famille\u00a0? D\u00e9couvrez les offres pour familles du Rio Stava Family Resort & SPA \u00e0 Tesero","og_url":"https:\/\/www.italyfamilyhotels.it\/fr\/hotels\/rio-stava-family-resort-spa","og_site_name":"Italy Family Hotels","article_publisher":"https:\/\/www.facebook.com\/ItalyFamilyHotels\/","article_modified_time":"2023-01-23T12:57:46+00:00","twitter_card":"summary_large_image","twitter_misc":{"Dur\u00e9e de lecture estim\u00e9e":"2 minutes"},"schema":{"@context":"https:\/\/schema.org","@graph":[{"@type":"WebPage","@id":"https:\/\/www.italyfamilyhotels.it\/fr\/hotels\/rio-stava-family-resort-spa","url":"https:\/\/www.italyfamilyhotels.it\/fr\/hotels\/rio-stava-family-resort-spa","name":"Rio Stava Family Resort & SPA 4 \u00e9toiles, Tesero","isPartOf":{"@id":"https:\/\/www.italyfamilyhotels.it\/#website"},"datePublished":"2023-01-23T12:50:55+00:00","dateModified":"2023-01-23T12:57:46+00:00","description":"Envie de vacances en famille\u00a0? D\u00e9couvrez les offres pour familles du Rio Stava Family Resort & SPA \u00e0 Tesero","breadcrumb":{"@id":"https:\/\/www.italyfamilyhotels.it\/fr\/hotels\/rio-stava-family-resort-spa#breadcrumb"},"inLanguage":"fr-FR","potentialAction":[{"@type":"ReadAction","target":["https:\/\/www.italyfamilyhotels.it\/fr\/hotels\/rio-stava-family-resort-spa"]}]},{"@type":"BreadcrumbList","@id":"https:\/\/www.italyfamilyhotels.it\/fr\/hotels\/rio-stava-family-resort-spa#breadcrumb","itemListElement":[{"@type":"ListItem","position":1,"name":"Home","item":"https:\/\/www.italyfamilyhotels.it\/fr"},{"@type":"ListItem","position":2,"name":"Family Hotels","item":"https:\/\/www.italyfamilyhotels.it\/fr\/hotels"},{"@type":"ListItem","position":3,"name":"Rio Stava Family Resort &#038; SPA"}]},{"@type":"WebSite","@id":"https:\/\/www.italyfamilyhotels.it\/#website","url":"https:\/\/www.italyfamilyhotels.it\/","name":"Italy Family Hotels","description":"","potentialAction":[{"@type":"SearchAction","target":{"@type":"EntryPoint","urlTemplate":"https:\/\/www.italyfamilyhotels.it\/?s={search_term_string}"},"query-input":{"@type":"PropertyValueSpecification","valueRequired":true,"valueName":"search_term_string"}}],"inLanguage":"fr-FR"}]}},"_links":{"self":[{"href":"https:\/\/www.italyfamilyhotels.it\/fr\/wp-json\/wp\/v2\/pages\/43268","targetHints":{"allow":["GET"]}}],"collection":[{"href":"https:\/\/www.italyfamilyhotels.it\/fr\/wp-json\/wp\/v2\/pages"}],"about":[{"href":"https:\/\/www.italyfamilyhotels.it\/fr\/wp-json\/wp\/v2\/types\/page"}],"author":[{"embeddable":true,"href":"https:\/\/www.italyfamilyhotels.it\/fr\/wp-json\/wp\/v2\/users\/102"}],"replies":[{"embeddable":true,"href":"https:\/\/www.italyfamilyhotels.it\/fr\/wp-json\/wp\/v2\/comments?post=43268"}],"version-history":[{"count":1,"href":"https:\/\/www.italyfamilyhotels.it\/fr\/wp-json\/wp\/v2\/pages\/43268\/revisions"}],"predecessor-version":[{"id":43269,"href":"https:\/\/www.italyfamilyhotels.it\/fr\/wp-json\/wp\/v2\/pages\/43268\/revisions\/43269"}],"up":[{"embeddable":true,"href":"https:\/\/www.italyfamilyhotels.it\/fr\/wp-json\/wp\/v2\/pages\/29729"}],"wp:attachment":[{"href":"https:\/\/www.italyfamilyhotels.it\/fr\/wp-json\/wp\/v2\/media?parent=43268"}],"curies":[{"name":"wp","href":"https:\/\/api.w.org\/{rel}","templated":true}]}}