{"id":43266,"date":"2023-01-23T13:50:41","date_gmt":"2023-01-23T12:50:41","guid":{"rendered":"https:\/\/www.italyfamilyhotels.it\/hotels\/park-hotel-terme-michelangelo"},"modified":"2024-11-28T10:22:43","modified_gmt":"2024-11-28T09:22:43","slug":"michelangelo-family-amp-spa-resort-isola-dischia","status":"publish","type":"page","link":"https:\/\/www.italyfamilyhotels.it\/fr\/hotels\/michelangelo-family-amp-spa-resort-isola-dischia","title":{"rendered":"Michelangelo Family &amp; Spa Resort"},"content":{"rendered":"\n<p>Temple de bien-\u00eatre et de charme, avec un centre de beaut\u00e9 thermal des plus modernes et mieux \u00e9quip\u00e9 de l&#8217;\u00eele d&#8217;Ischia, le <b>Michelangelo Family &amp; Spa Resort<\/b> est un pari gagn\u00e9 sur l&#8217;exclusivit\u00e9 d&#8217;un nouveau concept de vacances en famille, qui allie <b>le luxe<\/b>, <b>le bien-\u00eatre <\/b>et <b>le divertissement<\/b>. Parfaitement int\u00e9gr\u00e9 dans le paysage naturel de Lacco Ameno, l&#8217;h\u00f4tel est une <b>immense aire de jeux pour enfants<\/b>, assist\u00e9s quotidiennement par une<b> \u00e9quipe d\u2019animation pr\u00e9par\u00e9e <\/b>pour \u00e9touffer l&#8217;ennui et colorer chaque minute de joie et de cr\u00e9ativit\u00e9, tandis que les parents se d\u00e9tendent sur la <b>plage priv\u00e9e<\/b>, dans l&#8217;atmosph\u00e8re raffin\u00e9e d&#8217;une villa surplombant la mer, porte-parole de la tradition de l&#8217;hospitalit\u00e9 de la Campanie.<\/p>\n\n\n\n<p>L&#8217;H\u00f4tel Michelangelo est une oasis de paix, \u00ab&nbsp;une \u00eele dans l&#8217;\u00eele&nbsp;\u00bb, o\u00f9 vous pourrez vous d\u00e9tendre en famille, loin du chaos.<\/p>\n\n\n\n<p><\/p>\n","protected":false},"excerpt":{"rendered":"<p>Temple de bien-\u00eatre et de charme, avec un centre de beaut\u00e9 thermal des plus modernes et mieux \u00e9quip\u00e9 de l&#8217;\u00eele d&#8217;Ischia, le Michelangelo Family &amp; Spa Resort est un pari gagn\u00e9 sur l&#8217;exclusivit\u00e9 d&#8217;un nouveau concept de vacances en famille, qui allie le luxe, le bien-\u00eatre et le divertissement. Parfaitement int\u00e9gr\u00e9 dans le paysage naturel &hellip;<\/p>\n","protected":false},"author":98,"featured_media":0,"parent":29729,"menu_order":0,"comment_status":"closed","ping_status":"closed","template":"page-templates\/scheda_hotel.php","meta":{"_acf_changed":false,"inline_featured_image":false,"footnotes":""},"class_list":["post-43266","page","type-page","status-publish","hentry"],"acf":[],"yoast_head":"<!-- This site is optimized with the Yoast SEO plugin v27.1 - https:\/\/yoast.com\/product\/yoast-seo-wordpress\/ -->\n<title>Michelangelo Family &amp; Spa Resort 4 \u00e9toiles, \u00cele d&#039;Ischia<\/title>\n<meta name=\"description\" content=\"Envie de vacances en famille ? D\u00e9couvrez les offres pour familles du Michelangelo Family &amp; Spa Resort sur l\u2019\u00cele d&#039;Ischia\" \/>\n<meta name=\"robots\" content=\"index, follow, max-snippet:-1, max-image-preview:large, max-video-preview:-1\" \/>\n<link rel=\"canonical\" href=\"https:\/\/www.italyfamilyhotels.it\/fr\/hotels\/michelangelo-family-amp-spa-resort-isola-dischia\" \/>\n<meta property=\"og:locale\" content=\"fr_FR\" \/>\n<meta property=\"og:type\" content=\"article\" \/>\n<meta property=\"og:title\" content=\"Michelangelo Family &amp; Spa Resort 4 \u00e9toiles, \u00cele d&#039;Ischia\" \/>\n<meta property=\"og:description\" content=\"Envie de vacances en famille ? D\u00e9couvrez les offres pour familles du Michelangelo Family &amp; Spa Resort sur l\u2019\u00cele d&#039;Ischia\" \/>\n<meta property=\"og:url\" content=\"https:\/\/www.italyfamilyhotels.it\/fr\/hotels\/michelangelo-family-amp-spa-resort-isola-dischia\" \/>\n<meta property=\"og:site_name\" content=\"Italy Family Hotels\" \/>\n<meta property=\"article:publisher\" content=\"https:\/\/www.facebook.com\/ItalyFamilyHotels\/\" \/>\n<meta property=\"article:modified_time\" content=\"2024-11-28T09:22:43+00:00\" \/>\n<meta name=\"twitter:card\" content=\"summary_large_image\" \/>\n<meta name=\"twitter:label1\" content=\"Dur\u00e9e de lecture estim\u00e9e\" \/>\n\t<meta name=\"twitter:data1\" content=\"1 minute\" \/>\n<script type=\"application\/ld+json\" class=\"yoast-schema-graph\">{\"@context\":\"https:\/\/schema.org\",\"@graph\":[{\"@type\":\"WebPage\",\"@id\":\"https:\/\/www.italyfamilyhotels.it\/fr\/hotels\/michelangelo-family-amp-spa-resort-isola-dischia\",\"url\":\"https:\/\/www.italyfamilyhotels.it\/fr\/hotels\/michelangelo-family-amp-spa-resort-isola-dischia\",\"name\":\"Michelangelo Family & Spa Resort 4 \u00e9toiles, \u00cele d'Ischia\",\"isPartOf\":{\"@id\":\"https:\/\/www.italyfamilyhotels.it\/#website\"},\"datePublished\":\"2023-01-23T12:50:41+00:00\",\"dateModified\":\"2024-11-28T09:22:43+00:00\",\"description\":\"Envie de vacances en famille ? D\u00e9couvrez les offres pour familles du Michelangelo Family & Spa Resort sur l\u2019\u00cele d'Ischia\",\"breadcrumb\":{\"@id\":\"https:\/\/www.italyfamilyhotels.it\/fr\/hotels\/michelangelo-family-amp-spa-resort-isola-dischia#breadcrumb\"},\"inLanguage\":\"fr-FR\",\"potentialAction\":[{\"@type\":\"ReadAction\",\"target\":[\"https:\/\/www.italyfamilyhotels.it\/fr\/hotels\/michelangelo-family-amp-spa-resort-isola-dischia\"]}]},{\"@type\":\"BreadcrumbList\",\"@id\":\"https:\/\/www.italyfamilyhotels.it\/fr\/hotels\/michelangelo-family-amp-spa-resort-isola-dischia#breadcrumb\",\"itemListElement\":[{\"@type\":\"ListItem\",\"position\":1,\"name\":\"Home\",\"item\":\"https:\/\/www.italyfamilyhotels.it\/fr\"},{\"@type\":\"ListItem\",\"position\":2,\"name\":\"Family Hotels\",\"item\":\"https:\/\/www.italyfamilyhotels.it\/fr\/hotels\"},{\"@type\":\"ListItem\",\"position\":3,\"name\":\"Michelangelo Family &amp; Spa Resort\"}]},{\"@type\":\"WebSite\",\"@id\":\"https:\/\/www.italyfamilyhotels.it\/#website\",\"url\":\"https:\/\/www.italyfamilyhotels.it\/\",\"name\":\"Italy Family Hotels\",\"description\":\"\",\"potentialAction\":[{\"@type\":\"SearchAction\",\"target\":{\"@type\":\"EntryPoint\",\"urlTemplate\":\"https:\/\/www.italyfamilyhotels.it\/?s={search_term_string}\"},\"query-input\":{\"@type\":\"PropertyValueSpecification\",\"valueRequired\":true,\"valueName\":\"search_term_string\"}}],\"inLanguage\":\"fr-FR\"}]}<\/script>\n<!-- \/ Yoast SEO plugin. -->","yoast_head_json":{"title":"Michelangelo Family & Spa Resort 4 \u00e9toiles, \u00cele d'Ischia","description":"Envie de vacances en famille ? D\u00e9couvrez les offres pour familles du Michelangelo Family & Spa Resort sur l\u2019\u00cele d'Ischia","robots":{"index":"index","follow":"follow","max-snippet":"max-snippet:-1","max-image-preview":"max-image-preview:large","max-video-preview":"max-video-preview:-1"},"canonical":"https:\/\/www.italyfamilyhotels.it\/fr\/hotels\/michelangelo-family-amp-spa-resort-isola-dischia","og_locale":"fr_FR","og_type":"article","og_title":"Michelangelo Family & Spa Resort 4 \u00e9toiles, \u00cele d'Ischia","og_description":"Envie de vacances en famille ? D\u00e9couvrez les offres pour familles du Michelangelo Family & Spa Resort sur l\u2019\u00cele d'Ischia","og_url":"https:\/\/www.italyfamilyhotels.it\/fr\/hotels\/michelangelo-family-amp-spa-resort-isola-dischia","og_site_name":"Italy Family Hotels","article_publisher":"https:\/\/www.facebook.com\/ItalyFamilyHotels\/","article_modified_time":"2024-11-28T09:22:43+00:00","twitter_card":"summary_large_image","twitter_misc":{"Dur\u00e9e de lecture estim\u00e9e":"1 minute"},"schema":{"@context":"https:\/\/schema.org","@graph":[{"@type":"WebPage","@id":"https:\/\/www.italyfamilyhotels.it\/fr\/hotels\/michelangelo-family-amp-spa-resort-isola-dischia","url":"https:\/\/www.italyfamilyhotels.it\/fr\/hotels\/michelangelo-family-amp-spa-resort-isola-dischia","name":"Michelangelo Family & Spa Resort 4 \u00e9toiles, \u00cele d'Ischia","isPartOf":{"@id":"https:\/\/www.italyfamilyhotels.it\/#website"},"datePublished":"2023-01-23T12:50:41+00:00","dateModified":"2024-11-28T09:22:43+00:00","description":"Envie de vacances en famille ? D\u00e9couvrez les offres pour familles du Michelangelo Family & Spa Resort sur l\u2019\u00cele d'Ischia","breadcrumb":{"@id":"https:\/\/www.italyfamilyhotels.it\/fr\/hotels\/michelangelo-family-amp-spa-resort-isola-dischia#breadcrumb"},"inLanguage":"fr-FR","potentialAction":[{"@type":"ReadAction","target":["https:\/\/www.italyfamilyhotels.it\/fr\/hotels\/michelangelo-family-amp-spa-resort-isola-dischia"]}]},{"@type":"BreadcrumbList","@id":"https:\/\/www.italyfamilyhotels.it\/fr\/hotels\/michelangelo-family-amp-spa-resort-isola-dischia#breadcrumb","itemListElement":[{"@type":"ListItem","position":1,"name":"Home","item":"https:\/\/www.italyfamilyhotels.it\/fr"},{"@type":"ListItem","position":2,"name":"Family Hotels","item":"https:\/\/www.italyfamilyhotels.it\/fr\/hotels"},{"@type":"ListItem","position":3,"name":"Michelangelo Family &amp; Spa Resort"}]},{"@type":"WebSite","@id":"https:\/\/www.italyfamilyhotels.it\/#website","url":"https:\/\/www.italyfamilyhotels.it\/","name":"Italy Family Hotels","description":"","potentialAction":[{"@type":"SearchAction","target":{"@type":"EntryPoint","urlTemplate":"https:\/\/www.italyfamilyhotels.it\/?s={search_term_string}"},"query-input":{"@type":"PropertyValueSpecification","valueRequired":true,"valueName":"search_term_string"}}],"inLanguage":"fr-FR"}]}},"_links":{"self":[{"href":"https:\/\/www.italyfamilyhotels.it\/fr\/wp-json\/wp\/v2\/pages\/43266","targetHints":{"allow":["GET"]}}],"collection":[{"href":"https:\/\/www.italyfamilyhotels.it\/fr\/wp-json\/wp\/v2\/pages"}],"about":[{"href":"https:\/\/www.italyfamilyhotels.it\/fr\/wp-json\/wp\/v2\/types\/page"}],"author":[{"embeddable":true,"href":"https:\/\/www.italyfamilyhotels.it\/fr\/wp-json\/wp\/v2\/users\/98"}],"replies":[{"embeddable":true,"href":"https:\/\/www.italyfamilyhotels.it\/fr\/wp-json\/wp\/v2\/comments?post=43266"}],"version-history":[{"count":6,"href":"https:\/\/www.italyfamilyhotels.it\/fr\/wp-json\/wp\/v2\/pages\/43266\/revisions"}],"predecessor-version":[{"id":62485,"href":"https:\/\/www.italyfamilyhotels.it\/fr\/wp-json\/wp\/v2\/pages\/43266\/revisions\/62485"}],"up":[{"embeddable":true,"href":"https:\/\/www.italyfamilyhotels.it\/fr\/wp-json\/wp\/v2\/pages\/29729"}],"wp:attachment":[{"href":"https:\/\/www.italyfamilyhotels.it\/fr\/wp-json\/wp\/v2\/media?parent=43266"}],"curies":[{"name":"wp","href":"https:\/\/api.w.org\/{rel}","templated":true}]}}