{"id":43262,"date":"2023-01-23T13:49:56","date_gmt":"2023-01-23T12:49:56","guid":{"rendered":"https:\/\/www.italyfamilyhotels.it\/hotels\/residence-hotel-eden-family-wellness-resort"},"modified":"2026-01-27T11:28:52","modified_gmt":"2026-01-27T10:28:52","slug":"hotel-eden-mountain-lifestyle","status":"publish","type":"page","link":"https:\/\/www.italyfamilyhotels.it\/fr\/hotels\/hotel-eden-mountain-lifestyle","title":{"rendered":"H\u00f4tel Eden &#8211; Mountain Lifestyle"},"content":{"rendered":"\n<p>Sorties en chalet avec la chenillette, balades en raquettes, d\u00e9gustation de polenta au pied de Castel Belfort, excursions \u00e0 la d\u00e9couverte des ours et des abeilles, visites \u00e0 la ferme p\u00e9dagogique, bien-\u00eatre au centre thermal, toujours entour\u00e9s des merveilleux paysages du <b>Parc Adamello Brenta<\/b> et du <b>Domaine skiable de Paganella<\/b>\u2026 Il convient de dire que des vacances ici, \u00e0 la <b>H\u00f4tel Eden &#8211; Mountain Lifestyle<\/b>, est un m\u00e9lange de d\u00e9tente et d&#8217;exp\u00e9riences fantastiques, id\u00e9ales pour toutes les familles\u00a0!<\/p>\n\n\n\n<p>Outre les nombreuses possibilit\u00e9s d&#8217;explorer la nature \u00e0 travers un<b> programme d&#8217;excursions quotidiennes<\/b>, \u00e0 l&#8217;h\u00f4tel, nous nous occupons de nos <b>petits h\u00f4tes <\/b>(d\u00e8s 1 an&nbsp;!) avec des <b>activit\u00e9s et des ateliers<\/b> r\u00e9partis par tranches d&#8217;\u00e2ge, et qui se d\u00e9roulent dans des <b>salles sp\u00e9cialement \u00e9quip\u00e9es<\/b>. Tout autour de nous, vous trouverez un beau <b>jardin<\/b>, qui permet de profiter des beaux jours pour jouer et s&#8217;amuser en plein air, entre la magie du <b>ch\u00e2teau de sorci\u00e8re<\/b>, la <b>petite maison sous l&#8217;arbre<\/b> et le <b>bac \u00e0 sable<\/b>. Les plus grands se verront d\u00e9dier la <b>salle Street Art <\/b>avec des jeux interactifs, du football, du air hockey et des coins moelleux.<\/p>\n\n\n\n<p>Notre centre thermal <b>Eden Spa<\/b> est un lieu accueillant et relaxant pour le bien-\u00eatre de maman et papa. \u00c0 l&#8217;int\u00e9rieur, vous pourrez r\u00e9g\u00e9n\u00e9rez le corps et l&#8217;esprit avec <b>sauna finlandais<\/b>, <b>soft sauna<\/b>, <b>hammam aux ar\u00f4mes<\/b>, <b>cabine de glace<\/b>, <b>douche<\/b>,<b> temp\u00eate de froid<\/b>, <b>brouillard froid<\/b>, <b>repos au sel de l&#8217;Himalaya<\/b> et <b>salle de relaxation<\/b> en zone humide.<\/p>\n\n\n\n<p>Dans les <b>chambres<\/b>, con\u00e7ues sp\u00e9cifiquement pour les familles, vous trouverez tout ce dont vous avez besoin pour passer des vacances sans soucis et vous permettre de voyager l\u00e9ger. Si, au contraire, vous pr\u00e9f\u00e9rez des vacances en toute libert\u00e9, nos <b>appartements <\/b>sont la solution qu\u2019il vous faut&nbsp;!<\/p>\n","protected":false},"excerpt":{"rendered":"<p>Sorties en chalet avec la chenillette, balades en raquettes, d\u00e9gustation de polenta au pied de Castel Belfort, excursions \u00e0 la d\u00e9couverte des ours et des abeilles, visites \u00e0 la ferme p\u00e9dagogique, bien-\u00eatre au centre thermal, toujours entour\u00e9s des merveilleux paysages du Parc Adamello Brenta et du Domaine skiable de Paganella\u2026 Il convient de dire que &hellip;<\/p>\n","protected":false},"author":101,"featured_media":0,"parent":29729,"menu_order":0,"comment_status":"closed","ping_status":"closed","template":"page-templates\/scheda_hotel.php","meta":{"_acf_changed":false,"inline_featured_image":false,"footnotes":""},"class_list":["post-43262","page","type-page","status-publish","hentry"],"acf":[],"yoast_head":"<!-- This site is optimized with the Yoast SEO plugin v27.1 - https:\/\/yoast.com\/product\/yoast-seo-wordpress\/ -->\n<title>H\u00f4tel Eden - Mountain Lifestyle 3*S \u00e0 Andalo<\/title>\n<meta name=\"description\" content=\"Envie de vacances en famille\u00a0? D\u00e9couvrez les offres pour familles de la H\u00f4tel Eden - Mountain Lifestyle \u00e0 Andalo\" \/>\n<meta name=\"robots\" content=\"index, follow, max-snippet:-1, max-image-preview:large, max-video-preview:-1\" \/>\n<link rel=\"canonical\" href=\"https:\/\/www.italyfamilyhotels.it\/fr\/hotels\/hotel-eden-mountain-lifestyle\" \/>\n<meta property=\"og:locale\" content=\"fr_FR\" \/>\n<meta property=\"og:type\" content=\"article\" \/>\n<meta property=\"og:title\" content=\"H\u00f4tel Eden - Mountain Lifestyle 3*S \u00e0 Andalo\" \/>\n<meta property=\"og:description\" content=\"Envie de vacances en famille\u00a0? D\u00e9couvrez les offres pour familles de la H\u00f4tel Eden - Mountain Lifestyle \u00e0 Andalo\" \/>\n<meta property=\"og:url\" content=\"https:\/\/www.italyfamilyhotels.it\/fr\/hotels\/hotel-eden-mountain-lifestyle\" \/>\n<meta property=\"og:site_name\" content=\"Italy Family Hotels\" \/>\n<meta property=\"article:publisher\" content=\"https:\/\/www.facebook.com\/ItalyFamilyHotels\/\" \/>\n<meta property=\"article:modified_time\" content=\"2026-01-27T10:28:52+00:00\" \/>\n<meta name=\"twitter:card\" content=\"summary_large_image\" \/>\n<meta name=\"twitter:label1\" content=\"Dur\u00e9e de lecture estim\u00e9e\" \/>\n\t<meta name=\"twitter:data1\" content=\"2 minutes\" \/>\n<script type=\"application\/ld+json\" class=\"yoast-schema-graph\">{\"@context\":\"https:\/\/schema.org\",\"@graph\":[{\"@type\":\"WebPage\",\"@id\":\"https:\/\/www.italyfamilyhotels.it\/fr\/hotels\/hotel-eden-mountain-lifestyle\",\"url\":\"https:\/\/www.italyfamilyhotels.it\/fr\/hotels\/hotel-eden-mountain-lifestyle\",\"name\":\"H\u00f4tel Eden - Mountain Lifestyle 3*S \u00e0 Andalo\",\"isPartOf\":{\"@id\":\"https:\/\/www.italyfamilyhotels.it\/#website\"},\"datePublished\":\"2023-01-23T12:49:56+00:00\",\"dateModified\":\"2026-01-27T10:28:52+00:00\",\"description\":\"Envie de vacances en famille\u00a0? D\u00e9couvrez les offres pour familles de la H\u00f4tel Eden - Mountain Lifestyle \u00e0 Andalo\",\"breadcrumb\":{\"@id\":\"https:\/\/www.italyfamilyhotels.it\/fr\/hotels\/hotel-eden-mountain-lifestyle#breadcrumb\"},\"inLanguage\":\"fr-FR\",\"potentialAction\":[{\"@type\":\"ReadAction\",\"target\":[\"https:\/\/www.italyfamilyhotels.it\/fr\/hotels\/hotel-eden-mountain-lifestyle\"]}]},{\"@type\":\"BreadcrumbList\",\"@id\":\"https:\/\/www.italyfamilyhotels.it\/fr\/hotels\/hotel-eden-mountain-lifestyle#breadcrumb\",\"itemListElement\":[{\"@type\":\"ListItem\",\"position\":1,\"name\":\"Home\",\"item\":\"https:\/\/www.italyfamilyhotels.it\/fr\"},{\"@type\":\"ListItem\",\"position\":2,\"name\":\"Family Hotels\",\"item\":\"https:\/\/www.italyfamilyhotels.it\/fr\/hotels\"},{\"@type\":\"ListItem\",\"position\":3,\"name\":\"H\u00f4tel Eden &#8211; Mountain Lifestyle\"}]},{\"@type\":\"WebSite\",\"@id\":\"https:\/\/www.italyfamilyhotels.it\/#website\",\"url\":\"https:\/\/www.italyfamilyhotels.it\/\",\"name\":\"Italy Family Hotels\",\"description\":\"\",\"potentialAction\":[{\"@type\":\"SearchAction\",\"target\":{\"@type\":\"EntryPoint\",\"urlTemplate\":\"https:\/\/www.italyfamilyhotels.it\/?s={search_term_string}\"},\"query-input\":{\"@type\":\"PropertyValueSpecification\",\"valueRequired\":true,\"valueName\":\"search_term_string\"}}],\"inLanguage\":\"fr-FR\"}]}<\/script>\n<!-- \/ Yoast SEO plugin. -->","yoast_head_json":{"title":"H\u00f4tel Eden - Mountain Lifestyle 3*S \u00e0 Andalo","description":"Envie de vacances en famille\u00a0? D\u00e9couvrez les offres pour familles de la H\u00f4tel Eden - Mountain Lifestyle \u00e0 Andalo","robots":{"index":"index","follow":"follow","max-snippet":"max-snippet:-1","max-image-preview":"max-image-preview:large","max-video-preview":"max-video-preview:-1"},"canonical":"https:\/\/www.italyfamilyhotels.it\/fr\/hotels\/hotel-eden-mountain-lifestyle","og_locale":"fr_FR","og_type":"article","og_title":"H\u00f4tel Eden - Mountain Lifestyle 3*S \u00e0 Andalo","og_description":"Envie de vacances en famille\u00a0? D\u00e9couvrez les offres pour familles de la H\u00f4tel Eden - Mountain Lifestyle \u00e0 Andalo","og_url":"https:\/\/www.italyfamilyhotels.it\/fr\/hotels\/hotel-eden-mountain-lifestyle","og_site_name":"Italy Family Hotels","article_publisher":"https:\/\/www.facebook.com\/ItalyFamilyHotels\/","article_modified_time":"2026-01-27T10:28:52+00:00","twitter_card":"summary_large_image","twitter_misc":{"Dur\u00e9e de lecture estim\u00e9e":"2 minutes"},"schema":{"@context":"https:\/\/schema.org","@graph":[{"@type":"WebPage","@id":"https:\/\/www.italyfamilyhotels.it\/fr\/hotels\/hotel-eden-mountain-lifestyle","url":"https:\/\/www.italyfamilyhotels.it\/fr\/hotels\/hotel-eden-mountain-lifestyle","name":"H\u00f4tel Eden - Mountain Lifestyle 3*S \u00e0 Andalo","isPartOf":{"@id":"https:\/\/www.italyfamilyhotels.it\/#website"},"datePublished":"2023-01-23T12:49:56+00:00","dateModified":"2026-01-27T10:28:52+00:00","description":"Envie de vacances en famille\u00a0? D\u00e9couvrez les offres pour familles de la H\u00f4tel Eden - Mountain Lifestyle \u00e0 Andalo","breadcrumb":{"@id":"https:\/\/www.italyfamilyhotels.it\/fr\/hotels\/hotel-eden-mountain-lifestyle#breadcrumb"},"inLanguage":"fr-FR","potentialAction":[{"@type":"ReadAction","target":["https:\/\/www.italyfamilyhotels.it\/fr\/hotels\/hotel-eden-mountain-lifestyle"]}]},{"@type":"BreadcrumbList","@id":"https:\/\/www.italyfamilyhotels.it\/fr\/hotels\/hotel-eden-mountain-lifestyle#breadcrumb","itemListElement":[{"@type":"ListItem","position":1,"name":"Home","item":"https:\/\/www.italyfamilyhotels.it\/fr"},{"@type":"ListItem","position":2,"name":"Family Hotels","item":"https:\/\/www.italyfamilyhotels.it\/fr\/hotels"},{"@type":"ListItem","position":3,"name":"H\u00f4tel Eden &#8211; Mountain Lifestyle"}]},{"@type":"WebSite","@id":"https:\/\/www.italyfamilyhotels.it\/#website","url":"https:\/\/www.italyfamilyhotels.it\/","name":"Italy Family Hotels","description":"","potentialAction":[{"@type":"SearchAction","target":{"@type":"EntryPoint","urlTemplate":"https:\/\/www.italyfamilyhotels.it\/?s={search_term_string}"},"query-input":{"@type":"PropertyValueSpecification","valueRequired":true,"valueName":"search_term_string"}}],"inLanguage":"fr-FR"}]}},"_links":{"self":[{"href":"https:\/\/www.italyfamilyhotels.it\/fr\/wp-json\/wp\/v2\/pages\/43262","targetHints":{"allow":["GET"]}}],"collection":[{"href":"https:\/\/www.italyfamilyhotels.it\/fr\/wp-json\/wp\/v2\/pages"}],"about":[{"href":"https:\/\/www.italyfamilyhotels.it\/fr\/wp-json\/wp\/v2\/types\/page"}],"author":[{"embeddable":true,"href":"https:\/\/www.italyfamilyhotels.it\/fr\/wp-json\/wp\/v2\/users\/101"}],"replies":[{"embeddable":true,"href":"https:\/\/www.italyfamilyhotels.it\/fr\/wp-json\/wp\/v2\/comments?post=43262"}],"version-history":[{"count":7,"href":"https:\/\/www.italyfamilyhotels.it\/fr\/wp-json\/wp\/v2\/pages\/43262\/revisions"}],"predecessor-version":[{"id":74155,"href":"https:\/\/www.italyfamilyhotels.it\/fr\/wp-json\/wp\/v2\/pages\/43262\/revisions\/74155"}],"up":[{"embeddable":true,"href":"https:\/\/www.italyfamilyhotels.it\/fr\/wp-json\/wp\/v2\/pages\/29729"}],"wp:attachment":[{"href":"https:\/\/www.italyfamilyhotels.it\/fr\/wp-json\/wp\/v2\/media?parent=43262"}],"curies":[{"name":"wp","href":"https:\/\/api.w.org\/{rel}","templated":true}]}}