{"id":43258,"date":"2023-01-23T13:49:31","date_gmt":"2023-01-23T12:49:31","guid":{"rendered":"https:\/\/www.italyfamilyhotels.it\/hotels\/family-hotel-posta"},"modified":"2023-01-23T13:57:44","modified_gmt":"2023-01-23T12:57:44","slug":"family-hotel-posta","status":"publish","type":"page","link":"https:\/\/www.italyfamilyhotels.it\/fr\/hotels\/family-hotel-posta","title":{"rendered":"Family Hotel Posta"},"content":{"rendered":"\n<p>Vous souhaitez d\u00e9couvrir avec nous la recette de vos vacances au <b>Family Hotel Posta<\/b>\u00a0? Les principaux ingr\u00e9dients sont les montagnes et la merveilleuse nature qui nous entoure, auxquelles nous ajoutons une pinc\u00e9e de l\u00e9g\u00e8ret\u00e9 et d&#8217;hospitalit\u00e9. Et l&#8217;ingr\u00e9dient secret\u00a0? Bien s\u00fbr, nos enfants bien-aim\u00e9s\u00a0!<\/p>\n\n\n\n<p>En parlant d&#8217;enfants, l&#8217;\u00e9quipe d&#8217;animation adore les choyer avec un <b>programme d&#8217;activit\u00e9s<\/b> organis\u00e9s dans la <b>Villa Dumbo<\/b>, la salle de jeux avec <b>mur d&#8217;escalade<\/b>, la <b>petite cuisine<\/b> pour pr\u00e9parer des pizzas et des biscuits, le <b>coin artisanat<\/b>, des <b>jouets \u00e9ducatifs<\/b>,\u00a0le <b>cin\u00e9ma<\/b>, du <b>football<\/b>\u00a0et des <b>jeux vid\u00e9os <\/b>pour les plus grands. Dehors en revanche, ils trouveront de nombreux divertissements dans notre\u00a0<b>parc de jeux<\/b> color\u00e9,\u00a0avec un parcours parmi les arbres, la <b>maisonnette de Timothy<\/b> et le bateau \u00ab\u00a0<b>Dumbo Boat<\/b>\u00a0\u00bb.<\/p>\n\n\n\n<p>Ici, au Family Hotel Posta, vous trouverez une fantastique <b>piscine chauff\u00e9e \u00e0 30\u00a0\u00b0C dans le jardin<\/b>, reli\u00e9e \u00e0 une plus petite \u00e0 l\u2019int\u00e9rieur, o\u00f9 adultes et enfants peuvent nager et plonger entour\u00e9s d&#8217;un paysage de conte de f\u00e9es, compos\u00e9 de vertes prairies et de sommets majestueux.<\/p>\n\n\n\n<p>Nous aimons \u00e9galement chouchouter papa et maman, avec des moments romantiques en couple dans notre <b>centre thermal<\/b> entre <b>sauna finlandais<\/b> donnant sur le jardin,<b> hammam aux herbes aromatiques<\/b> ou encore <b>biosauna avec foin dans le chalet<\/b>. Le <b>centre de beaut\u00e9 Cinderella<\/b> est le <b>domaine du bien-\u00eatre pour petits et grands<\/b>, avec des massages, des soins et des enveloppements, \u00e9galement disponibles pour les enfants, comme le massage \u00ab\u00a0Magia dei bambini\u00a0\u00bb et le soin manucure-p\u00e9dicure \u00ab\u00a0Manine &amp; Piedini\u00a0\u00bb. Et pour qui aime garder la forme \u00e9galement en vacances, notre <b>centre fitness <\/b>est l\u2019endroit id\u00e9al, avec des \u00e9quipements modernes et des machines de cardio et de vitesse.<\/p>\n\n\n\n<p>\u00c0 chaque saison, nous pr\u00e9parons un <b>programme hebdomadaire d&#8217;activit\u00e9s de plein air<\/b> en contact avec la nature, pour d\u00e9couvrir tous ensemble le territoire qui nous entoure. En hiver, excursions dans la neige, ski-guidage, ski-safari et raquettes\u00a0; en \u00e9t\u00e9, visites guid\u00e9es pour toute la famille, barbecues en montagne, cours de marche nordique et d&#8217;escalade.<\/p>\n","protected":false},"excerpt":{"rendered":"<p>Vous souhaitez d\u00e9couvrir avec nous la recette de vos vacances au Family Hotel Posta\u00a0? Les principaux ingr\u00e9dients sont les montagnes et la merveilleuse nature qui nous entoure, auxquelles nous ajoutons une pinc\u00e9e de l\u00e9g\u00e8ret\u00e9 et d&#8217;hospitalit\u00e9. Et l&#8217;ingr\u00e9dient secret\u00a0? Bien s\u00fbr, nos enfants bien-aim\u00e9s\u00a0! En parlant d&#8217;enfants, l&#8217;\u00e9quipe d&#8217;animation adore les choyer avec un programme &hellip;<\/p>\n","protected":false},"author":32,"featured_media":0,"parent":29729,"menu_order":0,"comment_status":"closed","ping_status":"closed","template":"page-templates\/scheda_hotel.php","meta":{"_acf_changed":false,"inline_featured_image":false,"footnotes":""},"class_list":["post-43258","page","type-page","status-publish","hentry"],"acf":[],"yoast_head":"<!-- This site is optimized with the Yoast SEO plugin v27.1 - https:\/\/yoast.com\/product\/yoast-seo-wordpress\/ -->\n<title>Family Hotel Posta 4 \u00e9toiles, S. Cristina Val Gardena<\/title>\n<meta name=\"description\" content=\"Envie de vacances en famille\u00a0? D\u00e9couvrez les offres pour familles du Family Hotel Posta \u00e0 S. Cristina Val Gardena\" \/>\n<meta name=\"robots\" content=\"index, follow, max-snippet:-1, max-image-preview:large, max-video-preview:-1\" \/>\n<link rel=\"canonical\" href=\"https:\/\/www.italyfamilyhotels.it\/fr\/hotels\/family-hotel-posta\" \/>\n<meta property=\"og:locale\" content=\"fr_FR\" \/>\n<meta property=\"og:type\" content=\"article\" \/>\n<meta property=\"og:title\" content=\"Family Hotel Posta 4 \u00e9toiles, S. Cristina Val Gardena\" \/>\n<meta property=\"og:description\" content=\"Envie de vacances en famille\u00a0? D\u00e9couvrez les offres pour familles du Family Hotel Posta \u00e0 S. Cristina Val Gardena\" \/>\n<meta property=\"og:url\" content=\"https:\/\/www.italyfamilyhotels.it\/fr\/hotels\/family-hotel-posta\" \/>\n<meta property=\"og:site_name\" content=\"Italy Family Hotels\" \/>\n<meta property=\"article:publisher\" content=\"https:\/\/www.facebook.com\/ItalyFamilyHotels\/\" \/>\n<meta property=\"article:modified_time\" content=\"2023-01-23T12:57:44+00:00\" \/>\n<meta name=\"twitter:card\" content=\"summary_large_image\" \/>\n<meta name=\"twitter:label1\" content=\"Dur\u00e9e de lecture estim\u00e9e\" \/>\n\t<meta name=\"twitter:data1\" content=\"2 minutes\" \/>\n<script type=\"application\/ld+json\" class=\"yoast-schema-graph\">{\"@context\":\"https:\/\/schema.org\",\"@graph\":[{\"@type\":\"WebPage\",\"@id\":\"https:\/\/www.italyfamilyhotels.it\/fr\/hotels\/family-hotel-posta\",\"url\":\"https:\/\/www.italyfamilyhotels.it\/fr\/hotels\/family-hotel-posta\",\"name\":\"Family Hotel Posta 4 \u00e9toiles, S. Cristina Val Gardena\",\"isPartOf\":{\"@id\":\"https:\/\/www.italyfamilyhotels.it\/#website\"},\"datePublished\":\"2023-01-23T12:49:31+00:00\",\"dateModified\":\"2023-01-23T12:57:44+00:00\",\"description\":\"Envie de vacances en famille\u00a0? D\u00e9couvrez les offres pour familles du Family Hotel Posta \u00e0 S. Cristina Val Gardena\",\"breadcrumb\":{\"@id\":\"https:\/\/www.italyfamilyhotels.it\/fr\/hotels\/family-hotel-posta#breadcrumb\"},\"inLanguage\":\"fr-FR\",\"potentialAction\":[{\"@type\":\"ReadAction\",\"target\":[\"https:\/\/www.italyfamilyhotels.it\/fr\/hotels\/family-hotel-posta\"]}]},{\"@type\":\"BreadcrumbList\",\"@id\":\"https:\/\/www.italyfamilyhotels.it\/fr\/hotels\/family-hotel-posta#breadcrumb\",\"itemListElement\":[{\"@type\":\"ListItem\",\"position\":1,\"name\":\"Home\",\"item\":\"https:\/\/www.italyfamilyhotels.it\/fr\"},{\"@type\":\"ListItem\",\"position\":2,\"name\":\"Family Hotels\",\"item\":\"https:\/\/www.italyfamilyhotels.it\/fr\/hotels\"},{\"@type\":\"ListItem\",\"position\":3,\"name\":\"Family Hotel Posta\"}]},{\"@type\":\"WebSite\",\"@id\":\"https:\/\/www.italyfamilyhotels.it\/#website\",\"url\":\"https:\/\/www.italyfamilyhotels.it\/\",\"name\":\"Italy Family Hotels\",\"description\":\"\",\"potentialAction\":[{\"@type\":\"SearchAction\",\"target\":{\"@type\":\"EntryPoint\",\"urlTemplate\":\"https:\/\/www.italyfamilyhotels.it\/?s={search_term_string}\"},\"query-input\":{\"@type\":\"PropertyValueSpecification\",\"valueRequired\":true,\"valueName\":\"search_term_string\"}}],\"inLanguage\":\"fr-FR\"}]}<\/script>\n<!-- \/ Yoast SEO plugin. -->","yoast_head_json":{"title":"Family Hotel Posta 4 \u00e9toiles, S. Cristina Val Gardena","description":"Envie de vacances en famille\u00a0? D\u00e9couvrez les offres pour familles du Family Hotel Posta \u00e0 S. Cristina Val Gardena","robots":{"index":"index","follow":"follow","max-snippet":"max-snippet:-1","max-image-preview":"max-image-preview:large","max-video-preview":"max-video-preview:-1"},"canonical":"https:\/\/www.italyfamilyhotels.it\/fr\/hotels\/family-hotel-posta","og_locale":"fr_FR","og_type":"article","og_title":"Family Hotel Posta 4 \u00e9toiles, S. Cristina Val Gardena","og_description":"Envie de vacances en famille\u00a0? D\u00e9couvrez les offres pour familles du Family Hotel Posta \u00e0 S. Cristina Val Gardena","og_url":"https:\/\/www.italyfamilyhotels.it\/fr\/hotels\/family-hotel-posta","og_site_name":"Italy Family Hotels","article_publisher":"https:\/\/www.facebook.com\/ItalyFamilyHotels\/","article_modified_time":"2023-01-23T12:57:44+00:00","twitter_card":"summary_large_image","twitter_misc":{"Dur\u00e9e de lecture estim\u00e9e":"2 minutes"},"schema":{"@context":"https:\/\/schema.org","@graph":[{"@type":"WebPage","@id":"https:\/\/www.italyfamilyhotels.it\/fr\/hotels\/family-hotel-posta","url":"https:\/\/www.italyfamilyhotels.it\/fr\/hotels\/family-hotel-posta","name":"Family Hotel Posta 4 \u00e9toiles, S. Cristina Val Gardena","isPartOf":{"@id":"https:\/\/www.italyfamilyhotels.it\/#website"},"datePublished":"2023-01-23T12:49:31+00:00","dateModified":"2023-01-23T12:57:44+00:00","description":"Envie de vacances en famille\u00a0? D\u00e9couvrez les offres pour familles du Family Hotel Posta \u00e0 S. Cristina Val Gardena","breadcrumb":{"@id":"https:\/\/www.italyfamilyhotels.it\/fr\/hotels\/family-hotel-posta#breadcrumb"},"inLanguage":"fr-FR","potentialAction":[{"@type":"ReadAction","target":["https:\/\/www.italyfamilyhotels.it\/fr\/hotels\/family-hotel-posta"]}]},{"@type":"BreadcrumbList","@id":"https:\/\/www.italyfamilyhotels.it\/fr\/hotels\/family-hotel-posta#breadcrumb","itemListElement":[{"@type":"ListItem","position":1,"name":"Home","item":"https:\/\/www.italyfamilyhotels.it\/fr"},{"@type":"ListItem","position":2,"name":"Family Hotels","item":"https:\/\/www.italyfamilyhotels.it\/fr\/hotels"},{"@type":"ListItem","position":3,"name":"Family Hotel Posta"}]},{"@type":"WebSite","@id":"https:\/\/www.italyfamilyhotels.it\/#website","url":"https:\/\/www.italyfamilyhotels.it\/","name":"Italy Family Hotels","description":"","potentialAction":[{"@type":"SearchAction","target":{"@type":"EntryPoint","urlTemplate":"https:\/\/www.italyfamilyhotels.it\/?s={search_term_string}"},"query-input":{"@type":"PropertyValueSpecification","valueRequired":true,"valueName":"search_term_string"}}],"inLanguage":"fr-FR"}]}},"_links":{"self":[{"href":"https:\/\/www.italyfamilyhotels.it\/fr\/wp-json\/wp\/v2\/pages\/43258","targetHints":{"allow":["GET"]}}],"collection":[{"href":"https:\/\/www.italyfamilyhotels.it\/fr\/wp-json\/wp\/v2\/pages"}],"about":[{"href":"https:\/\/www.italyfamilyhotels.it\/fr\/wp-json\/wp\/v2\/types\/page"}],"author":[{"embeddable":true,"href":"https:\/\/www.italyfamilyhotels.it\/fr\/wp-json\/wp\/v2\/users\/32"}],"replies":[{"embeddable":true,"href":"https:\/\/www.italyfamilyhotels.it\/fr\/wp-json\/wp\/v2\/comments?post=43258"}],"version-history":[{"count":1,"href":"https:\/\/www.italyfamilyhotels.it\/fr\/wp-json\/wp\/v2\/pages\/43258\/revisions"}],"predecessor-version":[{"id":43259,"href":"https:\/\/www.italyfamilyhotels.it\/fr\/wp-json\/wp\/v2\/pages\/43258\/revisions\/43259"}],"up":[{"embeddable":true,"href":"https:\/\/www.italyfamilyhotels.it\/fr\/wp-json\/wp\/v2\/pages\/29729"}],"wp:attachment":[{"href":"https:\/\/www.italyfamilyhotels.it\/fr\/wp-json\/wp\/v2\/media?parent=43258"}],"curies":[{"name":"wp","href":"https:\/\/api.w.org\/{rel}","templated":true}]}}