{"id":43256,"date":"2023-01-23T13:49:16","date_gmt":"2023-01-23T12:49:16","guid":{"rendered":"https:\/\/www.italyfamilyhotels.it\/hotels\/hotel-baltic"},"modified":"2023-01-23T13:57:43","modified_gmt":"2023-01-23T12:57:43","slug":"hotel-baltic","status":"publish","type":"page","link":"https:\/\/www.italyfamilyhotels.it\/fr\/hotels\/hotel-baltic","title":{"rendered":"H\u00f4tel Baltic"},"content":{"rendered":"\n<p>C\u2019est \u00e0 un kilom\u00e8tre du centre de Giulianova et au c\u0153ur d&#8217;une pin\u00e8de qui s&#8217;ouvre sur la mer que se dresse l\u2019<b>H\u00f4tel Baltique<\/b>, qui transforme de simples vacances en f\u00eate et en voyage \u00e0 travers les traditions et la nature.<\/p>\n\n\n\n<p>Immerg\u00e9s dans la nature, vous y trouverez une super <b>piscine chauff\u00e9e <\/b>avec baignoire d\u00e9di\u00e9e aux plus petits, des <b>jeux <\/b>\u00e0 escalader, de <b>petites tables <\/b>pour prendre le go\u00fbter, le centre <b>Posto delle Emozioni<\/b>, o\u00f9 prendre soin de vous avec des massages, drainage lymphatique et shiatsu et le th\u00e9\u00e2tre de plein air <b>Palcobaleno<\/b>, o\u00f9 nous organisons chaque soir de nombreux spectacles. De plus, sachez qu&#8217;il suffit de traverser la pin\u00e8de pour atteindre imm\u00e9diatement la <b>plage<\/b>\u00a0? Eh oui, comme \u00e7a les parents n\u2019ont pas \u00e0 s\u2019inqui\u00e9ter pendant que les enfants font la course pour voir qui arrive en premier\u00a0!<\/p>\n\n\n\n<p>Les familles occupent une place sp\u00e9ciale dans nos c\u0153urs, c&#8217;est pourquoi nous disposons d\u2019une <b>\u00e9quipe d&#8217;animation <\/b>qui occupe les enfants <b>de 1 \u00e0 16 ans<\/b> avec des activit\u00e9s et des jeux sur mesure, dans les salles d\u00e9di\u00e9es, dans la pin\u00e8de, sur la plage et \u00e0 la piscine. Nous conseillons aux mamans et aux papas de ne pas trop s\u2019\u00e9loigner pendant que les petits s\u2019amusent car nous leur r\u00e9servons \u00e9galement de nombreuses exp\u00e9riences\u00a0: <b>promenade sur la plage<\/b> avec le moniteur de marche nordique, <b>yoga dans la pin\u00e8de<\/b>, le\u00e7ons de <b>remise en forme de l&#8217;eau <\/b>et de <b>danse<\/b>, <b>balades \u00e0 v\u00e9lo dans les caves avec d\u00e9gustations <\/b>et <b>cours dirig\u00e9s par notre chef<\/b> pour apprendre \u00e0 pr\u00e9parer la \u00ab\u00a0piadina romagnole\u00a0\u00bb, les \u00ab\u00a0spaghetti alla chitarra\u00a0\u00bb et les \u00ab\u00a0tagliatelle\u00a0\u00bb.<\/p>\n\n\n\n<p>Avec nous, voyagez en toute tranquillit\u00e9, car dans la chambre et \u00e0 l&#8217;h\u00f4tel vous trouverez tout ce dont vous avez besoin pour vos petits, et notamment un service de <b>buanderie<\/b>, une petite <b>pharmacie p\u00e9diatrique<\/b>, un <b>service de courtoisie<\/b> pour les enfants dans la salle de bain, des <b>lits avec barri\u00e8res lat\u00e9rales<\/b>, mais \u00e9galement <b>berceaux, chauffe-biberons<\/b>, <b>tables \u00e0 langer<\/b>\u00a0et\u00a0<b>baignoires<\/b>\u00a0pour enfant, sans oublier la <b>veilleuse<\/b>. Un service de <b>location de v\u00e9lo gratuit<\/b>, \u00e9galement avec si\u00e8ges enfant, est \u00e0 votre disposition, avec \u00e9galement des <b>draisiennes<\/b>, <b>bmx <\/b>et <b>poussettes<\/b>.<\/p>\n","protected":false},"excerpt":{"rendered":"<p>C\u2019est \u00e0 un kilom\u00e8tre du centre de Giulianova et au c\u0153ur d&#8217;une pin\u00e8de qui s&#8217;ouvre sur la mer que se dresse l\u2019H\u00f4tel Baltique, qui transforme de simples vacances en f\u00eate et en voyage \u00e0 travers les traditions et la nature. Immerg\u00e9s dans la nature, vous y trouverez une super piscine chauff\u00e9e avec baignoire d\u00e9di\u00e9e aux &hellip;<\/p>\n","protected":false},"author":44,"featured_media":0,"parent":29729,"menu_order":0,"comment_status":"closed","ping_status":"closed","template":"page-templates\/scheda_hotel.php","meta":{"_acf_changed":false,"inline_featured_image":false,"footnotes":""},"class_list":["post-43256","page","type-page","status-publish","hentry"],"acf":[],"yoast_head":"<!-- This site is optimized with the Yoast SEO plugin v27.1 - https:\/\/yoast.com\/product\/yoast-seo-wordpress\/ -->\n<title>H\u00f4tel Baltic 3 \u00e9toiles, Giulianova Lido<\/title>\n<meta name=\"description\" content=\"Envie de vacances en famille\u00a0? D\u00e9couvrez les offres pour familles de l\u2019H\u00f4tel Baltic \u00e0 Giulianova Lido\u00a0!\" \/>\n<meta name=\"robots\" content=\"index, follow, max-snippet:-1, max-image-preview:large, max-video-preview:-1\" \/>\n<link rel=\"canonical\" href=\"https:\/\/www.italyfamilyhotels.it\/fr\/hotels\/hotel-baltic\" \/>\n<meta property=\"og:locale\" content=\"fr_FR\" \/>\n<meta property=\"og:type\" content=\"article\" \/>\n<meta property=\"og:title\" content=\"H\u00f4tel Baltic 3 \u00e9toiles, Giulianova Lido\" \/>\n<meta property=\"og:description\" content=\"Envie de vacances en famille\u00a0? D\u00e9couvrez les offres pour familles de l\u2019H\u00f4tel Baltic \u00e0 Giulianova Lido\u00a0!\" \/>\n<meta property=\"og:url\" content=\"https:\/\/www.italyfamilyhotels.it\/fr\/hotels\/hotel-baltic\" \/>\n<meta property=\"og:site_name\" content=\"Italy Family Hotels\" \/>\n<meta property=\"article:publisher\" content=\"https:\/\/www.facebook.com\/ItalyFamilyHotels\/\" \/>\n<meta property=\"article:modified_time\" content=\"2023-01-23T12:57:43+00:00\" \/>\n<meta name=\"twitter:card\" content=\"summary_large_image\" \/>\n<meta name=\"twitter:label1\" content=\"Dur\u00e9e de lecture estim\u00e9e\" \/>\n\t<meta name=\"twitter:data1\" content=\"2 minutes\" \/>\n<script type=\"application\/ld+json\" class=\"yoast-schema-graph\">{\"@context\":\"https:\/\/schema.org\",\"@graph\":[{\"@type\":\"WebPage\",\"@id\":\"https:\/\/www.italyfamilyhotels.it\/fr\/hotels\/hotel-baltic\",\"url\":\"https:\/\/www.italyfamilyhotels.it\/fr\/hotels\/hotel-baltic\",\"name\":\"H\u00f4tel Baltic 3 \u00e9toiles, Giulianova Lido\",\"isPartOf\":{\"@id\":\"https:\/\/www.italyfamilyhotels.it\/#website\"},\"datePublished\":\"2023-01-23T12:49:16+00:00\",\"dateModified\":\"2023-01-23T12:57:43+00:00\",\"description\":\"Envie de vacances en famille\u00a0? D\u00e9couvrez les offres pour familles de l\u2019H\u00f4tel Baltic \u00e0 Giulianova Lido\u00a0!\",\"breadcrumb\":{\"@id\":\"https:\/\/www.italyfamilyhotels.it\/fr\/hotels\/hotel-baltic#breadcrumb\"},\"inLanguage\":\"fr-FR\",\"potentialAction\":[{\"@type\":\"ReadAction\",\"target\":[\"https:\/\/www.italyfamilyhotels.it\/fr\/hotels\/hotel-baltic\"]}]},{\"@type\":\"BreadcrumbList\",\"@id\":\"https:\/\/www.italyfamilyhotels.it\/fr\/hotels\/hotel-baltic#breadcrumb\",\"itemListElement\":[{\"@type\":\"ListItem\",\"position\":1,\"name\":\"Home\",\"item\":\"https:\/\/www.italyfamilyhotels.it\/fr\"},{\"@type\":\"ListItem\",\"position\":2,\"name\":\"Family Hotels\",\"item\":\"https:\/\/www.italyfamilyhotels.it\/fr\/hotels\"},{\"@type\":\"ListItem\",\"position\":3,\"name\":\"H\u00f4tel Baltic\"}]},{\"@type\":\"WebSite\",\"@id\":\"https:\/\/www.italyfamilyhotels.it\/#website\",\"url\":\"https:\/\/www.italyfamilyhotels.it\/\",\"name\":\"Italy Family Hotels\",\"description\":\"\",\"potentialAction\":[{\"@type\":\"SearchAction\",\"target\":{\"@type\":\"EntryPoint\",\"urlTemplate\":\"https:\/\/www.italyfamilyhotels.it\/?s={search_term_string}\"},\"query-input\":{\"@type\":\"PropertyValueSpecification\",\"valueRequired\":true,\"valueName\":\"search_term_string\"}}],\"inLanguage\":\"fr-FR\"}]}<\/script>\n<!-- \/ Yoast SEO plugin. -->","yoast_head_json":{"title":"H\u00f4tel Baltic 3 \u00e9toiles, Giulianova Lido","description":"Envie de vacances en famille\u00a0? D\u00e9couvrez les offres pour familles de l\u2019H\u00f4tel Baltic \u00e0 Giulianova Lido\u00a0!","robots":{"index":"index","follow":"follow","max-snippet":"max-snippet:-1","max-image-preview":"max-image-preview:large","max-video-preview":"max-video-preview:-1"},"canonical":"https:\/\/www.italyfamilyhotels.it\/fr\/hotels\/hotel-baltic","og_locale":"fr_FR","og_type":"article","og_title":"H\u00f4tel Baltic 3 \u00e9toiles, Giulianova Lido","og_description":"Envie de vacances en famille\u00a0? D\u00e9couvrez les offres pour familles de l\u2019H\u00f4tel Baltic \u00e0 Giulianova Lido\u00a0!","og_url":"https:\/\/www.italyfamilyhotels.it\/fr\/hotels\/hotel-baltic","og_site_name":"Italy Family Hotels","article_publisher":"https:\/\/www.facebook.com\/ItalyFamilyHotels\/","article_modified_time":"2023-01-23T12:57:43+00:00","twitter_card":"summary_large_image","twitter_misc":{"Dur\u00e9e de lecture estim\u00e9e":"2 minutes"},"schema":{"@context":"https:\/\/schema.org","@graph":[{"@type":"WebPage","@id":"https:\/\/www.italyfamilyhotels.it\/fr\/hotels\/hotel-baltic","url":"https:\/\/www.italyfamilyhotels.it\/fr\/hotels\/hotel-baltic","name":"H\u00f4tel Baltic 3 \u00e9toiles, Giulianova Lido","isPartOf":{"@id":"https:\/\/www.italyfamilyhotels.it\/#website"},"datePublished":"2023-01-23T12:49:16+00:00","dateModified":"2023-01-23T12:57:43+00:00","description":"Envie de vacances en famille\u00a0? D\u00e9couvrez les offres pour familles de l\u2019H\u00f4tel Baltic \u00e0 Giulianova Lido\u00a0!","breadcrumb":{"@id":"https:\/\/www.italyfamilyhotels.it\/fr\/hotels\/hotel-baltic#breadcrumb"},"inLanguage":"fr-FR","potentialAction":[{"@type":"ReadAction","target":["https:\/\/www.italyfamilyhotels.it\/fr\/hotels\/hotel-baltic"]}]},{"@type":"BreadcrumbList","@id":"https:\/\/www.italyfamilyhotels.it\/fr\/hotels\/hotel-baltic#breadcrumb","itemListElement":[{"@type":"ListItem","position":1,"name":"Home","item":"https:\/\/www.italyfamilyhotels.it\/fr"},{"@type":"ListItem","position":2,"name":"Family Hotels","item":"https:\/\/www.italyfamilyhotels.it\/fr\/hotels"},{"@type":"ListItem","position":3,"name":"H\u00f4tel Baltic"}]},{"@type":"WebSite","@id":"https:\/\/www.italyfamilyhotels.it\/#website","url":"https:\/\/www.italyfamilyhotels.it\/","name":"Italy Family Hotels","description":"","potentialAction":[{"@type":"SearchAction","target":{"@type":"EntryPoint","urlTemplate":"https:\/\/www.italyfamilyhotels.it\/?s={search_term_string}"},"query-input":{"@type":"PropertyValueSpecification","valueRequired":true,"valueName":"search_term_string"}}],"inLanguage":"fr-FR"}]}},"_links":{"self":[{"href":"https:\/\/www.italyfamilyhotels.it\/fr\/wp-json\/wp\/v2\/pages\/43256","targetHints":{"allow":["GET"]}}],"collection":[{"href":"https:\/\/www.italyfamilyhotels.it\/fr\/wp-json\/wp\/v2\/pages"}],"about":[{"href":"https:\/\/www.italyfamilyhotels.it\/fr\/wp-json\/wp\/v2\/types\/page"}],"author":[{"embeddable":true,"href":"https:\/\/www.italyfamilyhotels.it\/fr\/wp-json\/wp\/v2\/users\/44"}],"replies":[{"embeddable":true,"href":"https:\/\/www.italyfamilyhotels.it\/fr\/wp-json\/wp\/v2\/comments?post=43256"}],"version-history":[{"count":1,"href":"https:\/\/www.italyfamilyhotels.it\/fr\/wp-json\/wp\/v2\/pages\/43256\/revisions"}],"predecessor-version":[{"id":43257,"href":"https:\/\/www.italyfamilyhotels.it\/fr\/wp-json\/wp\/v2\/pages\/43256\/revisions\/43257"}],"up":[{"embeddable":true,"href":"https:\/\/www.italyfamilyhotels.it\/fr\/wp-json\/wp\/v2\/pages\/29729"}],"wp:attachment":[{"href":"https:\/\/www.italyfamilyhotels.it\/fr\/wp-json\/wp\/v2\/media?parent=43256"}],"curies":[{"name":"wp","href":"https:\/\/api.w.org\/{rel}","templated":true}]}}