{"id":43252,"date":"2023-01-23T13:48:36","date_gmt":"2023-01-23T12:48:36","guid":{"rendered":"https:\/\/www.italyfamilyhotels.it\/hotels\/hotel-tiffanys"},"modified":"2025-02-20T16:27:29","modified_gmt":"2025-02-20T15:27:29","slug":"hotel-tiffanys","status":"publish","type":"page","link":"https:\/\/www.italyfamilyhotels.it\/fr\/hotels\/hotel-tiffanys","title":{"rendered":"H\u00f4tel Tiffany&#8217;s"},"content":{"rendered":"\n<p>Ici, \u00e0 l\u2019<b>H\u00f4tel Tiffany&#8217;s<\/b> de <b>Cattolica<\/b>, nous vous accueillons dans un environnement adapt\u00e9 aux familles, avec des services sp\u00e9cifiques, une super <b>piscine ext\u00e9rieure<\/b> entour\u00e9e de verdure, avec deux profondeurs diff\u00e9rentes et bain \u00e0 remous, et une <b>plage priv\u00e9e<\/b> \u00e0 seulement 200 pas de l&#8217;h\u00f4tel.<\/p>\n\n\n\n<p>Les plus petits se voient d\u00e9dier une salle de jeux enti\u00e8re, le <b>Royaume des jouets<\/b>, et un\u00a0<b>service de divertissement<\/b>\u00a0s\u00e9lectionn\u00e9 et p\u00e9tillant, qui s&#8217;occupe des enfants \u00e0 partir de 3 ans sur la plage, le matin et l&#8217;apr\u00e8s-midi, sur la plage, puis \u00e0 l&#8217;h\u00f4tel apr\u00e8s d\u00e9jeuner et apr\u00e8s diner. Et ce n&#8217;est pas tout\u00a0! Un espace enti\u00e8rement d\u00e9di\u00e9 aux enfants est pr\u00e9sent dans notre <b>restaurant #congusto <\/b>avec des plats simples et servis sans attendre, pour se remettre imm\u00e9diatement \u00e0 courir et \u00e0 jouer.<\/p>\n\n\n\n<p>Le restaurant est sp\u00e9cialis\u00e9 dans la <b>cuisine de grande classe<\/b>&nbsp;et dans les saveurs de la Romagne, avec un <b>show-cooking<\/b> d\u00e9di\u00e9 exclusivement aux parents et aux b\u00e9b\u00e9s, o\u00f9 nous pr\u00e9parons la <b>bouillie pour b\u00e9b\u00e9<\/b> \u00e0 base de <b>bouillons frais <\/b>et un grand choix de <b>petits pots bio Hipp<\/b>.<\/p>\n\n\n\n<p>Vous trouverez \u00e9galement \u00e0 votre disposition des <b>v\u00e9los avec si\u00e8ges enfants <\/b>et tout ce dont vous avez besoin pour vous permettre de voyager l\u00e9ger, comme un <b>lit de b\u00e9b\u00e9<\/b>, une <b>table \u00e0 langer<\/b>, un <b>chauffe-biberon<\/b> et une <b>baignoire pour prendre un bain<\/b>.<\/p>\n","protected":false},"excerpt":{"rendered":"<p>Ici, \u00e0 l\u2019H\u00f4tel Tiffany&#8217;s de Cattolica, nous vous accueillons dans un environnement adapt\u00e9 aux familles, avec des services sp\u00e9cifiques, une super piscine ext\u00e9rieure entour\u00e9e de verdure, avec deux profondeurs diff\u00e9rentes et bain \u00e0 remous, et une plage priv\u00e9e \u00e0 seulement 200 pas de l&#8217;h\u00f4tel. Les plus petits se voient d\u00e9dier une salle de jeux enti\u00e8re, &hellip;<\/p>\n","protected":false},"author":121,"featured_media":0,"parent":29729,"menu_order":0,"comment_status":"closed","ping_status":"closed","template":"page-templates\/scheda_hotel.php","meta":{"_acf_changed":false,"inline_featured_image":false,"footnotes":""},"class_list":["post-43252","page","type-page","status-publish","hentry"],"acf":[],"yoast_head":"<!-- This site is optimized with the Yoast SEO plugin v27.1 - https:\/\/yoast.com\/product\/yoast-seo-wordpress\/ -->\n<title>H\u00f4tel Tiffany\u2019s 3 \u00e9toiles, Cattolica<\/title>\n<meta name=\"description\" content=\"Envie de vacances en famille\u00a0? D\u00e9couvrez les offres pour familles de l&#039;H\u00f4tel Tiffany&#039;s \u00e0 Cattolica\" \/>\n<meta name=\"robots\" content=\"index, follow, max-snippet:-1, max-image-preview:large, max-video-preview:-1\" \/>\n<link rel=\"canonical\" href=\"https:\/\/www.italyfamilyhotels.it\/fr\/hotels\/hotel-tiffanys\" \/>\n<meta property=\"og:locale\" content=\"fr_FR\" \/>\n<meta property=\"og:type\" content=\"article\" \/>\n<meta property=\"og:title\" content=\"H\u00f4tel Tiffany\u2019s 3 \u00e9toiles, Cattolica\" \/>\n<meta property=\"og:description\" content=\"Envie de vacances en famille\u00a0? D\u00e9couvrez les offres pour familles de l&#039;H\u00f4tel Tiffany&#039;s \u00e0 Cattolica\" \/>\n<meta property=\"og:url\" content=\"https:\/\/www.italyfamilyhotels.it\/fr\/hotels\/hotel-tiffanys\" \/>\n<meta property=\"og:site_name\" content=\"Italy Family Hotels\" \/>\n<meta property=\"article:publisher\" content=\"https:\/\/www.facebook.com\/ItalyFamilyHotels\/\" \/>\n<meta property=\"article:modified_time\" content=\"2025-02-20T15:27:29+00:00\" \/>\n<meta name=\"twitter:card\" content=\"summary_large_image\" \/>\n<meta name=\"twitter:label1\" content=\"Dur\u00e9e de lecture estim\u00e9e\" \/>\n\t<meta name=\"twitter:data1\" content=\"1 minute\" \/>\n<script type=\"application\/ld+json\" class=\"yoast-schema-graph\">{\"@context\":\"https:\/\/schema.org\",\"@graph\":[{\"@type\":\"WebPage\",\"@id\":\"https:\/\/www.italyfamilyhotels.it\/fr\/hotels\/hotel-tiffanys\",\"url\":\"https:\/\/www.italyfamilyhotels.it\/fr\/hotels\/hotel-tiffanys\",\"name\":\"H\u00f4tel Tiffany\u2019s 3 \u00e9toiles, Cattolica\",\"isPartOf\":{\"@id\":\"https:\/\/www.italyfamilyhotels.it\/#website\"},\"datePublished\":\"2023-01-23T12:48:36+00:00\",\"dateModified\":\"2025-02-20T15:27:29+00:00\",\"description\":\"Envie de vacances en famille\u00a0? D\u00e9couvrez les offres pour familles de l'H\u00f4tel Tiffany's \u00e0 Cattolica\",\"breadcrumb\":{\"@id\":\"https:\/\/www.italyfamilyhotels.it\/fr\/hotels\/hotel-tiffanys#breadcrumb\"},\"inLanguage\":\"fr-FR\",\"potentialAction\":[{\"@type\":\"ReadAction\",\"target\":[\"https:\/\/www.italyfamilyhotels.it\/fr\/hotels\/hotel-tiffanys\"]}]},{\"@type\":\"BreadcrumbList\",\"@id\":\"https:\/\/www.italyfamilyhotels.it\/fr\/hotels\/hotel-tiffanys#breadcrumb\",\"itemListElement\":[{\"@type\":\"ListItem\",\"position\":1,\"name\":\"Home\",\"item\":\"https:\/\/www.italyfamilyhotels.it\/fr\"},{\"@type\":\"ListItem\",\"position\":2,\"name\":\"Family Hotels\",\"item\":\"https:\/\/www.italyfamilyhotels.it\/fr\/hotels\"},{\"@type\":\"ListItem\",\"position\":3,\"name\":\"H\u00f4tel Tiffany&#8217;s\"}]},{\"@type\":\"WebSite\",\"@id\":\"https:\/\/www.italyfamilyhotels.it\/#website\",\"url\":\"https:\/\/www.italyfamilyhotels.it\/\",\"name\":\"Italy Family Hotels\",\"description\":\"\",\"potentialAction\":[{\"@type\":\"SearchAction\",\"target\":{\"@type\":\"EntryPoint\",\"urlTemplate\":\"https:\/\/www.italyfamilyhotels.it\/?s={search_term_string}\"},\"query-input\":{\"@type\":\"PropertyValueSpecification\",\"valueRequired\":true,\"valueName\":\"search_term_string\"}}],\"inLanguage\":\"fr-FR\"}]}<\/script>\n<!-- \/ Yoast SEO plugin. -->","yoast_head_json":{"title":"H\u00f4tel Tiffany\u2019s 3 \u00e9toiles, Cattolica","description":"Envie de vacances en famille\u00a0? D\u00e9couvrez les offres pour familles de l'H\u00f4tel Tiffany's \u00e0 Cattolica","robots":{"index":"index","follow":"follow","max-snippet":"max-snippet:-1","max-image-preview":"max-image-preview:large","max-video-preview":"max-video-preview:-1"},"canonical":"https:\/\/www.italyfamilyhotels.it\/fr\/hotels\/hotel-tiffanys","og_locale":"fr_FR","og_type":"article","og_title":"H\u00f4tel Tiffany\u2019s 3 \u00e9toiles, Cattolica","og_description":"Envie de vacances en famille\u00a0? D\u00e9couvrez les offres pour familles de l'H\u00f4tel Tiffany's \u00e0 Cattolica","og_url":"https:\/\/www.italyfamilyhotels.it\/fr\/hotels\/hotel-tiffanys","og_site_name":"Italy Family Hotels","article_publisher":"https:\/\/www.facebook.com\/ItalyFamilyHotels\/","article_modified_time":"2025-02-20T15:27:29+00:00","twitter_card":"summary_large_image","twitter_misc":{"Dur\u00e9e de lecture estim\u00e9e":"1 minute"},"schema":{"@context":"https:\/\/schema.org","@graph":[{"@type":"WebPage","@id":"https:\/\/www.italyfamilyhotels.it\/fr\/hotels\/hotel-tiffanys","url":"https:\/\/www.italyfamilyhotels.it\/fr\/hotels\/hotel-tiffanys","name":"H\u00f4tel Tiffany\u2019s 3 \u00e9toiles, Cattolica","isPartOf":{"@id":"https:\/\/www.italyfamilyhotels.it\/#website"},"datePublished":"2023-01-23T12:48:36+00:00","dateModified":"2025-02-20T15:27:29+00:00","description":"Envie de vacances en famille\u00a0? D\u00e9couvrez les offres pour familles de l'H\u00f4tel Tiffany's \u00e0 Cattolica","breadcrumb":{"@id":"https:\/\/www.italyfamilyhotels.it\/fr\/hotels\/hotel-tiffanys#breadcrumb"},"inLanguage":"fr-FR","potentialAction":[{"@type":"ReadAction","target":["https:\/\/www.italyfamilyhotels.it\/fr\/hotels\/hotel-tiffanys"]}]},{"@type":"BreadcrumbList","@id":"https:\/\/www.italyfamilyhotels.it\/fr\/hotels\/hotel-tiffanys#breadcrumb","itemListElement":[{"@type":"ListItem","position":1,"name":"Home","item":"https:\/\/www.italyfamilyhotels.it\/fr"},{"@type":"ListItem","position":2,"name":"Family Hotels","item":"https:\/\/www.italyfamilyhotels.it\/fr\/hotels"},{"@type":"ListItem","position":3,"name":"H\u00f4tel Tiffany&#8217;s"}]},{"@type":"WebSite","@id":"https:\/\/www.italyfamilyhotels.it\/#website","url":"https:\/\/www.italyfamilyhotels.it\/","name":"Italy Family Hotels","description":"","potentialAction":[{"@type":"SearchAction","target":{"@type":"EntryPoint","urlTemplate":"https:\/\/www.italyfamilyhotels.it\/?s={search_term_string}"},"query-input":{"@type":"PropertyValueSpecification","valueRequired":true,"valueName":"search_term_string"}}],"inLanguage":"fr-FR"}]}},"_links":{"self":[{"href":"https:\/\/www.italyfamilyhotels.it\/fr\/wp-json\/wp\/v2\/pages\/43252","targetHints":{"allow":["GET"]}}],"collection":[{"href":"https:\/\/www.italyfamilyhotels.it\/fr\/wp-json\/wp\/v2\/pages"}],"about":[{"href":"https:\/\/www.italyfamilyhotels.it\/fr\/wp-json\/wp\/v2\/types\/page"}],"author":[{"embeddable":true,"href":"https:\/\/www.italyfamilyhotels.it\/fr\/wp-json\/wp\/v2\/users\/121"}],"replies":[{"embeddable":true,"href":"https:\/\/www.italyfamilyhotels.it\/fr\/wp-json\/wp\/v2\/comments?post=43252"}],"version-history":[{"count":7,"href":"https:\/\/www.italyfamilyhotels.it\/fr\/wp-json\/wp\/v2\/pages\/43252\/revisions"}],"predecessor-version":[{"id":66412,"href":"https:\/\/www.italyfamilyhotels.it\/fr\/wp-json\/wp\/v2\/pages\/43252\/revisions\/66412"}],"up":[{"embeddable":true,"href":"https:\/\/www.italyfamilyhotels.it\/fr\/wp-json\/wp\/v2\/pages\/29729"}],"wp:attachment":[{"href":"https:\/\/www.italyfamilyhotels.it\/fr\/wp-json\/wp\/v2\/media?parent=43252"}],"curies":[{"name":"wp","href":"https:\/\/api.w.org\/{rel}","templated":true}]}}