{"id":43248,"date":"2023-01-23T13:47:49","date_gmt":"2023-01-23T12:47:49","guid":{"rendered":"https:\/\/www.italyfamilyhotels.it\/hotels\/hotel-milano-helvetia"},"modified":"2023-01-23T13:57:41","modified_gmt":"2023-01-23T12:57:41","slug":"hotel-milano-helvetia","status":"publish","type":"page","link":"https:\/\/www.italyfamilyhotels.it\/fr\/hotels\/hotel-milano-helvetia","title":{"rendered":"H\u00f4tel Milano &#038; Helvetia"},"content":{"rendered":"\n<p>Retrouvez-nous au centre de <b>Riccione<\/b>, \u00e0 deux pas de la c\u00e9l\u00e8bre Viale Ceccarini et de la mer. Ici, \u00e0 l\u2019<b>H\u00f4tel Milano &amp; Helvetia<\/b>, vos vacances en famille sont une combinaison de d\u00e9tente, \u00e0 vivre sur la plage partenaire et \u00e0 l&#8217;h\u00f4tel, et de divertissement, immerg\u00e9 dans la vie nocturne qui caract\u00e9rise notre ville.<\/p>\n\n\n\n<p>Nous consacrons aux enfants une<b> aire de jeux int\u00e9rieure de 80 m\u00b2<\/b>, avec <b>grands \u00e9crans <\/b>pour les dessins anim\u00e9s,<b> ateliers cr\u00e9atifs<\/b>, une <b>\u00e9quipe d&#8217;animation<\/b> sp\u00e9cialis\u00e9e dans le divertissement, des <b>f\u00eates th\u00e9matiques<\/b>, de nombreux <b>services familiaux <\/b>pour permettre \u00e0 papa et maman de voyager en toute s\u00e9r\u00e9nit\u00e9 et un <b>go\u00fbter<\/b> gourmant pour faire le plein d&#8217;\u00e9nergie\u00a0!<\/p>\n\n\n\n<p>Ici, vous trouverez une super <b>piscine ext\u00e9rieure <\/b>avec une fantastique <b>cascade<\/b>, un <b>jacuzzi <\/b>et une <b>petite baignoire d&#8217;une profondeur de 50 cm<\/b> pour les plus petits. Les animateurs aiment organiser des matchs de water-volley et de water-polo, ou des s\u00e9ances d&#8217;aquagym. Vous trouverez \u00e9galement \u00e0 votre disposition des <b>v\u00e9los avec si\u00e8ge enfant et casque<\/b>, ou encore des <b>poussettes <\/b>pour vous d\u00e9placer confortablement en ville.<\/p>\n\n\n\n<p>Pendant que les enfants s&#8217;amusent avec les animations, maman et papa peuvent passer du temps dans l\u2019<b>espace d\u00e9tente<\/b>, avec un lit de bronzage \u00e0 basse pression, un bain turc et un espace pour s&#8217;asseoir et profiter d&#8217;une tisane r\u00e9g\u00e9n\u00e9rante. Pour un ap\u00e9ritif en amoureux ou un digestif, vous trouverez notre <b>bar de jardin<\/b> surplombant le port de plaisance.<\/p>\n","protected":false},"excerpt":{"rendered":"<p>Retrouvez-nous au centre de Riccione, \u00e0 deux pas de la c\u00e9l\u00e8bre Viale Ceccarini et de la mer. Ici, \u00e0 l\u2019H\u00f4tel Milano &amp; Helvetia, vos vacances en famille sont une combinaison de d\u00e9tente, \u00e0 vivre sur la plage partenaire et \u00e0 l&#8217;h\u00f4tel, et de divertissement, immerg\u00e9 dans la vie nocturne qui caract\u00e9rise notre ville. Nous consacrons &hellip;<\/p>\n","protected":false},"author":80,"featured_media":0,"parent":29729,"menu_order":0,"comment_status":"closed","ping_status":"closed","template":"page-templates\/scheda_hotel.php","meta":{"_acf_changed":false,"inline_featured_image":false,"footnotes":""},"class_list":["post-43248","page","type-page","status-publish","hentry"],"acf":[],"yoast_head":"<!-- This site is optimized with the Yoast SEO plugin v27.1 - https:\/\/yoast.com\/product\/yoast-seo-wordpress\/ -->\n<title>H\u00f4tel Milano &amp; Helvetia 3 \u00e9toiles, Riccione<\/title>\n<meta name=\"description\" content=\"Envie de vacances en famille\u00a0? D\u00e9couvrez les offres pour familles de l&#039;H\u00f4tel Milano &amp; Helvetia \u00e0 Riccione\" \/>\n<meta name=\"robots\" content=\"index, follow, max-snippet:-1, max-image-preview:large, max-video-preview:-1\" \/>\n<link rel=\"canonical\" href=\"https:\/\/www.italyfamilyhotels.it\/fr\/hotels\/hotel-milano-helvetia\" \/>\n<meta property=\"og:locale\" content=\"fr_FR\" \/>\n<meta property=\"og:type\" content=\"article\" \/>\n<meta property=\"og:title\" content=\"H\u00f4tel Milano &amp; Helvetia 3 \u00e9toiles, Riccione\" \/>\n<meta property=\"og:description\" content=\"Envie de vacances en famille\u00a0? D\u00e9couvrez les offres pour familles de l&#039;H\u00f4tel Milano &amp; Helvetia \u00e0 Riccione\" \/>\n<meta property=\"og:url\" content=\"https:\/\/www.italyfamilyhotels.it\/fr\/hotels\/hotel-milano-helvetia\" \/>\n<meta property=\"og:site_name\" content=\"Italy Family Hotels\" \/>\n<meta property=\"article:publisher\" content=\"https:\/\/www.facebook.com\/ItalyFamilyHotels\/\" \/>\n<meta property=\"article:modified_time\" content=\"2023-01-23T12:57:41+00:00\" \/>\n<meta name=\"twitter:card\" content=\"summary_large_image\" \/>\n<meta name=\"twitter:label1\" content=\"Dur\u00e9e de lecture estim\u00e9e\" \/>\n\t<meta name=\"twitter:data1\" content=\"1 minute\" \/>\n<script type=\"application\/ld+json\" class=\"yoast-schema-graph\">{\"@context\":\"https:\/\/schema.org\",\"@graph\":[{\"@type\":\"WebPage\",\"@id\":\"https:\/\/www.italyfamilyhotels.it\/fr\/hotels\/hotel-milano-helvetia\",\"url\":\"https:\/\/www.italyfamilyhotels.it\/fr\/hotels\/hotel-milano-helvetia\",\"name\":\"H\u00f4tel Milano & Helvetia 3 \u00e9toiles, Riccione\",\"isPartOf\":{\"@id\":\"https:\/\/www.italyfamilyhotels.it\/#website\"},\"datePublished\":\"2023-01-23T12:47:49+00:00\",\"dateModified\":\"2023-01-23T12:57:41+00:00\",\"description\":\"Envie de vacances en famille\u00a0? D\u00e9couvrez les offres pour familles de l'H\u00f4tel Milano & Helvetia \u00e0 Riccione\",\"breadcrumb\":{\"@id\":\"https:\/\/www.italyfamilyhotels.it\/fr\/hotels\/hotel-milano-helvetia#breadcrumb\"},\"inLanguage\":\"fr-FR\",\"potentialAction\":[{\"@type\":\"ReadAction\",\"target\":[\"https:\/\/www.italyfamilyhotels.it\/fr\/hotels\/hotel-milano-helvetia\"]}]},{\"@type\":\"BreadcrumbList\",\"@id\":\"https:\/\/www.italyfamilyhotels.it\/fr\/hotels\/hotel-milano-helvetia#breadcrumb\",\"itemListElement\":[{\"@type\":\"ListItem\",\"position\":1,\"name\":\"Home\",\"item\":\"https:\/\/www.italyfamilyhotels.it\/fr\"},{\"@type\":\"ListItem\",\"position\":2,\"name\":\"Family Hotels\",\"item\":\"https:\/\/www.italyfamilyhotels.it\/fr\/hotels\"},{\"@type\":\"ListItem\",\"position\":3,\"name\":\"H\u00f4tel Milano &#038; Helvetia\"}]},{\"@type\":\"WebSite\",\"@id\":\"https:\/\/www.italyfamilyhotels.it\/#website\",\"url\":\"https:\/\/www.italyfamilyhotels.it\/\",\"name\":\"Italy Family Hotels\",\"description\":\"\",\"potentialAction\":[{\"@type\":\"SearchAction\",\"target\":{\"@type\":\"EntryPoint\",\"urlTemplate\":\"https:\/\/www.italyfamilyhotels.it\/?s={search_term_string}\"},\"query-input\":{\"@type\":\"PropertyValueSpecification\",\"valueRequired\":true,\"valueName\":\"search_term_string\"}}],\"inLanguage\":\"fr-FR\"}]}<\/script>\n<!-- \/ Yoast SEO plugin. -->","yoast_head_json":{"title":"H\u00f4tel Milano & Helvetia 3 \u00e9toiles, Riccione","description":"Envie de vacances en famille\u00a0? D\u00e9couvrez les offres pour familles de l'H\u00f4tel Milano & Helvetia \u00e0 Riccione","robots":{"index":"index","follow":"follow","max-snippet":"max-snippet:-1","max-image-preview":"max-image-preview:large","max-video-preview":"max-video-preview:-1"},"canonical":"https:\/\/www.italyfamilyhotels.it\/fr\/hotels\/hotel-milano-helvetia","og_locale":"fr_FR","og_type":"article","og_title":"H\u00f4tel Milano & Helvetia 3 \u00e9toiles, Riccione","og_description":"Envie de vacances en famille\u00a0? D\u00e9couvrez les offres pour familles de l'H\u00f4tel Milano & Helvetia \u00e0 Riccione","og_url":"https:\/\/www.italyfamilyhotels.it\/fr\/hotels\/hotel-milano-helvetia","og_site_name":"Italy Family Hotels","article_publisher":"https:\/\/www.facebook.com\/ItalyFamilyHotels\/","article_modified_time":"2023-01-23T12:57:41+00:00","twitter_card":"summary_large_image","twitter_misc":{"Dur\u00e9e de lecture estim\u00e9e":"1 minute"},"schema":{"@context":"https:\/\/schema.org","@graph":[{"@type":"WebPage","@id":"https:\/\/www.italyfamilyhotels.it\/fr\/hotels\/hotel-milano-helvetia","url":"https:\/\/www.italyfamilyhotels.it\/fr\/hotels\/hotel-milano-helvetia","name":"H\u00f4tel Milano & Helvetia 3 \u00e9toiles, Riccione","isPartOf":{"@id":"https:\/\/www.italyfamilyhotels.it\/#website"},"datePublished":"2023-01-23T12:47:49+00:00","dateModified":"2023-01-23T12:57:41+00:00","description":"Envie de vacances en famille\u00a0? D\u00e9couvrez les offres pour familles de l'H\u00f4tel Milano & Helvetia \u00e0 Riccione","breadcrumb":{"@id":"https:\/\/www.italyfamilyhotels.it\/fr\/hotels\/hotel-milano-helvetia#breadcrumb"},"inLanguage":"fr-FR","potentialAction":[{"@type":"ReadAction","target":["https:\/\/www.italyfamilyhotels.it\/fr\/hotels\/hotel-milano-helvetia"]}]},{"@type":"BreadcrumbList","@id":"https:\/\/www.italyfamilyhotels.it\/fr\/hotels\/hotel-milano-helvetia#breadcrumb","itemListElement":[{"@type":"ListItem","position":1,"name":"Home","item":"https:\/\/www.italyfamilyhotels.it\/fr"},{"@type":"ListItem","position":2,"name":"Family Hotels","item":"https:\/\/www.italyfamilyhotels.it\/fr\/hotels"},{"@type":"ListItem","position":3,"name":"H\u00f4tel Milano &#038; Helvetia"}]},{"@type":"WebSite","@id":"https:\/\/www.italyfamilyhotels.it\/#website","url":"https:\/\/www.italyfamilyhotels.it\/","name":"Italy Family Hotels","description":"","potentialAction":[{"@type":"SearchAction","target":{"@type":"EntryPoint","urlTemplate":"https:\/\/www.italyfamilyhotels.it\/?s={search_term_string}"},"query-input":{"@type":"PropertyValueSpecification","valueRequired":true,"valueName":"search_term_string"}}],"inLanguage":"fr-FR"}]}},"_links":{"self":[{"href":"https:\/\/www.italyfamilyhotels.it\/fr\/wp-json\/wp\/v2\/pages\/43248","targetHints":{"allow":["GET"]}}],"collection":[{"href":"https:\/\/www.italyfamilyhotels.it\/fr\/wp-json\/wp\/v2\/pages"}],"about":[{"href":"https:\/\/www.italyfamilyhotels.it\/fr\/wp-json\/wp\/v2\/types\/page"}],"author":[{"embeddable":true,"href":"https:\/\/www.italyfamilyhotels.it\/fr\/wp-json\/wp\/v2\/users\/80"}],"replies":[{"embeddable":true,"href":"https:\/\/www.italyfamilyhotels.it\/fr\/wp-json\/wp\/v2\/comments?post=43248"}],"version-history":[{"count":1,"href":"https:\/\/www.italyfamilyhotels.it\/fr\/wp-json\/wp\/v2\/pages\/43248\/revisions"}],"predecessor-version":[{"id":43249,"href":"https:\/\/www.italyfamilyhotels.it\/fr\/wp-json\/wp\/v2\/pages\/43248\/revisions\/43249"}],"up":[{"embeddable":true,"href":"https:\/\/www.italyfamilyhotels.it\/fr\/wp-json\/wp\/v2\/pages\/29729"}],"wp:attachment":[{"href":"https:\/\/www.italyfamilyhotels.it\/fr\/wp-json\/wp\/v2\/media?parent=43248"}],"curies":[{"name":"wp","href":"https:\/\/api.w.org\/{rel}","templated":true}]}}