{"id":43246,"date":"2023-01-23T13:47:31","date_gmt":"2023-01-23T12:47:31","guid":{"rendered":"https:\/\/www.italyfamilyhotels.it\/hotels\/hotel-zurigo"},"modified":"2023-06-15T16:54:26","modified_gmt":"2023-06-15T14:54:26","slug":"hotel-zurigo","status":"publish","type":"page","link":"https:\/\/www.italyfamilyhotels.it\/fr\/hotels\/hotel-zurigo","title":{"rendered":"H\u00f4tel Zurigo"},"content":{"rendered":"\n<p>C\u2019est bien le parfum des palmiers, des oliveraies et du sel qui vous guide vers l\u2019<strong>H\u00f4tel Zurich \u00e0 Varazze<\/strong> &#8211; \u00e0 seulement <strong>100 m\u00e8tres de la mer <\/strong>et de la <strong>Promenade Lungomare Europa<\/strong> &#8211; o\u00f9 vous pourrez vous laisser conqu\u00e9rir par une atmosph\u00e8re de vacances sans soucis et par tous les services que nous mettons \u00e0 la disposition de votre famille, pour une exp\u00e9rience de pure d\u00e9tente.<\/p>\n\n\n\n<p>Une courte promenade \u00e0 travers les carrugi color\u00e9s de Varazze vous permettra de rejoindre notre <strong>plage affili\u00e9e avec piscine<\/strong>, pour passer des moments inoubliables avec vos enfants. Les plus petits trouveront \u00e9galement <strong>\u00ab&nbsp;Le paradis de Manu et Dede&nbsp;\u00bb<\/strong>, l&#8217;aire de jeux color\u00e9e avec tout le n\u00e9cessaire pour des travaux cr\u00e9atifs, dessiner et divertir m\u00eame les plus petits, gr\u00e2ce \u00e0 la pr\u00e9sence d\u2019un espace moelleux. De plus, nous proposons \u00e9galement une <strong>animation quotidienne pour les enfants de 4 \u00e0 12 ans<\/strong>.<\/p>\n\n\n\n<p>La d\u00e9licieuse cuisine \u00e0 base de <strong>produits de notre r\u00e9gion<\/strong> impr\u00e9gnera vos vacances du go\u00fbt authentique de la Ligurie&nbsp;! Nous pr\u00e9parons des <strong>menus r\u00e9serv\u00e9s aux enfants<\/strong>, avec des plats sains et savoureux qui conqui\u00e8rent les petits estomacs.&nbsp;De plus, le Chef est toujours disponible pour soutenir les jeunes parents avec <strong>tout ce dont vous avez besoin pour le sevrage<\/strong>. De plus, gr\u00e2ce \u00e0 <strong>formule demi-pension<\/strong>, vous avez la possibilit\u00e9 de passer vos<strong> journ\u00e9es en toute libert\u00e9<\/strong>, profitant de l&#8217;occasion pour vous d\u00e9tendre sur la plage <strong>sans contraintes de temps <\/strong>ou de partir en excursion avec vos enfants \u00e0 la d\u00e9couverte de la r\u00e9gion.<\/p>\n\n\n\n<p>Pour vous garantir des vacances sans soucis, des <strong>services b\u00e9b\u00e9 seront mis \u00e0 disposition dans votre chambre et dans la salle de restaurant<\/strong>, et plus pr\u00e9cis\u00e9ment des couverts pour enfants, chaises hautes, sets de table color\u00e9s, baignoires pour b\u00e9b\u00e9s, barri\u00e8res de s\u00e9curit\u00e9, chauffe-biberons et tables \u00e0 langer.<\/p>\n","protected":false},"excerpt":{"rendered":"<p>C\u2019est bien le parfum des palmiers, des oliveraies et du sel qui vous guide vers l\u2019H\u00f4tel Zurich \u00e0 Varazze &#8211; \u00e0 seulement 100 m\u00e8tres de la mer et de la Promenade Lungomare Europa &#8211; o\u00f9 vous pourrez vous laisser conqu\u00e9rir par une atmosph\u00e8re de vacances sans soucis et par tous les services que nous mettons &hellip;<\/p>\n","protected":false},"author":123,"featured_media":0,"parent":29729,"menu_order":0,"comment_status":"closed","ping_status":"closed","template":"page-templates\/scheda_hotel.php","meta":{"_acf_changed":false,"inline_featured_image":false,"footnotes":""},"class_list":["post-43246","page","type-page","status-publish","hentry"],"acf":[],"yoast_head":"<!-- This site is optimized with the Yoast SEO plugin v27.1 - https:\/\/yoast.com\/product\/yoast-seo-wordpress\/ -->\n<title>H\u00f4tel Zurigo 3 \u00e9toiles, Varazze<\/title>\n<meta name=\"description\" content=\"Envie de vacances en famille ? D\u00e9couvrez les offres pour familles de l&#039;H\u00f4tel Zurigo \u00e0 Varazze\" \/>\n<meta name=\"robots\" content=\"index, follow, max-snippet:-1, max-image-preview:large, max-video-preview:-1\" \/>\n<link rel=\"canonical\" href=\"https:\/\/www.italyfamilyhotels.it\/fr\/hotels\/hotel-zurigo\" \/>\n<meta property=\"og:locale\" content=\"fr_FR\" \/>\n<meta property=\"og:type\" content=\"article\" \/>\n<meta property=\"og:title\" content=\"H\u00f4tel Zurigo 3 \u00e9toiles, Varazze\" \/>\n<meta property=\"og:description\" content=\"Envie de vacances en famille ? D\u00e9couvrez les offres pour familles de l&#039;H\u00f4tel Zurigo \u00e0 Varazze\" \/>\n<meta property=\"og:url\" content=\"https:\/\/www.italyfamilyhotels.it\/fr\/hotels\/hotel-zurigo\" \/>\n<meta property=\"og:site_name\" content=\"Italy Family Hotels\" \/>\n<meta property=\"article:publisher\" content=\"https:\/\/www.facebook.com\/ItalyFamilyHotels\/\" \/>\n<meta property=\"article:modified_time\" content=\"2023-06-15T14:54:26+00:00\" \/>\n<meta name=\"twitter:card\" content=\"summary_large_image\" \/>\n<meta name=\"twitter:label1\" content=\"Dur\u00e9e de lecture estim\u00e9e\" \/>\n\t<meta name=\"twitter:data1\" content=\"2 minutes\" \/>\n<script type=\"application\/ld+json\" class=\"yoast-schema-graph\">{\"@context\":\"https:\/\/schema.org\",\"@graph\":[{\"@type\":\"WebPage\",\"@id\":\"https:\/\/www.italyfamilyhotels.it\/fr\/hotels\/hotel-zurigo\",\"url\":\"https:\/\/www.italyfamilyhotels.it\/fr\/hotels\/hotel-zurigo\",\"name\":\"H\u00f4tel Zurigo 3 \u00e9toiles, Varazze\",\"isPartOf\":{\"@id\":\"https:\/\/www.italyfamilyhotels.it\/#website\"},\"datePublished\":\"2023-01-23T12:47:31+00:00\",\"dateModified\":\"2023-06-15T14:54:26+00:00\",\"description\":\"Envie de vacances en famille ? D\u00e9couvrez les offres pour familles de l'H\u00f4tel Zurigo \u00e0 Varazze\",\"breadcrumb\":{\"@id\":\"https:\/\/www.italyfamilyhotels.it\/fr\/hotels\/hotel-zurigo#breadcrumb\"},\"inLanguage\":\"fr-FR\",\"potentialAction\":[{\"@type\":\"ReadAction\",\"target\":[\"https:\/\/www.italyfamilyhotels.it\/fr\/hotels\/hotel-zurigo\"]}]},{\"@type\":\"BreadcrumbList\",\"@id\":\"https:\/\/www.italyfamilyhotels.it\/fr\/hotels\/hotel-zurigo#breadcrumb\",\"itemListElement\":[{\"@type\":\"ListItem\",\"position\":1,\"name\":\"Home\",\"item\":\"https:\/\/www.italyfamilyhotels.it\/fr\"},{\"@type\":\"ListItem\",\"position\":2,\"name\":\"Family Hotels\",\"item\":\"https:\/\/www.italyfamilyhotels.it\/fr\/hotels\"},{\"@type\":\"ListItem\",\"position\":3,\"name\":\"H\u00f4tel Zurigo\"}]},{\"@type\":\"WebSite\",\"@id\":\"https:\/\/www.italyfamilyhotels.it\/#website\",\"url\":\"https:\/\/www.italyfamilyhotels.it\/\",\"name\":\"Italy Family Hotels\",\"description\":\"\",\"potentialAction\":[{\"@type\":\"SearchAction\",\"target\":{\"@type\":\"EntryPoint\",\"urlTemplate\":\"https:\/\/www.italyfamilyhotels.it\/?s={search_term_string}\"},\"query-input\":{\"@type\":\"PropertyValueSpecification\",\"valueRequired\":true,\"valueName\":\"search_term_string\"}}],\"inLanguage\":\"fr-FR\"}]}<\/script>\n<!-- \/ Yoast SEO plugin. -->","yoast_head_json":{"title":"H\u00f4tel Zurigo 3 \u00e9toiles, Varazze","description":"Envie de vacances en famille ? D\u00e9couvrez les offres pour familles de l'H\u00f4tel Zurigo \u00e0 Varazze","robots":{"index":"index","follow":"follow","max-snippet":"max-snippet:-1","max-image-preview":"max-image-preview:large","max-video-preview":"max-video-preview:-1"},"canonical":"https:\/\/www.italyfamilyhotels.it\/fr\/hotels\/hotel-zurigo","og_locale":"fr_FR","og_type":"article","og_title":"H\u00f4tel Zurigo 3 \u00e9toiles, Varazze","og_description":"Envie de vacances en famille ? D\u00e9couvrez les offres pour familles de l'H\u00f4tel Zurigo \u00e0 Varazze","og_url":"https:\/\/www.italyfamilyhotels.it\/fr\/hotels\/hotel-zurigo","og_site_name":"Italy Family Hotels","article_publisher":"https:\/\/www.facebook.com\/ItalyFamilyHotels\/","article_modified_time":"2023-06-15T14:54:26+00:00","twitter_card":"summary_large_image","twitter_misc":{"Dur\u00e9e de lecture estim\u00e9e":"2 minutes"},"schema":{"@context":"https:\/\/schema.org","@graph":[{"@type":"WebPage","@id":"https:\/\/www.italyfamilyhotels.it\/fr\/hotels\/hotel-zurigo","url":"https:\/\/www.italyfamilyhotels.it\/fr\/hotels\/hotel-zurigo","name":"H\u00f4tel Zurigo 3 \u00e9toiles, Varazze","isPartOf":{"@id":"https:\/\/www.italyfamilyhotels.it\/#website"},"datePublished":"2023-01-23T12:47:31+00:00","dateModified":"2023-06-15T14:54:26+00:00","description":"Envie de vacances en famille ? D\u00e9couvrez les offres pour familles de l'H\u00f4tel Zurigo \u00e0 Varazze","breadcrumb":{"@id":"https:\/\/www.italyfamilyhotels.it\/fr\/hotels\/hotel-zurigo#breadcrumb"},"inLanguage":"fr-FR","potentialAction":[{"@type":"ReadAction","target":["https:\/\/www.italyfamilyhotels.it\/fr\/hotels\/hotel-zurigo"]}]},{"@type":"BreadcrumbList","@id":"https:\/\/www.italyfamilyhotels.it\/fr\/hotels\/hotel-zurigo#breadcrumb","itemListElement":[{"@type":"ListItem","position":1,"name":"Home","item":"https:\/\/www.italyfamilyhotels.it\/fr"},{"@type":"ListItem","position":2,"name":"Family Hotels","item":"https:\/\/www.italyfamilyhotels.it\/fr\/hotels"},{"@type":"ListItem","position":3,"name":"H\u00f4tel Zurigo"}]},{"@type":"WebSite","@id":"https:\/\/www.italyfamilyhotels.it\/#website","url":"https:\/\/www.italyfamilyhotels.it\/","name":"Italy Family Hotels","description":"","potentialAction":[{"@type":"SearchAction","target":{"@type":"EntryPoint","urlTemplate":"https:\/\/www.italyfamilyhotels.it\/?s={search_term_string}"},"query-input":{"@type":"PropertyValueSpecification","valueRequired":true,"valueName":"search_term_string"}}],"inLanguage":"fr-FR"}]}},"_links":{"self":[{"href":"https:\/\/www.italyfamilyhotels.it\/fr\/wp-json\/wp\/v2\/pages\/43246","targetHints":{"allow":["GET"]}}],"collection":[{"href":"https:\/\/www.italyfamilyhotels.it\/fr\/wp-json\/wp\/v2\/pages"}],"about":[{"href":"https:\/\/www.italyfamilyhotels.it\/fr\/wp-json\/wp\/v2\/types\/page"}],"author":[{"embeddable":true,"href":"https:\/\/www.italyfamilyhotels.it\/fr\/wp-json\/wp\/v2\/users\/123"}],"replies":[{"embeddable":true,"href":"https:\/\/www.italyfamilyhotels.it\/fr\/wp-json\/wp\/v2\/comments?post=43246"}],"version-history":[{"count":8,"href":"https:\/\/www.italyfamilyhotels.it\/fr\/wp-json\/wp\/v2\/pages\/43246\/revisions"}],"predecessor-version":[{"id":50051,"href":"https:\/\/www.italyfamilyhotels.it\/fr\/wp-json\/wp\/v2\/pages\/43246\/revisions\/50051"}],"up":[{"embeddable":true,"href":"https:\/\/www.italyfamilyhotels.it\/fr\/wp-json\/wp\/v2\/pages\/29729"}],"wp:attachment":[{"href":"https:\/\/www.italyfamilyhotels.it\/fr\/wp-json\/wp\/v2\/media?parent=43246"}],"curies":[{"name":"wp","href":"https:\/\/api.w.org\/{rel}","templated":true}]}}