{"id":43244,"date":"2023-01-23T13:47:11","date_gmt":"2023-01-23T12:47:11","guid":{"rendered":"https:\/\/www.italyfamilyhotels.it\/hotels\/hotel-roxybeach"},"modified":"2025-03-03T13:14:39","modified_gmt":"2025-03-03T12:14:39","slug":"hotel-roxybeach","status":"publish","type":"page","link":"https:\/\/www.italyfamilyhotels.it\/fr\/hotels\/hotel-roxybeach","title":{"rendered":"H\u00f4tel Roxy&#038;Beach"},"content":{"rendered":"\n<p>Un accueil chaleureux et familial, une <b>plage priv\u00e9e<\/b> accessible sans traverser de routes, une <b>piscine ext\u00e9rieure<\/b> sur deux niveaux, parfaite pour les enfants et un service d\u2019<b>animation <\/b>\u00e0 la plage et \u00e0 l&#8217;h\u00f4tel, sont les caract\u00e9ristiques d&#8217;un s\u00e9jour typique, ici \u00e0 l\u2019<b>H\u00f4tel Roxy&amp;Beach<\/b> de <b>Cesenatico<\/b>.<\/p>\n\n\n\n<p>Nous aimons choyer toute la famille, c&#8217;est pourquoi notre Mini Club<b> <\/b>s&#8217;occupe des enfants en leur proposant des activit\u00e9s amusantes telles que des <b>jeux dans la piscine<\/b>, des <b>tournois sur la plage<\/b> ou des <b>ateliers cr\u00e9atifs \u00e0 l&#8217;h\u00f4tel<\/b>, afin que papa et maman puissent s&#8217;octroyer quelques instants de d\u00e9tente bien m\u00e9rit\u00e9s sous un parasol ou participer \u00e0 des activit\u00e9s telles que <b>tonification musculaire <\/b>et <b>cours de ski nautique<\/b>, <b>de voile<\/b>, <b>de parachute ascensionnel<\/b>, ou encore <b>de planche \u00e0 voile <\/b>dans le centre de voile voisin de Cesenatico.<\/p>\n\n\n\n<p>Puis passons \u00e0 l&#8217;exp\u00e9rience culinaire&#8230; Toute la bont\u00e9 de la <b>tradition romagnole<\/b>, avec une pinc\u00e9e de <b>produits d&#8217;excellence nationaux<\/b>, \u00e0 base de <b>mati\u00e8res premi\u00e8res de haute qualit\u00e9 <\/b>et de <b>produits \u00e0 0 km<\/b>, provenant d&#8217;agriculteurs et d&#8217;\u00e9leveurs locaux. Nous disposons \u00e9galement d\u2019un <b>jardin aromatique <\/b>dans lequel nous cultivons les \u00e9pices qui parfument nos plats.<\/p>\n\n\n\n<p>Chez nous, l&#8217;heure du coucher est un moment sp\u00e9cial car vous serez berc\u00e9s par le bruit des vagues de la mer, dans des <b>chambres confortables<\/b>, <b>spacieuses<\/b>, <b>lumineuses<\/b>, toujours avec <b>vue mer<\/b> lat\u00e9rale ou frontale, devenant ainsi l&#8217;endroit id\u00e9al pour se reposer et se ressourcer. \u00c0 l&#8217;int\u00e9rieur, vous trouverez tout ce dont vous avez besoin pour vous permettre de voyager l\u00e9ger, comme des lits b\u00e9b\u00e9, des barri\u00e8res lat\u00e9rales, des matelas \u00e0 langer et des chauffe-biberons.<\/p>\n","protected":false},"excerpt":{"rendered":"<p>Un accueil chaleureux et familial, une plage priv\u00e9e accessible sans traverser de routes, une piscine ext\u00e9rieure sur deux niveaux, parfaite pour les enfants et un service d\u2019animation \u00e0 la plage et \u00e0 l&#8217;h\u00f4tel, sont les caract\u00e9ristiques d&#8217;un s\u00e9jour typique, ici \u00e0 l\u2019H\u00f4tel Roxy&amp;Beach de Cesenatico. Nous aimons choyer toute la famille, c&#8217;est pourquoi notre Mini &hellip;<\/p>\n","protected":false},"author":107,"featured_media":0,"parent":29729,"menu_order":0,"comment_status":"closed","ping_status":"closed","template":"page-templates\/scheda_hotel.php","meta":{"_acf_changed":false,"inline_featured_image":false,"footnotes":""},"class_list":["post-43244","page","type-page","status-publish","hentry"],"acf":[],"yoast_head":"<!-- This site is optimized with the Yoast SEO plugin v27.1 - https:\/\/yoast.com\/product\/yoast-seo-wordpress\/ -->\n<title>H\u00f4tel Roxy&amp;Beach 3 \u00e9toiles, Cesenatico<\/title>\n<meta name=\"description\" content=\"Envie de vacances en famille\u00a0? D\u00e9couvrez les offres pour familles de l\u2019H\u00f4tel Roxy&amp;Beach \u00e0 Cesenatico\" \/>\n<meta name=\"robots\" content=\"index, follow, max-snippet:-1, max-image-preview:large, max-video-preview:-1\" \/>\n<link rel=\"canonical\" href=\"https:\/\/www.italyfamilyhotels.it\/fr\/hotels\/hotel-roxybeach\" \/>\n<meta property=\"og:locale\" content=\"fr_FR\" \/>\n<meta property=\"og:type\" content=\"article\" \/>\n<meta property=\"og:title\" content=\"H\u00f4tel Roxy&amp;Beach 3 \u00e9toiles, Cesenatico\" \/>\n<meta property=\"og:description\" content=\"Envie de vacances en famille\u00a0? D\u00e9couvrez les offres pour familles de l\u2019H\u00f4tel Roxy&amp;Beach \u00e0 Cesenatico\" \/>\n<meta property=\"og:url\" content=\"https:\/\/www.italyfamilyhotels.it\/fr\/hotels\/hotel-roxybeach\" \/>\n<meta property=\"og:site_name\" content=\"Italy Family Hotels\" \/>\n<meta property=\"article:publisher\" content=\"https:\/\/www.facebook.com\/ItalyFamilyHotels\/\" \/>\n<meta property=\"article:modified_time\" content=\"2025-03-03T12:14:39+00:00\" \/>\n<meta name=\"twitter:card\" content=\"summary_large_image\" \/>\n<meta name=\"twitter:label1\" content=\"Dur\u00e9e de lecture estim\u00e9e\" \/>\n\t<meta name=\"twitter:data1\" content=\"1 minute\" \/>\n<script type=\"application\/ld+json\" class=\"yoast-schema-graph\">{\"@context\":\"https:\/\/schema.org\",\"@graph\":[{\"@type\":\"WebPage\",\"@id\":\"https:\/\/www.italyfamilyhotels.it\/fr\/hotels\/hotel-roxybeach\",\"url\":\"https:\/\/www.italyfamilyhotels.it\/fr\/hotels\/hotel-roxybeach\",\"name\":\"H\u00f4tel Roxy&Beach 3 \u00e9toiles, Cesenatico\",\"isPartOf\":{\"@id\":\"https:\/\/www.italyfamilyhotels.it\/#website\"},\"datePublished\":\"2023-01-23T12:47:11+00:00\",\"dateModified\":\"2025-03-03T12:14:39+00:00\",\"description\":\"Envie de vacances en famille\u00a0? D\u00e9couvrez les offres pour familles de l\u2019H\u00f4tel Roxy&Beach \u00e0 Cesenatico\",\"breadcrumb\":{\"@id\":\"https:\/\/www.italyfamilyhotels.it\/fr\/hotels\/hotel-roxybeach#breadcrumb\"},\"inLanguage\":\"fr-FR\",\"potentialAction\":[{\"@type\":\"ReadAction\",\"target\":[\"https:\/\/www.italyfamilyhotels.it\/fr\/hotels\/hotel-roxybeach\"]}]},{\"@type\":\"BreadcrumbList\",\"@id\":\"https:\/\/www.italyfamilyhotels.it\/fr\/hotels\/hotel-roxybeach#breadcrumb\",\"itemListElement\":[{\"@type\":\"ListItem\",\"position\":1,\"name\":\"Home\",\"item\":\"https:\/\/www.italyfamilyhotels.it\/fr\"},{\"@type\":\"ListItem\",\"position\":2,\"name\":\"Family Hotels\",\"item\":\"https:\/\/www.italyfamilyhotels.it\/fr\/hotels\"},{\"@type\":\"ListItem\",\"position\":3,\"name\":\"H\u00f4tel Roxy&#038;Beach\"}]},{\"@type\":\"WebSite\",\"@id\":\"https:\/\/www.italyfamilyhotels.it\/#website\",\"url\":\"https:\/\/www.italyfamilyhotels.it\/\",\"name\":\"Italy Family Hotels\",\"description\":\"\",\"potentialAction\":[{\"@type\":\"SearchAction\",\"target\":{\"@type\":\"EntryPoint\",\"urlTemplate\":\"https:\/\/www.italyfamilyhotels.it\/?s={search_term_string}\"},\"query-input\":{\"@type\":\"PropertyValueSpecification\",\"valueRequired\":true,\"valueName\":\"search_term_string\"}}],\"inLanguage\":\"fr-FR\"}]}<\/script>\n<!-- \/ Yoast SEO plugin. -->","yoast_head_json":{"title":"H\u00f4tel Roxy&Beach 3 \u00e9toiles, Cesenatico","description":"Envie de vacances en famille\u00a0? D\u00e9couvrez les offres pour familles de l\u2019H\u00f4tel Roxy&Beach \u00e0 Cesenatico","robots":{"index":"index","follow":"follow","max-snippet":"max-snippet:-1","max-image-preview":"max-image-preview:large","max-video-preview":"max-video-preview:-1"},"canonical":"https:\/\/www.italyfamilyhotels.it\/fr\/hotels\/hotel-roxybeach","og_locale":"fr_FR","og_type":"article","og_title":"H\u00f4tel Roxy&Beach 3 \u00e9toiles, Cesenatico","og_description":"Envie de vacances en famille\u00a0? D\u00e9couvrez les offres pour familles de l\u2019H\u00f4tel Roxy&Beach \u00e0 Cesenatico","og_url":"https:\/\/www.italyfamilyhotels.it\/fr\/hotels\/hotel-roxybeach","og_site_name":"Italy Family Hotels","article_publisher":"https:\/\/www.facebook.com\/ItalyFamilyHotels\/","article_modified_time":"2025-03-03T12:14:39+00:00","twitter_card":"summary_large_image","twitter_misc":{"Dur\u00e9e de lecture estim\u00e9e":"1 minute"},"schema":{"@context":"https:\/\/schema.org","@graph":[{"@type":"WebPage","@id":"https:\/\/www.italyfamilyhotels.it\/fr\/hotels\/hotel-roxybeach","url":"https:\/\/www.italyfamilyhotels.it\/fr\/hotels\/hotel-roxybeach","name":"H\u00f4tel Roxy&Beach 3 \u00e9toiles, Cesenatico","isPartOf":{"@id":"https:\/\/www.italyfamilyhotels.it\/#website"},"datePublished":"2023-01-23T12:47:11+00:00","dateModified":"2025-03-03T12:14:39+00:00","description":"Envie de vacances en famille\u00a0? D\u00e9couvrez les offres pour familles de l\u2019H\u00f4tel Roxy&Beach \u00e0 Cesenatico","breadcrumb":{"@id":"https:\/\/www.italyfamilyhotels.it\/fr\/hotels\/hotel-roxybeach#breadcrumb"},"inLanguage":"fr-FR","potentialAction":[{"@type":"ReadAction","target":["https:\/\/www.italyfamilyhotels.it\/fr\/hotels\/hotel-roxybeach"]}]},{"@type":"BreadcrumbList","@id":"https:\/\/www.italyfamilyhotels.it\/fr\/hotels\/hotel-roxybeach#breadcrumb","itemListElement":[{"@type":"ListItem","position":1,"name":"Home","item":"https:\/\/www.italyfamilyhotels.it\/fr"},{"@type":"ListItem","position":2,"name":"Family Hotels","item":"https:\/\/www.italyfamilyhotels.it\/fr\/hotels"},{"@type":"ListItem","position":3,"name":"H\u00f4tel Roxy&#038;Beach"}]},{"@type":"WebSite","@id":"https:\/\/www.italyfamilyhotels.it\/#website","url":"https:\/\/www.italyfamilyhotels.it\/","name":"Italy Family Hotels","description":"","potentialAction":[{"@type":"SearchAction","target":{"@type":"EntryPoint","urlTemplate":"https:\/\/www.italyfamilyhotels.it\/?s={search_term_string}"},"query-input":{"@type":"PropertyValueSpecification","valueRequired":true,"valueName":"search_term_string"}}],"inLanguage":"fr-FR"}]}},"_links":{"self":[{"href":"https:\/\/www.italyfamilyhotels.it\/fr\/wp-json\/wp\/v2\/pages\/43244","targetHints":{"allow":["GET"]}}],"collection":[{"href":"https:\/\/www.italyfamilyhotels.it\/fr\/wp-json\/wp\/v2\/pages"}],"about":[{"href":"https:\/\/www.italyfamilyhotels.it\/fr\/wp-json\/wp\/v2\/types\/page"}],"author":[{"embeddable":true,"href":"https:\/\/www.italyfamilyhotels.it\/fr\/wp-json\/wp\/v2\/users\/107"}],"replies":[{"embeddable":true,"href":"https:\/\/www.italyfamilyhotels.it\/fr\/wp-json\/wp\/v2\/comments?post=43244"}],"version-history":[{"count":2,"href":"https:\/\/www.italyfamilyhotels.it\/fr\/wp-json\/wp\/v2\/pages\/43244\/revisions"}],"predecessor-version":[{"id":66861,"href":"https:\/\/www.italyfamilyhotels.it\/fr\/wp-json\/wp\/v2\/pages\/43244\/revisions\/66861"}],"up":[{"embeddable":true,"href":"https:\/\/www.italyfamilyhotels.it\/fr\/wp-json\/wp\/v2\/pages\/29729"}],"wp:attachment":[{"href":"https:\/\/www.italyfamilyhotels.it\/fr\/wp-json\/wp\/v2\/media?parent=43244"}],"curies":[{"name":"wp","href":"https:\/\/api.w.org\/{rel}","templated":true}]}}