{"id":43240,"date":"2023-01-23T13:46:26","date_gmt":"2023-01-23T12:46:26","guid":{"rendered":"https:\/\/www.italyfamilyhotels.it\/hotels\/hotel-casella"},"modified":"2023-01-23T13:57:39","modified_gmt":"2023-01-23T12:57:39","slug":"hotel-casella","status":"publish","type":"page","link":"https:\/\/www.italyfamilyhotels.it\/fr\/hotels\/hotel-casella","title":{"rendered":"H\u00f4tel Casella"},"content":{"rendered":"\n<p><b>Non loin de la vieille ville et des plages de Pietra Ligure<\/b>, o\u00f9 bat le c\u0153ur de la Riviera ligurienne, notre h\u00f4tel se d\u00e9veloppe sur deux maisons reli\u00e9es entre elles. \u00c0 l\u2019<b>H\u00f4tel Casella<\/b>, nous aimons cr\u00e9er un environnement id\u00e9al pour un s\u00e9jour relaxant en famille, accompagn\u00e9 des meilleurs services.<\/p>\n\n\n\n<p>Un sympathique<b> cadeau de bienvenue<\/b> fait que toutes les vacances des enfants commencent avec le sourire. Puis, amusons-nous avec les<b> animations<\/b>, entre jeux et activit\u00e9s ludo-r\u00e9cr\u00e9atives, tant dans la<b> salle de jeux int\u00e9rieure \u00ab\u00a0le club de Mickey Mouse\u00a0\u00bb<\/b> qu\u2019\u00e0 l\u2019<b>ext\u00e9rieur<\/b> entre toboggans, maisons, tables et chaises. Les tout-petits de 0 \u00e0 3 ans trouveront la<b> <\/b>\u00ab\u00a0<b>maison de Winnie l&#8217;ourson<\/b>\u00a0\u00bb pour des moments de jeu en toute s\u00e9curit\u00e9 entre piscine \u00e0 balles, maisonnette, balan\u00e7oires et jeux.<\/p>\n\n\n\n<p>Et il y a \u00e9galement une fantastique <b>piscine avec bain \u00e0 remous<\/b>, id\u00e9ale pour que maman et papa se d\u00e9tendent, avec une <b>zone d&#8217;eau peu profonde <\/b>pour les plus petits.<\/p>\n\n\n\n<p>Dans la <b>chambre<\/b>, vous trouverez tout ce dont vous avez besoin pour vous permettre de voyager l\u00e9ger, comme un lit de camping, des baignoires, des chauffe-biberons et une table \u00e0 langer. Alors qu&#8217;au restaurant, vous trouverez un <b>menu b\u00e9b\u00e9<\/b> avec des plats personnalis\u00e9s ou la possibilit\u00e9 de changer le menu du jour, pour les petits gourmands. Un <b>espace biberon <\/b>\u00e9quip\u00e9 et toujours accessible est mis \u00e0 disposition des jeunes parents.<\/p>\n","protected":false},"excerpt":{"rendered":"<p>Non loin de la vieille ville et des plages de Pietra Ligure, o\u00f9 bat le c\u0153ur de la Riviera ligurienne, notre h\u00f4tel se d\u00e9veloppe sur deux maisons reli\u00e9es entre elles. \u00c0 l\u2019H\u00f4tel Casella, nous aimons cr\u00e9er un environnement id\u00e9al pour un s\u00e9jour relaxant en famille, accompagn\u00e9 des meilleurs services. Un sympathique cadeau de bienvenue fait &hellip;<\/p>\n","protected":false},"author":50,"featured_media":0,"parent":29729,"menu_order":0,"comment_status":"closed","ping_status":"closed","template":"page-templates\/scheda_hotel.php","meta":{"_acf_changed":false,"inline_featured_image":false,"footnotes":""},"class_list":["post-43240","page","type-page","status-publish","hentry"],"acf":[],"yoast_head":"<!-- This site is optimized with the Yoast SEO plugin v27.1 - https:\/\/yoast.com\/product\/yoast-seo-wordpress\/ -->\n<title>H\u00f4tel Casella 3 \u00e9toiles, Pietra Ligure<\/title>\n<meta name=\"description\" content=\"Envie de vacances en famille\u00a0? D\u00e9couvrez les offres pour familles de l\u2019H\u00f4tel Casella \u00e0 Pietra Ligure\" \/>\n<meta name=\"robots\" content=\"index, follow, max-snippet:-1, max-image-preview:large, max-video-preview:-1\" \/>\n<link rel=\"canonical\" href=\"https:\/\/www.italyfamilyhotels.it\/fr\/hotels\/hotel-casella\" \/>\n<meta property=\"og:locale\" content=\"fr_FR\" \/>\n<meta property=\"og:type\" content=\"article\" \/>\n<meta property=\"og:title\" content=\"H\u00f4tel Casella 3 \u00e9toiles, Pietra Ligure\" \/>\n<meta property=\"og:description\" content=\"Envie de vacances en famille\u00a0? D\u00e9couvrez les offres pour familles de l\u2019H\u00f4tel Casella \u00e0 Pietra Ligure\" \/>\n<meta property=\"og:url\" content=\"https:\/\/www.italyfamilyhotels.it\/fr\/hotels\/hotel-casella\" \/>\n<meta property=\"og:site_name\" content=\"Italy Family Hotels\" \/>\n<meta property=\"article:publisher\" content=\"https:\/\/www.facebook.com\/ItalyFamilyHotels\/\" \/>\n<meta property=\"article:modified_time\" content=\"2023-01-23T12:57:39+00:00\" \/>\n<meta name=\"twitter:card\" content=\"summary_large_image\" \/>\n<meta name=\"twitter:label1\" content=\"Dur\u00e9e de lecture estim\u00e9e\" \/>\n\t<meta name=\"twitter:data1\" content=\"1 minute\" \/>\n<script type=\"application\/ld+json\" class=\"yoast-schema-graph\">{\"@context\":\"https:\/\/schema.org\",\"@graph\":[{\"@type\":\"WebPage\",\"@id\":\"https:\/\/www.italyfamilyhotels.it\/fr\/hotels\/hotel-casella\",\"url\":\"https:\/\/www.italyfamilyhotels.it\/fr\/hotels\/hotel-casella\",\"name\":\"H\u00f4tel Casella 3 \u00e9toiles, Pietra Ligure\",\"isPartOf\":{\"@id\":\"https:\/\/www.italyfamilyhotels.it\/#website\"},\"datePublished\":\"2023-01-23T12:46:26+00:00\",\"dateModified\":\"2023-01-23T12:57:39+00:00\",\"description\":\"Envie de vacances en famille\u00a0? D\u00e9couvrez les offres pour familles de l\u2019H\u00f4tel Casella \u00e0 Pietra Ligure\",\"breadcrumb\":{\"@id\":\"https:\/\/www.italyfamilyhotels.it\/fr\/hotels\/hotel-casella#breadcrumb\"},\"inLanguage\":\"fr-FR\",\"potentialAction\":[{\"@type\":\"ReadAction\",\"target\":[\"https:\/\/www.italyfamilyhotels.it\/fr\/hotels\/hotel-casella\"]}]},{\"@type\":\"BreadcrumbList\",\"@id\":\"https:\/\/www.italyfamilyhotels.it\/fr\/hotels\/hotel-casella#breadcrumb\",\"itemListElement\":[{\"@type\":\"ListItem\",\"position\":1,\"name\":\"Home\",\"item\":\"https:\/\/www.italyfamilyhotels.it\/fr\"},{\"@type\":\"ListItem\",\"position\":2,\"name\":\"Family Hotels\",\"item\":\"https:\/\/www.italyfamilyhotels.it\/fr\/hotels\"},{\"@type\":\"ListItem\",\"position\":3,\"name\":\"H\u00f4tel Casella\"}]},{\"@type\":\"WebSite\",\"@id\":\"https:\/\/www.italyfamilyhotels.it\/#website\",\"url\":\"https:\/\/www.italyfamilyhotels.it\/\",\"name\":\"Italy Family Hotels\",\"description\":\"\",\"potentialAction\":[{\"@type\":\"SearchAction\",\"target\":{\"@type\":\"EntryPoint\",\"urlTemplate\":\"https:\/\/www.italyfamilyhotels.it\/?s={search_term_string}\"},\"query-input\":{\"@type\":\"PropertyValueSpecification\",\"valueRequired\":true,\"valueName\":\"search_term_string\"}}],\"inLanguage\":\"fr-FR\"}]}<\/script>\n<!-- \/ Yoast SEO plugin. -->","yoast_head_json":{"title":"H\u00f4tel Casella 3 \u00e9toiles, Pietra Ligure","description":"Envie de vacances en famille\u00a0? D\u00e9couvrez les offres pour familles de l\u2019H\u00f4tel Casella \u00e0 Pietra Ligure","robots":{"index":"index","follow":"follow","max-snippet":"max-snippet:-1","max-image-preview":"max-image-preview:large","max-video-preview":"max-video-preview:-1"},"canonical":"https:\/\/www.italyfamilyhotels.it\/fr\/hotels\/hotel-casella","og_locale":"fr_FR","og_type":"article","og_title":"H\u00f4tel Casella 3 \u00e9toiles, Pietra Ligure","og_description":"Envie de vacances en famille\u00a0? D\u00e9couvrez les offres pour familles de l\u2019H\u00f4tel Casella \u00e0 Pietra Ligure","og_url":"https:\/\/www.italyfamilyhotels.it\/fr\/hotels\/hotel-casella","og_site_name":"Italy Family Hotels","article_publisher":"https:\/\/www.facebook.com\/ItalyFamilyHotels\/","article_modified_time":"2023-01-23T12:57:39+00:00","twitter_card":"summary_large_image","twitter_misc":{"Dur\u00e9e de lecture estim\u00e9e":"1 minute"},"schema":{"@context":"https:\/\/schema.org","@graph":[{"@type":"WebPage","@id":"https:\/\/www.italyfamilyhotels.it\/fr\/hotels\/hotel-casella","url":"https:\/\/www.italyfamilyhotels.it\/fr\/hotels\/hotel-casella","name":"H\u00f4tel Casella 3 \u00e9toiles, Pietra Ligure","isPartOf":{"@id":"https:\/\/www.italyfamilyhotels.it\/#website"},"datePublished":"2023-01-23T12:46:26+00:00","dateModified":"2023-01-23T12:57:39+00:00","description":"Envie de vacances en famille\u00a0? D\u00e9couvrez les offres pour familles de l\u2019H\u00f4tel Casella \u00e0 Pietra Ligure","breadcrumb":{"@id":"https:\/\/www.italyfamilyhotels.it\/fr\/hotels\/hotel-casella#breadcrumb"},"inLanguage":"fr-FR","potentialAction":[{"@type":"ReadAction","target":["https:\/\/www.italyfamilyhotels.it\/fr\/hotels\/hotel-casella"]}]},{"@type":"BreadcrumbList","@id":"https:\/\/www.italyfamilyhotels.it\/fr\/hotels\/hotel-casella#breadcrumb","itemListElement":[{"@type":"ListItem","position":1,"name":"Home","item":"https:\/\/www.italyfamilyhotels.it\/fr"},{"@type":"ListItem","position":2,"name":"Family Hotels","item":"https:\/\/www.italyfamilyhotels.it\/fr\/hotels"},{"@type":"ListItem","position":3,"name":"H\u00f4tel Casella"}]},{"@type":"WebSite","@id":"https:\/\/www.italyfamilyhotels.it\/#website","url":"https:\/\/www.italyfamilyhotels.it\/","name":"Italy Family Hotels","description":"","potentialAction":[{"@type":"SearchAction","target":{"@type":"EntryPoint","urlTemplate":"https:\/\/www.italyfamilyhotels.it\/?s={search_term_string}"},"query-input":{"@type":"PropertyValueSpecification","valueRequired":true,"valueName":"search_term_string"}}],"inLanguage":"fr-FR"}]}},"_links":{"self":[{"href":"https:\/\/www.italyfamilyhotels.it\/fr\/wp-json\/wp\/v2\/pages\/43240","targetHints":{"allow":["GET"]}}],"collection":[{"href":"https:\/\/www.italyfamilyhotels.it\/fr\/wp-json\/wp\/v2\/pages"}],"about":[{"href":"https:\/\/www.italyfamilyhotels.it\/fr\/wp-json\/wp\/v2\/types\/page"}],"author":[{"embeddable":true,"href":"https:\/\/www.italyfamilyhotels.it\/fr\/wp-json\/wp\/v2\/users\/50"}],"replies":[{"embeddable":true,"href":"https:\/\/www.italyfamilyhotels.it\/fr\/wp-json\/wp\/v2\/comments?post=43240"}],"version-history":[{"count":1,"href":"https:\/\/www.italyfamilyhotels.it\/fr\/wp-json\/wp\/v2\/pages\/43240\/revisions"}],"predecessor-version":[{"id":43241,"href":"https:\/\/www.italyfamilyhotels.it\/fr\/wp-json\/wp\/v2\/pages\/43240\/revisions\/43241"}],"up":[{"embeddable":true,"href":"https:\/\/www.italyfamilyhotels.it\/fr\/wp-json\/wp\/v2\/pages\/29729"}],"wp:attachment":[{"href":"https:\/\/www.italyfamilyhotels.it\/fr\/wp-json\/wp\/v2\/media?parent=43240"}],"curies":[{"name":"wp","href":"https:\/\/api.w.org\/{rel}","templated":true}]}}