{"id":43238,"date":"2023-01-23T13:45:56","date_gmt":"2023-01-23T12:45:56","guid":{"rendered":"https:\/\/www.italyfamilyhotels.it\/hotels\/hotel-mediterraneo-club-benessere"},"modified":"2025-08-27T10:38:46","modified_gmt":"2025-08-27T08:38:46","slug":"hotel-mediterraneo-club-benessere","status":"publish","type":"page","link":"https:\/\/www.italyfamilyhotels.it\/fr\/hotels\/hotel-mediterraneo-club-benessere","title":{"rendered":"H\u00f4tel Mediterraneo Club Benessere"},"content":{"rendered":"\n<p>Un style unique et p\u00e9tillant, associ\u00e9 \u00e0 un confort et des services sp\u00e9cialement con\u00e7us pour les familles, avec une pinc\u00e9e d&#8217;\u00e2me romagnole. Tels sont les principaux ingr\u00e9dients de vos vacances ici \u00e0 l\u2019<b>H\u00f4tel Mediterraneo Club Benessere<\/b> de<b> Bellaria-Igea Marina<\/b>.<\/p>\n\n\n\n<p>La <b>mascotte Giag\u00f9 <\/b>est le roi d&#8217;un monde enti\u00e8rement d\u00e9di\u00e9 aux plus jeunes, <b>Giagulandia<\/b>, une salle int\u00e9rieure avec un riche programme d&#8217;activit\u00e9s, con\u00e7u par notre \u00e9quipe d&#8217;animation. Nous attendons les enfants \u00e0 la <b>piscine de 10h00 \u00e0 12h30<\/b>, puis feu vert au film avec le <b>Baby Cinema<\/b>, puis <b>d\u00e9jeuner et d\u00eener tous ensemble<\/b>, le <b>go\u00fbter enfant<\/b>, les jeux entre <b>structures gonflables<\/b>, <b>baby-dance<\/b>, <b>cracheurs de feu<\/b>, <b>jongleurs <\/b>et <b>danseurs<\/b>, pour un divertissement sans fin <b>du matin au soir<\/b>\u00a0!<\/p>\n\n\n\n<p>Et pendant que les enfants s&#8217;affairent avec nous, vous et votre douce moiti\u00e9 pouvez profiter du <b>Spa Mediterraneo Benessere<\/b>, avec piscine d&#8217;eau sal\u00e9e chauff\u00e9e \u00e0 35\u00a0\u00b0C, bains \u00e0 remous extr\u00eames, sauna, bain turc, cascade froide r\u00e9g\u00e9n\u00e9rante, brume froide, fontaine de glace, douches \u00e9motionnelles, jardin de sel, solarium, <b>piscine ext\u00e9rieure avec eau chauff\u00e9e \u00e0 30\u00a0\u00b0C<\/b> et salle de sport. Pour une pure d\u00e9tente, vous avez \u00e9galement la possibilit\u00e9 de vous faire masser et de profiter de soins de beaut\u00e9.<\/p>\n\n\n\n<p>Vous ne pouvez pas passer des vacances en Romagne sans un passage \u00e0 la mer. C&#8217;est pourquoi, \u00e0 seulement 200 m\u00e8tres de l&#8217;h\u00f4tel, la <b>plage affili\u00e9e de sable fin<\/b>, avec son exclusif <b>bar-salon<\/b>, ses <b>animations <\/b>et <b>terrains de beach-volley<\/b>, de <b>tennis de plage<\/b>, de <b>p\u00e9tanque <\/b>et <b>espace de remise en forme<\/b> est un passage oblig\u00e9.<\/p>\n","protected":false},"excerpt":{"rendered":"<p>Un style unique et p\u00e9tillant, associ\u00e9 \u00e0 un confort et des services sp\u00e9cialement con\u00e7us pour les familles, avec une pinc\u00e9e d&#8217;\u00e2me romagnole. Tels sont les principaux ingr\u00e9dients de vos vacances ici \u00e0 l\u2019H\u00f4tel Mediterraneo Club Benessere de Bellaria-Igea Marina. La mascotte Giag\u00f9 est le roi d&#8217;un monde enti\u00e8rement d\u00e9di\u00e9 aux plus jeunes, Giagulandia, une salle &hellip;<\/p>\n","protected":false},"author":76,"featured_media":0,"parent":29729,"menu_order":0,"comment_status":"closed","ping_status":"closed","template":"page-templates\/scheda_hotel.php","meta":{"_acf_changed":false,"inline_featured_image":false,"footnotes":""},"class_list":["post-43238","page","type-page","status-publish","hentry"],"acf":[],"yoast_head":"<!-- This site is optimized with the Yoast SEO plugin v27.1 - https:\/\/yoast.com\/product\/yoast-seo-wordpress\/ -->\n<title>H\u00f4tel Mediterraneo Club Benessere 4 \u00e9toiles, Bellaria Igea Marina<\/title>\n<meta name=\"description\" content=\"Envie de vacances en famille\u00a0? D\u00e9couvrez les offres pour familles de l\u2019H\u00f4tel Mediterraneo Club Benessere a Bellaria Igea Marina\" \/>\n<meta name=\"robots\" content=\"index, follow, max-snippet:-1, max-image-preview:large, max-video-preview:-1\" \/>\n<link rel=\"canonical\" href=\"https:\/\/www.italyfamilyhotels.it\/fr\/hotels\/hotel-mediterraneo-club-benessere\" \/>\n<meta property=\"og:locale\" content=\"fr_FR\" \/>\n<meta property=\"og:type\" content=\"article\" \/>\n<meta property=\"og:title\" content=\"H\u00f4tel Mediterraneo Club Benessere 4 \u00e9toiles, Bellaria Igea Marina\" \/>\n<meta property=\"og:description\" content=\"Envie de vacances en famille\u00a0? D\u00e9couvrez les offres pour familles de l\u2019H\u00f4tel Mediterraneo Club Benessere a Bellaria Igea Marina\" \/>\n<meta property=\"og:url\" content=\"https:\/\/www.italyfamilyhotels.it\/fr\/hotels\/hotel-mediterraneo-club-benessere\" \/>\n<meta property=\"og:site_name\" content=\"Italy Family Hotels\" \/>\n<meta property=\"article:publisher\" content=\"https:\/\/www.facebook.com\/ItalyFamilyHotels\/\" \/>\n<meta property=\"article:modified_time\" content=\"2025-08-27T08:38:46+00:00\" \/>\n<meta name=\"twitter:card\" content=\"summary_large_image\" \/>\n<meta name=\"twitter:label1\" content=\"Dur\u00e9e de lecture estim\u00e9e\" \/>\n\t<meta name=\"twitter:data1\" content=\"1 minute\" \/>\n<script type=\"application\/ld+json\" class=\"yoast-schema-graph\">{\"@context\":\"https:\/\/schema.org\",\"@graph\":[{\"@type\":\"WebPage\",\"@id\":\"https:\/\/www.italyfamilyhotels.it\/fr\/hotels\/hotel-mediterraneo-club-benessere\",\"url\":\"https:\/\/www.italyfamilyhotels.it\/fr\/hotels\/hotel-mediterraneo-club-benessere\",\"name\":\"H\u00f4tel Mediterraneo Club Benessere 4 \u00e9toiles, Bellaria Igea Marina\",\"isPartOf\":{\"@id\":\"https:\/\/www.italyfamilyhotels.it\/#website\"},\"datePublished\":\"2023-01-23T12:45:56+00:00\",\"dateModified\":\"2025-08-27T08:38:46+00:00\",\"description\":\"Envie de vacances en famille\u00a0? D\u00e9couvrez les offres pour familles de l\u2019H\u00f4tel Mediterraneo Club Benessere a Bellaria Igea Marina\",\"breadcrumb\":{\"@id\":\"https:\/\/www.italyfamilyhotels.it\/fr\/hotels\/hotel-mediterraneo-club-benessere#breadcrumb\"},\"inLanguage\":\"fr-FR\",\"potentialAction\":[{\"@type\":\"ReadAction\",\"target\":[\"https:\/\/www.italyfamilyhotels.it\/fr\/hotels\/hotel-mediterraneo-club-benessere\"]}]},{\"@type\":\"BreadcrumbList\",\"@id\":\"https:\/\/www.italyfamilyhotels.it\/fr\/hotels\/hotel-mediterraneo-club-benessere#breadcrumb\",\"itemListElement\":[{\"@type\":\"ListItem\",\"position\":1,\"name\":\"Home\",\"item\":\"https:\/\/www.italyfamilyhotels.it\/fr\"},{\"@type\":\"ListItem\",\"position\":2,\"name\":\"Family Hotels\",\"item\":\"https:\/\/www.italyfamilyhotels.it\/fr\/hotels\"},{\"@type\":\"ListItem\",\"position\":3,\"name\":\"H\u00f4tel Mediterraneo Club Benessere\"}]},{\"@type\":\"WebSite\",\"@id\":\"https:\/\/www.italyfamilyhotels.it\/#website\",\"url\":\"https:\/\/www.italyfamilyhotels.it\/\",\"name\":\"Italy Family Hotels\",\"description\":\"\",\"potentialAction\":[{\"@type\":\"SearchAction\",\"target\":{\"@type\":\"EntryPoint\",\"urlTemplate\":\"https:\/\/www.italyfamilyhotels.it\/?s={search_term_string}\"},\"query-input\":{\"@type\":\"PropertyValueSpecification\",\"valueRequired\":true,\"valueName\":\"search_term_string\"}}],\"inLanguage\":\"fr-FR\"}]}<\/script>\n<!-- \/ Yoast SEO plugin. -->","yoast_head_json":{"title":"H\u00f4tel Mediterraneo Club Benessere 4 \u00e9toiles, Bellaria Igea Marina","description":"Envie de vacances en famille\u00a0? D\u00e9couvrez les offres pour familles de l\u2019H\u00f4tel Mediterraneo Club Benessere a Bellaria Igea Marina","robots":{"index":"index","follow":"follow","max-snippet":"max-snippet:-1","max-image-preview":"max-image-preview:large","max-video-preview":"max-video-preview:-1"},"canonical":"https:\/\/www.italyfamilyhotels.it\/fr\/hotels\/hotel-mediterraneo-club-benessere","og_locale":"fr_FR","og_type":"article","og_title":"H\u00f4tel Mediterraneo Club Benessere 4 \u00e9toiles, Bellaria Igea Marina","og_description":"Envie de vacances en famille\u00a0? D\u00e9couvrez les offres pour familles de l\u2019H\u00f4tel Mediterraneo Club Benessere a Bellaria Igea Marina","og_url":"https:\/\/www.italyfamilyhotels.it\/fr\/hotels\/hotel-mediterraneo-club-benessere","og_site_name":"Italy Family Hotels","article_publisher":"https:\/\/www.facebook.com\/ItalyFamilyHotels\/","article_modified_time":"2025-08-27T08:38:46+00:00","twitter_card":"summary_large_image","twitter_misc":{"Dur\u00e9e de lecture estim\u00e9e":"1 minute"},"schema":{"@context":"https:\/\/schema.org","@graph":[{"@type":"WebPage","@id":"https:\/\/www.italyfamilyhotels.it\/fr\/hotels\/hotel-mediterraneo-club-benessere","url":"https:\/\/www.italyfamilyhotels.it\/fr\/hotels\/hotel-mediterraneo-club-benessere","name":"H\u00f4tel Mediterraneo Club Benessere 4 \u00e9toiles, Bellaria Igea Marina","isPartOf":{"@id":"https:\/\/www.italyfamilyhotels.it\/#website"},"datePublished":"2023-01-23T12:45:56+00:00","dateModified":"2025-08-27T08:38:46+00:00","description":"Envie de vacances en famille\u00a0? D\u00e9couvrez les offres pour familles de l\u2019H\u00f4tel Mediterraneo Club Benessere a Bellaria Igea Marina","breadcrumb":{"@id":"https:\/\/www.italyfamilyhotels.it\/fr\/hotels\/hotel-mediterraneo-club-benessere#breadcrumb"},"inLanguage":"fr-FR","potentialAction":[{"@type":"ReadAction","target":["https:\/\/www.italyfamilyhotels.it\/fr\/hotels\/hotel-mediterraneo-club-benessere"]}]},{"@type":"BreadcrumbList","@id":"https:\/\/www.italyfamilyhotels.it\/fr\/hotels\/hotel-mediterraneo-club-benessere#breadcrumb","itemListElement":[{"@type":"ListItem","position":1,"name":"Home","item":"https:\/\/www.italyfamilyhotels.it\/fr"},{"@type":"ListItem","position":2,"name":"Family Hotels","item":"https:\/\/www.italyfamilyhotels.it\/fr\/hotels"},{"@type":"ListItem","position":3,"name":"H\u00f4tel Mediterraneo Club Benessere"}]},{"@type":"WebSite","@id":"https:\/\/www.italyfamilyhotels.it\/#website","url":"https:\/\/www.italyfamilyhotels.it\/","name":"Italy Family Hotels","description":"","potentialAction":[{"@type":"SearchAction","target":{"@type":"EntryPoint","urlTemplate":"https:\/\/www.italyfamilyhotels.it\/?s={search_term_string}"},"query-input":{"@type":"PropertyValueSpecification","valueRequired":true,"valueName":"search_term_string"}}],"inLanguage":"fr-FR"}]}},"_links":{"self":[{"href":"https:\/\/www.italyfamilyhotels.it\/fr\/wp-json\/wp\/v2\/pages\/43238","targetHints":{"allow":["GET"]}}],"collection":[{"href":"https:\/\/www.italyfamilyhotels.it\/fr\/wp-json\/wp\/v2\/pages"}],"about":[{"href":"https:\/\/www.italyfamilyhotels.it\/fr\/wp-json\/wp\/v2\/types\/page"}],"author":[{"embeddable":true,"href":"https:\/\/www.italyfamilyhotels.it\/fr\/wp-json\/wp\/v2\/users\/76"}],"replies":[{"embeddable":true,"href":"https:\/\/www.italyfamilyhotels.it\/fr\/wp-json\/wp\/v2\/comments?post=43238"}],"version-history":[{"count":1,"href":"https:\/\/www.italyfamilyhotels.it\/fr\/wp-json\/wp\/v2\/pages\/43238\/revisions"}],"predecessor-version":[{"id":43239,"href":"https:\/\/www.italyfamilyhotels.it\/fr\/wp-json\/wp\/v2\/pages\/43238\/revisions\/43239"}],"up":[{"embeddable":true,"href":"https:\/\/www.italyfamilyhotels.it\/fr\/wp-json\/wp\/v2\/pages\/29729"}],"wp:attachment":[{"href":"https:\/\/www.italyfamilyhotels.it\/fr\/wp-json\/wp\/v2\/media?parent=43238"}],"curies":[{"name":"wp","href":"https:\/\/api.w.org\/{rel}","templated":true}]}}