{"id":43236,"date":"2023-01-23T13:45:43","date_gmt":"2023-01-23T12:45:43","guid":{"rendered":"https:\/\/www.italyfamilyhotels.it\/hotels\/hotel-promenade"},"modified":"2023-01-23T13:57:38","modified_gmt":"2023-01-23T12:57:38","slug":"hotel-promenade","status":"publish","type":"page","link":"https:\/\/www.italyfamilyhotels.it\/fr\/hotels\/hotel-promenade","title":{"rendered":"H\u00f4tel Promenade"},"content":{"rendered":"\n<p>Ici, \u00e0 l&#8217;H\u00f4tel Promenade, nous sommes en bord de mer, entour\u00e9s d&#8217;une magnifique <b>pin\u00e8de priv\u00e9e de 3\u00a0000 m\u00b2 <\/b>parfaite pour se d\u00e9tendre \u00e0 l&#8217;ombre des pins, jouer et s&#8217;amuser, avant de plonger dans notre <b>plage priv\u00e9e<\/b>. <b>Terrains de boules, beach-volley, tennis et ping-pong<\/b>,\u00a0<b>terrasse face \u00e0 la mer pour un ap\u00e9ritif frais, aire de jeux pour les plus petits<\/b>\u00a0avec toboggans, salle de gym, bref, le divertissement est garanti\u00a0!<\/p>\n\n\n\n<p>Les petits h\u00f4tes trouveront de grands espaces pour courir, sauter et se d\u00e9fouler, <b>deux aires de jeux color\u00e9es<\/b> et&#8230; une super <b>piscine ext\u00e9rieure avec zone peu profonde<\/b>. Chaque semaine, l\u2019<b>\u00e9quipe d&#8217;animation<\/b> donne rendez-vous \u00e0 tous les enfants pour des <b>tournois<\/b>, <b>spectacles<\/b>, <b>s\u00e9ances de danse <\/b>et <b>laboratoires <\/b>aussi bien dans la <b>salle interne<\/b> qu&#8217;\u00e0 l&#8217;ext\u00e9rieur. Et l&#8217;apr\u00e8s-midi, un d\u00e9licieux <b>go\u00fbter <\/b>avec des g\u00e2teaux, des biscuits, du lait, des yaourts, du th\u00e9 et une F\u00eate du Nutella surprise vous attendent\u00a0!<\/p>\n\n\n\n<p>Ici, l&#8217;animation ici est aussi pour maman et papa, qui peuvent participer tout au long de la journ\u00e9e \u00e0 des <b>cours de gymnastique<\/b>, d\u2019<b>aquagym<\/b>, des <b>tournois de volley-ball <\/b>et de <b>tennis de plage<\/b>.<\/p>\n\n\n\n<p>Un pratique <b>parking couvert et ferm\u00e9 gratuit<\/b> est mis \u00e0 votre disposition, dans lequel vous pouvez laisser votre voiture ainsi que des <b>v\u00e9los avec \u00e9quipements pour enfants <\/b>pour pouvoir explorer les environs confortablement\u00a0!<\/p>\n\n\n\n<p>Dans votre chambre, vous trouverez tout ce dont vous avez besoin pour voyager l\u00e9ger, tandis qu&#8217;au restaurant, nos doux chefs sont toujours disponibles pour pr\u00e9parer des <b>alternatives pour b\u00e9b\u00e9<\/b> et <b>enfants<\/b>.<\/p>\n","protected":false},"excerpt":{"rendered":"<p>Ici, \u00e0 l&#8217;H\u00f4tel Promenade, nous sommes en bord de mer, entour\u00e9s d&#8217;une magnifique pin\u00e8de priv\u00e9e de 3\u00a0000 m\u00b2 parfaite pour se d\u00e9tendre \u00e0 l&#8217;ombre des pins, jouer et s&#8217;amuser, avant de plonger dans notre plage priv\u00e9e. Terrains de boules, beach-volley, tennis et ping-pong,\u00a0terrasse face \u00e0 la mer pour un ap\u00e9ritif frais, aire de jeux pour &hellip;<\/p>\n","protected":false},"author":90,"featured_media":0,"parent":29729,"menu_order":0,"comment_status":"closed","ping_status":"closed","template":"page-templates\/scheda_hotel.php","meta":{"_acf_changed":false,"inline_featured_image":false,"footnotes":""},"class_list":["post-43236","page","type-page","status-publish","hentry"],"acf":[],"yoast_head":"<!-- This site is optimized with the Yoast SEO plugin v27.1 - https:\/\/yoast.com\/product\/yoast-seo-wordpress\/ -->\n<title>H\u00f4tel Promenade 3 \u00e9toiles, Giulianova Lido<\/title>\n<meta name=\"description\" content=\"Envie de vacances en famille\u00a0? D\u00e9couvrez les offres pour familles de l\u2019H\u00f4tel Promenade \u00e0 Giulianova Lido\" \/>\n<meta name=\"robots\" content=\"index, follow, max-snippet:-1, max-image-preview:large, max-video-preview:-1\" \/>\n<link rel=\"canonical\" href=\"https:\/\/www.italyfamilyhotels.it\/fr\/hotels\/hotel-promenade\" \/>\n<meta property=\"og:locale\" content=\"fr_FR\" \/>\n<meta property=\"og:type\" content=\"article\" \/>\n<meta property=\"og:title\" content=\"H\u00f4tel Promenade 3 \u00e9toiles, Giulianova Lido\" \/>\n<meta property=\"og:description\" content=\"Envie de vacances en famille\u00a0? D\u00e9couvrez les offres pour familles de l\u2019H\u00f4tel Promenade \u00e0 Giulianova Lido\" \/>\n<meta property=\"og:url\" content=\"https:\/\/www.italyfamilyhotels.it\/fr\/hotels\/hotel-promenade\" \/>\n<meta property=\"og:site_name\" content=\"Italy Family Hotels\" \/>\n<meta property=\"article:publisher\" content=\"https:\/\/www.facebook.com\/ItalyFamilyHotels\/\" \/>\n<meta property=\"article:modified_time\" content=\"2023-01-23T12:57:38+00:00\" \/>\n<meta name=\"twitter:card\" content=\"summary_large_image\" \/>\n<meta name=\"twitter:label1\" content=\"Dur\u00e9e de lecture estim\u00e9e\" \/>\n\t<meta name=\"twitter:data1\" content=\"1 minute\" \/>\n<script type=\"application\/ld+json\" class=\"yoast-schema-graph\">{\"@context\":\"https:\/\/schema.org\",\"@graph\":[{\"@type\":\"WebPage\",\"@id\":\"https:\/\/www.italyfamilyhotels.it\/fr\/hotels\/hotel-promenade\",\"url\":\"https:\/\/www.italyfamilyhotels.it\/fr\/hotels\/hotel-promenade\",\"name\":\"H\u00f4tel Promenade 3 \u00e9toiles, Giulianova Lido\",\"isPartOf\":{\"@id\":\"https:\/\/www.italyfamilyhotels.it\/#website\"},\"datePublished\":\"2023-01-23T12:45:43+00:00\",\"dateModified\":\"2023-01-23T12:57:38+00:00\",\"description\":\"Envie de vacances en famille\u00a0? D\u00e9couvrez les offres pour familles de l\u2019H\u00f4tel Promenade \u00e0 Giulianova Lido\",\"breadcrumb\":{\"@id\":\"https:\/\/www.italyfamilyhotels.it\/fr\/hotels\/hotel-promenade#breadcrumb\"},\"inLanguage\":\"fr-FR\",\"potentialAction\":[{\"@type\":\"ReadAction\",\"target\":[\"https:\/\/www.italyfamilyhotels.it\/fr\/hotels\/hotel-promenade\"]}]},{\"@type\":\"BreadcrumbList\",\"@id\":\"https:\/\/www.italyfamilyhotels.it\/fr\/hotels\/hotel-promenade#breadcrumb\",\"itemListElement\":[{\"@type\":\"ListItem\",\"position\":1,\"name\":\"Home\",\"item\":\"https:\/\/www.italyfamilyhotels.it\/fr\"},{\"@type\":\"ListItem\",\"position\":2,\"name\":\"Family Hotels\",\"item\":\"https:\/\/www.italyfamilyhotels.it\/fr\/hotels\"},{\"@type\":\"ListItem\",\"position\":3,\"name\":\"H\u00f4tel Promenade\"}]},{\"@type\":\"WebSite\",\"@id\":\"https:\/\/www.italyfamilyhotels.it\/#website\",\"url\":\"https:\/\/www.italyfamilyhotels.it\/\",\"name\":\"Italy Family Hotels\",\"description\":\"\",\"potentialAction\":[{\"@type\":\"SearchAction\",\"target\":{\"@type\":\"EntryPoint\",\"urlTemplate\":\"https:\/\/www.italyfamilyhotels.it\/?s={search_term_string}\"},\"query-input\":{\"@type\":\"PropertyValueSpecification\",\"valueRequired\":true,\"valueName\":\"search_term_string\"}}],\"inLanguage\":\"fr-FR\"}]}<\/script>\n<!-- \/ Yoast SEO plugin. -->","yoast_head_json":{"title":"H\u00f4tel Promenade 3 \u00e9toiles, Giulianova Lido","description":"Envie de vacances en famille\u00a0? D\u00e9couvrez les offres pour familles de l\u2019H\u00f4tel Promenade \u00e0 Giulianova Lido","robots":{"index":"index","follow":"follow","max-snippet":"max-snippet:-1","max-image-preview":"max-image-preview:large","max-video-preview":"max-video-preview:-1"},"canonical":"https:\/\/www.italyfamilyhotels.it\/fr\/hotels\/hotel-promenade","og_locale":"fr_FR","og_type":"article","og_title":"H\u00f4tel Promenade 3 \u00e9toiles, Giulianova Lido","og_description":"Envie de vacances en famille\u00a0? D\u00e9couvrez les offres pour familles de l\u2019H\u00f4tel Promenade \u00e0 Giulianova Lido","og_url":"https:\/\/www.italyfamilyhotels.it\/fr\/hotels\/hotel-promenade","og_site_name":"Italy Family Hotels","article_publisher":"https:\/\/www.facebook.com\/ItalyFamilyHotels\/","article_modified_time":"2023-01-23T12:57:38+00:00","twitter_card":"summary_large_image","twitter_misc":{"Dur\u00e9e de lecture estim\u00e9e":"1 minute"},"schema":{"@context":"https:\/\/schema.org","@graph":[{"@type":"WebPage","@id":"https:\/\/www.italyfamilyhotels.it\/fr\/hotels\/hotel-promenade","url":"https:\/\/www.italyfamilyhotels.it\/fr\/hotels\/hotel-promenade","name":"H\u00f4tel Promenade 3 \u00e9toiles, Giulianova Lido","isPartOf":{"@id":"https:\/\/www.italyfamilyhotels.it\/#website"},"datePublished":"2023-01-23T12:45:43+00:00","dateModified":"2023-01-23T12:57:38+00:00","description":"Envie de vacances en famille\u00a0? D\u00e9couvrez les offres pour familles de l\u2019H\u00f4tel Promenade \u00e0 Giulianova Lido","breadcrumb":{"@id":"https:\/\/www.italyfamilyhotels.it\/fr\/hotels\/hotel-promenade#breadcrumb"},"inLanguage":"fr-FR","potentialAction":[{"@type":"ReadAction","target":["https:\/\/www.italyfamilyhotels.it\/fr\/hotels\/hotel-promenade"]}]},{"@type":"BreadcrumbList","@id":"https:\/\/www.italyfamilyhotels.it\/fr\/hotels\/hotel-promenade#breadcrumb","itemListElement":[{"@type":"ListItem","position":1,"name":"Home","item":"https:\/\/www.italyfamilyhotels.it\/fr"},{"@type":"ListItem","position":2,"name":"Family Hotels","item":"https:\/\/www.italyfamilyhotels.it\/fr\/hotels"},{"@type":"ListItem","position":3,"name":"H\u00f4tel Promenade"}]},{"@type":"WebSite","@id":"https:\/\/www.italyfamilyhotels.it\/#website","url":"https:\/\/www.italyfamilyhotels.it\/","name":"Italy Family Hotels","description":"","potentialAction":[{"@type":"SearchAction","target":{"@type":"EntryPoint","urlTemplate":"https:\/\/www.italyfamilyhotels.it\/?s={search_term_string}"},"query-input":{"@type":"PropertyValueSpecification","valueRequired":true,"valueName":"search_term_string"}}],"inLanguage":"fr-FR"}]}},"_links":{"self":[{"href":"https:\/\/www.italyfamilyhotels.it\/fr\/wp-json\/wp\/v2\/pages\/43236","targetHints":{"allow":["GET"]}}],"collection":[{"href":"https:\/\/www.italyfamilyhotels.it\/fr\/wp-json\/wp\/v2\/pages"}],"about":[{"href":"https:\/\/www.italyfamilyhotels.it\/fr\/wp-json\/wp\/v2\/types\/page"}],"author":[{"embeddable":true,"href":"https:\/\/www.italyfamilyhotels.it\/fr\/wp-json\/wp\/v2\/users\/90"}],"replies":[{"embeddable":true,"href":"https:\/\/www.italyfamilyhotels.it\/fr\/wp-json\/wp\/v2\/comments?post=43236"}],"version-history":[{"count":1,"href":"https:\/\/www.italyfamilyhotels.it\/fr\/wp-json\/wp\/v2\/pages\/43236\/revisions"}],"predecessor-version":[{"id":43237,"href":"https:\/\/www.italyfamilyhotels.it\/fr\/wp-json\/wp\/v2\/pages\/43236\/revisions\/43237"}],"up":[{"embeddable":true,"href":"https:\/\/www.italyfamilyhotels.it\/fr\/wp-json\/wp\/v2\/pages\/29729"}],"wp:attachment":[{"href":"https:\/\/www.italyfamilyhotels.it\/fr\/wp-json\/wp\/v2\/media?parent=43236"}],"curies":[{"name":"wp","href":"https:\/\/api.w.org\/{rel}","templated":true}]}}