{"id":43234,"date":"2023-01-23T13:45:20","date_gmt":"2023-01-23T12:45:20","guid":{"rendered":"https:\/\/www.italyfamilyhotels.it\/hotels\/emhotel-europa-monetti"},"modified":"2025-05-21T13:10:16","modified_gmt":"2025-05-21T11:10:16","slug":"emhotel-europa-monetti","status":"publish","type":"page","link":"https:\/\/www.italyfamilyhotels.it\/fr\/hotels\/emhotel-europa-monetti","title":{"rendered":"EM|Europa Monetti"},"content":{"rendered":"\n<p>Nous vous souhaitons la bienvenue au <b>EM|Europa Monetti<\/b>, un h\u00f4tel pour enfants heureux&#8230; et parents d\u00e9tendus\u00a0! Nous nous trouvons en plein centre, avec vue directe sur l&#8217;\u00e9l\u00e9gante <b>zone pi\u00e9tonne de Cattolica<\/b>. Il suffit d\u2019une courte marche se rendre sur notre <b>plage priv\u00e9e<\/b>, avec parasols, transats, splendides pergolas, animations, terrains de beach-volley et de beach-tennis, sans oublier la dog-beach, o\u00f9 les ma\u00eetres-mots sont confort, d\u00e9tente et divertissement.<\/p>\n\n\n\n<p>Si vous pr\u00e9f\u00e9rez rester \u00e0 l&#8217;h\u00f4tel, vous y trouverez une grande <b>piscine avec bains \u00e0 remous et cascade<\/b>, divis\u00e9s en trois zones, et donc \u00e9galement adapt\u00e9 aux plus petits. Gardez l&#8217;\u0153il ouvert, car vous pourriez voir un dr\u00f4le d&#8217;aileron sortir de l&#8217;eau&nbsp;: ne vous inqui\u00e9tez pas, il s&#8217;agit <b>Pasqualo<\/b>&nbsp;! Notre mascotte est un gentil petit requin joueur qui aime s&#8217;amuser, faire des blagues et, avec l&#8217;\u00e9quipe d&#8217;animation professionnelle, vous propose <b>7 jours de divertissement non-stop<\/b>. La plage, la piscine et la salle de jeux <b>La Baie de Pasqualo<\/b>, s&#8217;animent avec des ateliers, des chasses au tr\u00e9sor, des mini-tournois et des spectacles. Nous proposons notamment des <b>excursions guid\u00e9es<\/b> en bateau, \u00e0 Gradara, \u00e0 l&#8217;Aquarium de Cattolica et un fantastique <b>d\u00eeners avec les animateurs<\/b>.<\/p>\n\n\n\n<p>Nous savons \u00e0 quel point il est important de passer du bon temps et de se d\u00e9connecter, c&#8217;est pourquoi, pendant que vos enfants s&#8217;amusent avec nous, vous pourrez vivre une<b> exp\u00e9rience r\u00e9g\u00e9n\u00e9rante et multisensorielle dans notre centre thermal<\/b>, entre douche \u00e9motionnelle, douche \u00e9cossaise, mini piscine avec jacuzzi, soins et espace d\u00e9tente avec tisanes.<\/p>\n\n\n\n<p>Et nous souhaitons de plus vous r\u00e9v\u00e9ler un secret qui vous plaira sans aucun doute&nbsp;: vous pourrez vous d\u00e9tendre d\u00e8s votre arriv\u00e9e, car <b>ce dont vous avez besoin pour des vacances avec vos enfants sera d\u00e9j\u00e0 \u00e0 votre disposition<\/b>. Dans la chambre, vous trouverez un lit de camping, une baignoire \u00e0 b\u00e9b\u00e9, une table \u00e0 langer, un chauffe-biberon, un r\u00e9ducteur de toilettes ; dans le <b>restaurant La Taverna di Pasqualo<\/b>, vous trouverez toujours des couverts pour enfants, des chaises hautes, des menus savoureux ; et <b>la cuisine avec choix d\u2019aliments pour b\u00e9b\u00e9s est ouverte 24h\/24 et 7j\/7<\/b>, avec tout ce dont vous avez besoin pour le sevrage. Pensez seulement \u00e0 prendre vos v\u00eatements, nous nous occupons du reste, \u00e9galement d\u2019un <b>service de p\u00e9diatrie<\/b>&nbsp;!<\/p>\n","protected":false},"excerpt":{"rendered":"<p>Nous vous souhaitons la bienvenue au EM|Europa Monetti, un h\u00f4tel pour enfants heureux&#8230; et parents d\u00e9tendus\u00a0! Nous nous trouvons en plein centre, avec vue directe sur l&#8217;\u00e9l\u00e9gante zone pi\u00e9tonne de Cattolica. Il suffit d\u2019une courte marche se rendre sur notre plage priv\u00e9e, avec parasols, transats, splendides pergolas, animations, terrains de beach-volley et de beach-tennis, sans &hellip;<\/p>\n","protected":false},"author":23,"featured_media":0,"parent":29729,"menu_order":0,"comment_status":"closed","ping_status":"closed","template":"page-templates\/scheda_hotel.php","meta":{"_acf_changed":false,"inline_featured_image":false,"footnotes":""},"class_list":["post-43234","page","type-page","status-publish","hentry"],"acf":[],"yoast_head":"<!-- This site is optimized with the Yoast SEO plugin v27.1 - https:\/\/yoast.com\/product\/yoast-seo-wordpress\/ -->\n<title>EM|Europa Monetti 4 \u00e9toiles, Cattolica<\/title>\n<meta name=\"description\" content=\"Envie de vacances en famille\u00a0? D\u00e9couvrez les offres pour familles de l\u2019EM|Europa Monetti a Cattolica\" \/>\n<meta name=\"robots\" content=\"index, follow, max-snippet:-1, max-image-preview:large, max-video-preview:-1\" \/>\n<link rel=\"canonical\" href=\"https:\/\/www.italyfamilyhotels.it\/fr\/hotels\/emhotel-europa-monetti\" \/>\n<meta property=\"og:locale\" content=\"fr_FR\" \/>\n<meta property=\"og:type\" content=\"article\" \/>\n<meta property=\"og:title\" content=\"EM|Europa Monetti 4 \u00e9toiles, Cattolica\" \/>\n<meta property=\"og:description\" content=\"Envie de vacances en famille\u00a0? D\u00e9couvrez les offres pour familles de l\u2019EM|Europa Monetti a Cattolica\" \/>\n<meta property=\"og:url\" content=\"https:\/\/www.italyfamilyhotels.it\/fr\/hotels\/emhotel-europa-monetti\" \/>\n<meta property=\"og:site_name\" content=\"Italy Family Hotels\" \/>\n<meta property=\"article:publisher\" content=\"https:\/\/www.facebook.com\/ItalyFamilyHotels\/\" \/>\n<meta property=\"article:modified_time\" content=\"2025-05-21T11:10:16+00:00\" \/>\n<meta name=\"twitter:card\" content=\"summary_large_image\" \/>\n<meta name=\"twitter:label1\" content=\"Dur\u00e9e de lecture estim\u00e9e\" \/>\n\t<meta name=\"twitter:data1\" content=\"2 minutes\" \/>\n<script type=\"application\/ld+json\" class=\"yoast-schema-graph\">{\"@context\":\"https:\/\/schema.org\",\"@graph\":[{\"@type\":\"WebPage\",\"@id\":\"https:\/\/www.italyfamilyhotels.it\/fr\/hotels\/emhotel-europa-monetti\",\"url\":\"https:\/\/www.italyfamilyhotels.it\/fr\/hotels\/emhotel-europa-monetti\",\"name\":\"EM|Europa Monetti 4 \u00e9toiles, Cattolica\",\"isPartOf\":{\"@id\":\"https:\/\/www.italyfamilyhotels.it\/#website\"},\"datePublished\":\"2023-01-23T12:45:20+00:00\",\"dateModified\":\"2025-05-21T11:10:16+00:00\",\"description\":\"Envie de vacances en famille\u00a0? D\u00e9couvrez les offres pour familles de l\u2019EM|Europa Monetti a Cattolica\",\"breadcrumb\":{\"@id\":\"https:\/\/www.italyfamilyhotels.it\/fr\/hotels\/emhotel-europa-monetti#breadcrumb\"},\"inLanguage\":\"fr-FR\",\"potentialAction\":[{\"@type\":\"ReadAction\",\"target\":[\"https:\/\/www.italyfamilyhotels.it\/fr\/hotels\/emhotel-europa-monetti\"]}]},{\"@type\":\"BreadcrumbList\",\"@id\":\"https:\/\/www.italyfamilyhotels.it\/fr\/hotels\/emhotel-europa-monetti#breadcrumb\",\"itemListElement\":[{\"@type\":\"ListItem\",\"position\":1,\"name\":\"Home\",\"item\":\"https:\/\/www.italyfamilyhotels.it\/fr\"},{\"@type\":\"ListItem\",\"position\":2,\"name\":\"Family Hotels\",\"item\":\"https:\/\/www.italyfamilyhotels.it\/fr\/hotels\"},{\"@type\":\"ListItem\",\"position\":3,\"name\":\"EM|Europa Monetti\"}]},{\"@type\":\"WebSite\",\"@id\":\"https:\/\/www.italyfamilyhotels.it\/#website\",\"url\":\"https:\/\/www.italyfamilyhotels.it\/\",\"name\":\"Italy Family Hotels\",\"description\":\"\",\"potentialAction\":[{\"@type\":\"SearchAction\",\"target\":{\"@type\":\"EntryPoint\",\"urlTemplate\":\"https:\/\/www.italyfamilyhotels.it\/?s={search_term_string}\"},\"query-input\":{\"@type\":\"PropertyValueSpecification\",\"valueRequired\":true,\"valueName\":\"search_term_string\"}}],\"inLanguage\":\"fr-FR\"}]}<\/script>\n<!-- \/ Yoast SEO plugin. -->","yoast_head_json":{"title":"EM|Europa Monetti 4 \u00e9toiles, Cattolica","description":"Envie de vacances en famille\u00a0? D\u00e9couvrez les offres pour familles de l\u2019EM|Europa Monetti a Cattolica","robots":{"index":"index","follow":"follow","max-snippet":"max-snippet:-1","max-image-preview":"max-image-preview:large","max-video-preview":"max-video-preview:-1"},"canonical":"https:\/\/www.italyfamilyhotels.it\/fr\/hotels\/emhotel-europa-monetti","og_locale":"fr_FR","og_type":"article","og_title":"EM|Europa Monetti 4 \u00e9toiles, Cattolica","og_description":"Envie de vacances en famille\u00a0? D\u00e9couvrez les offres pour familles de l\u2019EM|Europa Monetti a Cattolica","og_url":"https:\/\/www.italyfamilyhotels.it\/fr\/hotels\/emhotel-europa-monetti","og_site_name":"Italy Family Hotels","article_publisher":"https:\/\/www.facebook.com\/ItalyFamilyHotels\/","article_modified_time":"2025-05-21T11:10:16+00:00","twitter_card":"summary_large_image","twitter_misc":{"Dur\u00e9e de lecture estim\u00e9e":"2 minutes"},"schema":{"@context":"https:\/\/schema.org","@graph":[{"@type":"WebPage","@id":"https:\/\/www.italyfamilyhotels.it\/fr\/hotels\/emhotel-europa-monetti","url":"https:\/\/www.italyfamilyhotels.it\/fr\/hotels\/emhotel-europa-monetti","name":"EM|Europa Monetti 4 \u00e9toiles, Cattolica","isPartOf":{"@id":"https:\/\/www.italyfamilyhotels.it\/#website"},"datePublished":"2023-01-23T12:45:20+00:00","dateModified":"2025-05-21T11:10:16+00:00","description":"Envie de vacances en famille\u00a0? D\u00e9couvrez les offres pour familles de l\u2019EM|Europa Monetti a Cattolica","breadcrumb":{"@id":"https:\/\/www.italyfamilyhotels.it\/fr\/hotels\/emhotel-europa-monetti#breadcrumb"},"inLanguage":"fr-FR","potentialAction":[{"@type":"ReadAction","target":["https:\/\/www.italyfamilyhotels.it\/fr\/hotels\/emhotel-europa-monetti"]}]},{"@type":"BreadcrumbList","@id":"https:\/\/www.italyfamilyhotels.it\/fr\/hotels\/emhotel-europa-monetti#breadcrumb","itemListElement":[{"@type":"ListItem","position":1,"name":"Home","item":"https:\/\/www.italyfamilyhotels.it\/fr"},{"@type":"ListItem","position":2,"name":"Family Hotels","item":"https:\/\/www.italyfamilyhotels.it\/fr\/hotels"},{"@type":"ListItem","position":3,"name":"EM|Europa Monetti"}]},{"@type":"WebSite","@id":"https:\/\/www.italyfamilyhotels.it\/#website","url":"https:\/\/www.italyfamilyhotels.it\/","name":"Italy Family Hotels","description":"","potentialAction":[{"@type":"SearchAction","target":{"@type":"EntryPoint","urlTemplate":"https:\/\/www.italyfamilyhotels.it\/?s={search_term_string}"},"query-input":{"@type":"PropertyValueSpecification","valueRequired":true,"valueName":"search_term_string"}}],"inLanguage":"fr-FR"}]}},"_links":{"self":[{"href":"https:\/\/www.italyfamilyhotels.it\/fr\/wp-json\/wp\/v2\/pages\/43234","targetHints":{"allow":["GET"]}}],"collection":[{"href":"https:\/\/www.italyfamilyhotels.it\/fr\/wp-json\/wp\/v2\/pages"}],"about":[{"href":"https:\/\/www.italyfamilyhotels.it\/fr\/wp-json\/wp\/v2\/types\/page"}],"author":[{"embeddable":true,"href":"https:\/\/www.italyfamilyhotels.it\/fr\/wp-json\/wp\/v2\/users\/23"}],"replies":[{"embeddable":true,"href":"https:\/\/www.italyfamilyhotels.it\/fr\/wp-json\/wp\/v2\/comments?post=43234"}],"version-history":[{"count":4,"href":"https:\/\/www.italyfamilyhotels.it\/fr\/wp-json\/wp\/v2\/pages\/43234\/revisions"}],"predecessor-version":[{"id":69314,"href":"https:\/\/www.italyfamilyhotels.it\/fr\/wp-json\/wp\/v2\/pages\/43234\/revisions\/69314"}],"up":[{"embeddable":true,"href":"https:\/\/www.italyfamilyhotels.it\/fr\/wp-json\/wp\/v2\/pages\/29729"}],"wp:attachment":[{"href":"https:\/\/www.italyfamilyhotels.it\/fr\/wp-json\/wp\/v2\/media?parent=43234"}],"curies":[{"name":"wp","href":"https:\/\/api.w.org\/{rel}","templated":true}]}}