{"id":43228,"date":"2023-01-23T13:44:18","date_gmt":"2023-01-23T12:44:18","guid":{"rendered":"https:\/\/www.italyfamilyhotels.it\/hotels\/hotel-haway"},"modified":"2025-10-14T11:10:55","modified_gmt":"2025-10-14T09:10:55","slug":"hotel-hawaii","status":"publish","type":"page","link":"https:\/\/www.italyfamilyhotels.it\/fr\/hotels\/hotel-hawaii","title":{"rendered":"H\u00f4tel Hawaii"},"content":{"rendered":"\n<p>Ici \u00e0 l\u2019<b>H\u00f4tel Hawaii de Villa Rosa di Martinsicuro<\/b>, nous aimons recevoir des familles et nous aimons consid\u00e9rer vos enfants comme les n\u00f4tres\u00a0! Nous sommes sur la premi\u00e8re rang\u00e9e au bord de la mer et avons une <strong>plage priv\u00e9e<\/strong> \u00e0 seulement 200 m\u00e8tres, o\u00f9 nous r\u00e9servons un parasol et deux transats et o\u00f9 vous pouvez vous rendre en promenade.<\/p>\n\n\n\n<p>Nous disposons \u00e9galement d\u2019une <b>piscine avec solarium <\/b>o\u00f9 vous pourrez vous d\u00e9tendre avec de rafraichissantes baignades, en sirotant un cocktail du kiosque ext\u00e9rieur ou en participant au jeu de l\u2019ap\u00e9ritif organis\u00e9 \u00e0 midi par les animateurs. En parlant d&#8217;animations, ici les activit\u00e9s s&#8217;adressent \u00e0 toute la famille, aussi bien sur la plage qu&#8217;\u00e0 l&#8217;h\u00f4tel, m\u00eame si nous avons un faible pour les enfants. Ces derniers pourront participer \u00e0 <b>8 heures par jour de divertissement fantastique<\/b>, avec des laboratoires dans la <b>salle de jeux Hawayland<\/b>, des <b>spectacles <\/b>en soir\u00e9e et des s\u00e9ances de <b>danse de tribu<\/b>.<\/p>\n\n\n\n<p>Nos h\u00f4tes plaisantent souvent avec nous en disant qu&#8217;ici on mange trop bien et que nous les faisons grossir&#8230; La v\u00e9rit\u00e9 est que la<b> cuisine de bonne qualit\u00e9<\/b> fait partie des vacances et que Chef Rossella est tr\u00e8s dou\u00e9e quand il s\u2019agit de d\u00e9lecter les palais de tous, des parents les plus exigeants \u00e0 qui souffrent de la maladie c\u0153liaque &#8211; sachant qu\u2019elle dispose de la <b>certification AIC<\/b> &#8211; aux plus petits, pour qui elle pr\u00e9pare des <b>menus b\u00e9b\u00e9 tr\u00e8s sp\u00e9ciaux<\/b> \u00e0 d\u00e9guster au d\u00eener avec les animateurs&nbsp;! Mais ne vous inqui\u00e9tez pas&nbsp;: avec les s\u00e9ances de <b>spinning et fitbox dans le jardin<\/b>, ou encore la natation, les promenades sur le rivage et les tournois sportifs sur la plage, vous garderez la forme tout en vous amusant.<\/p>\n\n\n\n<p>Si vous souhaitez d\u00e9couvrir les environs avec vos enfants, nous mettons \u00e0 votre disposition des <b>v\u00e9los<\/b>, des <b>BMX<\/b>, et des <b>v\u00e9los d&#8217;\u00e9quilibre sans p\u00e9dales<\/b>. De plus, chez nous, les vacances commencent imm\u00e9diatement sous le signe de la d\u00e9tente, car ici vous <b>trouverez tout ce dont vous avez besoin pour voyager avec des enfants<\/b>&nbsp;: kit de courtoisie b\u00e9b\u00e9, poubelle \u00e0 couches, berceaux, barri\u00e8res de s\u00e9curit\u00e9, baignoire b\u00e9b\u00e9, chauffe-biberon, table \u00e0 langer, r\u00e9ducteur WC, pot, tabouret, cache prise, veilleuse.<\/p>\n\n\n\n<p>Aimeriez-vous rendre vos vacances encore plus exclusives&nbsp;? Alors choisissez la<strong> Formule \u00ab&nbsp;Mare pi\u00f9&nbsp;\u00bb<\/strong> \u2013 disponible avec un petit suppl\u00e9ment \u2013 qui comprend beaucoup plus que des services, mais de v\u00e9ritables c\u00e2lineries&nbsp;: 2 <strong>serviettes de bain <\/strong>parfum\u00e9es tous les matins&nbsp;; le <strong>lavage <\/strong>et le <strong>s\u00e9chage<\/strong> quotidiens du <strong>linge <\/strong>de vos enfants jusqu\u2019\u00e0 6 ans&nbsp;; les <strong>boissons sans alcool du frigobar<\/strong> comprises dans certains types de chambre&nbsp;; en outre, au moment de l&#8217;arriv\u00e9e vous pouvez choisir votre <strong>quotidien <\/strong>et votre hebdomadaire pr\u00e9f\u00e9r\u00e9s&nbsp;!<\/p>\n","protected":false},"excerpt":{"rendered":"<p>Ici \u00e0 l\u2019H\u00f4tel Hawaii de Villa Rosa di Martinsicuro, nous aimons recevoir des familles et nous aimons consid\u00e9rer vos enfants comme les n\u00f4tres\u00a0! Nous sommes sur la premi\u00e8re rang\u00e9e au bord de la mer et avons une plage priv\u00e9e \u00e0 seulement 200 m\u00e8tres, o\u00f9 nous r\u00e9servons un parasol et deux transats et o\u00f9 vous pouvez &hellip;<\/p>\n","protected":false},"author":68,"featured_media":0,"parent":29729,"menu_order":0,"comment_status":"closed","ping_status":"closed","template":"page-templates\/scheda_hotel.php","meta":{"_acf_changed":false,"inline_featured_image":false,"footnotes":""},"class_list":["post-43228","page","type-page","status-publish","hentry"],"acf":[],"yoast_head":"<!-- This site is optimized with the Yoast SEO plugin v27.1 - https:\/\/yoast.com\/product\/yoast-seo-wordpress\/ -->\n<title>H\u00f4tel Hawaii 3 \u00e9toiles, Villa Rosa di Martinsicuro<\/title>\n<meta name=\"description\" content=\"Envie de vacances en famille\u00a0? D\u00e9couvrez les offres pour familles de l&#039;H\u00f4tel Hawaii \u00e0 Villa Rosa di Martinsicuro\" \/>\n<meta name=\"robots\" content=\"index, follow, max-snippet:-1, max-image-preview:large, max-video-preview:-1\" \/>\n<link rel=\"canonical\" href=\"https:\/\/www.italyfamilyhotels.it\/fr\/hotels\/hotel-hawaii\" \/>\n<meta property=\"og:locale\" content=\"fr_FR\" \/>\n<meta property=\"og:type\" content=\"article\" \/>\n<meta property=\"og:title\" content=\"H\u00f4tel Hawaii 3 \u00e9toiles, Villa Rosa di Martinsicuro\" \/>\n<meta property=\"og:description\" content=\"Envie de vacances en famille\u00a0? D\u00e9couvrez les offres pour familles de l&#039;H\u00f4tel Hawaii \u00e0 Villa Rosa di Martinsicuro\" \/>\n<meta property=\"og:url\" content=\"https:\/\/www.italyfamilyhotels.it\/fr\/hotels\/hotel-hawaii\" \/>\n<meta property=\"og:site_name\" content=\"Italy Family Hotels\" \/>\n<meta property=\"article:publisher\" content=\"https:\/\/www.facebook.com\/ItalyFamilyHotels\/\" \/>\n<meta property=\"article:modified_time\" content=\"2025-10-14T09:10:55+00:00\" \/>\n<meta name=\"twitter:card\" content=\"summary_large_image\" \/>\n<meta name=\"twitter:label1\" content=\"Dur\u00e9e de lecture estim\u00e9e\" \/>\n\t<meta name=\"twitter:data1\" content=\"2 minutes\" \/>\n<script type=\"application\/ld+json\" class=\"yoast-schema-graph\">{\"@context\":\"https:\/\/schema.org\",\"@graph\":[{\"@type\":\"WebPage\",\"@id\":\"https:\/\/www.italyfamilyhotels.it\/fr\/hotels\/hotel-hawaii\",\"url\":\"https:\/\/www.italyfamilyhotels.it\/fr\/hotels\/hotel-hawaii\",\"name\":\"H\u00f4tel Hawaii 3 \u00e9toiles, Villa Rosa di Martinsicuro\",\"isPartOf\":{\"@id\":\"https:\/\/www.italyfamilyhotels.it\/#website\"},\"datePublished\":\"2023-01-23T12:44:18+00:00\",\"dateModified\":\"2025-10-14T09:10:55+00:00\",\"description\":\"Envie de vacances en famille\u00a0? D\u00e9couvrez les offres pour familles de l'H\u00f4tel Hawaii \u00e0 Villa Rosa di Martinsicuro\",\"breadcrumb\":{\"@id\":\"https:\/\/www.italyfamilyhotels.it\/fr\/hotels\/hotel-hawaii#breadcrumb\"},\"inLanguage\":\"fr-FR\",\"potentialAction\":[{\"@type\":\"ReadAction\",\"target\":[\"https:\/\/www.italyfamilyhotels.it\/fr\/hotels\/hotel-hawaii\"]}]},{\"@type\":\"BreadcrumbList\",\"@id\":\"https:\/\/www.italyfamilyhotels.it\/fr\/hotels\/hotel-hawaii#breadcrumb\",\"itemListElement\":[{\"@type\":\"ListItem\",\"position\":1,\"name\":\"Home\",\"item\":\"https:\/\/www.italyfamilyhotels.it\/fr\"},{\"@type\":\"ListItem\",\"position\":2,\"name\":\"Family Hotels\",\"item\":\"https:\/\/www.italyfamilyhotels.it\/fr\/hotels\"},{\"@type\":\"ListItem\",\"position\":3,\"name\":\"H\u00f4tel Hawaii\"}]},{\"@type\":\"WebSite\",\"@id\":\"https:\/\/www.italyfamilyhotels.it\/#website\",\"url\":\"https:\/\/www.italyfamilyhotels.it\/\",\"name\":\"Italy Family Hotels\",\"description\":\"\",\"potentialAction\":[{\"@type\":\"SearchAction\",\"target\":{\"@type\":\"EntryPoint\",\"urlTemplate\":\"https:\/\/www.italyfamilyhotels.it\/?s={search_term_string}\"},\"query-input\":{\"@type\":\"PropertyValueSpecification\",\"valueRequired\":true,\"valueName\":\"search_term_string\"}}],\"inLanguage\":\"fr-FR\"}]}<\/script>\n<!-- \/ Yoast SEO plugin. -->","yoast_head_json":{"title":"H\u00f4tel Hawaii 3 \u00e9toiles, Villa Rosa di Martinsicuro","description":"Envie de vacances en famille\u00a0? D\u00e9couvrez les offres pour familles de l'H\u00f4tel Hawaii \u00e0 Villa Rosa di Martinsicuro","robots":{"index":"index","follow":"follow","max-snippet":"max-snippet:-1","max-image-preview":"max-image-preview:large","max-video-preview":"max-video-preview:-1"},"canonical":"https:\/\/www.italyfamilyhotels.it\/fr\/hotels\/hotel-hawaii","og_locale":"fr_FR","og_type":"article","og_title":"H\u00f4tel Hawaii 3 \u00e9toiles, Villa Rosa di Martinsicuro","og_description":"Envie de vacances en famille\u00a0? D\u00e9couvrez les offres pour familles de l'H\u00f4tel Hawaii \u00e0 Villa Rosa di Martinsicuro","og_url":"https:\/\/www.italyfamilyhotels.it\/fr\/hotels\/hotel-hawaii","og_site_name":"Italy Family Hotels","article_publisher":"https:\/\/www.facebook.com\/ItalyFamilyHotels\/","article_modified_time":"2025-10-14T09:10:55+00:00","twitter_card":"summary_large_image","twitter_misc":{"Dur\u00e9e de lecture estim\u00e9e":"2 minutes"},"schema":{"@context":"https:\/\/schema.org","@graph":[{"@type":"WebPage","@id":"https:\/\/www.italyfamilyhotels.it\/fr\/hotels\/hotel-hawaii","url":"https:\/\/www.italyfamilyhotels.it\/fr\/hotels\/hotel-hawaii","name":"H\u00f4tel Hawaii 3 \u00e9toiles, Villa Rosa di Martinsicuro","isPartOf":{"@id":"https:\/\/www.italyfamilyhotels.it\/#website"},"datePublished":"2023-01-23T12:44:18+00:00","dateModified":"2025-10-14T09:10:55+00:00","description":"Envie de vacances en famille\u00a0? D\u00e9couvrez les offres pour familles de l'H\u00f4tel Hawaii \u00e0 Villa Rosa di Martinsicuro","breadcrumb":{"@id":"https:\/\/www.italyfamilyhotels.it\/fr\/hotels\/hotel-hawaii#breadcrumb"},"inLanguage":"fr-FR","potentialAction":[{"@type":"ReadAction","target":["https:\/\/www.italyfamilyhotels.it\/fr\/hotels\/hotel-hawaii"]}]},{"@type":"BreadcrumbList","@id":"https:\/\/www.italyfamilyhotels.it\/fr\/hotels\/hotel-hawaii#breadcrumb","itemListElement":[{"@type":"ListItem","position":1,"name":"Home","item":"https:\/\/www.italyfamilyhotels.it\/fr"},{"@type":"ListItem","position":2,"name":"Family Hotels","item":"https:\/\/www.italyfamilyhotels.it\/fr\/hotels"},{"@type":"ListItem","position":3,"name":"H\u00f4tel Hawaii"}]},{"@type":"WebSite","@id":"https:\/\/www.italyfamilyhotels.it\/#website","url":"https:\/\/www.italyfamilyhotels.it\/","name":"Italy Family Hotels","description":"","potentialAction":[{"@type":"SearchAction","target":{"@type":"EntryPoint","urlTemplate":"https:\/\/www.italyfamilyhotels.it\/?s={search_term_string}"},"query-input":{"@type":"PropertyValueSpecification","valueRequired":true,"valueName":"search_term_string"}}],"inLanguage":"fr-FR"}]}},"_links":{"self":[{"href":"https:\/\/www.italyfamilyhotels.it\/fr\/wp-json\/wp\/v2\/pages\/43228","targetHints":{"allow":["GET"]}}],"collection":[{"href":"https:\/\/www.italyfamilyhotels.it\/fr\/wp-json\/wp\/v2\/pages"}],"about":[{"href":"https:\/\/www.italyfamilyhotels.it\/fr\/wp-json\/wp\/v2\/types\/page"}],"author":[{"embeddable":true,"href":"https:\/\/www.italyfamilyhotels.it\/fr\/wp-json\/wp\/v2\/users\/68"}],"replies":[{"embeddable":true,"href":"https:\/\/www.italyfamilyhotels.it\/fr\/wp-json\/wp\/v2\/comments?post=43228"}],"version-history":[{"count":5,"href":"https:\/\/www.italyfamilyhotels.it\/fr\/wp-json\/wp\/v2\/pages\/43228\/revisions"}],"predecessor-version":[{"id":71636,"href":"https:\/\/www.italyfamilyhotels.it\/fr\/wp-json\/wp\/v2\/pages\/43228\/revisions\/71636"}],"up":[{"embeddable":true,"href":"https:\/\/www.italyfamilyhotels.it\/fr\/wp-json\/wp\/v2\/pages\/29729"}],"wp:attachment":[{"href":"https:\/\/www.italyfamilyhotels.it\/fr\/wp-json\/wp\/v2\/media?parent=43228"}],"curies":[{"name":"wp","href":"https:\/\/api.w.org\/{rel}","templated":true}]}}