{"id":56697,"date":"2024-02-15T08:56:35","date_gmt":"2024-02-15T07:56:35","guid":{"rendered":"https:\/\/www.italyfamilyhotels.it\/family-hotels\/family-hotel-bergschlossl"},"modified":"2024-04-23T09:23:03","modified_gmt":"2024-04-23T07:23:03","slug":"family-hotel-bergschlossl","status":"publish","type":"page","link":"https:\/\/www.italyfamilyhotels.it\/en\/family-hotels\/family-hotel-bergschlossl","title":{"rendered":"Family Hotel Bergschl\u00f6ssl"},"content":{"rendered":"\n<p>The <b>Family Hotel Bergschl\u00f6ssl<\/b> in <b>L\u00fcsen in the Eisack Valley<\/b> is inspired by mountain legends and fairytales! This is the most authentic hotel in the whole of South Tyrol thanks to our location in a unique <b>panoramic position<\/b>. In this fabulous setting, we love to welcome families for a fun-filled <b>holiday with children<\/b>, full of entertainment and activities for all.<\/p>\n\n\n\n<p>The common thread here is <b>art in all its forms<\/b> \u2013 the art of <b>good food<\/b> with which we pamper your family, art in the form of <b>painting<\/b> and <b>music<\/b> present in every corner of the hotel, with a rich programme of dedicated activities, the art of <b>fun<\/b> &#8230; because at the <b>Family Hotel Bergschl\u00f6ssl<\/b>, <b>children\u2019s fairytale dreams come true!<\/b> Every day, the kids can experience <b>knightly adventures<\/b> together with our <b>attentive Entertainment Team<\/b>, just like princes and princesses in a castle, in the natural play area, in the courtyard, in the knights\u2019 parlour, in the dungeon and moat of the castle as well as in the zoo with little animals to pamper.<\/p>\n\n\n\n<p>Of course, there is no lack of the <b>art of wellness<\/b>, with which we take care of the parents through <b>massages<\/b>, <b>treatments<\/b>, <b>wraps<\/b> with natural products and fresh ingredients from the South Tyrolean mountains, the <b>wellness pathways<\/b> in the hot sauna, bio salt sauna, mountain pine sauna, bio thermarium on the terrace, steam bath, stream sauna and infrared sauna. And then there is the <b>panoramic Jacuzzi on the terrace<\/b>, with water heated to 32\u00b0\u201338 \u00b0C, overlooking the Sass Putia massif.<\/p>\n\n\n\n<p>For the whole family, we have the <b>Water World<\/b>! There is the <b>indoor pool<\/b>, heated to 29\u00b0\u201332 \u00b0C, with waterfall and air bubbles, along with the panoramic natural <b>stone pool<\/b> in the wellness garden, heated to 23\u00b0\u201328 \u00b0C.<\/p>\n\n\n\n<p>In the Eisack Valley, there is something to do all year round, be it walking and cycling tours (also suitable for children), exciting activities in the snow right in front of the hotel, visits to our educational farm &#8230; this is why <b>we organise guided tours for the whole family<\/b>, both in summer and winter, so that you can experience the magic of South Tyrol together!<\/p>\n","protected":false},"excerpt":{"rendered":"<p>The Family Hotel Bergschl\u00f6ssl in L\u00fcsen in the Eisack Valley is inspired by mountain legends and fairytales! This is the most authentic hotel in the whole of South Tyrol thanks to our location in a unique panoramic position. In this fabulous setting, we love to welcome families for a fun-filled holiday with children, full of &hellip;<\/p>\n","protected":false},"author":1,"featured_media":0,"parent":92,"menu_order":0,"comment_status":"closed","ping_status":"closed","template":"page-templates\/scheda_hotel.php","meta":{"_acf_changed":false,"inline_featured_image":false,"footnotes":""},"class_list":["post-56697","page","type-page","status-publish","hentry"],"acf":[],"yoast_head":"<!-- This site is optimized with the Yoast SEO plugin v27.1 - https:\/\/yoast.com\/product\/yoast-seo-wordpress\/ -->\n<title>Family Hotel Bergschl\u00f6ssl - Italy Family Hotels<\/title>\n<meta name=\"robots\" content=\"index, follow, max-snippet:-1, max-image-preview:large, max-video-preview:-1\" \/>\n<link rel=\"canonical\" href=\"https:\/\/www.italyfamilyhotels.it\/en\/family-hotels\/family-hotel-bergschlossl\" \/>\n<meta property=\"og:locale\" content=\"en_US\" \/>\n<meta property=\"og:type\" content=\"article\" \/>\n<meta property=\"og:title\" content=\"Family Hotel Bergschl\u00f6ssl - Italy Family Hotels\" \/>\n<meta property=\"og:description\" content=\"The Family Hotel Bergschl\u00f6ssl in L\u00fcsen in the Eisack Valley is inspired by mountain legends and fairytales! This is the most authentic hotel in the whole of South Tyrol thanks to our location in a unique panoramic position. In this fabulous setting, we love to welcome families for a fun-filled holiday with children, full of &hellip;\" \/>\n<meta property=\"og:url\" content=\"https:\/\/www.italyfamilyhotels.it\/en\/family-hotels\/family-hotel-bergschlossl\" \/>\n<meta property=\"og:site_name\" content=\"Italy Family Hotels\" \/>\n<meta property=\"article:publisher\" content=\"https:\/\/www.facebook.com\/ItalyFamilyHotels\/\" \/>\n<meta property=\"article:modified_time\" content=\"2024-04-23T07:23:03+00:00\" \/>\n<meta name=\"twitter:card\" content=\"summary_large_image\" \/>\n<meta name=\"twitter:label1\" content=\"Est. reading time\" \/>\n\t<meta name=\"twitter:data1\" content=\"2 minutes\" \/>\n<script type=\"application\/ld+json\" class=\"yoast-schema-graph\">{\"@context\":\"https:\/\/schema.org\",\"@graph\":[{\"@type\":\"WebPage\",\"@id\":\"https:\/\/www.italyfamilyhotels.it\/en\/family-hotels\/family-hotel-bergschlossl\",\"url\":\"https:\/\/www.italyfamilyhotels.it\/en\/family-hotels\/family-hotel-bergschlossl\",\"name\":\"Family Hotel Bergschl\u00f6ssl - Italy Family Hotels\",\"isPartOf\":{\"@id\":\"https:\/\/www.italyfamilyhotels.it\/#website\"},\"datePublished\":\"2024-02-15T07:56:35+00:00\",\"dateModified\":\"2024-04-23T07:23:03+00:00\",\"breadcrumb\":{\"@id\":\"https:\/\/www.italyfamilyhotels.it\/en\/family-hotels\/family-hotel-bergschlossl#breadcrumb\"},\"inLanguage\":\"en\",\"potentialAction\":[{\"@type\":\"ReadAction\",\"target\":[\"https:\/\/www.italyfamilyhotels.it\/en\/family-hotels\/family-hotel-bergschlossl\"]}]},{\"@type\":\"BreadcrumbList\",\"@id\":\"https:\/\/www.italyfamilyhotels.it\/en\/family-hotels\/family-hotel-bergschlossl#breadcrumb\",\"itemListElement\":[{\"@type\":\"ListItem\",\"position\":1,\"name\":\"Home\",\"item\":\"https:\/\/www.italyfamilyhotels.it\/en\"},{\"@type\":\"ListItem\",\"position\":2,\"name\":\"Family Hotels\",\"item\":\"https:\/\/www.italyfamilyhotels.it\/en\/family-hotels\"},{\"@type\":\"ListItem\",\"position\":3,\"name\":\"Family Hotel Bergschl\u00f6ssl\"}]},{\"@type\":\"WebSite\",\"@id\":\"https:\/\/www.italyfamilyhotels.it\/#website\",\"url\":\"https:\/\/www.italyfamilyhotels.it\/\",\"name\":\"Italy Family Hotels\",\"description\":\"\",\"potentialAction\":[{\"@type\":\"SearchAction\",\"target\":{\"@type\":\"EntryPoint\",\"urlTemplate\":\"https:\/\/www.italyfamilyhotels.it\/?s={search_term_string}\"},\"query-input\":{\"@type\":\"PropertyValueSpecification\",\"valueRequired\":true,\"valueName\":\"search_term_string\"}}],\"inLanguage\":\"en\"}]}<\/script>\n<!-- \/ Yoast SEO plugin. -->","yoast_head_json":{"title":"Family Hotel Bergschl\u00f6ssl - Italy Family Hotels","robots":{"index":"index","follow":"follow","max-snippet":"max-snippet:-1","max-image-preview":"max-image-preview:large","max-video-preview":"max-video-preview:-1"},"canonical":"https:\/\/www.italyfamilyhotels.it\/en\/family-hotels\/family-hotel-bergschlossl","og_locale":"en_US","og_type":"article","og_title":"Family Hotel Bergschl\u00f6ssl - Italy Family Hotels","og_description":"The Family Hotel Bergschl\u00f6ssl in L\u00fcsen in the Eisack Valley is inspired by mountain legends and fairytales! This is the most authentic hotel in the whole of South Tyrol thanks to our location in a unique panoramic position. In this fabulous setting, we love to welcome families for a fun-filled holiday with children, full of &hellip;","og_url":"https:\/\/www.italyfamilyhotels.it\/en\/family-hotels\/family-hotel-bergschlossl","og_site_name":"Italy Family Hotels","article_publisher":"https:\/\/www.facebook.com\/ItalyFamilyHotels\/","article_modified_time":"2024-04-23T07:23:03+00:00","twitter_card":"summary_large_image","twitter_misc":{"Est. reading time":"2 minutes"},"schema":{"@context":"https:\/\/schema.org","@graph":[{"@type":"WebPage","@id":"https:\/\/www.italyfamilyhotels.it\/en\/family-hotels\/family-hotel-bergschlossl","url":"https:\/\/www.italyfamilyhotels.it\/en\/family-hotels\/family-hotel-bergschlossl","name":"Family Hotel Bergschl\u00f6ssl - Italy Family Hotels","isPartOf":{"@id":"https:\/\/www.italyfamilyhotels.it\/#website"},"datePublished":"2024-02-15T07:56:35+00:00","dateModified":"2024-04-23T07:23:03+00:00","breadcrumb":{"@id":"https:\/\/www.italyfamilyhotels.it\/en\/family-hotels\/family-hotel-bergschlossl#breadcrumb"},"inLanguage":"en","potentialAction":[{"@type":"ReadAction","target":["https:\/\/www.italyfamilyhotels.it\/en\/family-hotels\/family-hotel-bergschlossl"]}]},{"@type":"BreadcrumbList","@id":"https:\/\/www.italyfamilyhotels.it\/en\/family-hotels\/family-hotel-bergschlossl#breadcrumb","itemListElement":[{"@type":"ListItem","position":1,"name":"Home","item":"https:\/\/www.italyfamilyhotels.it\/en"},{"@type":"ListItem","position":2,"name":"Family Hotels","item":"https:\/\/www.italyfamilyhotels.it\/en\/family-hotels"},{"@type":"ListItem","position":3,"name":"Family Hotel Bergschl\u00f6ssl"}]},{"@type":"WebSite","@id":"https:\/\/www.italyfamilyhotels.it\/#website","url":"https:\/\/www.italyfamilyhotels.it\/","name":"Italy Family Hotels","description":"","potentialAction":[{"@type":"SearchAction","target":{"@type":"EntryPoint","urlTemplate":"https:\/\/www.italyfamilyhotels.it\/?s={search_term_string}"},"query-input":{"@type":"PropertyValueSpecification","valueRequired":true,"valueName":"search_term_string"}}],"inLanguage":"en"}]}},"_links":{"self":[{"href":"https:\/\/www.italyfamilyhotels.it\/en\/wp-json\/wp\/v2\/pages\/56697","targetHints":{"allow":["GET"]}}],"collection":[{"href":"https:\/\/www.italyfamilyhotels.it\/en\/wp-json\/wp\/v2\/pages"}],"about":[{"href":"https:\/\/www.italyfamilyhotels.it\/en\/wp-json\/wp\/v2\/types\/page"}],"author":[{"embeddable":true,"href":"https:\/\/www.italyfamilyhotels.it\/en\/wp-json\/wp\/v2\/users\/1"}],"replies":[{"embeddable":true,"href":"https:\/\/www.italyfamilyhotels.it\/en\/wp-json\/wp\/v2\/comments?post=56697"}],"version-history":[{"count":2,"href":"https:\/\/www.italyfamilyhotels.it\/en\/wp-json\/wp\/v2\/pages\/56697\/revisions"}],"predecessor-version":[{"id":59399,"href":"https:\/\/www.italyfamilyhotels.it\/en\/wp-json\/wp\/v2\/pages\/56697\/revisions\/59399"}],"up":[{"embeddable":true,"href":"https:\/\/www.italyfamilyhotels.it\/en\/wp-json\/wp\/v2\/pages\/92"}],"wp:attachment":[{"href":"https:\/\/www.italyfamilyhotels.it\/en\/wp-json\/wp\/v2\/media?parent=56697"}],"curies":[{"name":"wp","href":"https:\/\/api.w.org\/{rel}","templated":true}]}}