{"id":981,"date":"2016-04-13T17:12:17","date_gmt":"2016-04-13T15:12:17","guid":{"rendered":"https:\/\/www.italyfamilyhotels.it\/?page_id=981"},"modified":"2022-05-02T15:52:24","modified_gmt":"2022-05-02T13:52:24","slug":"giulianova","status":"publish","type":"page","link":"https:\/\/www.italyfamilyhotels.it\/de\/destinationen\/abruzzo-meer\/giulianova","title":{"rendered":"Giulianova"},"content":{"rendered":"\n<p><b>Giulianova,<\/b> die &quot;Perle der mittleren Adria&quot;, hat einen <b>5 km langen Strand, <\/b>der ganz sanft ins Meer hinein abf\u00e4llt. Der <b>feine Sand <\/b>und das saubere, ungef\u00e4hrliche Meer sind ideal f\u00fcr ruhige, unbeschwerte Badetage mit den Kindern. Die Strandb\u00e4der bieten alle Einrichtungen und Dienste, die Familien im Urlaub n\u00fctzlich und angenehm sind. Das breite gastronomische Angebot reicht von lokalen Spezialit\u00e4ten \u00fcber internationale Standard-Gerichte bis zu den exotischen Aromen fern\u00f6stlicher K\u00fcche. An der <b>&quot;Monumentalen Strandpromenade&quot;<\/b>, mit Radweg, finden sich Kinderspielpl\u00e4tze und Lokale aller Art.<\/p>\n","protected":false},"excerpt":{"rendered":"<p>Giulianova, die &quot;Perle der mittleren Adria&quot;, hat einen 5 km langen Strand, der ganz sanft ins Meer hinein abf\u00e4llt. Der feine Sand und das saubere, ungef\u00e4hrliche Meer sind ideal f\u00fcr ruhige, unbeschwerte Badetage mit den Kindern. Die Strandb\u00e4der bieten alle Einrichtungen und Dienste, die Familien im Urlaub n\u00fctzlich und angenehm sind. Das breite gastronomische Angebot &hellip;<\/p>\n","protected":false},"author":2,"featured_media":0,"parent":1103,"menu_order":0,"comment_status":"closed","ping_status":"closed","template":"page-templates\/scheda_localita.php","meta":{"_acf_changed":false,"inline_featured_image":false,"footnotes":""},"class_list":["post-981","page","type-page","status-publish","hentry"],"acf":[],"yoast_head":"<!-- This site is optimized with the Yoast SEO plugin v27.1 - https:\/\/yoast.com\/product\/yoast-seo-wordpress\/ -->\n<title>Familienhotels in Giulianova, Urlaub f\u00fcr Familien in Italien<\/title>\n<meta name=\"description\" content=\"Lust auf Familienurlaub? Wir haben die besten Hotel f\u00fcr Familien in Giulianova, Italien\" \/>\n<meta name=\"robots\" content=\"index, follow, max-snippet:-1, max-image-preview:large, max-video-preview:-1\" \/>\n<link rel=\"canonical\" href=\"https:\/\/www.italyfamilyhotels.it\/de\/destinationen\/abruzzo-meer\/giulianova\" \/>\n<meta property=\"og:locale\" content=\"de_DE\" \/>\n<meta property=\"og:type\" content=\"article\" \/>\n<meta property=\"og:title\" content=\"Familienhotels in Giulianova, Urlaub f\u00fcr Familien in Italien\" \/>\n<meta property=\"og:description\" content=\"Lust auf Familienurlaub? Wir haben die besten Hotel f\u00fcr Familien in Giulianova, Italien\" \/>\n<meta property=\"og:url\" content=\"https:\/\/www.italyfamilyhotels.it\/de\/destinationen\/abruzzo-meer\/giulianova\" \/>\n<meta property=\"og:site_name\" content=\"Italy Family Hotels\" \/>\n<meta property=\"article:publisher\" content=\"https:\/\/www.facebook.com\/ItalyFamilyHotels\/\" \/>\n<meta property=\"article:modified_time\" content=\"2022-05-02T13:52:24+00:00\" \/>\n<meta name=\"twitter:card\" content=\"summary_large_image\" \/>\n<meta name=\"twitter:label1\" content=\"Gesch\u00e4tzte Lesezeit\" \/>\n\t<meta name=\"twitter:data1\" content=\"1\u00a0Minute\" \/>\n<script type=\"application\/ld+json\" class=\"yoast-schema-graph\">{\"@context\":\"https:\/\/schema.org\",\"@graph\":[{\"@type\":\"WebPage\",\"@id\":\"https:\/\/www.italyfamilyhotels.it\/de\/destinationen\/abruzzo-meer\/giulianova\",\"url\":\"https:\/\/www.italyfamilyhotels.it\/de\/destinationen\/abruzzo-meer\/giulianova\",\"name\":\"Familienhotels in Giulianova, Urlaub f\u00fcr Familien in Italien\",\"isPartOf\":{\"@id\":\"https:\/\/www.italyfamilyhotels.it\/#website\"},\"datePublished\":\"2016-04-13T15:12:17+00:00\",\"dateModified\":\"2022-05-02T13:52:24+00:00\",\"description\":\"Lust auf Familienurlaub? Wir haben die besten Hotel f\u00fcr Familien in Giulianova, Italien\",\"breadcrumb\":{\"@id\":\"https:\/\/www.italyfamilyhotels.it\/de\/destinationen\/abruzzo-meer\/giulianova#breadcrumb\"},\"inLanguage\":\"de\",\"potentialAction\":[{\"@type\":\"ReadAction\",\"target\":[\"https:\/\/www.italyfamilyhotels.it\/de\/destinationen\/abruzzo-meer\/giulianova\"]}]},{\"@type\":\"BreadcrumbList\",\"@id\":\"https:\/\/www.italyfamilyhotels.it\/de\/destinationen\/abruzzo-meer\/giulianova#breadcrumb\",\"itemListElement\":[{\"@type\":\"ListItem\",\"position\":1,\"name\":\"Home\",\"item\":\"https:\/\/www.italyfamilyhotels.it\/de\"},{\"@type\":\"ListItem\",\"position\":2,\"name\":\"Destinationen\",\"item\":\"https:\/\/www.italyfamilyhotels.it\/de\/destinationen\"},{\"@type\":\"ListItem\",\"position\":3,\"name\":\"Abruzzen\",\"item\":\"https:\/\/www.italyfamilyhotels.it\/de\/destinationen\/abruzzo-meer\"},{\"@type\":\"ListItem\",\"position\":4,\"name\":\"Giulianova\"}]},{\"@type\":\"WebSite\",\"@id\":\"https:\/\/www.italyfamilyhotels.it\/#website\",\"url\":\"https:\/\/www.italyfamilyhotels.it\/\",\"name\":\"Italy Family Hotels\",\"description\":\"\",\"potentialAction\":[{\"@type\":\"SearchAction\",\"target\":{\"@type\":\"EntryPoint\",\"urlTemplate\":\"https:\/\/www.italyfamilyhotels.it\/?s={search_term_string}\"},\"query-input\":{\"@type\":\"PropertyValueSpecification\",\"valueRequired\":true,\"valueName\":\"search_term_string\"}}],\"inLanguage\":\"de\"}]}<\/script>\n<!-- \/ Yoast SEO plugin. -->","yoast_head_json":{"title":"Familienhotels in Giulianova, Urlaub f\u00fcr Familien in Italien","description":"Lust auf Familienurlaub? Wir haben die besten Hotel f\u00fcr Familien in Giulianova, Italien","robots":{"index":"index","follow":"follow","max-snippet":"max-snippet:-1","max-image-preview":"max-image-preview:large","max-video-preview":"max-video-preview:-1"},"canonical":"https:\/\/www.italyfamilyhotels.it\/de\/destinationen\/abruzzo-meer\/giulianova","og_locale":"de_DE","og_type":"article","og_title":"Familienhotels in Giulianova, Urlaub f\u00fcr Familien in Italien","og_description":"Lust auf Familienurlaub? Wir haben die besten Hotel f\u00fcr Familien in Giulianova, Italien","og_url":"https:\/\/www.italyfamilyhotels.it\/de\/destinationen\/abruzzo-meer\/giulianova","og_site_name":"Italy Family Hotels","article_publisher":"https:\/\/www.facebook.com\/ItalyFamilyHotels\/","article_modified_time":"2022-05-02T13:52:24+00:00","twitter_card":"summary_large_image","twitter_misc":{"Gesch\u00e4tzte Lesezeit":"1\u00a0Minute"},"schema":{"@context":"https:\/\/schema.org","@graph":[{"@type":"WebPage","@id":"https:\/\/www.italyfamilyhotels.it\/de\/destinationen\/abruzzo-meer\/giulianova","url":"https:\/\/www.italyfamilyhotels.it\/de\/destinationen\/abruzzo-meer\/giulianova","name":"Familienhotels in Giulianova, Urlaub f\u00fcr Familien in Italien","isPartOf":{"@id":"https:\/\/www.italyfamilyhotels.it\/#website"},"datePublished":"2016-04-13T15:12:17+00:00","dateModified":"2022-05-02T13:52:24+00:00","description":"Lust auf Familienurlaub? Wir haben die besten Hotel f\u00fcr Familien in Giulianova, Italien","breadcrumb":{"@id":"https:\/\/www.italyfamilyhotels.it\/de\/destinationen\/abruzzo-meer\/giulianova#breadcrumb"},"inLanguage":"de","potentialAction":[{"@type":"ReadAction","target":["https:\/\/www.italyfamilyhotels.it\/de\/destinationen\/abruzzo-meer\/giulianova"]}]},{"@type":"BreadcrumbList","@id":"https:\/\/www.italyfamilyhotels.it\/de\/destinationen\/abruzzo-meer\/giulianova#breadcrumb","itemListElement":[{"@type":"ListItem","position":1,"name":"Home","item":"https:\/\/www.italyfamilyhotels.it\/de"},{"@type":"ListItem","position":2,"name":"Destinationen","item":"https:\/\/www.italyfamilyhotels.it\/de\/destinationen"},{"@type":"ListItem","position":3,"name":"Abruzzen","item":"https:\/\/www.italyfamilyhotels.it\/de\/destinationen\/abruzzo-meer"},{"@type":"ListItem","position":4,"name":"Giulianova"}]},{"@type":"WebSite","@id":"https:\/\/www.italyfamilyhotels.it\/#website","url":"https:\/\/www.italyfamilyhotels.it\/","name":"Italy Family Hotels","description":"","potentialAction":[{"@type":"SearchAction","target":{"@type":"EntryPoint","urlTemplate":"https:\/\/www.italyfamilyhotels.it\/?s={search_term_string}"},"query-input":{"@type":"PropertyValueSpecification","valueRequired":true,"valueName":"search_term_string"}}],"inLanguage":"de"}]}},"_links":{"self":[{"href":"https:\/\/www.italyfamilyhotels.it\/de\/wp-json\/wp\/v2\/pages\/981","targetHints":{"allow":["GET"]}}],"collection":[{"href":"https:\/\/www.italyfamilyhotels.it\/de\/wp-json\/wp\/v2\/pages"}],"about":[{"href":"https:\/\/www.italyfamilyhotels.it\/de\/wp-json\/wp\/v2\/types\/page"}],"author":[{"embeddable":true,"href":"https:\/\/www.italyfamilyhotels.it\/de\/wp-json\/wp\/v2\/users\/2"}],"replies":[{"embeddable":true,"href":"https:\/\/www.italyfamilyhotels.it\/de\/wp-json\/wp\/v2\/comments?post=981"}],"version-history":[{"count":3,"href":"https:\/\/www.italyfamilyhotels.it\/de\/wp-json\/wp\/v2\/pages\/981\/revisions"}],"predecessor-version":[{"id":26865,"href":"https:\/\/www.italyfamilyhotels.it\/de\/wp-json\/wp\/v2\/pages\/981\/revisions\/26865"}],"up":[{"embeddable":true,"href":"https:\/\/www.italyfamilyhotels.it\/de\/wp-json\/wp\/v2\/pages\/1103"}],"wp:attachment":[{"href":"https:\/\/www.italyfamilyhotels.it\/de\/wp-json\/wp\/v2\/media?parent=981"}],"curies":[{"name":"wp","href":"https:\/\/api.w.org\/{rel}","templated":true}]}}